{"id":994,"date":"2021-10-31T16:25:58","date_gmt":"2021-10-31T15:25:58","guid":{"rendered":"http:\/\/www.soledpro.cz\/?page_id=994"},"modified":"2021-10-31T16:26:02","modified_gmt":"2021-10-31T15:26:02","slug":"firewall-analyzer","status":"publish","type":"page","link":"https:\/\/www.soledpro.cz\/de\/kyberneticka-bezpecnost\/manage-engine\/produkty-security-it\/firewall-analyzer\/","title":{"rendered":"Firewall Analyzer"},"content":{"rendered":"<h3 class=\"wp-block-heading\">Aufgrund der gro\u00dfen Menge an generierten Protokollen ist es eine schwierige Aufgabe, Einblicke in die Netzwerkaktivit\u00e4t zu gewinnen und Firewall-Protokolle zu \u00fcberwachen.<\/h3>\n\n\n\n<p>Firewall Analyzer, eine Protokollanalyse- und Konfigurationsverwaltungssoftware, ist eine agentenlose L\u00f6sung, die Administratoren hilft, zu verstehen, wie ihre Netzwerkkapazit\u00e4t genutzt wird. Dar\u00fcber hinaus ist dieses Tool herstellerunabh\u00e4ngig \u2013 es unterst\u00fctzt nahezu alle Open-Source-Firewalls, aber auch kommerzielle L\u00f6sungen wie Check Point, Cisco, Juniper, Fortinet, Palo Alto und andere. Firewall Analyzer erm\u00f6glicht einen schnellen Einblick in die Umgebung auf der Ebene des Internetbrowsers. Dadurch ist ein problemloses Arbeiten von \u00fcberall aus und eine Echtzeit\u00fcberwachung der Umgebung m\u00f6glich.<\/p>\n\n\n\n<div style=\"height:64px\" aria-hidden=\"true\" class=\"wp-block-spacer\"><\/div>\n\n\n\n<h2 class=\"wp-block-heading\">VORTEILE<\/h2>\n\n\n\n<ul class=\"wp-block-list\"><li>Verwaltung der Firewall-Konfiguration und -Regeln<\/li><li>\u00dcberwachung von \u00c4nderungen an Firewall-Einstellungen<\/li><li>Netzwerksicherheit<\/li><li>\u00dcberwachung von Benutzern im Internet<\/li><li>VPN-Netzwerk\u00fcberwachung<\/li><li>Compliance-Audit<\/li><\/ul>\n\n\n\n<div style=\"height:64px\" aria-hidden=\"true\" class=\"wp-block-spacer\"><\/div>\n\n\n\n<h2 class=\"wp-block-heading\">MERKMALE<\/h2>\n\n\n\n<div class=\"wp-block-columns is-layout-flex wp-container-core-columns-is-layout-28f84493 wp-block-columns-is-layout-flex\">\n<div class=\"wp-block-column is-layout-flow wp-block-column-is-layout-flow\">\n<h3 class=\"wp-block-heading\">Umweltbeobachtung mithilfe erweiterter Dashboards<\/h3>\n\n\n\n<p>Firewall Analyzer verf\u00fcgt \u00fcber ausgefeilte Einblicke, die Ihnen alles \u00fcber Ihre Umgebung verraten. Das System l\u00e4dt die Daten herunter und pr\u00e4sentiert sie in einer administrativ benutzerfreundlichen Form. Dank dieser Funktion k\u00f6nnen wir alle Ereignisse in unserer Umgebung schnell durchgehen.<\/p>\n<\/div>\n\n\n\n<div class=\"wp-block-column is-layout-flow wp-block-column-is-layout-flow\">\n<figure class=\"wp-block-image size-full\"><a href=\"http:\/\/www.soledpro.cz\/wp-content\/uploads\/2021\/10\/FWA1-1024x515-1.webp\"><img fetchpriority=\"high\" decoding=\"async\" width=\"1024\" height=\"515\" src=\"http:\/\/www.soledpro.cz\/wp-content\/uploads\/2021\/10\/FWA1-1024x515-1.webp\" alt=\"\" class=\"wp-image-995\" srcset=\"https:\/\/www.soledpro.cz\/wp-content\/uploads\/2021\/10\/FWA1-1024x515-1.webp 1024w, https:\/\/www.soledpro.cz\/wp-content\/uploads\/2021\/10\/FWA1-1024x515-1-300x151.webp 300w, https:\/\/www.soledpro.cz\/wp-content\/uploads\/2021\/10\/FWA1-1024x515-1-768x386.webp 768w\" sizes=\"(max-width: 1024px) 100vw, 1024px\" \/><\/a><\/figure>\n<\/div>\n<\/div>\n\n\n\n<div style=\"height:64px\" aria-hidden=\"true\" class=\"wp-block-spacer\"><\/div>\n\n\n\n<div class=\"wp-block-columns is-layout-flex wp-container-core-columns-is-layout-28f84493 wp-block-columns-is-layout-flex\">\n<div class=\"wp-block-column is-layout-flow wp-block-column-is-layout-flow\">\n<figure class=\"wp-block-image size-full\"><a href=\"http:\/\/www.soledpro.cz\/wp-content\/uploads\/2021\/10\/FWA2-1024x515-1.webp\"><img decoding=\"async\" width=\"1024\" height=\"515\" src=\"http:\/\/www.soledpro.cz\/wp-content\/uploads\/2021\/10\/FWA2-1024x515-1.webp\" alt=\"\" class=\"wp-image-996\" srcset=\"https:\/\/www.soledpro.cz\/wp-content\/uploads\/2021\/10\/FWA2-1024x515-1.webp 1024w, https:\/\/www.soledpro.cz\/wp-content\/uploads\/2021\/10\/FWA2-1024x515-1-300x151.webp 300w, https:\/\/www.soledpro.cz\/wp-content\/uploads\/2021\/10\/FWA2-1024x515-1-768x386.webp 768w\" sizes=\"(max-width: 1024px) 100vw, 1024px\" \/><\/a><\/figure>\n<\/div>\n\n\n\n<div class=\"wp-block-column is-layout-flow wp-block-column-is-layout-flow\">\n<h3 class=\"wp-block-heading\">Zeigen Sie detaillierte Informationen von allen Ger\u00e4ten an<\/h3>\n\n\n\n<p>Das System l\u00e4dt viele Informationen von angeschlossenen Ger\u00e4ten herunter und archiviert sie in seiner Datenbank. Dadurch k\u00f6nnen wir problemlos sowohl historische als auch aktuelle Werte einsehen. Translationale Kontrolle \u00fcber die Netzwerksicherheit Firewall Analyzer kann detaillierte bis allgemeine Informationen darstellen und uns so einen pr\u00e4zisen Einblick in jedes Element unserer Umgebung geben.<\/p>\n<\/div>\n<\/div>\n\n\n\n<div style=\"height:64px\" aria-hidden=\"true\" class=\"wp-block-spacer\"><\/div>\n\n\n\n<div class=\"wp-block-columns is-layout-flex wp-container-core-columns-is-layout-28f84493 wp-block-columns-is-layout-flex\">\n<div class=\"wp-block-column is-layout-flow wp-block-column-is-layout-flow\">\n<h3 class=\"wp-block-heading\">Echtzeitbenachrichtigung \u00fcber jedes unerw\u00fcnschte Ereignis<\/h3>\n\n\n\n<p>Das System verf\u00fcgt \u00fcber ein integriertes Warnmodul, das den Administrator im Falle einer Anomalie benachrichtigt. Wir k\u00f6nnen die entsprechenden Schwellenwerte festlegen und bei \u00dcberschreitung werden wir umgehend benachrichtigt.<\/p>\n<\/div>\n\n\n\n<div class=\"wp-block-column is-layout-flow wp-block-column-is-layout-flow\">\n<figure class=\"wp-block-image size-full\"><a href=\"http:\/\/www.soledpro.cz\/wp-content\/uploads\/2021\/10\/FWA3-1024x515-1.webp\"><img decoding=\"async\" width=\"1024\" height=\"515\" src=\"http:\/\/www.soledpro.cz\/wp-content\/uploads\/2021\/10\/FWA3-1024x515-1.webp\" alt=\"\" class=\"wp-image-997\" srcset=\"https:\/\/www.soledpro.cz\/wp-content\/uploads\/2021\/10\/FWA3-1024x515-1.webp 1024w, https:\/\/www.soledpro.cz\/wp-content\/uploads\/2021\/10\/FWA3-1024x515-1-300x151.webp 300w, https:\/\/www.soledpro.cz\/wp-content\/uploads\/2021\/10\/FWA3-1024x515-1-768x386.webp 768w\" sizes=\"(max-width: 1024px) 100vw, 1024px\" \/><\/a><\/figure>\n<\/div>\n<\/div>\n\n\n\n<div style=\"height:64px\" aria-hidden=\"true\" class=\"wp-block-spacer\"><\/div>\n\n\n\n<div class=\"wp-block-columns is-layout-flex wp-container-core-columns-is-layout-28f84493 wp-block-columns-is-layout-flex\">\n<div class=\"wp-block-column is-layout-flow wp-block-column-is-layout-flow\">\n<figure class=\"wp-block-image size-full\"><a href=\"http:\/\/www.soledpro.cz\/wp-content\/uploads\/2021\/10\/FWA4-1024x515-1.webp\"><img loading=\"lazy\" decoding=\"async\" width=\"1024\" height=\"515\" src=\"http:\/\/www.soledpro.cz\/wp-content\/uploads\/2021\/10\/FWA4-1024x515-1.webp\" alt=\"\" class=\"wp-image-998\" srcset=\"https:\/\/www.soledpro.cz\/wp-content\/uploads\/2021\/10\/FWA4-1024x515-1.webp 1024w, https:\/\/www.soledpro.cz\/wp-content\/uploads\/2021\/10\/FWA4-1024x515-1-300x151.webp 300w, https:\/\/www.soledpro.cz\/wp-content\/uploads\/2021\/10\/FWA4-1024x515-1-768x386.webp 768w\" sizes=\"(max-width: 1024px) 100vw, 1024px\" \/><\/a><\/figure>\n<\/div>\n\n\n\n<div class=\"wp-block-column is-layout-flow wp-block-column-is-layout-flow\">\n<h3 class=\"wp-block-heading\">Fachberichte<\/h3>\n\n\n\n<p>Kontrolle \u00fcber die Netzwerksicherheit Zus\u00e4tzlich zu den Dashboards verf\u00fcgt Firewall Analyzer auch \u00fcber ein Berichtsmodul, mit dem wir jede Aktion melden k\u00f6nnen, die uns interessiert. Das integrierte Modul erm\u00f6glicht die Anzeige historischer Daten aus der gesamten Umgebung, eine benutzerfreundliche Darstellung und den Export dieser Daten in verschiedene Formate.<\/p>\n<\/div>\n<\/div>\n\n\n\n<div style=\"height:64px\" aria-hidden=\"true\" class=\"wp-block-spacer\"><\/div>\n\n\n\n<div class=\"wp-block-columns is-layout-flex wp-container-core-columns-is-layout-28f84493 wp-block-columns-is-layout-flex\">\n<div class=\"wp-block-column is-layout-flow wp-block-column-is-layout-flow\">\n<h3 class=\"wp-block-heading\">Verwalten Sie Firewall-Regeln von einem Ort aus<\/h3>\n\n\n\n<p>Das System analysiert aktuelle Regeln auf Firewalls und ist in der Lage, Regeln anzuzeigen, die nie verwendet werden. Dar\u00fcber hinaus kann es vorschlagen, welche Regeln redundant sind und nicht auf unseren Netzwerkger\u00e4ten dupliziert werden m\u00fcssen. Diese Funktionen helfen Administratoren, ihre Umgebung schnell zu verwalten.<\/p>\n<\/div>\n\n\n\n<div class=\"wp-block-column is-layout-flow wp-block-column-is-layout-flow\">\n<figure class=\"wp-block-image size-full\"><a href=\"http:\/\/www.soledpro.cz\/wp-content\/uploads\/2021\/10\/FWA5-1024x515-1.webp\"><img loading=\"lazy\" decoding=\"async\" width=\"1024\" height=\"515\" src=\"http:\/\/www.soledpro.cz\/wp-content\/uploads\/2021\/10\/FWA5-1024x515-1.webp\" alt=\"\" class=\"wp-image-999\" srcset=\"https:\/\/www.soledpro.cz\/wp-content\/uploads\/2021\/10\/FWA5-1024x515-1.webp 1024w, https:\/\/www.soledpro.cz\/wp-content\/uploads\/2021\/10\/FWA5-1024x515-1-300x151.webp 300w, https:\/\/www.soledpro.cz\/wp-content\/uploads\/2021\/10\/FWA5-1024x515-1-768x386.webp 768w\" sizes=\"(max-width: 1024px) 100vw, 1024px\" \/><\/a><\/figure>\n<\/div>\n<\/div>\n\n\n\n<div style=\"height:64px\" aria-hidden=\"true\" class=\"wp-block-spacer\"><\/div>\n\n\n\n<div class=\"wp-block-columns is-layout-flex wp-container-core-columns-is-layout-28f84493 wp-block-columns-is-layout-flex\">\n<div class=\"wp-block-column is-layout-flow wp-block-column-is-layout-flow\">\n<figure class=\"wp-block-image size-full\"><a href=\"http:\/\/www.soledpro.cz\/wp-content\/uploads\/2021\/10\/FWA5-1024x515-2.webp\"><img loading=\"lazy\" decoding=\"async\" width=\"1024\" height=\"515\" src=\"http:\/\/www.soledpro.cz\/wp-content\/uploads\/2021\/10\/FWA5-1024x515-2.webp\" alt=\"\" class=\"wp-image-1000\" srcset=\"https:\/\/www.soledpro.cz\/wp-content\/uploads\/2021\/10\/FWA5-1024x515-2.webp 1024w, https:\/\/www.soledpro.cz\/wp-content\/uploads\/2021\/10\/FWA5-1024x515-2-300x151.webp 300w, https:\/\/www.soledpro.cz\/wp-content\/uploads\/2021\/10\/FWA5-1024x515-2-768x386.webp 768w\" sizes=\"(max-width: 1024px) 100vw, 1024px\" \/><\/a><\/figure>\n<\/div>\n\n\n\n<div class=\"wp-block-column is-layout-flow wp-block-column-is-layout-flow\">\n<h3 class=\"wp-block-heading\">Durchsuchen Sie Protokolle auf der Ebene der einheitlichen Benutzeroberfl\u00e4che<\/h3>\n\n\n\n<p>Firewall Analyzer bietet die M\u00f6glichkeit, alle von Firewalls erhaltenen Informationen zu durchsuchen. Wir k\u00f6nnen jeden Datensatz unserer Ger\u00e4te durchsuchen, ohne zu einzelnen Ger\u00e4ten gehen zu m\u00fcssen. Dies erleichtert das Filtern nach relevanten Phrasen erheblich.<\/p>\n<\/div>\n<\/div>\n\n\n\n<div class=\"wp-block-columns is-layout-flex wp-container-core-columns-is-layout-28f84493 wp-block-columns-is-layout-flex\">\n<div class=\"wp-block-column is-layout-flow wp-block-column-is-layout-flow\">\n<h3 class=\"wp-block-heading\">Netzwerktests mit integrierten Tools<\/h3>\n\n\n\n<p>Das System verf\u00fcgt \u00fcber einen integrierten Satz an Tools, die f\u00fcr jeden Administrator geeignet sind. Auf der Ebene der grafischen Oberfl\u00e4che k\u00f6nnen wir beispielsweise die Verf\u00fcgbarkeit des Ger\u00e4ts abfragen, seine Routen im Netzwerk ermitteln, das CLI abfragen und Antworten auf bestimmten Ports \u00fcberpr\u00fcfen.<\/p>\n<\/div>\n\n\n\n<div class=\"wp-block-column is-layout-flow wp-block-column-is-layout-flow\">\n<figure class=\"wp-block-image size-full\"><a href=\"http:\/\/www.soledpro.cz\/wp-content\/uploads\/2021\/10\/FWA7-1024x515-1.webp\"><img loading=\"lazy\" decoding=\"async\" width=\"1024\" height=\"515\" src=\"http:\/\/www.soledpro.cz\/wp-content\/uploads\/2021\/10\/FWA7-1024x515-1.webp\" alt=\"\" class=\"wp-image-1001\" srcset=\"https:\/\/www.soledpro.cz\/wp-content\/uploads\/2021\/10\/FWA7-1024x515-1.webp 1024w, https:\/\/www.soledpro.cz\/wp-content\/uploads\/2021\/10\/FWA7-1024x515-1-300x151.webp 300w, https:\/\/www.soledpro.cz\/wp-content\/uploads\/2021\/10\/FWA7-1024x515-1-768x386.webp 768w\" sizes=\"(max-width: 1024px) 100vw, 1024px\" \/><\/a><\/figure>\n<\/div>\n<\/div>\n\n\n\n<div style=\"height:64px\" aria-hidden=\"true\" class=\"wp-block-spacer\"><\/div>\n\n\n\n<h3 class=\"has-text-align-center wp-block-heading\">Interessiert an Firewall-Analyzer-kompatiblen Systemen?<\/h3>\n\n\n\n<p class=\"has-text-align-center\">Pod\u00edvejte se na software pro monitorov\u00e1n\u00ed IT zdroj\u016f OpManager.<\/p>\n\n\n\n<div style=\"height:100px\" aria-hidden=\"true\" class=\"wp-block-spacer\"><\/div>","protected":false},"excerpt":{"rendered":"<p>Z\u00edsk\u00e1n\u00ed n\u00e1hledu do aktivit s\u00edt\u011b a sledov\u00e1n\u00ed log\u016f firewallu je t\u011b\u017ek\u00fd \u00fakol, z d\u016fvodu generov\u00e1n\u00ed obrovsk\u00e9ho mno\u017estv\u00ed z\u00e1znam\u016f. Firewall Analyzer, software k anal\u00fdze log\u016f a spr\u00e1v\u011b konfigurace, je bezagentov\u00e9 \u0159e\u0161en\u00ed, kter\u00e9 spr\u00e1vci pom\u00e1h\u00e1 porozum\u011bt, jak je vyu\u017e\u00edvan\u00e1 kapacita jejich s\u00edt\u011b. Nav\u00edc je tento n\u00e1stroj nez\u00e1visl\u00fd na dodavatel\u00edch \u2013 podporuje t\u00e9m\u011b\u0159 v\u0161echny firewally typu open source, [&hellip;]<\/p>","protected":false},"author":1,"featured_media":995,"parent":708,"menu_order":0,"comment_status":"closed","ping_status":"closed","template":"","meta":{"footnotes":""},"class_list":["post-994","page","type-page","status-publish","has-post-thumbnail","hentry"],"_links":{"self":[{"href":"https:\/\/www.soledpro.cz\/de\/wp-json\/wp\/v2\/pages\/994","targetHints":{"allow":["GET"]}}],"collection":[{"href":"https:\/\/www.soledpro.cz\/de\/wp-json\/wp\/v2\/pages"}],"about":[{"href":"https:\/\/www.soledpro.cz\/de\/wp-json\/wp\/v2\/types\/page"}],"author":[{"embeddable":true,"href":"https:\/\/www.soledpro.cz\/de\/wp-json\/wp\/v2\/users\/1"}],"replies":[{"embeddable":true,"href":"https:\/\/www.soledpro.cz\/de\/wp-json\/wp\/v2\/comments?post=994"}],"version-history":[{"count":1,"href":"https:\/\/www.soledpro.cz\/de\/wp-json\/wp\/v2\/pages\/994\/revisions"}],"predecessor-version":[{"id":1002,"href":"https:\/\/www.soledpro.cz\/de\/wp-json\/wp\/v2\/pages\/994\/revisions\/1002"}],"up":[{"embeddable":true,"href":"https:\/\/www.soledpro.cz\/de\/wp-json\/wp\/v2\/pages\/708"}],"wp:featuredmedia":[{"embeddable":true,"href":"https:\/\/www.soledpro.cz\/de\/wp-json\/wp\/v2\/media\/995"}],"wp:attachment":[{"href":"https:\/\/www.soledpro.cz\/de\/wp-json\/wp\/v2\/media?parent=994"}],"curies":[{"name":"wp","href":"https:\/\/api.w.org\/{rel}","templated":true}]}}