{"id":986,"date":"2021-10-31T13:11:06","date_gmt":"2021-10-31T12:11:06","guid":{"rendered":"http:\/\/www.soledpro.cz\/?page_id=986"},"modified":"2021-10-31T13:11:06","modified_gmt":"2021-10-31T12:11:06","slug":"eventlog-analyzer","status":"publish","type":"page","link":"https:\/\/www.soledpro.cz\/de\/kyberneticka-bezpecnost\/manage-engine\/produkty-security-it\/eventlog-analyzer\/","title":{"rendered":"EventLog Analyzer"},"content":{"rendered":"<h3 class=\"wp-block-heading\">EventLog Analyzer erf\u00fcllt alle SIEM-Anforderungen, indem es effizient Protokolle aus Netzwerkquellen sammelt, diese Protokolle analysiert und \u00fcber intuitive Berichte und Navigationsfelder aussagekr\u00e4ftige Informationen bereitstellt.<\/h3>\n\n\n\n<p>Es erm\u00f6glicht die Generierung von Warnungen in Echtzeit zur Minderung interner und externer Gefahren, die Korrelation von Ereignissen in Echtzeit und mehr. Stellt fertige Compliance-Berichte wie PCI DSS, FISMA, GLBA, HIPAA sicher. Die Protokollanalyse tr\u00e4gt au\u00dferdem mit einer Funktion zur \u00dcberwachung der Dateiintegrit\u00e4t zum Schutz vertraulicher Daten bei. Dar\u00fcber hinaus erm\u00f6glicht das System die Ergreifung geeigneter Ma\u00dfnahmen bei Feststellung von Verst\u00f6\u00dfen gegen Vorschriften, sodass wir schnell auf jedes Ereignis reagieren k\u00f6nnen. Wir sind auch in der Lage, einen Workflow zu erstellen, der die Arbeit f\u00fcr uns erledigt, wenn das Ereignis au\u00dferhalb der Arbeitszeiten der Organisation auftritt.<\/p>\n\n\n\n<div style=\"height:64px\" aria-hidden=\"true\" class=\"wp-block-spacer\"><\/div>\n\n\n\n<h2 class=\"wp-block-heading\">VORTEILE<\/h2>\n\n\n\n<ul class=\"wp-block-list\"><li>Aggregation von Protokollen aus heterogenen Quellen im gesamten Netzwerk<\/li><li>Unterst\u00fctzung bei vielen IT-Infrastrukturveranstaltungen<\/li><li>einfache Analyse, Berichterstellung, Anzeige und Archivierung von Daten<\/li><li>Alarmausl\u00f6sung und Ereigniskorrelation in Echtzeit<\/li><li>Pr\u00fcfung von \u00c4nderungen in Wissensdatenbanken, Konten und Servern<\/li><li>\u00dcberwachung der Integrit\u00e4t von Dateien und privilegierten Benutzern<\/li><\/ul>\n\n\n\n<div style=\"height:64px\" aria-hidden=\"true\" class=\"wp-block-spacer\"><\/div>\n\n\n\n<h2 class=\"wp-block-heading\">MERKMALE<\/h2>\n\n\n\n<div class=\"wp-block-columns is-layout-flex wp-container-core-columns-is-layout-28f84493 wp-block-columns-is-layout-flex\">\n<div class=\"wp-block-column is-layout-flow wp-block-column-is-layout-flow\">\n<h3 class=\"wp-block-heading\">Integrierte Dashboards mit einem \u00dcberblick \u00fcber den Zustand und die in der Umgebung aufgetretenen Aktionen<\/h3>\n\n\n\n<p>Im Hauptmen\u00fc des Systems werden die wichtigsten k\u00fcrzlich erkannten Ereignisse und der Zustand der \u00fcberwachten Umgebung angezeigt. Diese Informationen werden in einer leicht lesbaren grafischen Form dargestellt.<\/p>\n<\/div>\n\n\n\n<div class=\"wp-block-column is-layout-flow wp-block-column-is-layout-flow\">\n<figure class=\"wp-block-image size-full\"><a href=\"http:\/\/www.soledpro.cz\/wp-content\/uploads\/2021\/10\/Wbudowane-dashboardy-1024x521-1.webp\"><img fetchpriority=\"high\" decoding=\"async\" width=\"1024\" height=\"521\" src=\"http:\/\/www.soledpro.cz\/wp-content\/uploads\/2021\/10\/Wbudowane-dashboardy-1024x521-1.webp\" alt=\"\" class=\"wp-image-987\" srcset=\"https:\/\/www.soledpro.cz\/wp-content\/uploads\/2021\/10\/Wbudowane-dashboardy-1024x521-1.webp 1024w, https:\/\/www.soledpro.cz\/wp-content\/uploads\/2021\/10\/Wbudowane-dashboardy-1024x521-1-300x153.webp 300w, https:\/\/www.soledpro.cz\/wp-content\/uploads\/2021\/10\/Wbudowane-dashboardy-1024x521-1-768x391.webp 768w\" sizes=\"(max-width: 1024px) 100vw, 1024px\" \/><\/a><\/figure>\n<\/div>\n<\/div>\n\n\n\n<div style=\"height:64px\" aria-hidden=\"true\" class=\"wp-block-spacer\"><\/div>\n\n\n\n<div class=\"wp-block-columns is-layout-flex wp-container-core-columns-is-layout-28f84493 wp-block-columns-is-layout-flex\">\n<div class=\"wp-block-column is-layout-flow wp-block-column-is-layout-flow\">\n<figure class=\"wp-block-image size-full\"><a href=\"http:\/\/www.soledpro.cz\/wp-content\/uploads\/2021\/10\/Korelacje-1024x487-1.webp\"><img decoding=\"async\" width=\"1024\" height=\"487\" src=\"http:\/\/www.soledpro.cz\/wp-content\/uploads\/2021\/10\/Korelacje-1024x487-1.webp\" alt=\"\" class=\"wp-image-988\" srcset=\"https:\/\/www.soledpro.cz\/wp-content\/uploads\/2021\/10\/Korelacje-1024x487-1.webp 1024w, https:\/\/www.soledpro.cz\/wp-content\/uploads\/2021\/10\/Korelacje-1024x487-1-300x143.webp 300w, https:\/\/www.soledpro.cz\/wp-content\/uploads\/2021\/10\/Korelacje-1024x487-1-768x365.webp 768w\" sizes=\"(max-width: 1024px) 100vw, 1024px\" \/><\/a><\/figure>\n<\/div>\n\n\n\n<div class=\"wp-block-column is-layout-flow wp-block-column-is-layout-flow\">\n<h3 class=\"wp-block-heading\">Option zum Konfigurieren der Ereigniskorrelation<\/h3>\n\n\n\n<p>Das System erm\u00f6glicht die Definition von Zusammenh\u00e4ngen von in der Umgebung auftretenden Ereignissen und die entsprechende Warnung von Administratoren im Falle eines kritischen Ereignisses.<\/p>\n<\/div>\n<\/div>\n\n\n\n<div style=\"height:64px\" aria-hidden=\"true\" class=\"wp-block-spacer\"><\/div>\n\n\n\n<div class=\"wp-block-columns is-layout-flex wp-container-core-columns-is-layout-28f84493 wp-block-columns-is-layout-flex\">\n<div class=\"wp-block-column is-layout-flow wp-block-column-is-layout-flow\">\n<h3 class=\"wp-block-heading\">Zugriff auf umfassende Berichte<\/h3>\n\n\n\n<p>Das System verf\u00fcgt \u00fcber eine breite Palette von Berichten basierend auf: Ger\u00e4te-, Anwendungs-, Datei\u00fcberwachung, erkannten Bedrohungen, Schwachstellen\u00fcberwachung, VM-Ereignissen und Benutzern. Es besteht auch die M\u00f6glichkeit, einen eigenen Bericht zu definieren. Jedes der generierten Ergebnisse des EventLog Analyzer kann \u00fcber den ausgew\u00e4hlten Pfad im PDF- oder CSV-Format versendet werden. Die Software erm\u00f6glicht au\u00dferdem die Erstellung eines Zeitplans f\u00fcr die regelm\u00e4\u00dfige Erstellung von Berichten und deren Speicherung an einem ausgew\u00e4hlten Ort auf der Festplatte.<\/p>\n<\/div>\n\n\n\n<div class=\"wp-block-column is-layout-flow wp-block-column-is-layout-flow\">\n<figure class=\"wp-block-image size-full\"><a href=\"http:\/\/www.soledpro.cz\/wp-content\/uploads\/2021\/10\/Raporty-1-1024x493-1.webp\"><img decoding=\"async\" width=\"1024\" height=\"493\" src=\"http:\/\/www.soledpro.cz\/wp-content\/uploads\/2021\/10\/Raporty-1-1024x493-1.webp\" alt=\"\" class=\"wp-image-989\" srcset=\"https:\/\/www.soledpro.cz\/wp-content\/uploads\/2021\/10\/Raporty-1-1024x493-1.webp 1024w, https:\/\/www.soledpro.cz\/wp-content\/uploads\/2021\/10\/Raporty-1-1024x493-1-300x144.webp 300w, https:\/\/www.soledpro.cz\/wp-content\/uploads\/2021\/10\/Raporty-1-1024x493-1-768x370.webp 768w\" sizes=\"(max-width: 1024px) 100vw, 1024px\" \/><\/a><\/figure>\n<\/div>\n<\/div>\n\n\n\n<div style=\"height:64px\" aria-hidden=\"true\" class=\"wp-block-spacer\"><\/div>\n\n\n\n<div class=\"wp-block-columns is-layout-flex wp-container-core-columns-is-layout-28f84493 wp-block-columns-is-layout-flex\">\n<div class=\"wp-block-column is-layout-flow wp-block-column-is-layout-flow\">\n<figure class=\"wp-block-image size-full\"><a href=\"http:\/\/www.soledpro.cz\/wp-content\/uploads\/2021\/10\/Przeszukiwanie-logow-1024x449-1.webp\"><img loading=\"lazy\" decoding=\"async\" width=\"1024\" height=\"449\" src=\"http:\/\/www.soledpro.cz\/wp-content\/uploads\/2021\/10\/Przeszukiwanie-logow-1024x449-1.webp\" alt=\"\" class=\"wp-image-990\" srcset=\"https:\/\/www.soledpro.cz\/wp-content\/uploads\/2021\/10\/Przeszukiwanie-logow-1024x449-1.webp 1024w, https:\/\/www.soledpro.cz\/wp-content\/uploads\/2021\/10\/Przeszukiwanie-logow-1024x449-1-300x132.webp 300w, https:\/\/www.soledpro.cz\/wp-content\/uploads\/2021\/10\/Przeszukiwanie-logow-1024x449-1-768x337.webp 768w\" sizes=\"(max-width: 1024px) 100vw, 1024px\" \/><\/a><\/figure>\n<\/div>\n\n\n\n<div class=\"wp-block-column is-layout-flow wp-block-column-is-layout-flow\">\n<h3 class=\"wp-block-heading\">M\u00f6glichkeit, gesammelte Protokolle von einem Ort aus zu durchsuchen<\/h3>\n\n\n\n<p>Das System hat die Funktion, die f\u00fcr uns interessanten Informationen in den geladenen Protokollen nach eigenen Regeln zu durchsuchen. Die Suche kann auf Ger\u00e4tetypen, Ereignisnummern oder anderen LDAP-Informationen basieren.<\/p>\n<\/div>\n<\/div>\n\n\n\n<div style=\"height:64px\" aria-hidden=\"true\" class=\"wp-block-spacer\"><\/div>\n\n\n\n<div class=\"wp-block-columns is-layout-flex wp-container-core-columns-is-layout-28f84493 wp-block-columns-is-layout-flex\">\n<div class=\"wp-block-column is-layout-flow wp-block-column-is-layout-flow\">\n<h3 class=\"wp-block-heading\">Konfigurationsoption f\u00fcr Echtzeit-Alarmausl\u00f6ser<\/h3>\n\n\n\n<p>Das System zur Analyse von Protokollen aus der gesamten EventLog Analyzer-Umgebung ist mit der M\u00f6glichkeit ausgestattet, Benachrichtigungen f\u00fcr Administratoren zu konfigurieren. F\u00fcr jedes vom System erfasste Ereignis kann der Inhalt der vom Administrator empfangenen Nachricht entsprechend definiert werden. Bei einer gro\u00dfen Anzahl von Benachrichtigungen erm\u00f6glicht das System die Erstellung eines Zeitintervalls, in dem nur eine Nachricht\/Benachrichtigung gesendet werden kann.<\/p>\n<\/div>\n\n\n\n<div class=\"wp-block-column is-layout-flow wp-block-column-is-layout-flow\">\n<figure class=\"wp-block-image size-full\"><a href=\"http:\/\/www.soledpro.cz\/wp-content\/uploads\/2021\/10\/Alerty-1024x514-1.webp\"><img loading=\"lazy\" decoding=\"async\" width=\"1024\" height=\"514\" src=\"http:\/\/www.soledpro.cz\/wp-content\/uploads\/2021\/10\/Alerty-1024x514-1.webp\" alt=\"\" class=\"wp-image-992\" srcset=\"https:\/\/www.soledpro.cz\/wp-content\/uploads\/2021\/10\/Alerty-1024x514-1.webp 1024w, https:\/\/www.soledpro.cz\/wp-content\/uploads\/2021\/10\/Alerty-1024x514-1-300x151.webp 300w, https:\/\/www.soledpro.cz\/wp-content\/uploads\/2021\/10\/Alerty-1024x514-1-768x386.webp 768w\" sizes=\"(max-width: 1024px) 100vw, 1024px\" \/><\/a><\/figure>\n<\/div>\n<\/div>\n\n\n\n<div style=\"height:64px\" aria-hidden=\"true\" class=\"wp-block-spacer\"><\/div>\n\n\n\n<h3 class=\"has-text-align-center wp-block-heading\">Interessiert an mit EventLog Analyzer kompatiblen Systemen?<\/h3>\n\n\n\n<p class=\"has-text-align-center\">Sehen Sie sich das an:<\/p>\n\n\n\n<h4 class=\"has-text-align-center wp-block-heading\">das IT-Umgebungsmanagementsystem LOG360,<\/h4>\n\n\n\n<h4 class=\"has-text-align-center wp-block-heading\">Helpdesk-System ServiceDesk Plus,<\/h4>\n\n\n\n<h4 class=\"has-text-align-center wp-block-heading\">Analytics Plus Werkzeug zur Datenanalyse,<\/h4>\n\n\n\n<h4 class=\"has-text-align-center wp-block-heading\">Software zur \u00dcberwachung von IT-Ressourcen OpManager.<\/h4>\n\n\n\n<div style=\"height:100px\" aria-hidden=\"true\" class=\"wp-block-spacer\"><\/div>","protected":false},"excerpt":{"rendered":"<p>EventLog Analyzer spl\u0148uje v\u0161echny pot\u0159eby SIEM d\u00edky efektivn\u00edmu shroma\u017e\u010fov\u00e1n\u00ed log\u016f ze zdroj\u016f v s\u00edti, analyzov\u00e1n\u00ed dan\u00fdch log\u016f a poskytov\u00e1n\u00ed podstatn\u00fdch informac\u00ed d\u00edky intuitivn\u00edm report\u016fm a naviga\u010dn\u00edm panel\u016fm. Umo\u017e\u0148uje generov\u00e1n\u00ed v\u00fdstrah v re\u00e1ln\u00e9m \u010dase za \u00fa\u010delem omezen\u00ed vnit\u0159n\u00edho a vn\u011bj\u0161\u00edho nebezpe\u010d\u00ed, realizov\u00e1n\u00ed korelace ud\u00e1lost\u00ed v re\u00e1ln\u00e9m \u010dase a nejen to. Zaji\u0161\u0165uje hotov\u00e9 reporty dodr\u017eov\u00e1n\u00ed p\u0159edpis\u016f, jako [&hellip;]<\/p>","protected":false},"author":1,"featured_media":987,"parent":708,"menu_order":0,"comment_status":"closed","ping_status":"closed","template":"","meta":{"footnotes":""},"class_list":["post-986","page","type-page","status-publish","has-post-thumbnail","hentry"],"_links":{"self":[{"href":"https:\/\/www.soledpro.cz\/de\/wp-json\/wp\/v2\/pages\/986","targetHints":{"allow":["GET"]}}],"collection":[{"href":"https:\/\/www.soledpro.cz\/de\/wp-json\/wp\/v2\/pages"}],"about":[{"href":"https:\/\/www.soledpro.cz\/de\/wp-json\/wp\/v2\/types\/page"}],"author":[{"embeddable":true,"href":"https:\/\/www.soledpro.cz\/de\/wp-json\/wp\/v2\/users\/1"}],"replies":[{"embeddable":true,"href":"https:\/\/www.soledpro.cz\/de\/wp-json\/wp\/v2\/comments?post=986"}],"version-history":[{"count":1,"href":"https:\/\/www.soledpro.cz\/de\/wp-json\/wp\/v2\/pages\/986\/revisions"}],"predecessor-version":[{"id":993,"href":"https:\/\/www.soledpro.cz\/de\/wp-json\/wp\/v2\/pages\/986\/revisions\/993"}],"up":[{"embeddable":true,"href":"https:\/\/www.soledpro.cz\/de\/wp-json\/wp\/v2\/pages\/708"}],"wp:featuredmedia":[{"embeddable":true,"href":"https:\/\/www.soledpro.cz\/de\/wp-json\/wp\/v2\/media\/987"}],"wp:attachment":[{"href":"https:\/\/www.soledpro.cz\/de\/wp-json\/wp\/v2\/media?parent=986"}],"curies":[{"name":"wp","href":"https:\/\/api.w.org\/{rel}","templated":true}]}}