{"id":980,"date":"2021-10-31T13:04:15","date_gmt":"2021-10-31T12:04:15","guid":{"rendered":"http:\/\/www.soledpro.cz\/?page_id=980"},"modified":"2021-10-31T13:04:16","modified_gmt":"2021-10-31T12:04:16","slug":"cloud-security-plus","status":"publish","type":"page","link":"https:\/\/www.soledpro.cz\/de\/kyberneticka-bezpecnost\/manage-engine\/produkty-security-it\/cloud-security-plus\/","title":{"rendered":"Cloud Security Plus"},"content":{"rendered":"<h3 class=\"wp-block-heading\">Cloud Security Plus erm\u00f6glicht die Analyse von Protokollen von Plattformen wie AWS, Azure, Google Cloud und Salesforce.<\/h3>\n\n\n\n<p>Das Tool erm\u00f6glicht die zentrale Verwaltung aller Serviceprotokolle und verf\u00fcgt \u00fcber spezielle Berichte, die eine gr\u00fcndliche \u00dcberpr\u00fcfung der gesamten Umgebung erm\u00f6glichen. Dank dieser Berichte k\u00f6nnen wir herausfinden, wer was, wann und was getan hat, und den Erwerb unerw\u00fcnschter Zugriffe analysieren. Das System verf\u00fcgt \u00fcber viele vordefinierte Berichte, die eine schnelle Analyse der Umgebung erm\u00f6glichen. Dadurch werden wir nicht \u00fcberrascht sein, wenn einer der Server nicht mehr funktioniert. Das System zur Analyse von Cloud-Umgebungen Cloud Security Plus arbeitet auf der Ebene des Internetbrowsers und bietet so von einem Ort aus Einblick in die gesamte Cloud-Umgebung.<\/p>\n\n\n\n<div style=\"height:64px\" aria-hidden=\"true\" class=\"wp-block-spacer\"><\/div>\n\n\n\n<h2 class=\"wp-block-heading\">VORTEILE<\/h2>\n\n\n\n<ul class=\"wp-block-list\"><li>\u00dcberblick \u00fcber alle Aktionen an einem Ort<\/li><li>\u00dcberpr\u00fcfung aller Aktionen in der Cloud-Umgebung<\/li><li>Echtzeitalarme<\/li><li>Integration von Cloud-L\u00f6sungen<\/li><li>Integrierte Berichte zum Extrahieren von Daten aus Cloud-L\u00f6sungen<\/li><\/ul>\n\n\n\n<div style=\"height:64px\" aria-hidden=\"true\" class=\"wp-block-spacer\"><\/div>\n\n\n\n<h2 class=\"wp-block-heading\">MERKMALE<\/h2>\n\n\n\n<div class=\"wp-block-columns is-layout-flex wp-container-core-columns-is-layout-28f84493 wp-block-columns-is-layout-flex\">\n<div class=\"wp-block-column is-layout-flow wp-block-column-is-layout-flow\">\n<h3 class=\"wp-block-heading\">Schnellansicht aller Daten<\/h3>\n\n\n\n<p>Cloud Security Plus bietet die M\u00f6glichkeit, nach der Anmeldung bei der Anwendung Daten anzuzeigen, die den aktuellen Zustand der Umgebung zeigen. Die Schnittstelle erm\u00f6glicht die Auswahl der geeigneten Cloud-L\u00f6sung sowie die Auswahl des Zeitraums, den wir \u00fcberpr\u00fcfen m\u00f6chten. Mithilfe von Dashboards k\u00f6nnen Sie au\u00dferdem mit einem einfachen Klick direkt zum entsprechenden Bericht gelangen.<\/p>\n<\/div>\n\n\n\n<div class=\"wp-block-column is-layout-flow wp-block-column-is-layout-flow\">\n<figure class=\"wp-block-image size-full\"><a href=\"http:\/\/www.soledpro.cz\/wp-content\/uploads\/2021\/10\/Szybki-podglad-1024x512-1.webp\"><img fetchpriority=\"high\" decoding=\"async\" width=\"1024\" height=\"512\" src=\"http:\/\/www.soledpro.cz\/wp-content\/uploads\/2021\/10\/Szybki-podglad-1024x512-1.webp\" alt=\"\" class=\"wp-image-981\" srcset=\"https:\/\/www.soledpro.cz\/wp-content\/uploads\/2021\/10\/Szybki-podglad-1024x512-1.webp 1024w, https:\/\/www.soledpro.cz\/wp-content\/uploads\/2021\/10\/Szybki-podglad-1024x512-1-300x150.webp 300w, https:\/\/www.soledpro.cz\/wp-content\/uploads\/2021\/10\/Szybki-podglad-1024x512-1-768x384.webp 768w\" sizes=\"(max-width: 1024px) 100vw, 1024px\" \/><\/a><\/figure>\n<\/div>\n<\/div>\n\n\n\n<div style=\"height:64px\" aria-hidden=\"true\" class=\"wp-block-spacer\"><\/div>\n\n\n\n<div class=\"wp-block-columns is-layout-flex wp-container-core-columns-is-layout-28f84493 wp-block-columns-is-layout-flex\">\n<div class=\"wp-block-column is-layout-flow wp-block-column-is-layout-flow\">\n<figure class=\"wp-block-image size-full\"><a href=\"http:\/\/www.soledpro.cz\/wp-content\/uploads\/2021\/10\/Zarzadzanie-1024x469-1.webp\"><img decoding=\"async\" width=\"1024\" height=\"469\" src=\"http:\/\/www.soledpro.cz\/wp-content\/uploads\/2021\/10\/Zarzadzanie-1024x469-1.webp\" alt=\"\" class=\"wp-image-982\" srcset=\"https:\/\/www.soledpro.cz\/wp-content\/uploads\/2021\/10\/Zarzadzanie-1024x469-1.webp 1024w, https:\/\/www.soledpro.cz\/wp-content\/uploads\/2021\/10\/Zarzadzanie-1024x469-1-300x137.webp 300w, https:\/\/www.soledpro.cz\/wp-content\/uploads\/2021\/10\/Zarzadzanie-1024x469-1-768x352.webp 768w\" sizes=\"(max-width: 1024px) 100vw, 1024px\" \/><\/a><\/figure>\n<\/div>\n\n\n\n<div class=\"wp-block-column is-layout-flow wp-block-column-is-layout-flow\">\n<h3 class=\"wp-block-heading\">Zentrales Management \u00f6ffentlicher Clouds<\/h3>\n\n\n\n<p>Das System sammelt Informationen von vielen \u00f6ffentlichen Cloud-Instanzen und speichert sie f\u00fcr einen bestimmten Zeitraum in der Datenbank. Die von Cloud Security Plus gewonnenen Daten k\u00f6nnen mithilfe von Berichten grafisch dargestellt werden. Mit dieser Funktion sind wir in der Lage, alle Aktionen von einer einzigen Konsolenebene aus in mehreren Cloud-Umgebungen zu \u00fcberwachen.<\/p>\n<\/div>\n<\/div>\n\n\n\n<div style=\"height:64px\" aria-hidden=\"true\" class=\"wp-block-spacer\"><\/div>\n\n\n\n<div class=\"wp-block-columns is-layout-flex wp-container-core-columns-is-layout-28f84493 wp-block-columns-is-layout-flex\">\n<div class=\"wp-block-column is-layout-flow wp-block-column-is-layout-flow\">\n<h3 class=\"wp-block-heading\">Cloud-Umgebungspr\u00fcfung und Cloud-Umgebungsberichte<\/h3>\n\n\n\n<p>Cloud Security Plus verf\u00fcgt \u00fcber eine Vielzahl vordefinierter Berichte mit detaillierten Informationen zu Ereignissen in Amazon EC2, Web Application Firewalls (WAF), Relational Database Service (RDS), Lambda, Security Token Service (STS), Elastic Block Store (EBS) und Virtual Private Cloud (VPC), Elastic Load Balancer (ELB) und Simple Storage Service (S3). Das System selbst entwickelt sich mit jedem Update weiter, einschlie\u00dflich neuer Berichte.<\/p>\n<\/div>\n\n\n\n<div class=\"wp-block-column is-layout-flow wp-block-column-is-layout-flow\">\n<figure class=\"wp-block-image size-full\"><a href=\"http:\/\/www.soledpro.cz\/wp-content\/uploads\/2021\/10\/Audyt-i-raporty-1024x517-1.webp\"><img decoding=\"async\" width=\"1024\" height=\"517\" src=\"http:\/\/www.soledpro.cz\/wp-content\/uploads\/2021\/10\/Audyt-i-raporty-1024x517-1.webp\" alt=\"\" class=\"wp-image-983\" srcset=\"https:\/\/www.soledpro.cz\/wp-content\/uploads\/2021\/10\/Audyt-i-raporty-1024x517-1.webp 1024w, https:\/\/www.soledpro.cz\/wp-content\/uploads\/2021\/10\/Audyt-i-raporty-1024x517-1-300x151.webp 300w, https:\/\/www.soledpro.cz\/wp-content\/uploads\/2021\/10\/Audyt-i-raporty-1024x517-1-768x388.webp 768w\" sizes=\"(max-width: 1024px) 100vw, 1024px\" \/><\/a><\/figure>\n<\/div>\n<\/div>\n\n\n\n<div style=\"height:64px\" aria-hidden=\"true\" class=\"wp-block-spacer\"><\/div>\n\n\n\n<div class=\"wp-block-columns is-layout-flex wp-container-core-columns-is-layout-28f84493 wp-block-columns-is-layout-flex\">\n<div class=\"wp-block-column is-layout-flow wp-block-column-is-layout-flow\">\n<figure class=\"wp-block-image size-full\"><a href=\"http:\/\/www.soledpro.cz\/wp-content\/uploads\/2021\/10\/Alarmowanie-1024x494-1.webp\"><img loading=\"lazy\" decoding=\"async\" width=\"1024\" height=\"494\" src=\"http:\/\/www.soledpro.cz\/wp-content\/uploads\/2021\/10\/Alarmowanie-1024x494-1.webp\" alt=\"\" class=\"wp-image-984\" srcset=\"https:\/\/www.soledpro.cz\/wp-content\/uploads\/2021\/10\/Alarmowanie-1024x494-1.webp 1024w, https:\/\/www.soledpro.cz\/wp-content\/uploads\/2021\/10\/Alarmowanie-1024x494-1-300x145.webp 300w, https:\/\/www.soledpro.cz\/wp-content\/uploads\/2021\/10\/Alarmowanie-1024x494-1-768x371.webp 768w\" sizes=\"(max-width: 1024px) 100vw, 1024px\" \/><\/a><\/figure>\n<\/div>\n\n\n\n<div class=\"wp-block-column is-layout-flow wp-block-column-is-layout-flow\">\n<h3 class=\"wp-block-heading\">Ausl\u00f6sen eines Alarms \u00fcber Probleme in der Umgebung in Echtzeit<\/h3>\n\n\n\n<p>Das System zur Analyse von Cloud-Umgebungen verf\u00fcgt \u00fcber die M\u00f6glichkeit, Administratorbenachrichtigungen per E-Mail zu konfigurieren. Jedem Alarmtyp kann ein entsprechender Nachrichtenname zugewiesen werden, sodass der Techniker ein Problem oder ein potenziell gef\u00e4hrliches Ereignis leichter identifizieren kann. Dadurch k\u00f6nnen wir Alarme in Echtzeit ausl\u00f6sen, was ein wertvoller Teil der Arbeit eines jeden Administrators ist.&nbsp;<\/p>\n<\/div>\n<\/div>\n\n\n\n<div style=\"height:64px\" aria-hidden=\"true\" class=\"wp-block-spacer\"><\/div>\n\n\n\n<h3 class=\"has-text-align-center wp-block-heading\">Interessiert an Systemen, die mit Cloud Security Plus kompatibel sind?<\/h3>\n\n\n\n<p class=\"has-text-align-center\">Schauen Sie sich das IT-Umgebungsmanagementsystem LOG360 an.<\/p>\n\n\n\n<div style=\"height:100px\" aria-hidden=\"true\" class=\"wp-block-spacer\"><\/div>","protected":false},"excerpt":{"rendered":"<p>Cloud Security Plus umo\u017e\u0148uje anal\u00fdzu log\u016f z platforem, jako jsou AWS, Azure, Google Cloud a Salesforce. N\u00e1stroj umo\u017e\u0148uje centr\u00e1ln\u00ed spr\u00e1vu log\u016f v\u0161ech slu\u017eeb a disponuje specializovan\u00fdmi reporty, kter\u00e9 umo\u017e\u0148uj\u00ed d\u016fkladn\u011b si prohl\u00e9dnout cel\u00e9 prost\u0159ed\u00ed. D\u00edky t\u011bmto report\u016fm jsme schopni zjistit, kdo, kdy a co provedl a analyzovat z\u00edsk\u00e1n\u00ed necht\u011bn\u00e9ho p\u0159\u00edstupu. Syst\u00e9m disponuje mnoha p\u0159eddefinovan\u00fdmi reporty, [&hellip;]<\/p>","protected":false},"author":1,"featured_media":981,"parent":708,"menu_order":0,"comment_status":"closed","ping_status":"closed","template":"","meta":{"footnotes":""},"class_list":["post-980","page","type-page","status-publish","has-post-thumbnail","hentry"],"_links":{"self":[{"href":"https:\/\/www.soledpro.cz\/de\/wp-json\/wp\/v2\/pages\/980","targetHints":{"allow":["GET"]}}],"collection":[{"href":"https:\/\/www.soledpro.cz\/de\/wp-json\/wp\/v2\/pages"}],"about":[{"href":"https:\/\/www.soledpro.cz\/de\/wp-json\/wp\/v2\/types\/page"}],"author":[{"embeddable":true,"href":"https:\/\/www.soledpro.cz\/de\/wp-json\/wp\/v2\/users\/1"}],"replies":[{"embeddable":true,"href":"https:\/\/www.soledpro.cz\/de\/wp-json\/wp\/v2\/comments?post=980"}],"version-history":[{"count":1,"href":"https:\/\/www.soledpro.cz\/de\/wp-json\/wp\/v2\/pages\/980\/revisions"}],"predecessor-version":[{"id":985,"href":"https:\/\/www.soledpro.cz\/de\/wp-json\/wp\/v2\/pages\/980\/revisions\/985"}],"up":[{"embeddable":true,"href":"https:\/\/www.soledpro.cz\/de\/wp-json\/wp\/v2\/pages\/708"}],"wp:featuredmedia":[{"embeddable":true,"href":"https:\/\/www.soledpro.cz\/de\/wp-json\/wp\/v2\/media\/981"}],"wp:attachment":[{"href":"https:\/\/www.soledpro.cz\/de\/wp-json\/wp\/v2\/media?parent=980"}],"curies":[{"name":"wp","href":"https:\/\/api.w.org\/{rel}","templated":true}]}}