{"id":974,"date":"2021-10-31T12:57:28","date_gmt":"2021-10-31T11:57:28","guid":{"rendered":"http:\/\/www.soledpro.cz\/?page_id=974"},"modified":"2021-10-31T12:57:29","modified_gmt":"2021-10-31T11:57:29","slug":"browser-security-plus","status":"publish","type":"page","link":"https:\/\/www.soledpro.cz\/de\/kyberneticka-bezpecnost\/manage-engine\/produkty-security-it\/browser-security-plus\/","title":{"rendered":"Browser Security Plus"},"content":{"rendered":"<h3 class=\"wp-block-heading\">Browser Security Plus ist ein Tool, das dabei hilft, die sensiblen Daten einer Organisation vor Datenerpressungsversuchen Dritter zu sch\u00fctzen.<\/h3>\n\n\n\n<p>ManageEngine hat ein gesch\u00e4ftsorientiertes Tool entwickelt, das IT-Administratoren bei der Verwaltung und Sicherung von Browsern unterst\u00fctzt. Das Browser-Sicherheitsmanagement erm\u00f6glicht unter anderem Einblick in Nutzungstrends, erm\u00f6glicht die \u00c4nderung strengerer Einstellungen, pr\u00fcft Erweiterungen und Plugins, erm\u00f6glicht das Blockieren von Browsern und stellt die Einhaltung etablierter Sicherheitsstandards sicher. All dies hilft dem Unternehmen, das Netzwerk vor Cyberangriffen wie Phishing-Angriffen, Watering-Hole-Angriffen, Ransomware, Viren und Trojanischen Pferden zu sch\u00fctzen.<\/p>\n\n\n\n<div style=\"height:64px\" aria-hidden=\"true\" class=\"wp-block-spacer\"><\/div>\n\n\n\n<h2 class=\"wp-block-heading\">VORTEILE<\/h2>\n\n\n\n<ul class=\"wp-block-list\"><li>Zeitersparnis durch die M\u00f6glichkeit, viele Ger\u00e4te gleichzeitig zu konfigurieren<\/li><li>Sicherheit, die sich aus der M\u00f6glichkeit der vollst\u00e4ndigen Kontrolle \u00fcber Internetbrowser ergibt<\/li><li>freundliche Verwaltung der gesamten Umgebung<\/li><li>Software-Update-Pr\u00fcfung<\/li><\/ul>\n\n\n\n<div style=\"height:64px\" aria-hidden=\"true\" class=\"wp-block-spacer\"><\/div>\n\n\n\n<h2 class=\"wp-block-heading\">MERKMALE<\/h2>\n\n\n\n<div class=\"wp-block-columns is-layout-flex wp-container-core-columns-is-layout-28f84493 wp-block-columns-is-layout-flex\">\n<div class=\"wp-block-column is-layout-flow wp-block-column-is-layout-flow\">\n<h3 class=\"wp-block-heading\">Erstellung von Ger\u00e4tegruppen<\/h3>\n\n\n\n<p>Mit der Anwendung k\u00f6nnen Sie Ger\u00e4tegruppen erstellen. Dadurch ist f\u00fcr die Erstellung von Konfigurationen und deren anschlie\u00dfende Verteilung keine separate Aktivit\u00e4t auf jedem Arbeitsplatz erforderlich, sondern lediglich die Benennung einer bestimmten Gruppe, die die zuvor definierten Einstellungen erhalten soll. Die Einteilung in Gruppen erm\u00f6glicht zudem eine einfache Identifizierung einzelner Ger\u00e4te zum Zeitpunkt der Einf\u00fchrung der Einteilung, beispielsweise im Hinblick auf die Position in der Organisation oder im Hinblick auf eine bestimmte Abteilung.<\/p>\n<\/div>\n\n\n\n<div class=\"wp-block-column is-layout-flow wp-block-column-is-layout-flow\">\n<figure class=\"wp-block-image size-full\"><a href=\"http:\/\/www.soledpro.cz\/wp-content\/uploads\/2021\/10\/Tworzenie-grup-urzadzen-1024x500-1.webp\"><img fetchpriority=\"high\" decoding=\"async\" width=\"1024\" height=\"500\" src=\"http:\/\/www.soledpro.cz\/wp-content\/uploads\/2021\/10\/Tworzenie-grup-urzadzen-1024x500-1.webp\" alt=\"\" class=\"wp-image-975\" srcset=\"https:\/\/www.soledpro.cz\/wp-content\/uploads\/2021\/10\/Tworzenie-grup-urzadzen-1024x500-1.webp 1024w, https:\/\/www.soledpro.cz\/wp-content\/uploads\/2021\/10\/Tworzenie-grup-urzadzen-1024x500-1-300x146.webp 300w, https:\/\/www.soledpro.cz\/wp-content\/uploads\/2021\/10\/Tworzenie-grup-urzadzen-1024x500-1-768x375.webp 768w\" sizes=\"(max-width: 1024px) 100vw, 1024px\" \/><\/a><\/figure>\n<\/div>\n<\/div>\n\n\n\n<div style=\"height:64px\" aria-hidden=\"true\" class=\"wp-block-spacer\"><\/div>\n\n\n\n<div class=\"wp-block-columns is-layout-flex wp-container-core-columns-is-layout-28f84493 wp-block-columns-is-layout-flex\">\n<div class=\"wp-block-column is-layout-flow wp-block-column-is-layout-flow\">\n<figure class=\"wp-block-image size-full\"><a href=\"http:\/\/www.soledpro.cz\/wp-content\/uploads\/2021\/10\/Repozytorium-rozszerzen-1024x499-1.webp\"><img decoding=\"async\" width=\"1024\" height=\"499\" src=\"http:\/\/www.soledpro.cz\/wp-content\/uploads\/2021\/10\/Repozytorium-rozszerzen-1024x499-1.webp\" alt=\"\" class=\"wp-image-976\" srcset=\"https:\/\/www.soledpro.cz\/wp-content\/uploads\/2021\/10\/Repozytorium-rozszerzen-1024x499-1.webp 1024w, https:\/\/www.soledpro.cz\/wp-content\/uploads\/2021\/10\/Repozytorium-rozszerzen-1024x499-1-300x146.webp 300w, https:\/\/www.soledpro.cz\/wp-content\/uploads\/2021\/10\/Repozytorium-rozszerzen-1024x499-1-768x374.webp 768w\" sizes=\"(max-width: 1024px) 100vw, 1024px\" \/><\/a><\/figure>\n<\/div>\n\n\n\n<div class=\"wp-block-column is-layout-flow wp-block-column-is-layout-flow\">\n<h3 class=\"wp-block-heading\">Erweiterungs-Repository<\/h3>\n\n\n\n<p>Browser-Sicherheitsverwaltung Browser Security Plus bietet die Erstellung eines Repositorys mit Browser-Add-Ons, die in der Organisation verwendet werden. Wir erhalten Zugriff auf alle von Google Chrome, Mozilla Firefox und Edge bekannten L\u00f6sungen, die wir dann auf ausgew\u00e4hlten Ger\u00e4ten oder ganzen Ger\u00e4tegruppen installieren k\u00f6nnen. Intuitiv k\u00f6nnen wir auch die Anzahl der Ger\u00e4te \u00fcberpr\u00fcfen, die eine bestimmte Nebenstelle verwenden, und die Anzahl der zugewiesenen Gruppen.<\/p>\n<\/div>\n<\/div>\n\n\n\n<div style=\"height:64px\" aria-hidden=\"true\" class=\"wp-block-spacer\"><\/div>\n\n\n\n<div class=\"wp-block-columns is-layout-flex wp-container-core-columns-is-layout-28f84493 wp-block-columns-is-layout-flex\">\n<div class=\"wp-block-column is-layout-flow wp-block-column-is-layout-flow\">\n<h3 class=\"wp-block-heading\">Konfigurieren von Sicherheitsrichtlinien<\/h3>\n\n\n\n<p>Die Erstellung sicherheitsrelevanter Konfigurationen, die anschlie\u00dfend im Netzwerk verteilt werden, umfasst unter anderem Einstellungen im Zusammenhang mit Adobe Flash, das Verbot der Verwendung nicht genehmigter Browser-Add-Ons, das Verbot der Verwendung veralteter Erweiterungen und 3D Grafik-API, Synchronisierung mit einem Google-Konto, Browserverlauf, Hintergrunddatenverarbeitung oder Ausl\u00f6sen einer Browserbenachrichtigung.<\/p>\n<\/div>\n\n\n\n<div class=\"wp-block-column is-layout-flow wp-block-column-is-layout-flow\">\n<figure class=\"wp-block-image size-full\"><a href=\"http:\/\/www.soledpro.cz\/wp-content\/uploads\/2021\/10\/Konfiguracja-polityk-bezpieczenstwa-1024x499-1.webp\"><img decoding=\"async\" width=\"1024\" height=\"499\" src=\"http:\/\/www.soledpro.cz\/wp-content\/uploads\/2021\/10\/Konfiguracja-polityk-bezpieczenstwa-1024x499-1.webp\" alt=\"\" class=\"wp-image-977\" srcset=\"https:\/\/www.soledpro.cz\/wp-content\/uploads\/2021\/10\/Konfiguracja-polityk-bezpieczenstwa-1024x499-1.webp 1024w, https:\/\/www.soledpro.cz\/wp-content\/uploads\/2021\/10\/Konfiguracja-polityk-bezpieczenstwa-1024x499-1-300x146.webp 300w, https:\/\/www.soledpro.cz\/wp-content\/uploads\/2021\/10\/Konfiguracja-polityk-bezpieczenstwa-1024x499-1-768x374.webp 768w\" sizes=\"(max-width: 1024px) 100vw, 1024px\" \/><\/a><\/figure>\n<\/div>\n<\/div>\n\n\n\n<div style=\"height:64px\" aria-hidden=\"true\" class=\"wp-block-spacer\"><\/div>\n\n\n\n<div class=\"wp-block-columns is-layout-flex wp-container-core-columns-is-layout-28f84493 wp-block-columns-is-layout-flex\">\n<div class=\"wp-block-column is-layout-flow wp-block-column-is-layout-flow\">\n<figure class=\"wp-block-image size-full\"><a href=\"http:\/\/www.soledpro.cz\/wp-content\/uploads\/2021\/10\/Dashboardy-oraz-modul-raportow-1024x499-1.webp\"><img loading=\"lazy\" decoding=\"async\" width=\"1024\" height=\"499\" src=\"http:\/\/www.soledpro.cz\/wp-content\/uploads\/2021\/10\/Dashboardy-oraz-modul-raportow-1024x499-1.webp\" alt=\"\" class=\"wp-image-978\" srcset=\"https:\/\/www.soledpro.cz\/wp-content\/uploads\/2021\/10\/Dashboardy-oraz-modul-raportow-1024x499-1.webp 1024w, https:\/\/www.soledpro.cz\/wp-content\/uploads\/2021\/10\/Dashboardy-oraz-modul-raportow-1024x499-1-300x146.webp 300w, https:\/\/www.soledpro.cz\/wp-content\/uploads\/2021\/10\/Dashboardy-oraz-modul-raportow-1024x499-1-768x374.webp 768w\" sizes=\"(max-width: 1024px) 100vw, 1024px\" \/><\/a><\/figure>\n<\/div>\n\n\n\n<div class=\"wp-block-column is-layout-flow wp-block-column-is-layout-flow\">\n<h3 class=\"wp-block-heading\">Modul \u201eDashboards und Berichte\u201c.<\/h3>\n\n\n\n<p>Das System erm\u00f6glicht die Datenberichterstattung. Erstellung sogenannter geplanter Reports, die zyklisch entsprechend dem vorgegebenen Zeitintervall zu einem bestimmten Zeitpunkt erstellt und an die angegebenen E-Mail-Adressen versendet werden. Dashboards erm\u00f6glichen eine Vorschau der wichtigsten Daten in Echtzeit. Dadurch k\u00f6nnen Administratoren sofort angemessen reagieren, wenn ungew\u00f6hnliche \u00c4nderungen im Netzwerk auftreten. Dashboards sind interaktiv und erm\u00f6glichen einen schnellen Drilldown zu bestimmten Ger\u00e4ten\/Ger\u00e4tegruppen.<\/p>\n<\/div>\n<\/div>\n\n\n\n<div style=\"height:100px\" aria-hidden=\"true\" class=\"wp-block-spacer\"><\/div>","protected":false},"excerpt":{"rendered":"<p>Browser Security Plus je n\u00e1stroj, kter\u00fd pom\u00e1h\u00e1 chr\u00e1nit citliv\u00e9 \u00fadaje organizace p\u0159ed pokusem o vym\u00e1men\u00ed dat t\u0159et\u00edmi osobami. ManageEngine vytvo\u0159il n\u00e1stroj ur\u010den\u00fd pro byznys, kter\u00fd pom\u00e1h\u00e1 spr\u00e1vc\u016fm IT ve spr\u00e1v\u011b a zabezpe\u010den\u00ed prohl\u00ed\u017ee\u010d\u016f. Spr\u00e1va bezpe\u010dnosti prohl\u00ed\u017ee\u010d\u016f umo\u017e\u0148uje mimo jin\u00e9 n\u00e1hled do trend\u016f pou\u017e\u00edv\u00e1n\u00ed, umo\u017e\u0148uje m\u011bnit nastaven\u00ed na p\u0159\u00edsn\u011bj\u0161\u00ed, kontroluje roz\u0161\u00ed\u0159en\u00ed a pluginy, umo\u017e\u0148uje zablokovat prohl\u00ed\u017ee\u010de [&hellip;]<\/p>","protected":false},"author":1,"featured_media":975,"parent":708,"menu_order":0,"comment_status":"closed","ping_status":"closed","template":"","meta":{"footnotes":""},"class_list":["post-974","page","type-page","status-publish","has-post-thumbnail","hentry"],"_links":{"self":[{"href":"https:\/\/www.soledpro.cz\/de\/wp-json\/wp\/v2\/pages\/974","targetHints":{"allow":["GET"]}}],"collection":[{"href":"https:\/\/www.soledpro.cz\/de\/wp-json\/wp\/v2\/pages"}],"about":[{"href":"https:\/\/www.soledpro.cz\/de\/wp-json\/wp\/v2\/types\/page"}],"author":[{"embeddable":true,"href":"https:\/\/www.soledpro.cz\/de\/wp-json\/wp\/v2\/users\/1"}],"replies":[{"embeddable":true,"href":"https:\/\/www.soledpro.cz\/de\/wp-json\/wp\/v2\/comments?post=974"}],"version-history":[{"count":1,"href":"https:\/\/www.soledpro.cz\/de\/wp-json\/wp\/v2\/pages\/974\/revisions"}],"predecessor-version":[{"id":979,"href":"https:\/\/www.soledpro.cz\/de\/wp-json\/wp\/v2\/pages\/974\/revisions\/979"}],"up":[{"embeddable":true,"href":"https:\/\/www.soledpro.cz\/de\/wp-json\/wp\/v2\/pages\/708"}],"wp:featuredmedia":[{"embeddable":true,"href":"https:\/\/www.soledpro.cz\/de\/wp-json\/wp\/v2\/media\/975"}],"wp:attachment":[{"href":"https:\/\/www.soledpro.cz\/de\/wp-json\/wp\/v2\/media?parent=974"}],"curies":[{"name":"wp","href":"https:\/\/api.w.org\/{rel}","templated":true}]}}