{"id":968,"date":"2021-10-31T12:52:35","date_gmt":"2021-10-31T11:52:35","guid":{"rendered":"http:\/\/www.soledpro.cz\/?page_id=968"},"modified":"2021-10-31T12:52:36","modified_gmt":"2021-10-31T11:52:36","slug":"vulnerability-manager-plus","status":"publish","type":"page","link":"https:\/\/www.soledpro.cz\/de\/kyberneticka-bezpecnost\/manage-engine\/produkty-security-it\/vulnerability-manager-plus\/","title":{"rendered":"Vulnerability Manager Plus"},"content":{"rendered":"<h3 class=\"wp-block-heading\">Die moderne Technologie erm\u00f6glicht die Optimierung von Prozessen, die f\u00fcr das Funktionieren einer Organisation notwendig sind, aber mit den neuen M\u00f6glichkeiten entstehen auch neue Bedrohungen.<\/h3>\n\n\n\n<p>Risse im Netzwerk einer Organisation k\u00f6nnen von Angreifern ausgenutzt werden. Um dies zu verhindern, wurde ManageEngine Vulnerability Manager Plus entwickelt. Es handelt sich um ein integriertes Schwachstellenmanagement-Tool, das umfassende Scans, Bewertungen und Behebung von Rissen an allen Endpunkten Ihres Netzwerks erm\u00f6glicht. Vulnerability Manager Plus bietet au\u00dferdem ein zyklisches Datenreporting mit der M\u00f6glichkeit, relevante Informationen an die angegebenen E-Mail-Adressen zu senden. Es besteht auch die M\u00f6glichkeit, Frageb\u00f6gen zu verwenden, die je nach Bedarf die detailliertesten Informationen aus dem System extrahieren.<\/p>\n\n\n\n<div style=\"height:64px\" aria-hidden=\"true\" class=\"wp-block-spacer\"><\/div>\n\n\n\n<h2 class=\"wp-block-heading\">VORTEILE<\/h2>\n\n\n\n<ul class=\"wp-block-list\"><li>Zeitersparnis, die mit der Betreuung der Infrastruktursicherheit auf der Ebene einer einzelnen Anwendung verbunden ist<\/li><li>Sicherheit verbunden mit vollst\u00e4ndiger Kontrolle \u00fcber installierte Patches<\/li><li>die M\u00f6glichkeit, ein Audit mit Hilfe einer vollst\u00e4ndigen Historie der eingef\u00fchrten \u00c4nderungen durchzuf\u00fchren<\/li><li>Sofortige Beurteilung des Zustands der Infrastruktur dank laufend aktualisierter Daten aus dem Dashboard<\/li><\/ul>\n\n\n\n<div style=\"height:64px\" aria-hidden=\"true\" class=\"wp-block-spacer\"><\/div>\n\n\n\n<h2 class=\"wp-block-heading\">MERKMALE<\/h2>\n\n\n\n<div class=\"wp-block-columns is-layout-flex wp-container-core-columns-is-layout-28f84493 wp-block-columns-is-layout-flex\">\n<div class=\"wp-block-column is-layout-flow wp-block-column-is-layout-flow\">\n<h3 class=\"wp-block-heading\">Das Bereitstellungsmodul erm\u00f6glicht das Testen und die anschlie\u00dfende Installation empfohlener Fixes in bestimmten Anwendungen.<\/h3>\n\n\n\n<p>Das Erstellen von Rollout-Richtlinien oder Sicherheitsrichtlinien ist intuitiv und erm\u00f6glicht es Ihnen, dieselben Aufgaben auf ganzen Ger\u00e4tegruppen auszuf\u00fchren. Der gesamte Prozess kann automatisiert oder manuell durchgef\u00fchrt werden. Wir haben auch die M\u00f6glichkeit, die f\u00fcr uns interessanten Workstations aus der Ferne ein- und auszuschalten, sodass wir jederzeit die volle Kontrolle \u00fcber das Ger\u00e4t \u00fcbernehmen k\u00f6nnen.<\/p>\n<\/div>\n\n\n\n<div class=\"wp-block-column is-layout-flow wp-block-column-is-layout-flow\">\n<figure class=\"wp-block-image size-full\"><a href=\"http:\/\/www.soledpro.cz\/wp-content\/uploads\/2021\/10\/Modul-Deployment-1024x499-1.webp\"><img fetchpriority=\"high\" decoding=\"async\" width=\"1024\" height=\"499\" src=\"http:\/\/www.soledpro.cz\/wp-content\/uploads\/2021\/10\/Modul-Deployment-1024x499-1.webp\" alt=\"\" class=\"wp-image-969\" srcset=\"https:\/\/www.soledpro.cz\/wp-content\/uploads\/2021\/10\/Modul-Deployment-1024x499-1.webp 1024w, https:\/\/www.soledpro.cz\/wp-content\/uploads\/2021\/10\/Modul-Deployment-1024x499-1-300x146.webp 300w, https:\/\/www.soledpro.cz\/wp-content\/uploads\/2021\/10\/Modul-Deployment-1024x499-1-768x374.webp 768w\" sizes=\"(max-width: 1024px) 100vw, 1024px\" \/><\/a><\/figure>\n<\/div>\n<\/div>\n\n\n\n<div style=\"height:64px\" aria-hidden=\"true\" class=\"wp-block-spacer\"><\/div>\n\n\n\n<div class=\"wp-block-columns is-layout-flex wp-container-core-columns-is-layout-28f84493 wp-block-columns-is-layout-flex\">\n<div class=\"wp-block-column is-layout-flow wp-block-column-is-layout-flow\">\n<figure class=\"wp-block-image size-full\"><a href=\"http:\/\/www.soledpro.cz\/wp-content\/uploads\/2021\/10\/Wykorzystanie-dashboardow-1024x497-1.webp\"><img decoding=\"async\" width=\"1024\" height=\"497\" src=\"http:\/\/www.soledpro.cz\/wp-content\/uploads\/2021\/10\/Wykorzystanie-dashboardow-1024x497-1.webp\" alt=\"\" class=\"wp-image-970\" srcset=\"https:\/\/www.soledpro.cz\/wp-content\/uploads\/2021\/10\/Wykorzystanie-dashboardow-1024x497-1.webp 1024w, https:\/\/www.soledpro.cz\/wp-content\/uploads\/2021\/10\/Wykorzystanie-dashboardow-1024x497-1-300x146.webp 300w, https:\/\/www.soledpro.cz\/wp-content\/uploads\/2021\/10\/Wykorzystanie-dashboardow-1024x497-1-768x373.webp 768w\" sizes=\"(max-width: 1024px) 100vw, 1024px\" \/><\/a><\/figure>\n<\/div>\n\n\n\n<div class=\"wp-block-column is-layout-flow wp-block-column-is-layout-flow\">\n<h3 class=\"wp-block-heading\">Der Einsatz von Dashboards als Hauptinformationsquelle, die uns in Echtzeit \u00fcber eine m\u00f6gliche Gefahr oder auch \u00fcber Ma\u00dfnahmen informiert, die sofort entwickelt werden m\u00fcssen.<\/h3>\n\n\n\n<p>Das System informiert uns \u00fcber kritische Schwachstellen, die beispielsweise auf das Fehlen aktueller Sicherheitsma\u00dfnahmen Dritter zur\u00fcckzuf\u00fchren sind. Es informiert auch \u00fcber Schwachstellen mit niedrigerer Priorit\u00e4t, sodass wir Wartungsarbeiten an der Infrastruktur optimal planen k\u00f6nnen.<\/p>\n<\/div>\n<\/div>\n\n\n\n<div style=\"height:64px\" aria-hidden=\"true\" class=\"wp-block-spacer\"><\/div>\n\n\n\n<div class=\"wp-block-columns is-layout-flex wp-container-core-columns-is-layout-28f84493 wp-block-columns-is-layout-flex\">\n<div class=\"wp-block-column is-layout-flow wp-block-column-is-layout-flow\">\n<h3 class=\"wp-block-heading\">Melden von Serverkonfigurationsfehlern<\/h3>\n\n\n\n<p>Informieren \u00fcber fehlerhafte Serverkonfigurationen, die beispielsweise mit der richtigen Verschl\u00fcsselung, der Autorisierung zur Einf\u00fchrung von \u00c4nderungen, den Authentifizierungsmethoden, der G\u00fcltigkeit von Zertifikaten und der Durchsetzung sicherer Verbindungen zusammenh\u00e4ngen. Das Threats-Modul erm\u00f6glicht auch die Kontrolle der in unserer Infrastruktur verwendeten Ports sowie Informationen \u00fcber die Anwendungen, die sie verwenden, und \u00fcber die Quelle dieser Kommunikation (Workstation).<\/p>\n<\/div>\n\n\n\n<div class=\"wp-block-column is-layout-flow wp-block-column-is-layout-flow\">\n<figure class=\"wp-block-image size-full\"><a href=\"http:\/\/www.soledpro.cz\/wp-content\/uploads\/2021\/10\/Informowanie-o-zle-skonfigurowanych-ustawieniach-serwera-1024x497-1.webp\"><img decoding=\"async\" width=\"1024\" height=\"497\" src=\"http:\/\/www.soledpro.cz\/wp-content\/uploads\/2021\/10\/Informowanie-o-zle-skonfigurowanych-ustawieniach-serwera-1024x497-1.webp\" alt=\"\" class=\"wp-image-971\" srcset=\"https:\/\/www.soledpro.cz\/wp-content\/uploads\/2021\/10\/Informowanie-o-zle-skonfigurowanych-ustawieniach-serwera-1024x497-1.webp 1024w, https:\/\/www.soledpro.cz\/wp-content\/uploads\/2021\/10\/Informowanie-o-zle-skonfigurowanych-ustawieniach-serwera-1024x497-1-300x146.webp 300w, https:\/\/www.soledpro.cz\/wp-content\/uploads\/2021\/10\/Informowanie-o-zle-skonfigurowanych-ustawieniach-serwera-1024x497-1-768x373.webp 768w\" sizes=\"(max-width: 1024px) 100vw, 1024px\" \/><\/a><\/figure>\n<\/div>\n<\/div>\n\n\n\n<div style=\"height:64px\" aria-hidden=\"true\" class=\"wp-block-spacer\"><\/div>\n\n\n\n<div class=\"wp-block-columns is-layout-flex wp-container-core-columns-is-layout-28f84493 wp-block-columns-is-layout-flex\">\n<div class=\"wp-block-column is-layout-flow wp-block-column-is-layout-flow\">\n<figure class=\"wp-block-image size-full\"><a href=\"http:\/\/www.soledpro.cz\/wp-content\/uploads\/2021\/10\/Raportowanie-danych-zwiazanych-z-konfiguracja-stacji-roboczych-1024x494-1.webp\"><img loading=\"lazy\" decoding=\"async\" width=\"1024\" height=\"494\" src=\"http:\/\/www.soledpro.cz\/wp-content\/uploads\/2021\/10\/Raportowanie-danych-zwiazanych-z-konfiguracja-stacji-roboczych-1024x494-1.webp\" alt=\"\" class=\"wp-image-972\" srcset=\"https:\/\/www.soledpro.cz\/wp-content\/uploads\/2021\/10\/Raportowanie-danych-zwiazanych-z-konfiguracja-stacji-roboczych-1024x494-1.webp 1024w, https:\/\/www.soledpro.cz\/wp-content\/uploads\/2021\/10\/Raportowanie-danych-zwiazanych-z-konfiguracja-stacji-roboczych-1024x494-1-300x145.webp 300w, https:\/\/www.soledpro.cz\/wp-content\/uploads\/2021\/10\/Raportowanie-danych-zwiazanych-z-konfiguracja-stacji-roboczych-1024x494-1-768x371.webp 768w\" sizes=\"(max-width: 1024px) 100vw, 1024px\" \/><\/a><\/figure>\n<\/div>\n\n\n\n<div class=\"wp-block-column is-layout-flow wp-block-column-is-layout-flow\">\n<h3 class=\"wp-block-heading\">Berichtsdaten im Zusammenhang mit der Workstation-Konfiguration<\/h3>\n\n\n\n<p>Meldedaten im Zusammenhang mit der Workstation-Konfiguration, Systemen, die Neustarts erfordern, Daten im Zusammenhang mit dem allgemeinen Status der Erf\u00fcllung von Sicherheitskriterien oder Daten im Zusammenhang mit nicht installierten Sicherheitspatches. Das Schwachstellenmanagement mithilfe der Anwendung erm\u00f6glicht die Verwendung sowohl vordefinierter Berichte, Berichte, die f\u00fcr die individuellen Bed\u00fcrfnisse des Benutzers mithilfe von Abfragen erstellt werden, als auch geplanter Berichte, die regelm\u00e4\u00dfig an die angegebenen E-Mail-Adressen gesendet werden.<\/p>\n<\/div>\n<\/div>\n\n\n\n<div style=\"height:64px\" aria-hidden=\"true\" class=\"wp-block-spacer\"><\/div>\n\n\n\n<h3 class=\"has-text-align-center wp-block-heading\">Interessiert an Systemen, die mit Vulnerability Manager Plus kompatibel sind?<\/h3>\n\n\n\n<p class=\"has-text-align-center\">Schauen Sie sich die IT-Verwaltungssoftware Desktop Central an.<\/p>\n\n\n\n<div style=\"height:100px\" aria-hidden=\"true\" class=\"wp-block-spacer\"><\/div>","protected":false},"excerpt":{"rendered":"<p>Modern\u00ed technologie umo\u017e\u0148uj\u00ed optimalizaci proces\u016f nezbytn\u00fdch k fungov\u00e1n\u00ed organizace, ale spole\u010dn\u011b s objevuj\u00edc\u00edmi se mo\u017enostmi se objevuj\u00ed i hrozby. Trhliny v s\u00edti organizace m\u016f\u017eou b\u00fdt zneu\u017eity \u00fato\u010dn\u00edky, aby se tomu zabr\u00e1nilo vytvo\u0159il ManageEngine Vulnerability Manager Plus. Jde o integrovan\u00fd n\u00e1stroj ke spr\u00e1v\u011b zranitelnosti, zaji\u0161\u0165uj\u00edc\u00ed komplexn\u00ed skenov\u00e1n\u00ed, hodnocen\u00ed a odstra\u0148ov\u00e1n\u00ed trhlin ve v\u0161ech koncov\u00fdch bodech va\u0161\u00ed [&hellip;]<\/p>","protected":false},"author":1,"featured_media":969,"parent":708,"menu_order":0,"comment_status":"closed","ping_status":"closed","template":"","meta":{"footnotes":""},"class_list":["post-968","page","type-page","status-publish","has-post-thumbnail","hentry"],"_links":{"self":[{"href":"https:\/\/www.soledpro.cz\/de\/wp-json\/wp\/v2\/pages\/968","targetHints":{"allow":["GET"]}}],"collection":[{"href":"https:\/\/www.soledpro.cz\/de\/wp-json\/wp\/v2\/pages"}],"about":[{"href":"https:\/\/www.soledpro.cz\/de\/wp-json\/wp\/v2\/types\/page"}],"author":[{"embeddable":true,"href":"https:\/\/www.soledpro.cz\/de\/wp-json\/wp\/v2\/users\/1"}],"replies":[{"embeddable":true,"href":"https:\/\/www.soledpro.cz\/de\/wp-json\/wp\/v2\/comments?post=968"}],"version-history":[{"count":1,"href":"https:\/\/www.soledpro.cz\/de\/wp-json\/wp\/v2\/pages\/968\/revisions"}],"predecessor-version":[{"id":973,"href":"https:\/\/www.soledpro.cz\/de\/wp-json\/wp\/v2\/pages\/968\/revisions\/973"}],"up":[{"embeddable":true,"href":"https:\/\/www.soledpro.cz\/de\/wp-json\/wp\/v2\/pages\/708"}],"wp:featuredmedia":[{"embeddable":true,"href":"https:\/\/www.soledpro.cz\/de\/wp-json\/wp\/v2\/media\/969"}],"wp:attachment":[{"href":"https:\/\/www.soledpro.cz\/de\/wp-json\/wp\/v2\/media?parent=968"}],"curies":[{"name":"wp","href":"https:\/\/api.w.org\/{rel}","templated":true}]}}