{"id":961,"date":"2021-10-31T12:46:21","date_gmt":"2021-10-31T11:46:21","guid":{"rendered":"http:\/\/www.soledpro.cz\/?page_id=961"},"modified":"2021-10-31T12:46:22","modified_gmt":"2021-10-31T11:46:22","slug":"password-manager-pro","status":"publish","type":"page","link":"https:\/\/www.soledpro.cz\/de\/kyberneticka-bezpecnost\/manage-engine\/produkty-security-it\/password-manager-pro\/","title":{"rendered":"Password Manager Pro"},"content":{"rendered":"<h3 class=\"wp-block-heading\">Password Manager Pro ist ein spezialisiertes System zur Verwaltung privilegierter Konten und zur Aufzeichnung von Remote-Sitzungen.<\/h3>\n\n\n\n<p>Au\u00dferdem verf\u00fcgt es \u00fcber eine Funktion zur Zugriffszuweisung, mit der wir kontrollieren k\u00f6nnen, wer Zugriff auf was hat. Password Manager Pro erweitert die Passwortspeicherung um die M\u00f6glichkeit, SSH\/RDP\/VNC-Verbindungen zu allen Ressourcen zu implementieren. Dar\u00fcber hinaus kann der Administrator geeignete Kennwortrichtlinien festlegen, so dass wir sicher sein k\u00f6nnen, dass unsere Umgebung sicher ist. Das Tool erm\u00f6glicht auch die Gew\u00e4hrung eines zeitlich begrenzten Zugriffs auf eine bestimmte Ressource sowie die Annahme von Tickets aus Helpdesk-Systemen. So k\u00f6nnen wir den Zugang noch gr\u00fcndlicher kontrollieren. Eine weitere Funktion ist das Scannen von Webseiten zum Herunterladen und Verwalten des SSL-Zertifikats. So k\u00f6nnen wir \u00fcberwachen, wann ein bestimmtes Zertifikat abl\u00e4uft, und sicherstellen, dass rechtzeitig ein neues bereitgestellt wird. Das Tool erm\u00f6glicht uns auch die Verwaltung von SSH-Schl\u00fcsseln, so dass wir uns problemlos mit den entsprechenden Linux-Servern verbinden k\u00f6nnen.<\/p>\n\n\n\n<div style=\"height:64px\" aria-hidden=\"true\" class=\"wp-block-spacer\"><\/div>\n\n\n\n<h2 class=\"wp-block-heading\">VORTEILE<\/h2>\n\n\n\n<ul class=\"wp-block-list\"><li>\u00dcberpr\u00fcfung des Zugriffs auf die f\u00fcr den Benutzer verf\u00fcgbaren Ressourcen<\/li><li>die M\u00f6glichkeit, den Zugang zu Ressourcen oder Ressourcengruppen zuzuweisen<\/li><li>Schutz der Umwelt durch automatischen Passwortwechsel<\/li><li>zentrale Speicherung und Kontrolle von SSL-Zertifikaten<\/li><li>SSH-Schl\u00fcssel-Repository an einem Ort<\/li><li>Passw\u00f6rter und wichtige Dateien sicher an einem Ort speichern<\/li><\/ul>\n\n\n\n<div style=\"height:64px\" aria-hidden=\"true\" class=\"wp-block-spacer\"><\/div>\n\n\n\n<h2 class=\"wp-block-heading\">MERKMALE<\/h2>\n\n\n\n<div class=\"wp-block-columns is-layout-flex wp-container-core-columns-is-layout-28f84493 wp-block-columns-is-layout-flex\">\n<div class=\"wp-block-column is-layout-flow wp-block-column-is-layout-flow\">\n<h3 class=\"wp-block-heading\">Schl\u00fcsselrotation und regelm\u00e4\u00dfiger Passwortwechsel<\/h3>\n\n\n\n<p>Das System erm\u00f6glicht die Rotation von SSH-Schl\u00fcsseln nach einem bestimmten Zeitraum, um den unbefugten Zugriff von Personen au\u00dferhalb des Unternehmens zu verhindern. Der Systemadministrator kann per E-Mail-Benachrichtigung \u00fcber die Rotation informiert werden.<\/p>\n<\/div>\n\n\n\n<div class=\"wp-block-column is-layout-flow wp-block-column-is-layout-flow\">\n<figure class=\"wp-block-image size-full\"><a href=\"http:\/\/www.soledpro.cz\/wp-content\/uploads\/2021\/10\/Rotowanie-kluczy-1024x514-1.webp\"><img fetchpriority=\"high\" decoding=\"async\" width=\"1024\" height=\"514\" src=\"http:\/\/www.soledpro.cz\/wp-content\/uploads\/2021\/10\/Rotowanie-kluczy-1024x514-1.webp\" alt=\"\" class=\"wp-image-962\" srcset=\"https:\/\/www.soledpro.cz\/wp-content\/uploads\/2021\/10\/Rotowanie-kluczy-1024x514-1.webp 1024w, https:\/\/www.soledpro.cz\/wp-content\/uploads\/2021\/10\/Rotowanie-kluczy-1024x514-1-300x151.webp 300w, https:\/\/www.soledpro.cz\/wp-content\/uploads\/2021\/10\/Rotowanie-kluczy-1024x514-1-768x386.webp 768w\" sizes=\"(max-width: 1024px) 100vw, 1024px\" \/><\/a><\/figure>\n<\/div>\n<\/div>\n\n\n\n<div style=\"height:64px\" aria-hidden=\"true\" class=\"wp-block-spacer\"><\/div>\n\n\n\n<div class=\"wp-block-columns is-layout-flex wp-container-core-columns-is-layout-28f84493 wp-block-columns-is-layout-flex\">\n<div class=\"wp-block-column is-layout-flow wp-block-column-is-layout-flow\">\n<figure class=\"wp-block-image size-full\"><a href=\"http:\/\/www.soledpro.cz\/wp-content\/uploads\/2021\/10\/Zdalny-dostep-1-1024x462-1.webp\"><img decoding=\"async\" width=\"1024\" height=\"462\" src=\"http:\/\/www.soledpro.cz\/wp-content\/uploads\/2021\/10\/Zdalny-dostep-1-1024x462-1.webp\" alt=\"\" class=\"wp-image-963\" srcset=\"https:\/\/www.soledpro.cz\/wp-content\/uploads\/2021\/10\/Zdalny-dostep-1-1024x462-1.webp 1024w, https:\/\/www.soledpro.cz\/wp-content\/uploads\/2021\/10\/Zdalny-dostep-1-1024x462-1-300x135.webp 300w, https:\/\/www.soledpro.cz\/wp-content\/uploads\/2021\/10\/Zdalny-dostep-1-1024x462-1-768x347.webp 768w\" sizes=\"(max-width: 1024px) 100vw, 1024px\" \/><\/a><\/figure>\n<\/div>\n\n\n\n<div class=\"wp-block-column is-layout-flow wp-block-column-is-layout-flow\">\n<h3 class=\"wp-block-heading\">M\u00f6glichkeit des Fernzugriffs auf Ressourcen und der Aufzeichnung von Sitzungen<\/h3>\n\n\n\n<p>Diese Funktion erm\u00f6glicht es Dritten, f\u00fcr einen bestimmten Zeitraum auf die Umgebung zuzugreifen. Die zentrale Passwortverwaltung von Password Manager Pro erm\u00f6glicht es, die Zeit einer Remote-Sitzung zu definieren, und wenn die Sitzung endet, kann das verwendete Passwort zur\u00fcckgesetzt werden, um einen erneuten Zugriff auf Ressourcen zu verhindern. Das System erm\u00f6glicht die Aufzeichnung von Remote-Benutzersitzungen und deren Speicherung auf der Festplatte in einer vom Administrator gew\u00e4hlten Weise. Password Manager Pro kann sowohl RDP-, VNC- als auch SSH-, Telnet- und SQL-Sitzungen aufzeichnen.<\/p>\n<\/div>\n<\/div>\n\n\n\n<div style=\"height:64px\" aria-hidden=\"true\" class=\"wp-block-spacer\"><\/div>\n\n\n\n<div class=\"wp-block-columns is-layout-flex wp-container-core-columns-is-layout-28f84493 wp-block-columns-is-layout-flex\">\n<div class=\"wp-block-column is-layout-flow wp-block-column-is-layout-flow\">\n<h3 class=\"wp-block-heading\">Benutzerzugang zu Ressourcen Auditfunktion<\/h3>\n\n\n\n<p>Die zentrale Passwortverwaltung von Password Manager Pro bietet die M\u00f6glichkeit, auf dem System erkannte Ereignisse zu \u00fcberpr\u00fcfen und zu suchen. Die Software erm\u00f6glicht es Ihnen auch, gespeicherte Remote-Sitzungen sowie Aufzeichnungen von einem einzigen Ort aus in der Web-Konsole einzusehen. Diese Funktion zeigt auch an, ob eine Benutzersitzung gerade aktiv ist.<\/p>\n<\/div>\n\n\n\n<div class=\"wp-block-column is-layout-flow wp-block-column-is-layout-flow\">\n<figure class=\"wp-block-image size-full\"><a href=\"http:\/\/www.soledpro.cz\/wp-content\/uploads\/2021\/10\/Audyt-dostepu-1024x478-1.webp\"><img decoding=\"async\" width=\"1024\" height=\"478\" src=\"http:\/\/www.soledpro.cz\/wp-content\/uploads\/2021\/10\/Audyt-dostepu-1024x478-1.webp\" alt=\"\" class=\"wp-image-964\" srcset=\"https:\/\/www.soledpro.cz\/wp-content\/uploads\/2021\/10\/Audyt-dostepu-1024x478-1.webp 1024w, https:\/\/www.soledpro.cz\/wp-content\/uploads\/2021\/10\/Audyt-dostepu-1024x478-1-300x140.webp 300w, https:\/\/www.soledpro.cz\/wp-content\/uploads\/2021\/10\/Audyt-dostepu-1024x478-1-768x359.webp 768w\" sizes=\"(max-width: 1024px) 100vw, 1024px\" \/><\/a><\/figure>\n<\/div>\n<\/div>\n\n\n\n<div style=\"height:64px\" aria-hidden=\"true\" class=\"wp-block-spacer\"><\/div>\n\n\n\n<div class=\"wp-block-columns is-layout-flex wp-container-core-columns-is-layout-28f84493 wp-block-columns-is-layout-flex\">\n<div class=\"wp-block-column is-layout-flow wp-block-column-is-layout-flow\">\n<figure class=\"wp-block-image size-full\"><a href=\"http:\/\/www.soledpro.cz\/wp-content\/uploads\/2021\/10\/SSH-1-1024x505-1.webp\"><img loading=\"lazy\" decoding=\"async\" width=\"1024\" height=\"505\" src=\"http:\/\/www.soledpro.cz\/wp-content\/uploads\/2021\/10\/SSH-1-1024x505-1.webp\" alt=\"\" class=\"wp-image-965\" srcset=\"https:\/\/www.soledpro.cz\/wp-content\/uploads\/2021\/10\/SSH-1-1024x505-1.webp 1024w, https:\/\/www.soledpro.cz\/wp-content\/uploads\/2021\/10\/SSH-1-1024x505-1-300x148.webp 300w, https:\/\/www.soledpro.cz\/wp-content\/uploads\/2021\/10\/SSH-1-1024x505-1-768x379.webp 768w\" sizes=\"(max-width: 1024px) 100vw, 1024px\" \/><\/a><\/figure>\n<\/div>\n\n\n\n<div class=\"wp-block-column is-layout-flow wp-block-column-is-layout-flow\">\n<h3 class=\"wp-block-heading\">Option SSH-Schl\u00fcsselverwaltung<\/h3>\n\n\n\n<p>Das System erm\u00f6glicht es Ihnen, das Netzwerk zu scannen, um SSH-Schl\u00fcssel zu erkennen und sie anschlie\u00dfend zu verwalten. Password Manager Pro zeigt auch die IP-Adressen oder DNS-Namen und den Zeitpunkt an, zu dem die SSH-Schl\u00fcssel erstellt wurden und welchen Servern sie zugewiesen wurden.<\/p>\n<\/div>\n<\/div>\n\n\n\n<div style=\"height:64px\" aria-hidden=\"true\" class=\"wp-block-spacer\"><\/div>\n\n\n\n<div class=\"wp-block-columns is-layout-flex wp-container-core-columns-is-layout-28f84493 wp-block-columns-is-layout-flex\">\n<div class=\"wp-block-column is-layout-flow wp-block-column-is-layout-flow\">\n<h3 class=\"wp-block-heading\">Zugang zur Verwaltung von SSL-Zertifikaten<\/h3>\n\n\n\n<p>Das System ist in der Lage, alle SSL-Zertifikate in der Umgebung zu erkennen, zusammen mit Informationen \u00fcber sie, wie Ablauf oder Zuweisung. Bevor ein bestimmtes Zertifikat abl\u00e4uft, wird der Administrator benachrichtigt, damit er Ma\u00dfnahmen zur Aufrechterhaltung eines reibungslosen Betriebs ergreifen kann.<\/p>\n<\/div>\n\n\n\n<div class=\"wp-block-column is-layout-flow wp-block-column-is-layout-flow\">\n<figure class=\"wp-block-image size-full\"><a href=\"http:\/\/www.soledpro.cz\/wp-content\/uploads\/2021\/10\/Certyfikaty-SSL-1024x507-1.webp\"><img loading=\"lazy\" decoding=\"async\" width=\"1024\" height=\"507\" src=\"http:\/\/www.soledpro.cz\/wp-content\/uploads\/2021\/10\/Certyfikaty-SSL-1024x507-1.webp\" alt=\"\" class=\"wp-image-966\" srcset=\"https:\/\/www.soledpro.cz\/wp-content\/uploads\/2021\/10\/Certyfikaty-SSL-1024x507-1.webp 1024w, https:\/\/www.soledpro.cz\/wp-content\/uploads\/2021\/10\/Certyfikaty-SSL-1024x507-1-300x149.webp 300w, https:\/\/www.soledpro.cz\/wp-content\/uploads\/2021\/10\/Certyfikaty-SSL-1024x507-1-768x380.webp 768w\" sizes=\"(max-width: 1024px) 100vw, 1024px\" \/><\/a><\/figure>\n<\/div>\n<\/div>\n\n\n\n<div style=\"height:64px\" aria-hidden=\"true\" class=\"wp-block-spacer\"><\/div>\n\n\n\n<h3 class=\"has-text-align-center wp-block-heading\">Sind Sie an kompatiblen Systemen f\u00fcr Password Manager Pro interessiert?<\/h3>\n\n\n\n<p class=\"has-text-align-center\">Sehen Sie sich das an:<\/p>\n\n\n\n<h4 class=\"has-text-align-center wp-block-heading\">Key Manager Plus SSH-Schl\u00fcsselverwaltungssystem,<\/h4>\n\n\n\n<h4 class=\"has-text-align-center wp-block-heading\">das Helpdesk-System ServiceDesk Plus.<\/h4>\n\n\n\n<div style=\"height:100px\" aria-hidden=\"true\" class=\"wp-block-spacer\"><\/div>","protected":false},"excerpt":{"rendered":"<p>Password Manager Pro je specializovan\u00fd syst\u00e9m pro spr\u00e1vu privilegovan\u00fdch \u00fa\u010dt\u016f a nahr\u00e1v\u00e1n\u00ed vzd\u00e1len\u00fdch relac\u00ed. Disponuje tak\u00e9 funkc\u00ed p\u0159id\u011blen\u00ed p\u0159\u00edstupu, kter\u00e1 n\u00e1m umo\u017e\u0148uje kontrolovat, kdo m\u00e1 k \u010demu p\u0159\u00edstup. Password Manager Pro roz\u0161i\u0159uje uchov\u00e1v\u00e1n\u00ed hesel s mo\u017enost\u00ed realizace spojen\u00ed SSH\/RDP\/VNC ke v\u0161em zdroj\u016fm. Nav\u00edc umo\u017e\u0148uje spr\u00e1vci nastaven\u00ed p\u0159\u00edslu\u0161n\u00fdch z\u00e1sad hesel, d\u00edky \u010demu\u017e budeme m\u00edt jistotu, \u017ee [&hellip;]<\/p>","protected":false},"author":1,"featured_media":962,"parent":708,"menu_order":0,"comment_status":"closed","ping_status":"closed","template":"","meta":{"footnotes":""},"class_list":["post-961","page","type-page","status-publish","has-post-thumbnail","hentry"],"_links":{"self":[{"href":"https:\/\/www.soledpro.cz\/de\/wp-json\/wp\/v2\/pages\/961","targetHints":{"allow":["GET"]}}],"collection":[{"href":"https:\/\/www.soledpro.cz\/de\/wp-json\/wp\/v2\/pages"}],"about":[{"href":"https:\/\/www.soledpro.cz\/de\/wp-json\/wp\/v2\/types\/page"}],"author":[{"embeddable":true,"href":"https:\/\/www.soledpro.cz\/de\/wp-json\/wp\/v2\/users\/1"}],"replies":[{"embeddable":true,"href":"https:\/\/www.soledpro.cz\/de\/wp-json\/wp\/v2\/comments?post=961"}],"version-history":[{"count":1,"href":"https:\/\/www.soledpro.cz\/de\/wp-json\/wp\/v2\/pages\/961\/revisions"}],"predecessor-version":[{"id":967,"href":"https:\/\/www.soledpro.cz\/de\/wp-json\/wp\/v2\/pages\/961\/revisions\/967"}],"up":[{"embeddable":true,"href":"https:\/\/www.soledpro.cz\/de\/wp-json\/wp\/v2\/pages\/708"}],"wp:featuredmedia":[{"embeddable":true,"href":"https:\/\/www.soledpro.cz\/de\/wp-json\/wp\/v2\/media\/962"}],"wp:attachment":[{"href":"https:\/\/www.soledpro.cz\/de\/wp-json\/wp\/v2\/media?parent=961"}],"curies":[{"name":"wp","href":"https:\/\/api.w.org\/{rel}","templated":true}]}}