{"id":950,"date":"2021-10-31T12:39:09","date_gmt":"2021-10-31T11:39:09","guid":{"rendered":"http:\/\/www.soledpro.cz\/?page_id=950"},"modified":"2021-10-31T12:39:09","modified_gmt":"2021-10-31T11:39:09","slug":"pam360","status":"publish","type":"page","link":"https:\/\/www.soledpro.cz\/de\/kyberneticka-bezpecnost\/manage-engine\/produkty-security-it\/pam360\/","title":{"rendered":"PAM360"},"content":{"rendered":"<h3 class=\"wp-block-heading\">Der Missbrauch von Berechtigungen ist heute die gr\u00f6\u00dfte Bedrohung f\u00fcr die Cybersicherheit, da er h\u00e4ufig die Gesellschaft gef\u00e4hrdet und sogar finanzielle Verluste verursacht.<\/h3>\n\n\n\n<p>Es ist auch eine der beliebtesten Angriffsmethoden unter Hackern, da es nach erfolgreicher Ausf\u00fchrung direkten Zugang zum Unternehmen erm\u00f6glicht, oft ohne Alarm auszul\u00f6sen - bis der Schaden angerichtet ist und entdeckt wird. PAM360 erm\u00f6glicht unter anderem die Festlegung von Arbeitszeiten, zu denen sich ein Benutzer anmelden und in einer bestimmten Umgebung arbeiten kann (Privileged Access Management). Neben der Zugriffsgew\u00e4hrung verf\u00fcgt das System \u00fcber eine automatische Passwort-Reset-Funktion, die eine erneute Verbindung nach einer einzigen Sitzung durch einen fremden Techniker verhindert. W\u00e4hrend der technischen Arbeit k\u00f6nnen RDP-, VNC- und SSH-Sitzungen vom System zur Benutzerkontrolle oder zu Schulungszwecken aufgezeichnet werden. PAM360 erm\u00f6glicht auch das Scannen von Webseiten f\u00fcr den Download und die Verwaltung von SSL-Zertifikaten. Dies erm\u00f6glicht die \u00dcberwachung des Ablaufdatums der Zertifikate. Die L\u00f6sung erm\u00f6glicht auch die Verwaltung von SSH-Schl\u00fcsseln, um Konnektivit\u00e4tsprobleme mit Linux-Servern zu vermeiden.<\/p>\n\n\n\n<div style=\"height:64px\" aria-hidden=\"true\" class=\"wp-block-spacer\"><\/div>\n\n\n\n<h2 class=\"wp-block-heading\">VORTEILE<\/h2>\n\n\n\n<ul class=\"wp-block-list\"><li>Verwaltung des Benutzerzugriffs<\/li><li>Zuweisung des Zugangs, Zugang f\u00fcr einen bestimmten Zeitraum<\/li><li>Aufzeichnung von Fernsitzungen<\/li><li>automatisches Zur\u00fccksetzen von Benutzerpassw\u00f6rtern<\/li><\/ul>\n\n\n\n<div style=\"height:64px\" aria-hidden=\"true\" class=\"wp-block-spacer\"><\/div>\n\n\n\n<h2 class=\"wp-block-heading\">MERKMALE<\/h2>\n\n\n\n<div class=\"wp-block-columns is-layout-flex wp-container-core-columns-is-layout-28f84493 wp-block-columns-is-layout-flex\">\n<div class=\"wp-block-column is-layout-flow wp-block-column-is-layout-flow\">\n<h3 class=\"wp-block-heading\">Integrierte Benutzerzugriffsverwaltung<\/h3>\n\n\n\n<p>Das System verf\u00fcgt \u00fcber eine Zeitmanagement-Option, mit der ein Benutzer eine Verbindung zu einer ausgew\u00e4hlten Ressource oder Ressourcengruppe in der Umgebung herstellen kann. Der Administrator kann auch festlegen, auf welche Ressourcen oder Ressourcengruppen der Benutzer Zugriff hat (Verwaltung des privilegierten Zugriffs)<\/p>\n<\/div>\n\n\n\n<div class=\"wp-block-column is-layout-flow wp-block-column-is-layout-flow\">\n<figure class=\"wp-block-image size-full\"><a href=\"http:\/\/www.soledpro.cz\/wp-content\/uploads\/2021\/10\/Dostepy-uzytkownikow-1024x514-1.webp\"><img fetchpriority=\"high\" decoding=\"async\" width=\"1024\" height=\"514\" src=\"http:\/\/www.soledpro.cz\/wp-content\/uploads\/2021\/10\/Dostepy-uzytkownikow-1024x514-1.webp\" alt=\"\" class=\"wp-image-951\" srcset=\"https:\/\/www.soledpro.cz\/wp-content\/uploads\/2021\/10\/Dostepy-uzytkownikow-1024x514-1.webp 1024w, https:\/\/www.soledpro.cz\/wp-content\/uploads\/2021\/10\/Dostepy-uzytkownikow-1024x514-1-300x151.webp 300w, https:\/\/www.soledpro.cz\/wp-content\/uploads\/2021\/10\/Dostepy-uzytkownikow-1024x514-1-768x386.webp 768w\" sizes=\"(max-width: 1024px) 100vw, 1024px\" \/><\/a><\/figure>\n<\/div>\n<\/div>\n\n\n\n<div style=\"height:64px\" aria-hidden=\"true\" class=\"wp-block-spacer\"><\/div>\n\n\n\n<div class=\"wp-block-columns is-layout-flex wp-container-core-columns-is-layout-28f84493 wp-block-columns-is-layout-flex\">\n<div class=\"wp-block-column is-layout-flow wp-block-column-is-layout-flow\">\n<figure class=\"wp-block-image size-full\"><a href=\"http:\/\/www.soledpro.cz\/wp-content\/uploads\/2021\/10\/Zdalny-dostep-1024x505-1.webp\"><img decoding=\"async\" width=\"1024\" height=\"505\" src=\"http:\/\/www.soledpro.cz\/wp-content\/uploads\/2021\/10\/Zdalny-dostep-1024x505-1.webp\" alt=\"\" class=\"wp-image-952\" srcset=\"https:\/\/www.soledpro.cz\/wp-content\/uploads\/2021\/10\/Zdalny-dostep-1024x505-1.webp 1024w, https:\/\/www.soledpro.cz\/wp-content\/uploads\/2021\/10\/Zdalny-dostep-1024x505-1-300x148.webp 300w, https:\/\/www.soledpro.cz\/wp-content\/uploads\/2021\/10\/Zdalny-dostep-1024x505-1-768x379.webp 768w\" sizes=\"(max-width: 1024px) 100vw, 1024px\" \/><\/a><\/figure>\n<\/div>\n\n\n\n<div class=\"wp-block-column is-layout-flow wp-block-column-is-layout-flow\">\n<h3 class=\"wp-block-heading\">Fernzugriff auf Ressourcen<\/h3>\n\n\n\n<p>Jeder PAM360-Benutzer hat die M\u00f6glichkeit, sich nach der Anmeldung mit seinen eigenen Anmeldedaten von einem beliebigen Ger\u00e4t aus fernzusteuern, sofern ihm der Zugang gew\u00e4hrt wurde. Der Fernzugriff kann \u00fcber RDP, VNC oder Telnet\/SSH erfolgen.<\/p>\n<\/div>\n<\/div>\n\n\n\n<div style=\"height:64px\" aria-hidden=\"true\" class=\"wp-block-spacer\"><\/div>\n\n\n\n<div class=\"wp-block-columns is-layout-flex wp-container-core-columns-is-layout-28f84493 wp-block-columns-is-layout-flex\">\n<div class=\"wp-block-column is-layout-flow wp-block-column-is-layout-flow\">\n<h3 class=\"wp-block-heading\">M\u00f6glichkeit, den Zugang f\u00fcr einen begrenzten Zeitraum zu gew\u00e4hren<\/h3>\n\n\n\n<p>Diese Funktion erm\u00f6glicht Dritten den Zugriff auf die Umgebung f\u00fcr einen bestimmten Zeitraum. Mit PAM360 k\u00f6nnen Sie die Dauer der Remote-Sitzung festlegen. Au\u00dferdem kann nach Beendigung der Sitzung das verwendete Passwort zur\u00fcckgesetzt werden, um einen erneuten Zugriff auf die Ressource zu verhindern.<\/p>\n<\/div>\n\n\n\n<div class=\"wp-block-column is-layout-flow wp-block-column-is-layout-flow\">\n<figure class=\"wp-block-image size-full\"><a href=\"http:\/\/www.soledpro.cz\/wp-content\/uploads\/2021\/10\/Dostep-na-okreslony-czas-1024x513-1.webp\"><img decoding=\"async\" width=\"1024\" height=\"513\" src=\"http:\/\/www.soledpro.cz\/wp-content\/uploads\/2021\/10\/Dostep-na-okreslony-czas-1024x513-1.webp\" alt=\"\" class=\"wp-image-953\" srcset=\"https:\/\/www.soledpro.cz\/wp-content\/uploads\/2021\/10\/Dostep-na-okreslony-czas-1024x513-1.webp 1024w, https:\/\/www.soledpro.cz\/wp-content\/uploads\/2021\/10\/Dostep-na-okreslony-czas-1024x513-1-300x150.webp 300w, https:\/\/www.soledpro.cz\/wp-content\/uploads\/2021\/10\/Dostep-na-okreslony-czas-1024x513-1-768x385.webp 768w\" sizes=\"(max-width: 1024px) 100vw, 1024px\" \/><\/a><\/figure>\n<\/div>\n<\/div>\n\n\n\n<div style=\"height:64px\" aria-hidden=\"true\" class=\"wp-block-spacer\"><\/div>\n\n\n\n<div class=\"wp-block-columns is-layout-flex wp-container-core-columns-is-layout-28f84493 wp-block-columns-is-layout-flex\">\n<div class=\"wp-block-column is-layout-flow wp-block-column-is-layout-flow\">\n<figure class=\"wp-block-image size-full\"><a href=\"http:\/\/www.soledpro.cz\/wp-content\/uploads\/2021\/10\/Nagrywanie-sesji-1024x511-1.webp\"><img loading=\"lazy\" decoding=\"async\" width=\"1024\" height=\"511\" src=\"http:\/\/www.soledpro.cz\/wp-content\/uploads\/2021\/10\/Nagrywanie-sesji-1024x511-1.webp\" alt=\"\" class=\"wp-image-954\" srcset=\"https:\/\/www.soledpro.cz\/wp-content\/uploads\/2021\/10\/Nagrywanie-sesji-1024x511-1.webp 1024w, https:\/\/www.soledpro.cz\/wp-content\/uploads\/2021\/10\/Nagrywanie-sesji-1024x511-1-300x150.webp 300w, https:\/\/www.soledpro.cz\/wp-content\/uploads\/2021\/10\/Nagrywanie-sesji-1024x511-1-768x383.webp 768w\" sizes=\"(max-width: 1024px) 100vw, 1024px\" \/><\/a><\/figure>\n<\/div>\n\n\n\n<div class=\"wp-block-column is-layout-flow wp-block-column-is-layout-flow\">\n<h3 class=\"wp-block-heading\">Funktion zur Fernaufzeichnung von Sitzungen<\/h3>\n\n\n\n<p>Das System erm\u00f6glicht die Aufzeichnung und Speicherung von Remote-Benutzersitzungen auf der Festplatte unter Verwendung eines vom Administrator ausgew\u00e4hlten Pfads. PAM360 kann RDP-, VNC- sowie SSH-, Telnet- und SQL-Sitzungen aufzeichnen.<\/p>\n<\/div>\n<\/div>\n\n\n\n<div style=\"height:64px\" aria-hidden=\"true\" class=\"wp-block-spacer\"><\/div>\n\n\n\n<div class=\"wp-block-columns is-layout-flex wp-container-core-columns-is-layout-28f84493 wp-block-columns-is-layout-flex\">\n<div class=\"wp-block-column is-layout-flow wp-block-column-is-layout-flow\">\n<h3 class=\"wp-block-heading\">Option zur Aktivierung der Verhaltensanalyse<\/h3>\n\n\n\n<p>Das System erm\u00f6glicht die Integration mit ManageEngine Analytics, um Administratoren zu \u00fcberwachen und zu alarmieren, wenn ein atypisches Verhalten in der Umgebung festgestellt wird. Eines dieser Verhaltensweisen k\u00f6nnte das Einloggen oder die Fernverbindung zu einer Ressource nach Gesch\u00e4ftsschluss oder am Wochenende sein.<\/p>\n<\/div>\n\n\n\n<div class=\"wp-block-column is-layout-flow wp-block-column-is-layout-flow\">\n<figure class=\"wp-block-image size-full\"><a href=\"http:\/\/www.soledpro.cz\/wp-content\/uploads\/2021\/10\/Raporty-1024x516-1.webp\"><img loading=\"lazy\" decoding=\"async\" width=\"1024\" height=\"516\" src=\"http:\/\/www.soledpro.cz\/wp-content\/uploads\/2021\/10\/Raporty-1024x516-1.webp\" alt=\"\" class=\"wp-image-955\" srcset=\"https:\/\/www.soledpro.cz\/wp-content\/uploads\/2021\/10\/Raporty-1024x516-1.webp 1024w, https:\/\/www.soledpro.cz\/wp-content\/uploads\/2021\/10\/Raporty-1024x516-1-300x151.webp 300w, https:\/\/www.soledpro.cz\/wp-content\/uploads\/2021\/10\/Raporty-1024x516-1-768x387.webp 768w\" sizes=\"(max-width: 1024px) 100vw, 1024px\" \/><\/a><\/figure>\n<\/div>\n<\/div>\n\n\n\n<div style=\"height:64px\" aria-hidden=\"true\" class=\"wp-block-spacer\"><\/div>\n\n\n\n<div class=\"wp-block-columns is-layout-flex wp-container-core-columns-is-layout-28f84493 wp-block-columns-is-layout-flex\">\n<div class=\"wp-block-column is-layout-flow wp-block-column-is-layout-flow\">\n<figure class=\"wp-block-image size-full\"><a href=\"http:\/\/www.soledpro.cz\/wp-content\/uploads\/2021\/10\/Audyt-1-1024x505-1.webp\"><img loading=\"lazy\" decoding=\"async\" width=\"1024\" height=\"505\" src=\"http:\/\/www.soledpro.cz\/wp-content\/uploads\/2021\/10\/Audyt-1-1024x505-1.webp\" alt=\"\" class=\"wp-image-956\" srcset=\"https:\/\/www.soledpro.cz\/wp-content\/uploads\/2021\/10\/Audyt-1-1024x505-1.webp 1024w, https:\/\/www.soledpro.cz\/wp-content\/uploads\/2021\/10\/Audyt-1-1024x505-1-300x148.webp 300w, https:\/\/www.soledpro.cz\/wp-content\/uploads\/2021\/10\/Audyt-1-1024x505-1-768x379.webp 768w\" sizes=\"(max-width: 1024px) 100vw, 1024px\" \/><\/a><\/figure>\n<\/div>\n\n\n\n<div class=\"wp-block-column is-layout-flow wp-block-column-is-layout-flow\">\n<h3 class=\"wp-block-heading\">Funktionen zur Fern\u00fcberwachung von Ereignissen und Sitzungen<\/h3>\n\n\n\n<p>PAM360 bietet die M\u00f6glichkeit, im System erkannte Ereignisse zu \u00fcberpr\u00fcfen und zu suchen. Die Software erm\u00f6glicht auch die Anzeige gespeicherter Remote-Sitzungen und ihrer Aufzeichnungen von einem einzigen Ort in der Webkonsole aus. Die Funktion zeigt auch an, wenn eine der Benutzersitzungen aktiv ist und Betriebsressourcen beansprucht.<\/p>\n<\/div>\n<\/div>\n\n\n\n<div style=\"height:64px\" aria-hidden=\"true\" class=\"wp-block-spacer\"><\/div>\n\n\n\n<div class=\"wp-block-columns is-layout-flex wp-container-core-columns-is-layout-28f84493 wp-block-columns-is-layout-flex\">\n<div class=\"wp-block-column is-layout-flow wp-block-column-is-layout-flow\">\n<h3 class=\"wp-block-heading\">Zugang zur Berichtsdatenbank des Systems<\/h3>\n\n\n\n<p>Das System verf\u00fcgt \u00fcber eine breite Palette von Berichten, die auf der Verwendung von Passw\u00f6rtern, Benutzern, SSL-Zertifikaten und SSH-Schl\u00fcsseln basieren. Jeder der Berichte in PAM360 kann einem periodischen Ausf\u00fchrungsplan hinzugef\u00fcgt und \u00fcber einen ausgew\u00e4hlten Pfad auf die Festplatte gesendet werden.<\/p>\n<\/div>\n\n\n\n<div class=\"wp-block-column is-layout-flow wp-block-column-is-layout-flow\">\n<figure class=\"wp-block-image size-full\"><a href=\"http:\/\/www.soledpro.cz\/wp-content\/uploads\/2021\/10\/Dostepy-uzytkownikow-1024x514-1-1.webp\"><img loading=\"lazy\" decoding=\"async\" width=\"1024\" height=\"514\" src=\"http:\/\/www.soledpro.cz\/wp-content\/uploads\/2021\/10\/Dostepy-uzytkownikow-1024x514-1-1.webp\" alt=\"\" class=\"wp-image-957\" srcset=\"https:\/\/www.soledpro.cz\/wp-content\/uploads\/2021\/10\/Dostepy-uzytkownikow-1024x514-1-1.webp 1024w, https:\/\/www.soledpro.cz\/wp-content\/uploads\/2021\/10\/Dostepy-uzytkownikow-1024x514-1-1-300x151.webp 300w, https:\/\/www.soledpro.cz\/wp-content\/uploads\/2021\/10\/Dostepy-uzytkownikow-1024x514-1-1-768x386.webp 768w\" sizes=\"(max-width: 1024px) 100vw, 1024px\" \/><\/a><\/figure>\n<\/div>\n<\/div>\n\n\n\n<div style=\"height:64px\" aria-hidden=\"true\" class=\"wp-block-spacer\"><\/div>\n\n\n\n<div class=\"wp-block-columns is-layout-flex wp-container-core-columns-is-layout-28f84493 wp-block-columns-is-layout-flex\">\n<div class=\"wp-block-column is-layout-flow wp-block-column-is-layout-flow\">\n<figure class=\"wp-block-image size-full\"><a href=\"http:\/\/www.soledpro.cz\/wp-content\/uploads\/2021\/10\/SSH-1024x509-1.webp\"><img loading=\"lazy\" decoding=\"async\" width=\"1024\" height=\"509\" src=\"http:\/\/www.soledpro.cz\/wp-content\/uploads\/2021\/10\/SSH-1024x509-1.webp\" alt=\"\" class=\"wp-image-958\" srcset=\"https:\/\/www.soledpro.cz\/wp-content\/uploads\/2021\/10\/SSH-1024x509-1.webp 1024w, https:\/\/www.soledpro.cz\/wp-content\/uploads\/2021\/10\/SSH-1024x509-1-300x149.webp 300w, https:\/\/www.soledpro.cz\/wp-content\/uploads\/2021\/10\/SSH-1024x509-1-768x382.webp 768w\" sizes=\"(max-width: 1024px) 100vw, 1024px\" \/><\/a><\/figure>\n<\/div>\n\n\n\n<div class=\"wp-block-column is-layout-flow wp-block-column-is-layout-flow\">\n<h3 class=\"wp-block-heading\">Option SSH-Schl\u00fcsselverwaltung<\/h3>\n\n\n\n<p>Das System erm\u00f6glicht es Ihnen, das Netzwerk zu scannen, um SSH-Schl\u00fcssel zu erkennen und zu verwalten. PAM360 zeigt auch IP-Adressen oder DNS-Namen und den Zeitpunkt an, zu dem die SSH-Schl\u00fcssel erstellt wurden und welchen Servern sie zugewiesen wurden.<\/p>\n<\/div>\n<\/div>\n\n\n\n<div style=\"height:64px\" aria-hidden=\"true\" class=\"wp-block-spacer\"><\/div>\n\n\n\n<div class=\"wp-block-columns is-layout-flex wp-container-core-columns-is-layout-28f84493 wp-block-columns-is-layout-flex\">\n<div class=\"wp-block-column is-layout-flow wp-block-column-is-layout-flow\">\n<h3 class=\"wp-block-heading\">Zugang zur Verwaltung von SSL-Zertifikaten<\/h3>\n\n\n\n<p>Das System ist in der Lage, alle SSL-Zertifikate in der Umgebung zu erkennen, zusammen mit Informationen \u00fcber sie, wie Ablauf oder Zuweisung. Bevor ein bestimmtes Zertifikat abl\u00e4uft, wird der Administrator benachrichtigt, damit er Ma\u00dfnahmen zur Aufrechterhaltung eines reibungslosen Betriebs ergreifen kann.<\/p>\n<\/div>\n\n\n\n<div class=\"wp-block-column is-layout-flow wp-block-column-is-layout-flow\">\n<figure class=\"wp-block-image size-full\"><a href=\"http:\/\/www.soledpro.cz\/wp-content\/uploads\/2021\/10\/SSL-1024x511-1.webp\"><img loading=\"lazy\" decoding=\"async\" width=\"1024\" height=\"511\" src=\"http:\/\/www.soledpro.cz\/wp-content\/uploads\/2021\/10\/SSL-1024x511-1.webp\" alt=\"\" class=\"wp-image-959\" srcset=\"https:\/\/www.soledpro.cz\/wp-content\/uploads\/2021\/10\/SSL-1024x511-1.webp 1024w, https:\/\/www.soledpro.cz\/wp-content\/uploads\/2021\/10\/SSL-1024x511-1-300x150.webp 300w, https:\/\/www.soledpro.cz\/wp-content\/uploads\/2021\/10\/SSL-1024x511-1-768x383.webp 768w\" sizes=\"(max-width: 1024px) 100vw, 1024px\" \/><\/a><\/figure>\n<\/div>\n<\/div>\n\n\n\n<div style=\"height:64px\" aria-hidden=\"true\" class=\"wp-block-spacer\"><\/div>\n\n\n\n<h3 class=\"has-text-align-center wp-block-heading\">Interessieren Sie sich f\u00fcr PAM360-kompatible Systeme?<\/h3>\n\n\n\n<p class=\"has-text-align-center\">Sehen Sie sich das an:<\/p>\n\n\n\n<h4 class=\"has-text-align-center wp-block-heading\">Analytics Plus Werkzeug zur Datenanalyse,<\/h4>\n\n\n\n<h4 class=\"has-text-align-center wp-block-heading\">Key Manager Plus SSH-Schl\u00fcsselverwaltungssystem,<\/h4>\n\n\n\n<h4 class=\"has-text-align-center wp-block-heading\">Helpdesk-System ServiceDesk Plus,<\/h4>\n\n\n\n<h4 class=\"has-text-align-center wp-block-heading\">LOG360 Produkt zur Verwaltung der IT-Umgebung,<\/h4>\n\n\n\n<h4 class=\"has-text-align-center wp-block-heading\">Ein Tool zum automatischen Zur\u00fccksetzen von Passw\u00f6rtern in der ADSelfService Plus-Dom\u00e4ne,<\/h4>\n\n\n\n<h4 class=\"has-text-align-center wp-block-heading\">ADManager Plus Dom\u00e4nenverwaltungssoftware.<\/h4>\n\n\n\n<div style=\"height:100px\" aria-hidden=\"true\" class=\"wp-block-spacer\"><\/div>","protected":false},"excerpt":{"rendered":"<p>Zneu\u017eit\u00ed opr\u00e1vn\u011bn\u00ed je v sou\u010dasnosti nejv\u011bt\u0161\u00edm nebezpe\u010d\u00edm pro kybernetickou bezpe\u010dnost, jeliko\u017e \u010dasto ohro\u017euje spole\u010dnost a dokonce zp\u016fsobuje finan\u010dn\u00ed ztr\u00e1ty. Jde tak\u00e9 o jeden z nejobl\u00edben\u011bj\u0161\u00edch zp\u016fsobn\u016f \u00fatoku mezi hackery, proto\u017ee po \u00fasp\u011b\u0161n\u00e9m proveden\u00ed zaji\u0161\u0165uje p\u0159\u00edm\u00fd p\u0159\u00edstup do spole\u010dnosti, \u010dasto bez vyvol\u00e1v\u00e1n\u00ed poplach\u016f \u2013 a\u017e do nap\u00e1ch\u00e1n\u00ed \u0161kod a jejich odhalen\u00ed. PAM360 umo\u017e\u0148uje mimo jin\u00e9 stanoven\u00ed [&hellip;]<\/p>","protected":false},"author":1,"featured_media":951,"parent":708,"menu_order":0,"comment_status":"closed","ping_status":"closed","template":"","meta":{"footnotes":""},"class_list":["post-950","page","type-page","status-publish","has-post-thumbnail","hentry"],"_links":{"self":[{"href":"https:\/\/www.soledpro.cz\/de\/wp-json\/wp\/v2\/pages\/950","targetHints":{"allow":["GET"]}}],"collection":[{"href":"https:\/\/www.soledpro.cz\/de\/wp-json\/wp\/v2\/pages"}],"about":[{"href":"https:\/\/www.soledpro.cz\/de\/wp-json\/wp\/v2\/types\/page"}],"author":[{"embeddable":true,"href":"https:\/\/www.soledpro.cz\/de\/wp-json\/wp\/v2\/users\/1"}],"replies":[{"embeddable":true,"href":"https:\/\/www.soledpro.cz\/de\/wp-json\/wp\/v2\/comments?post=950"}],"version-history":[{"count":1,"href":"https:\/\/www.soledpro.cz\/de\/wp-json\/wp\/v2\/pages\/950\/revisions"}],"predecessor-version":[{"id":960,"href":"https:\/\/www.soledpro.cz\/de\/wp-json\/wp\/v2\/pages\/950\/revisions\/960"}],"up":[{"embeddable":true,"href":"https:\/\/www.soledpro.cz\/de\/wp-json\/wp\/v2\/pages\/708"}],"wp:featuredmedia":[{"embeddable":true,"href":"https:\/\/www.soledpro.cz\/de\/wp-json\/wp\/v2\/media\/951"}],"wp:attachment":[{"href":"https:\/\/www.soledpro.cz\/de\/wp-json\/wp\/v2\/media?parent=950"}],"curies":[{"name":"wp","href":"https:\/\/api.w.org\/{rel}","templated":true}]}}