{"id":924,"date":"2021-10-30T15:30:00","date_gmt":"2021-10-30T13:30:00","guid":{"rendered":"http:\/\/www.soledpro.cz\/?page_id=924"},"modified":"2021-10-30T15:30:01","modified_gmt":"2021-10-30T13:30:01","slug":"site24x7","status":"publish","type":"page","link":"https:\/\/www.soledpro.cz\/de\/kyberneticka-bezpecnost\/manage-engine\/produkty-monitoring-it\/site24x7\/","title":{"rendered":"Site24x7"},"content":{"rendered":"<h3 class=\"wp-block-heading\">Die umfassende Cloud-\u00dcberwachungsl\u00f6sung Site24x7 hilft DevOps- und IT-Teams, die Betriebszeit und Leistung aller Aspekte der IT-Infrastruktur zu \u00fcberwachen.<\/h3>\n\n\n\n<p>Zu den \u00dcberwachungsdiensten geh\u00f6ren Websites, virtuelle und lokale Server, Netzwerkger\u00e4te, Anwendungen und andere. Das Web- und Mobilanwendungs\u00fcberwachungstool von Site24x7 bietet KI-basierte Berichte, detaillierte Leistungsberichte mit sofortigen Alarmierungstools und h\u00e4lt Administratoren \u00fcber die Leistung ihrer IT-Ressourcen auf dem Laufenden. Zus\u00e4tzlich zur grundlegenden Website-\u00dcberwachung \u00fcberpr\u00fcft Site24x7 DNS-Server, Rest-APIs und synthetische Transaktionen und protokolliert Benutzeraktivit\u00e4ten in Echtzeit, um eine nahtlose Verf\u00fcgbarkeit sicherzustellen. Der Dienst bietet au\u00dferdem die \u00dcberwachung von Anwendungen, die in Java, .NET, Ruby on Rails, PHP und Node.js ausgef\u00fchrt werden, um das Code-Debuggen zu erleichtern.<\/p>\n\n\n\n<div style=\"height:64px\" aria-hidden=\"true\" class=\"wp-block-spacer\"><\/div>\n\n\n\n<h2 class=\"wp-block-heading\">VORTEILE<\/h2>\n\n\n\n<ul class=\"wp-block-list\"><li>\u00dcberwachung von Websites aus einer globalen Perspektive<\/li><li>Echtzeit-Server\u00fcberwachung<\/li><li>\u00dcberpr\u00fcfung der Anwendungsleistung<\/li><li>\u00dcberwachung wichtiger Leistungsindikatoren von Cloud-Anwendungen<\/li><li>transparente Verwaltung der Anwendungsprotokolle<\/li><li>\u00dcberwachung des gesamten lokalen Netzwerks<\/li><li>Netzwerksichtbarkeitskartierung<\/li><li>Unterst\u00fctzung f\u00fcr eine gro\u00dfe Gruppe von Anwendungen von Drittanbietern<\/li><li>Verf\u00fcgbarkeit mobiler Anwendungen auf iOS- und Android-Plattformen<\/li><\/ul>\n\n\n\n<div style=\"height:64px\" aria-hidden=\"true\" class=\"wp-block-spacer\"><\/div>\n\n\n\n<h2 class=\"wp-block-heading\">MERKMALE<\/h2>\n\n\n\n<div class=\"wp-block-columns is-layout-flex wp-container-core-columns-is-layout-28f84493 wp-block-columns-is-layout-flex\">\n<div class=\"wp-block-column is-layout-flow wp-block-column-is-layout-flow\">\n<h3 class=\"wp-block-heading\">\u00dcberwachung der Website-Aktivit\u00e4t<\/h3>\n\n\n\n<p>Site24x7 erm\u00f6glicht die \u00dcberwachung der gesamten Infrastruktur aus globaler Sicht. Wir k\u00f6nnen alle Websites \u00fcberwachen und detaillierte Informationen \u00fcber ihre Aktivit\u00e4ten erhalten. Alles ist \u00fcber eine einzige grafische Oberfl\u00e4che zug\u00e4nglich.<\/p>\n<\/div>\n\n\n\n<div class=\"wp-block-column is-layout-flow wp-block-column-is-layout-flow\">\n<figure class=\"wp-block-image size-full\"><a href=\"http:\/\/www.soledpro.cz\/wp-content\/uploads\/2021\/10\/S24x7-1-1024x515-1.webp\"><img fetchpriority=\"high\" decoding=\"async\" width=\"1024\" height=\"515\" src=\"http:\/\/www.soledpro.cz\/wp-content\/uploads\/2021\/10\/S24x7-1-1024x515-1.webp\" alt=\"\" class=\"wp-image-925\" srcset=\"https:\/\/www.soledpro.cz\/wp-content\/uploads\/2021\/10\/S24x7-1-1024x515-1.webp 1024w, https:\/\/www.soledpro.cz\/wp-content\/uploads\/2021\/10\/S24x7-1-1024x515-1-300x151.webp 300w, https:\/\/www.soledpro.cz\/wp-content\/uploads\/2021\/10\/S24x7-1-1024x515-1-768x386.webp 768w\" sizes=\"(max-width: 1024px) 100vw, 1024px\" \/><\/a><\/figure>\n<\/div>\n<\/div>\n\n\n\n<div style=\"height:64px\" aria-hidden=\"true\" class=\"wp-block-spacer\"><\/div>\n\n\n\n<div class=\"wp-block-columns is-layout-flex wp-container-core-columns-is-layout-28f84493 wp-block-columns-is-layout-flex\">\n<div class=\"wp-block-column is-layout-flow wp-block-column-is-layout-flow\">\n<figure class=\"wp-block-image size-full\"><a href=\"http:\/\/www.soledpro.cz\/wp-content\/uploads\/2021\/10\/S24x7-2-1024x515-1.webp\"><img decoding=\"async\" width=\"1024\" height=\"515\" src=\"http:\/\/www.soledpro.cz\/wp-content\/uploads\/2021\/10\/S24x7-2-1024x515-1.webp\" alt=\"\" class=\"wp-image-926\" srcset=\"https:\/\/www.soledpro.cz\/wp-content\/uploads\/2021\/10\/S24x7-2-1024x515-1.webp 1024w, https:\/\/www.soledpro.cz\/wp-content\/uploads\/2021\/10\/S24x7-2-1024x515-1-300x151.webp 300w, https:\/\/www.soledpro.cz\/wp-content\/uploads\/2021\/10\/S24x7-2-1024x515-1-768x386.webp 768w\" sizes=\"(max-width: 1024px) 100vw, 1024px\" \/><\/a><\/figure>\n<\/div>\n\n\n\n<div class=\"wp-block-column is-layout-flow wp-block-column-is-layout-flow\">\n<h3 class=\"wp-block-heading\">\u00dcberwachung der Leistung von Internetdiensten<\/h3>\n\n\n\n<p>Mit dem Tool k\u00f6nnen Sie mithilfe der entsprechenden Selenium-Skripte die Schritte des Benutzers genau rekonstruieren, die die Bewegung durch einzelne Seiten und Unterseiten widerspiegeln. Das Site24x7-System pr\u00e4sentiert Daten zu jedem \u00dcbergang und informiert, wenn ein Problem mit den jeweiligen Webseiten auftritt.<\/p>\n<\/div>\n<\/div>\n\n\n\n<div style=\"height:64px\" aria-hidden=\"true\" class=\"wp-block-spacer\"><\/div>\n\n\n\n<div class=\"wp-block-columns is-layout-flex wp-container-core-columns-is-layout-28f84493 wp-block-columns-is-layout-flex\">\n<div class=\"wp-block-column is-layout-flow wp-block-column-is-layout-flow\">\n<h3 class=\"wp-block-heading\">\u00dcberwachung der internen Infrastruktur auf Anwendungsebene<\/h3>\n\n\n\n<p>Das \u00dcberwachungssystem f\u00fcr Web- und Mobilanwendungen bietet die M\u00f6glichkeit, die entsprechende Sonde zu installieren, die das lokale Netzwerk scannen und diese Daten an die Cloud senden kann. Dadurch haben wir von \u00fcberall auf der Welt einen \u00dcberblick \u00fcber die gesamte Umgebung und sind in der Lage, den Betrieb jedes einzelnen Standorts zu \u00fcberpr\u00fcfen sowie die M\u00f6glichkeit, Protokolle vom jeweiligen Ger\u00e4t herunterzuladen. Das System erm\u00f6glicht die Anzeige von Informationen zu allen Ereignissen auf einer einzigen Konsolenebene. Dar\u00fcber hinaus verf\u00fcgt das Tool \u00fcber ein integriertes Korrelationsmodul, mit dem wir relevante Bedrohungen kontextbezogen erkennen k\u00f6nnen.<\/p>\n<\/div>\n\n\n\n<div class=\"wp-block-column is-layout-flow wp-block-column-is-layout-flow\">\n<figure class=\"wp-block-image size-full\"><a href=\"http:\/\/www.soledpro.cz\/wp-content\/uploads\/2021\/10\/S24x7-4-1024x515-1.webp\"><img decoding=\"async\" width=\"1024\" height=\"515\" src=\"http:\/\/www.soledpro.cz\/wp-content\/uploads\/2021\/10\/S24x7-4-1024x515-1.webp\" alt=\"\" class=\"wp-image-927\" srcset=\"https:\/\/www.soledpro.cz\/wp-content\/uploads\/2021\/10\/S24x7-4-1024x515-1.webp 1024w, https:\/\/www.soledpro.cz\/wp-content\/uploads\/2021\/10\/S24x7-4-1024x515-1-300x151.webp 300w, https:\/\/www.soledpro.cz\/wp-content\/uploads\/2021\/10\/S24x7-4-1024x515-1-768x386.webp 768w\" sizes=\"(max-width: 1024px) 100vw, 1024px\" \/><\/a><\/figure>\n<\/div>\n<\/div>\n\n\n\n<div style=\"height:64px\" aria-hidden=\"true\" class=\"wp-block-spacer\"><\/div>\n\n\n\n<div class=\"wp-block-columns is-layout-flex wp-container-core-columns-is-layout-28f84493 wp-block-columns-is-layout-flex\">\n<div class=\"wp-block-column is-layout-flow wp-block-column-is-layout-flow\">\n<figure class=\"wp-block-image size-full\"><a href=\"http:\/\/www.soledpro.cz\/wp-content\/uploads\/2021\/10\/S24x7-5-1024x515-1.webp\"><img loading=\"lazy\" decoding=\"async\" width=\"1024\" height=\"515\" src=\"http:\/\/www.soledpro.cz\/wp-content\/uploads\/2021\/10\/S24x7-5-1024x515-1.webp\" alt=\"\" class=\"wp-image-928\" srcset=\"https:\/\/www.soledpro.cz\/wp-content\/uploads\/2021\/10\/S24x7-5-1024x515-1.webp 1024w, https:\/\/www.soledpro.cz\/wp-content\/uploads\/2021\/10\/S24x7-5-1024x515-1-300x151.webp 300w, https:\/\/www.soledpro.cz\/wp-content\/uploads\/2021\/10\/S24x7-5-1024x515-1-768x386.webp 768w\" sizes=\"(max-width: 1024px) 100vw, 1024px\" \/><\/a><\/figure>\n<\/div>\n\n\n\n<div class=\"wp-block-column is-layout-flow wp-block-column-is-layout-flow\">\n<h3 class=\"wp-block-heading\">Ausl\u00f6sen eines Alarms bei jedem Problem in der Umgebung in Echtzeit<\/h3>\n\n\n\n<p>Site24x7 verf\u00fcgt \u00fcber ein integriertes Modul, das einen Alarm ausl\u00f6st, wenn ein Problem beim Betrieb der Website, des Systems oder eines bestimmten Dienstes festgestellt wird. Dank der st\u00e4ndigen \u00dcberwachung der Parameter und der Standorttests k\u00f6nnen wir sofortige Informationen \u00fcber das Problem per E-Mail oder SMS-Nachricht sowie \u00fcber Slack, Jira, ServiceDesk Plus, Microsoft Teams und ServiceNow erhalten. Das System unterst\u00fctzt das Senden von Warnungen an mehrere Systeme, wodurch vermieden wird, dass eine Warnung verpasst wird.<\/p>\n<\/div>\n<\/div>\n\n\n\n<div style=\"height:64px\" aria-hidden=\"true\" class=\"wp-block-spacer\"><\/div>\n\n\n\n<div class=\"wp-block-columns is-layout-flex wp-container-core-columns-is-layout-28f84493 wp-block-columns-is-layout-flex\">\n<div class=\"wp-block-column is-layout-flow wp-block-column-is-layout-flow\">\n<h3 class=\"wp-block-heading\">\u00dcberwachung aller Server von einer einzigen Schnittstellenebene aus<\/h3>\n\n\n\n<p>Das Tool zur \u00dcberwachung von Web- und Mobilanwendungen pr\u00e4sentiert Daten zu allen Servern auf einer einheitlichen Benutzeroberfl\u00e4chenebene und verschafft uns so einen \u00dcberblick \u00fcber alle Ger\u00e4te. Das Webinterface verschafft dem IT-Administrator einen \u00fcbersichtlichen, interaktiven \u00dcberblick \u00fcber die verwaltete Infrastruktur und erleichtert so seine Arbeit.<\/p>\n<\/div>\n\n\n\n<div class=\"wp-block-column is-layout-flow wp-block-column-is-layout-flow\">\n<figure class=\"wp-block-image size-full\"><a href=\"http:\/\/www.soledpro.cz\/wp-content\/uploads\/2021\/10\/S24x7-6-1024x515-1.webp\"><img loading=\"lazy\" decoding=\"async\" width=\"1024\" height=\"515\" src=\"http:\/\/www.soledpro.cz\/wp-content\/uploads\/2021\/10\/S24x7-6-1024x515-1.webp\" alt=\"\" class=\"wp-image-929\" srcset=\"https:\/\/www.soledpro.cz\/wp-content\/uploads\/2021\/10\/S24x7-6-1024x515-1.webp 1024w, https:\/\/www.soledpro.cz\/wp-content\/uploads\/2021\/10\/S24x7-6-1024x515-1-300x151.webp 300w, https:\/\/www.soledpro.cz\/wp-content\/uploads\/2021\/10\/S24x7-6-1024x515-1-768x386.webp 768w\" sizes=\"(max-width: 1024px) 100vw, 1024px\" \/><\/a><\/figure>\n<\/div>\n<\/div>\n\n\n\n<div style=\"height:64px\" aria-hidden=\"true\" class=\"wp-block-spacer\"><\/div>\n\n\n\n<div class=\"wp-block-columns is-layout-flex wp-container-core-columns-is-layout-28f84493 wp-block-columns-is-layout-flex\">\n<div class=\"wp-block-column is-layout-flow wp-block-column-is-layout-flow\">\n<figure class=\"wp-block-image size-full\"><a href=\"http:\/\/www.soledpro.cz\/wp-content\/uploads\/2021\/10\/S24x7-7-1024x515-1.webp\"><img loading=\"lazy\" decoding=\"async\" width=\"1024\" height=\"515\" src=\"http:\/\/www.soledpro.cz\/wp-content\/uploads\/2021\/10\/S24x7-7-1024x515-1.webp\" alt=\"\" class=\"wp-image-930\" srcset=\"https:\/\/www.soledpro.cz\/wp-content\/uploads\/2021\/10\/S24x7-7-1024x515-1.webp 1024w, https:\/\/www.soledpro.cz\/wp-content\/uploads\/2021\/10\/S24x7-7-1024x515-1-300x151.webp 300w, https:\/\/www.soledpro.cz\/wp-content\/uploads\/2021\/10\/S24x7-7-1024x515-1-768x386.webp 768w\" sizes=\"(max-width: 1024px) 100vw, 1024px\" \/><\/a><\/figure>\n<\/div>\n\n\n\n<div class=\"wp-block-column is-layout-flow wp-block-column-is-layout-flow\">\n<h3 class=\"wp-block-heading\">Anwendungs- und Service\u00fcberwachung<\/h3>\n\n\n\n<p>Das System erm\u00f6glicht die \u00dcberwachung von Anwendungen und Diensten wie Datenbanken, IIS-Servern und vielen anderen. Von einer GUI aus k\u00f6nnen wir alle mit unseren Diensten verbundenen Metriken \u00fcberpr\u00fcfen und deren Funktionalit\u00e4t \u00fcberpr\u00fcfen. Dar\u00fcber hinaus besteht die M\u00f6glichkeit, die Aktivit\u00e4t unserer .NET- und Java-Anwendungen zu \u00fcberpr\u00fcfen.<\/p>\n<\/div>\n<\/div>\n\n\n\n<div style=\"height:64px\" aria-hidden=\"true\" class=\"wp-block-spacer\"><\/div>\n\n\n\n<div class=\"wp-block-columns is-layout-flex wp-container-core-columns-is-layout-28f84493 wp-block-columns-is-layout-flex\">\n<div class=\"wp-block-column is-layout-flow wp-block-column-is-layout-flow\">\n<h3 class=\"wp-block-heading\">Anwendungszeiger validieren<\/h3>\n\n\n\n<p>Das System sammelt detaillierte Daten zu verbundenen Anwendungen, die einen \u00dcberblick \u00fcber jeden Indikator erm\u00f6glichen. Eine detaillierte und schnelle \u00dcberpr\u00fcfung der Anwendungsaktivit\u00e4t erm\u00f6glicht eine schnelle Reaktion.<\/p>\n<\/div>\n\n\n\n<div class=\"wp-block-column is-layout-flow wp-block-column-is-layout-flow\">\n<figure class=\"wp-block-image size-full\"><a href=\"http:\/\/www.soledpro.cz\/wp-content\/uploads\/2021\/10\/S24x7-8-1024x515-1.webp\"><img loading=\"lazy\" decoding=\"async\" width=\"1024\" height=\"515\" src=\"http:\/\/www.soledpro.cz\/wp-content\/uploads\/2021\/10\/S24x7-8-1024x515-1.webp\" alt=\"\" class=\"wp-image-931\" srcset=\"https:\/\/www.soledpro.cz\/wp-content\/uploads\/2021\/10\/S24x7-8-1024x515-1.webp 1024w, https:\/\/www.soledpro.cz\/wp-content\/uploads\/2021\/10\/S24x7-8-1024x515-1-300x151.webp 300w, https:\/\/www.soledpro.cz\/wp-content\/uploads\/2021\/10\/S24x7-8-1024x515-1-768x386.webp 768w\" sizes=\"(max-width: 1024px) 100vw, 1024px\" \/><\/a><\/figure>\n<\/div>\n<\/div>\n\n\n\n<div style=\"height:64px\" aria-hidden=\"true\" class=\"wp-block-spacer\"><\/div>\n\n\n\n<h3 class=\"has-text-align-center wp-block-heading\">Interessiert an Site24x7-kompatiblen Systemen?<\/h3>\n\n\n\n<p class=\"has-text-align-center\">ansehen<a href=\"https:\/\/www.soledpro.cz\/de\/kyberneticka-bezpecnost\/manage-engine\/produkty-itsm\/servicedesk-plus\/\"> das Helpdesk-System ServiceDesk Plus.<\/a><\/p>\n\n\n\n<div style=\"height:100px\" aria-hidden=\"true\" class=\"wp-block-spacer\"><\/div>","protected":false},"excerpt":{"rendered":"<p>Site24x7 komplexn\u00ed cloudov\u00e9 monitorovac\u00ed \u0159e\u0161en\u00ed, kter\u00e9 pom\u00e1h\u00e1 DevOps a IT t\u00fdm\u016fm monitorovat uptime a v\u00fdkonnost v\u0161ech aspekt\u016f IT infrastruktury. Slu\u017eby monitorov\u00e1n\u00ed zahrnuj\u00ed webov\u00e9 str\u00e1nky, virtu\u00e1ln\u00ed a lok\u00e1ln\u00ed servery, s\u00ed\u0165ov\u00e1 za\u0159\u00edzen\u00ed, aplikace a jin\u00e9. N\u00e1stroj na monitorov\u00e1n\u00ed webov\u00fdch a mobiln\u00edch aplikac\u00ed Site24x7 zaji\u0161\u0165uje reporty zalo\u017een\u00e9 na AI, podrobn\u00e9 zpr\u00e1vy v\u00fdkonnosti se n\u00e1stroji okam\u017eit\u00e9ho varov\u00e1n\u00ed, d\u00edky \u010demu\u017e [&hellip;]<\/p>","protected":false},"author":1,"featured_media":925,"parent":710,"menu_order":0,"comment_status":"closed","ping_status":"closed","template":"","meta":{"footnotes":""},"class_list":["post-924","page","type-page","status-publish","has-post-thumbnail","hentry"],"_links":{"self":[{"href":"https:\/\/www.soledpro.cz\/de\/wp-json\/wp\/v2\/pages\/924","targetHints":{"allow":["GET"]}}],"collection":[{"href":"https:\/\/www.soledpro.cz\/de\/wp-json\/wp\/v2\/pages"}],"about":[{"href":"https:\/\/www.soledpro.cz\/de\/wp-json\/wp\/v2\/types\/page"}],"author":[{"embeddable":true,"href":"https:\/\/www.soledpro.cz\/de\/wp-json\/wp\/v2\/users\/1"}],"replies":[{"embeddable":true,"href":"https:\/\/www.soledpro.cz\/de\/wp-json\/wp\/v2\/comments?post=924"}],"version-history":[{"count":1,"href":"https:\/\/www.soledpro.cz\/de\/wp-json\/wp\/v2\/pages\/924\/revisions"}],"predecessor-version":[{"id":932,"href":"https:\/\/www.soledpro.cz\/de\/wp-json\/wp\/v2\/pages\/924\/revisions\/932"}],"up":[{"embeddable":true,"href":"https:\/\/www.soledpro.cz\/de\/wp-json\/wp\/v2\/pages\/710"}],"wp:featuredmedia":[{"embeddable":true,"href":"https:\/\/www.soledpro.cz\/de\/wp-json\/wp\/v2\/media\/925"}],"wp:attachment":[{"href":"https:\/\/www.soledpro.cz\/de\/wp-json\/wp\/v2\/media?parent=924"}],"curies":[{"name":"wp","href":"https:\/\/api.w.org\/{rel}","templated":true}]}}