{"id":915,"date":"2021-10-30T15:18:46","date_gmt":"2021-10-30T13:18:46","guid":{"rendered":"http:\/\/www.soledpro.cz\/?page_id=915"},"modified":"2021-10-30T15:18:48","modified_gmt":"2021-10-30T13:18:48","slug":"oputils","status":"publish","type":"page","link":"https:\/\/www.soledpro.cz\/de\/kyberneticka-bezpecnost\/manage-engine\/produkty-monitoring-it\/oputils\/","title":{"rendered":"OpUtils"},"content":{"rendered":"<h3 class=\"wp-block-heading\">OpUtils ist eine IP-Adress- und Switch-Port-Verwaltungssoftware, die Technikern dabei hilft, IT-Ressourcen effektiv zu \u00fcberwachen, zu diagnostizieren und Fehler zu beheben.<\/h3>\n\n\n\n<p>OpUtils erg\u00e4nzt bestehende Verwaltungstools durch Problemerkennung und Echtzeit\u00fcberwachung. Es erleichtert Netzwerktechnikern die Verwaltung von Switches und IP-Adressraum. Dank der integrierten Tools ist es in der Lage, bei vielen Netzwerkaufgaben zu helfen, wie etwa der Erkennung von Eindringlingen, der \u00dcberpr\u00fcfung der Internetbandbreitennutzung, der \u00dcberwachung der Verf\u00fcgbarkeit wichtiger Ger\u00e4te und der Erstellung von Sicherungskopien von Cisco-Ger\u00e4ten. Der Zugriff auf das Tool erfolgt \u00fcber eine einzige Weboberfl\u00e4che, wodurch wir immer schnellen Zugriff auf unsere Umgebung haben.<\/p>\n\n\n\n<div style=\"height:64px\" aria-hidden=\"true\" class=\"wp-block-spacer\"><\/div>\n\n\n\n<h2 class=\"wp-block-heading\">VORTEILE<\/h2>\n\n\n\n<ul class=\"wp-block-list\"><li>Verwaltung und Scannen von IPv4- und IPv6-Subnetzen zur Identifizierung verf\u00fcgbarer und verwendeter IP-Adressen<\/li><li>Verwaltung von Switch-Ports<\/li><li>Erkennung unerw\u00fcnschter Ger\u00e4te und Sperrung ihres Zugriffs<\/li><li>\u00dcberwachung und Berichterstattung der Netzwerkbandbreitennutzung<\/li><li>erleichtert die Arbeit von Netzwerktechnikern durch die \u00dcberwachung von Switches und IP-Adressraum<\/li><li>Netzwerk\u00fcberwachung und -scannen<\/li><\/ul>\n\n\n\n<div style=\"height:64px\" aria-hidden=\"true\" class=\"wp-block-spacer\"><\/div>\n\n\n\n<h2 class=\"wp-block-heading\">MERKMALE<\/h2>\n\n\n\n<div class=\"wp-block-columns is-layout-flex wp-container-core-columns-is-layout-28f84493 wp-block-columns-is-layout-flex\">\n<div class=\"wp-block-column is-layout-flow wp-block-column-is-layout-flow\">\n<h3 class=\"wp-block-heading\">Verwaltung der IP-Adressierung in der Organisation<\/h3>\n\n\n\n<p>Die Software zur Verwaltung von IP-Adressen und Switch-Ports OpUtils erm\u00f6glicht die \u00dcberpr\u00fcfung des Netzwerks und der darin befindlichen Ger\u00e4te mithilfe anspruchsvoller Vorschauen. Sie erm\u00f6glichen eine gr\u00fcndliche Inspektion jedes Elements, ohne dass eine manuelle \u00dcberpr\u00fcfung erforderlich ist<\/p>\n<\/div>\n\n\n\n<div class=\"wp-block-column is-layout-flow wp-block-column-is-layout-flow\">\n<figure class=\"wp-block-image size-full\"><a href=\"http:\/\/www.soledpro.cz\/wp-content\/uploads\/2021\/10\/OPU1-1024x515-1.webp\"><img fetchpriority=\"high\" decoding=\"async\" width=\"1024\" height=\"515\" src=\"http:\/\/www.soledpro.cz\/wp-content\/uploads\/2021\/10\/OPU1-1024x515-1.webp\" alt=\"\" class=\"wp-image-916\" srcset=\"https:\/\/www.soledpro.cz\/wp-content\/uploads\/2021\/10\/OPU1-1024x515-1.webp 1024w, https:\/\/www.soledpro.cz\/wp-content\/uploads\/2021\/10\/OPU1-1024x515-1-300x151.webp 300w, https:\/\/www.soledpro.cz\/wp-content\/uploads\/2021\/10\/OPU1-1024x515-1-768x386.webp 768w\" sizes=\"(max-width: 1024px) 100vw, 1024px\" \/><\/a><\/figure>\n<\/div>\n<\/div>\n\n\n\n<div style=\"height:64px\" aria-hidden=\"true\" class=\"wp-block-spacer\"><\/div>\n\n\n\n<div class=\"wp-block-columns is-layout-flex wp-container-core-columns-is-layout-28f84493 wp-block-columns-is-layout-flex\">\n<div class=\"wp-block-column is-layout-flow wp-block-column-is-layout-flow\">\n<figure class=\"wp-block-image size-full\"><a href=\"http:\/\/www.soledpro.cz\/wp-content\/uploads\/2021\/10\/OPU2-1024x515-1.webp\"><img decoding=\"async\" width=\"1024\" height=\"515\" src=\"http:\/\/www.soledpro.cz\/wp-content\/uploads\/2021\/10\/OPU2-1024x515-1.webp\" alt=\"\" class=\"wp-image-917\" srcset=\"https:\/\/www.soledpro.cz\/wp-content\/uploads\/2021\/10\/OPU2-1024x515-1.webp 1024w, https:\/\/www.soledpro.cz\/wp-content\/uploads\/2021\/10\/OPU2-1024x515-1-300x151.webp 300w, https:\/\/www.soledpro.cz\/wp-content\/uploads\/2021\/10\/OPU2-1024x515-1-768x386.webp 768w\" sizes=\"(max-width: 1024px) 100vw, 1024px\" \/><\/a><\/figure>\n<\/div>\n\n\n\n<div class=\"wp-block-column is-layout-flow wp-block-column-is-layout-flow\">\n<h3 class=\"wp-block-heading\">Steuern Sie zugewiesene IP-Adressen von einem Ort aus<\/h3>\n\n\n\n<p>OpUtils scannt das gesamte Netzwerk in festgelegten Zeitintervallen und stellt so sicher, dass wir immer alles \u00fcber die aktuelle Situation wissen. Das System erm\u00f6glicht das Scannen mehrerer Netzwerke, wodurch auch jedes Subnetz zusammen mit jedem Ger\u00e4t \u00fcberpr\u00fcft werden kann. Au\u00dferdem k\u00f6nnen Sie IP-Adressen als belegt, frei oder reserviert markieren.<\/p>\n<\/div>\n<\/div>\n\n\n\n<div style=\"height:64px\" aria-hidden=\"true\" class=\"wp-block-spacer\"><\/div>\n\n\n\n<div class=\"wp-block-columns is-layout-flex wp-container-core-columns-is-layout-28f84493 wp-block-columns-is-layout-flex\">\n<div class=\"wp-block-column is-layout-flow wp-block-column-is-layout-flow\">\n<h3 class=\"wp-block-heading\">\u00dcberpr\u00fcfung des Subnetzes und der zugewiesenen IP-Adressen<\/h3>\n\n\n\n<p>Mit OpUtils k\u00f6nnen Sie jedes Subnetz \u00fcberpr\u00fcfen und detaillierte Informationen zu jedem einzelnen erhalten. Es gibt einen \u00dcberblick dar\u00fcber, wie stark das Netzwerk in der Organisation genutzt wird und wie viele freie IP-Adressen noch \u00fcbrig sind. Die Anwendung verwendet au\u00dferdem DHCP-Server, wodurch sie alle Daten an einem Ort im Blick hat.<\/p>\n<\/div>\n\n\n\n<div class=\"wp-block-column is-layout-flow wp-block-column-is-layout-flow\">\n<figure class=\"wp-block-image size-full\"><a href=\"http:\/\/www.soledpro.cz\/wp-content\/uploads\/2021\/10\/OPU3-1024x515-1.webp\"><img decoding=\"async\" width=\"1024\" height=\"515\" src=\"http:\/\/www.soledpro.cz\/wp-content\/uploads\/2021\/10\/OPU3-1024x515-1.webp\" alt=\"\" class=\"wp-image-918\" srcset=\"https:\/\/www.soledpro.cz\/wp-content\/uploads\/2021\/10\/OPU3-1024x515-1.webp 1024w, https:\/\/www.soledpro.cz\/wp-content\/uploads\/2021\/10\/OPU3-1024x515-1-300x151.webp 300w, https:\/\/www.soledpro.cz\/wp-content\/uploads\/2021\/10\/OPU3-1024x515-1-768x386.webp 768w\" sizes=\"(max-width: 1024px) 100vw, 1024px\" \/><\/a><\/figure>\n<\/div>\n<\/div>\n\n\n\n<div style=\"height:64px\" aria-hidden=\"true\" class=\"wp-block-spacer\"><\/div>\n\n\n\n<div class=\"wp-block-columns is-layout-flex wp-container-core-columns-is-layout-28f84493 wp-block-columns-is-layout-flex\">\n<div class=\"wp-block-column is-layout-flow wp-block-column-is-layout-flow\">\n<figure class=\"wp-block-image size-full\"><a href=\"http:\/\/www.soledpro.cz\/wp-content\/uploads\/2021\/10\/OPU4-1024x515-1.webp\"><img loading=\"lazy\" decoding=\"async\" width=\"1024\" height=\"515\" src=\"http:\/\/www.soledpro.cz\/wp-content\/uploads\/2021\/10\/OPU4-1024x515-1.webp\" alt=\"\" class=\"wp-image-919\" srcset=\"https:\/\/www.soledpro.cz\/wp-content\/uploads\/2021\/10\/OPU4-1024x515-1.webp 1024w, https:\/\/www.soledpro.cz\/wp-content\/uploads\/2021\/10\/OPU4-1024x515-1-300x151.webp 300w, https:\/\/www.soledpro.cz\/wp-content\/uploads\/2021\/10\/OPU4-1024x515-1-768x386.webp 768w\" sizes=\"(max-width: 1024px) 100vw, 1024px\" \/><\/a><\/figure>\n<\/div>\n\n\n\n<div class=\"wp-block-column is-layout-flow wp-block-column-is-layout-flow\">\n<h3 class=\"wp-block-heading\">Analyse der an Ihre Switches angeschlossenen Ger\u00e4te<\/h3>\n\n\n\n<p>Mit dem OpUtils-Tool k\u00f6nnen Sie anzeigen, mit welchem \u200b\u200bspezifischen Switch ein bestimmtes Ger\u00e4t verbunden ist. Dank dieser Systemfunktion m\u00fcssen wir uns nicht merken oder markieren, wo die Ger\u00e4te angeschlossen sind, denn OpUtils k\u00fcmmert sich um die Analyse dieser Verbindungen und stellt sie in ebenso leicht lesbaren Tabellen dar.<\/p>\n<\/div>\n<\/div>\n\n\n\n<div style=\"height:64px\" aria-hidden=\"true\" class=\"wp-block-spacer\"><\/div>\n\n\n\n<div class=\"wp-block-columns is-layout-flex wp-container-core-columns-is-layout-28f84493 wp-block-columns-is-layout-flex\">\n<div class=\"wp-block-column is-layout-flow wp-block-column-is-layout-flow\">\n<h3 class=\"wp-block-heading\">Erkennung nicht autorisierter Ger\u00e4te im Netzwerk<\/h3>\n\n\n\n<p>Indem OpUtils wei\u00df, welche Ger\u00e4te im Netzwerk zugelassen sind, kann es uns auch Informationen \u00fcber alle Ger\u00e4te geben, die nicht im Netzwerk sein sollten. Au\u00dferdem wird dar\u00fcber informiert, wann sie ver\u00f6ffentlicht wurden und von welchem \u200b\u200bHersteller sie stammten.<\/p>\n<\/div>\n\n\n\n<div class=\"wp-block-column is-layout-flow wp-block-column-is-layout-flow\">\n<figure class=\"wp-block-image size-full\"><a href=\"http:\/\/www.soledpro.cz\/wp-content\/uploads\/2021\/10\/OPU5-1024x515-1.webp\"><img loading=\"lazy\" decoding=\"async\" width=\"1024\" height=\"515\" src=\"http:\/\/www.soledpro.cz\/wp-content\/uploads\/2021\/10\/OPU5-1024x515-1.webp\" alt=\"\" class=\"wp-image-920\" srcset=\"https:\/\/www.soledpro.cz\/wp-content\/uploads\/2021\/10\/OPU5-1024x515-1.webp 1024w, https:\/\/www.soledpro.cz\/wp-content\/uploads\/2021\/10\/OPU5-1024x515-1-300x151.webp 300w, https:\/\/www.soledpro.cz\/wp-content\/uploads\/2021\/10\/OPU5-1024x515-1-768x386.webp 768w\" sizes=\"(max-width: 1024px) 100vw, 1024px\" \/><\/a><\/figure>\n<\/div>\n<\/div>\n\n\n\n<div style=\"height:64px\" aria-hidden=\"true\" class=\"wp-block-spacer\"><\/div>\n\n\n\n<div class=\"wp-block-columns is-layout-flex wp-container-core-columns-is-layout-28f84493 wp-block-columns-is-layout-flex\">\n<div class=\"wp-block-column is-layout-flow wp-block-column-is-layout-flow\">\n<figure class=\"wp-block-image size-full\"><a href=\"http:\/\/www.soledpro.cz\/wp-content\/uploads\/2021\/10\/OPU6-1024x515-1.webp\"><img loading=\"lazy\" decoding=\"async\" width=\"1024\" height=\"515\" src=\"http:\/\/www.soledpro.cz\/wp-content\/uploads\/2021\/10\/OPU6-1024x515-1.webp\" alt=\"\" class=\"wp-image-921\" srcset=\"https:\/\/www.soledpro.cz\/wp-content\/uploads\/2021\/10\/OPU6-1024x515-1.webp 1024w, https:\/\/www.soledpro.cz\/wp-content\/uploads\/2021\/10\/OPU6-1024x515-1-300x151.webp 300w, https:\/\/www.soledpro.cz\/wp-content\/uploads\/2021\/10\/OPU6-1024x515-1-768x386.webp 768w\" sizes=\"(max-width: 1024px) 100vw, 1024px\" \/><\/a><\/figure>\n<\/div>\n\n\n\n<div class=\"wp-block-column is-layout-flow wp-block-column-is-layout-flow\">\n<h3 class=\"wp-block-heading\">Benachrichtigung \u00fcber Probleme in der Infrastruktur in Echtzeit<\/h3>\n\n\n\n<p>Das System verf\u00fcgt \u00fcber eine Echtzeit-Alarmfunktion. Jedes im Netzwerk auftretende Ereignis, beginnend mit dem Ausbleiben einer Antwort des jeweiligen Ger\u00e4ts bis hin zu einer falschen IP-Adresse, wird nach Durchf\u00fchrung einer Reserve-DNS-Suche in Form einer Nachricht an uns weitergeleitet. OpUtils benachrichtigt au\u00dferdem, welcher Switch gerade ausgefallen ist, und erm\u00f6glicht so eine schnelle Reaktion im Fehlerfall.<\/p>\n<\/div>\n<\/div>\n\n\n\n<div style=\"height:64px\" aria-hidden=\"true\" class=\"wp-block-spacer\"><\/div>\n\n\n\n<div class=\"wp-block-columns is-layout-flex wp-container-core-columns-is-layout-28f84493 wp-block-columns-is-layout-flex\">\n<div class=\"wp-block-column is-layout-flow wp-block-column-is-layout-flow\">\n<h3 class=\"wp-block-heading\">Netzwerktests mit integrierten Tools<\/h3>\n\n\n\n<p>Die OpUtils-L\u00f6sung verf\u00fcgt \u00fcber eine Reihe integrierter Tools, die f\u00fcr jeden Administrator geeignet sind. Auf der Ebene der grafischen Oberfl\u00e4che k\u00f6nnen wir beispielsweise die Verf\u00fcgbarkeit des Ger\u00e4ts abfragen, seine Routen im Netzwerk ermitteln, das CLI abfragen und Antworten auf bestimmten Ports \u00fcberpr\u00fcfen.<\/p>\n<\/div>\n\n\n\n<div class=\"wp-block-column is-layout-flow wp-block-column-is-layout-flow\">\n<figure class=\"wp-block-image size-full\"><a href=\"http:\/\/www.soledpro.cz\/wp-content\/uploads\/2021\/10\/OPU7-1024x515-1.webp\"><img loading=\"lazy\" decoding=\"async\" width=\"1024\" height=\"515\" src=\"http:\/\/www.soledpro.cz\/wp-content\/uploads\/2021\/10\/OPU7-1024x515-1.webp\" alt=\"\" class=\"wp-image-922\" srcset=\"https:\/\/www.soledpro.cz\/wp-content\/uploads\/2021\/10\/OPU7-1024x515-1.webp 1024w, https:\/\/www.soledpro.cz\/wp-content\/uploads\/2021\/10\/OPU7-1024x515-1-300x151.webp 300w, https:\/\/www.soledpro.cz\/wp-content\/uploads\/2021\/10\/OPU7-1024x515-1-768x386.webp 768w\" sizes=\"(max-width: 1024px) 100vw, 1024px\" \/><\/a><\/figure>\n<\/div>\n<\/div>\n\n\n\n<div style=\"height:64px\" aria-hidden=\"true\" class=\"wp-block-spacer\"><\/div>\n\n\n\n<h3 class=\"has-text-align-center wp-block-heading\">Interessiert an OpUtils-kompatiblen Systemen?<\/h3>\n\n\n\n<p class=\"has-text-align-center\">Sehen Sie sich das an:<\/p>\n\n\n\n<h4 class=\"has-text-align-center wp-block-heading\">System zur \u00dcberwachung von IT-Ressourcen OpManager,<\/h4>\n\n\n\n<h4 class=\"has-text-align-center wp-block-heading\">Netzwerkverkehrs\u00fcberwachungstool NetFlow Analyzer.<\/h4>\n\n\n\n<div style=\"height:100px\" aria-hidden=\"true\" class=\"wp-block-spacer\"><\/div>","protected":false},"excerpt":{"rendered":"<p>OpUtils je software ke spr\u00e1v\u011b IP adres a switch port\u016f, jeho\u017e c\u00edlem je pomoci technik\u016fm s efektivn\u00edm monitorov\u00e1n\u00edm, diagnostikou a \u0159e\u0161en\u00edm probl\u00e9m\u016f s IT zdroji. OpUtils dopl\u0148uje st\u00e1vaj\u00edc\u00ed n\u00e1stroje ke spr\u00e1v\u011b s funkc\u00ed odhalov\u00e1n\u00ed probl\u00e9m\u016f a monitorov\u00e1n\u00ed v re\u00e1ln\u00e9m \u010dase. Usnad\u0148uje s\u00ed\u0165ov\u00fdm in\u017een\u00fdr\u016fm spr\u00e1vu switch\u016f a prostoru IP adres. D\u00edky zabudovan\u00fdm n\u00e1stroj\u016fm je schopen pomoci [&hellip;]<\/p>","protected":false},"author":1,"featured_media":916,"parent":710,"menu_order":0,"comment_status":"closed","ping_status":"closed","template":"","meta":{"footnotes":""},"class_list":["post-915","page","type-page","status-publish","has-post-thumbnail","hentry"],"_links":{"self":[{"href":"https:\/\/www.soledpro.cz\/de\/wp-json\/wp\/v2\/pages\/915","targetHints":{"allow":["GET"]}}],"collection":[{"href":"https:\/\/www.soledpro.cz\/de\/wp-json\/wp\/v2\/pages"}],"about":[{"href":"https:\/\/www.soledpro.cz\/de\/wp-json\/wp\/v2\/types\/page"}],"author":[{"embeddable":true,"href":"https:\/\/www.soledpro.cz\/de\/wp-json\/wp\/v2\/users\/1"}],"replies":[{"embeddable":true,"href":"https:\/\/www.soledpro.cz\/de\/wp-json\/wp\/v2\/comments?post=915"}],"version-history":[{"count":1,"href":"https:\/\/www.soledpro.cz\/de\/wp-json\/wp\/v2\/pages\/915\/revisions"}],"predecessor-version":[{"id":923,"href":"https:\/\/www.soledpro.cz\/de\/wp-json\/wp\/v2\/pages\/915\/revisions\/923"}],"up":[{"embeddable":true,"href":"https:\/\/www.soledpro.cz\/de\/wp-json\/wp\/v2\/pages\/710"}],"wp:featuredmedia":[{"embeddable":true,"href":"https:\/\/www.soledpro.cz\/de\/wp-json\/wp\/v2\/media\/916"}],"wp:attachment":[{"href":"https:\/\/www.soledpro.cz\/de\/wp-json\/wp\/v2\/media?parent=915"}],"curies":[{"name":"wp","href":"https:\/\/api.w.org\/{rel}","templated":true}]}}