{"id":905,"date":"2021-10-30T15:10:32","date_gmt":"2021-10-30T13:10:32","guid":{"rendered":"http:\/\/www.soledpro.cz\/?page_id=905"},"modified":"2021-10-30T15:10:33","modified_gmt":"2021-10-30T13:10:33","slug":"opmanager","status":"publish","type":"page","link":"https:\/\/www.soledpro.cz\/de\/kyberneticka-bezpecnost\/manage-engine\/produkty-monitoring-it\/opmanager\/","title":{"rendered":"OpManager"},"content":{"rendered":"<h3 class=\"wp-block-heading\">OpManager ist eine einfache L\u00f6sung zur \u00dcberwachung der Hardwareschicht der IT-Infrastruktur.<\/h3>\n\n\n\n<p>OpManager \u00fcberwacht Netzwerkger\u00e4te wie Router, Switches, Firewalls, WLAN-Controller, Server, virtuelle Maschinen, Drucker, Massenspeicherger\u00e4te und alles, was eine IP-Adresse hat und \u00fcber TCP\/IP-Protokolle mit dem Netzwerk verbunden ist. OpManager \u00fcberwacht kontinuierlich das Netzwerk und bietet umfassende Transparenz und Kontrolle dar\u00fcber. Im Fehlerfall kann die Ursache einfach gefunden und behoben werden, bevor sie den Betrieb der Infrastruktur beeintr\u00e4chtigt. Das System \u00fcberwacht die Anlage in Echtzeit und informiert \u00fcber alle St\u00f6rungen und Ungenauigkeiten. OPManager erm\u00f6glicht au\u00dferdem eine gr\u00fcndliche \u00dcberwachung vieler Parameter wie Festplattenf\u00fclle, CPU-Auslastung, RAM und viele andere. Das System verf\u00fcgt au\u00dferdem \u00fcber ein Repository mit integrierten Vorlagen f\u00fcr viele Ger\u00e4te, was einen schnellen Prozess zum Starten der \u00dcberwachung von Ereignissen erm\u00f6glicht.<\/p>\n\n\n\n<div style=\"height:64px\" aria-hidden=\"true\" class=\"wp-block-spacer\"><\/div>\n\n\n\n<h2 class=\"wp-block-heading\">VORTEILE<\/h2>\n\n\n\n<ul class=\"wp-block-list\"><li>Echtzeit\u00fcberwachung der IT-Infrastruktur<\/li><li>gr\u00fcndliche Analyse und Pr\u00fcfung der Parameter der IT-Infrastruktur<\/li><li>Personalisierung von Panels und Vorschauen<\/li><li>Bereitstellung von Informationen \u00fcber Grenzwert\u00fcberschreitungen in Echtzeit<\/li><li>die F\u00e4higkeit, Schl\u00fcsselindikatoren zu \u00fcberwachen, um Netzwerkprobleme zu beseitigen<\/li><li>\u00dcberwachung der Leistung von Hosting und virtuellen Maschinen<\/li><\/ul>\n\n\n\n<div style=\"height:64px\" aria-hidden=\"true\" class=\"wp-block-spacer\"><\/div>\n\n\n\n<h2 class=\"wp-block-heading\">MERKMALE<\/h2>\n\n\n\n<div class=\"wp-block-columns is-layout-flex wp-container-core-columns-is-layout-28f84493 wp-block-columns-is-layout-flex\">\n<div class=\"wp-block-column is-layout-flow wp-block-column-is-layout-flow\">\n<h3 class=\"wp-block-heading\">Windows Server-\u00dcberwachung<\/h3>\n\n\n\n<p>OpManager erm\u00f6glicht die \u00dcberwachung aller Windows-Ger\u00e4te zusammen mit ihren jeweiligen Metriken \u00fcber das WMI- oder SNMP-Protokoll. Das System erm\u00f6glicht die \u00dcberpr\u00fcfung aller Werte, die der Administrator ben\u00f6tigt, und erm\u00f6glicht die Sicherstellung des angemessenen Zustands des gesamten Ger\u00e4ts.<\/p>\n<\/div>\n\n\n\n<div class=\"wp-block-column is-layout-flow wp-block-column-is-layout-flow\">\n<figure class=\"wp-block-image size-full\"><a href=\"http:\/\/www.soledpro.cz\/wp-content\/uploads\/2021\/10\/OPM1-1024x515-1.webp\"><img fetchpriority=\"high\" decoding=\"async\" width=\"1024\" height=\"515\" src=\"http:\/\/www.soledpro.cz\/wp-content\/uploads\/2021\/10\/OPM1-1024x515-1.webp\" alt=\"\" class=\"wp-image-906\" srcset=\"https:\/\/www.soledpro.cz\/wp-content\/uploads\/2021\/10\/OPM1-1024x515-1.webp 1024w, https:\/\/www.soledpro.cz\/wp-content\/uploads\/2021\/10\/OPM1-1024x515-1-300x151.webp 300w, https:\/\/www.soledpro.cz\/wp-content\/uploads\/2021\/10\/OPM1-1024x515-1-768x386.webp 768w\" sizes=\"(max-width: 1024px) 100vw, 1024px\" \/><\/a><\/figure>\n<\/div>\n<\/div>\n\n\n\n<div style=\"height:64px\" aria-hidden=\"true\" class=\"wp-block-spacer\"><\/div>\n\n\n\n<div class=\"wp-block-columns is-layout-flex wp-container-core-columns-is-layout-28f84493 wp-block-columns-is-layout-flex\">\n<div class=\"wp-block-column is-layout-flow wp-block-column-is-layout-flow\">\n<figure class=\"wp-block-image size-full\"><a href=\"http:\/\/www.soledpro.cz\/wp-content\/uploads\/2021\/10\/OPM2-1024x515-1.webp\"><img decoding=\"async\" width=\"1024\" height=\"515\" src=\"http:\/\/www.soledpro.cz\/wp-content\/uploads\/2021\/10\/OPM2-1024x515-1.webp\" alt=\"\" class=\"wp-image-907\" srcset=\"https:\/\/www.soledpro.cz\/wp-content\/uploads\/2021\/10\/OPM2-1024x515-1.webp 1024w, https:\/\/www.soledpro.cz\/wp-content\/uploads\/2021\/10\/OPM2-1024x515-1-300x151.webp 300w, https:\/\/www.soledpro.cz\/wp-content\/uploads\/2021\/10\/OPM2-1024x515-1-768x386.webp 768w\" sizes=\"(max-width: 1024px) 100vw, 1024px\" \/><\/a><\/figure>\n<\/div>\n\n\n\n<div class=\"wp-block-column is-layout-flow wp-block-column-is-layout-flow\">\n<h3 class=\"wp-block-heading\">\u00dcberwachung aller Linux-Server<\/h3>\n\n\n\n<p>Das Tool zur \u00dcberwachung von Netzwerkger\u00e4ten OpManager erm\u00f6glicht die \u00dcberwachung von Systemen, die auf der Linux-Plattform laufen, und erm\u00f6glicht so die \u00dcberpr\u00fcfung des Betriebs der gesamten Netzwerkumgebung. Das System fragt ausgew\u00e4hlte Metriken per SNMP ab und erm\u00f6glicht Ihnen die Festlegung geeigneter Schwellenwerte f\u00fcr ausgew\u00e4hlte Parameter.&nbsp;<\/p>\n<\/div>\n<\/div>\n\n\n\n<div style=\"height:64px\" aria-hidden=\"true\" class=\"wp-block-spacer\"><\/div>\n\n\n\n<div class=\"wp-block-columns is-layout-flex wp-container-core-columns-is-layout-28f84493 wp-block-columns-is-layout-flex\">\n<div class=\"wp-block-column is-layout-flow wp-block-column-is-layout-flow\">\n<h3 class=\"wp-block-heading\">\u00dcberpr\u00fcfen der Aktivit\u00e4t von Netzwerkger\u00e4ten<\/h3>\n\n\n\n<p>Das Tool unterst\u00fctzt viele Netzwerkger\u00e4te mithilfe einer gro\u00dfen Anzahl voreingestellter Vorlagen. Dank SNMP kann das Tool die meisten Netzwerkger\u00e4te \u00fcberwachen. OpManager \u00fcberpr\u00fcft wesentliche Parameter, dank derer wir mit der Analyse der Aktivit\u00e4t unseres Netzwerks beginnen k\u00f6nnen.<\/p>\n<\/div>\n\n\n\n<div class=\"wp-block-column is-layout-flow wp-block-column-is-layout-flow\">\n<figure class=\"wp-block-image size-full\"><a href=\"http:\/\/www.soledpro.cz\/wp-content\/uploads\/2021\/10\/OPM3-1024x515-1.webp\"><img decoding=\"async\" width=\"1024\" height=\"515\" src=\"http:\/\/www.soledpro.cz\/wp-content\/uploads\/2021\/10\/OPM3-1024x515-1.webp\" alt=\"\" class=\"wp-image-908\" srcset=\"https:\/\/www.soledpro.cz\/wp-content\/uploads\/2021\/10\/OPM3-1024x515-1.webp 1024w, https:\/\/www.soledpro.cz\/wp-content\/uploads\/2021\/10\/OPM3-1024x515-1-300x151.webp 300w, https:\/\/www.soledpro.cz\/wp-content\/uploads\/2021\/10\/OPM3-1024x515-1-768x386.webp 768w\" sizes=\"(max-width: 1024px) 100vw, 1024px\" \/><\/a><\/figure>\n<\/div>\n<\/div>\n\n\n\n<div style=\"height:64px\" aria-hidden=\"true\" class=\"wp-block-spacer\"><\/div>\n\n\n\n<div class=\"wp-block-columns is-layout-flex wp-container-core-columns-is-layout-28f84493 wp-block-columns-is-layout-flex\">\n<div class=\"wp-block-column is-layout-flow wp-block-column-is-layout-flow\">\n<figure class=\"wp-block-image size-full\"><a href=\"http:\/\/www.soledpro.cz\/wp-content\/uploads\/2021\/10\/OPM4-1024x515-1.webp\"><img loading=\"lazy\" decoding=\"async\" width=\"1024\" height=\"515\" src=\"http:\/\/www.soledpro.cz\/wp-content\/uploads\/2021\/10\/OPM4-1024x515-1.webp\" alt=\"\" class=\"wp-image-909\" srcset=\"https:\/\/www.soledpro.cz\/wp-content\/uploads\/2021\/10\/OPM4-1024x515-1.webp 1024w, https:\/\/www.soledpro.cz\/wp-content\/uploads\/2021\/10\/OPM4-1024x515-1-300x151.webp 300w, https:\/\/www.soledpro.cz\/wp-content\/uploads\/2021\/10\/OPM4-1024x515-1-768x386.webp 768w\" sizes=\"(max-width: 1024px) 100vw, 1024px\" \/><\/a><\/figure>\n<\/div>\n\n\n\n<div class=\"wp-block-column is-layout-flow wp-block-column-is-layout-flow\">\n<h3 class=\"wp-block-heading\">\u00dcberwachung der Aktivit\u00e4ten von Virtualisierungsservern<\/h3>\n\n\n\n<p>Die \u00dcberwachung von Maschinen, die Betriebssysteme virtualisieren, ist ein wichtiger Teil der Arbeit eines jeden Administrators. Das Tool zur \u00dcberwachung von Netzwerkger\u00e4ten OpManager erm\u00f6glicht die kontinuierliche \u00dcberwachung dieser Hostings und der ihnen unterworfenen virtuellen Server sowie eine \u00dcberpr\u00fcfung der Metriken beider Systeme und deren Darstellung in einer benutzerfreundlichen grafischen Oberfl\u00e4che.<\/p>\n<\/div>\n<\/div>\n\n\n\n<div style=\"height:64px\" aria-hidden=\"true\" class=\"wp-block-spacer\"><\/div>\n\n\n\n<div class=\"wp-block-columns is-layout-flex wp-container-core-columns-is-layout-28f84493 wp-block-columns-is-layout-flex\">\n<div class=\"wp-block-column is-layout-flow wp-block-column-is-layout-flow\">\n<h3 class=\"wp-block-heading\">Benachrichtigung \u00fcber Probleme in Echtzeit<\/h3>\n\n\n\n<p>Das System verf\u00fcgt \u00fcber ein integriertes Alarmmodul, das im Falle einer Anomalie eine Benachrichtigung sendet. Durch die Definition geeigneter Schwellenwerte kann bei \u00dcberschreitung eine sofortige Benachrichtigung erfolgen.<\/p>\n<\/div>\n\n\n\n<div class=\"wp-block-column is-layout-flow wp-block-column-is-layout-flow\">\n<figure class=\"wp-block-image size-full\"><a href=\"http:\/\/www.soledpro.cz\/wp-content\/uploads\/2021\/10\/OPM5-1024x515-1.webp\"><img loading=\"lazy\" decoding=\"async\" width=\"1024\" height=\"515\" src=\"http:\/\/www.soledpro.cz\/wp-content\/uploads\/2021\/10\/OPM5-1024x515-1.webp\" alt=\"\" class=\"wp-image-910\" srcset=\"https:\/\/www.soledpro.cz\/wp-content\/uploads\/2021\/10\/OPM5-1024x515-1.webp 1024w, https:\/\/www.soledpro.cz\/wp-content\/uploads\/2021\/10\/OPM5-1024x515-1-300x151.webp 300w, https:\/\/www.soledpro.cz\/wp-content\/uploads\/2021\/10\/OPM5-1024x515-1-768x386.webp 768w\" sizes=\"(max-width: 1024px) 100vw, 1024px\" \/><\/a><\/figure>\n<\/div>\n<\/div>\n\n\n\n<div style=\"height:64px\" aria-hidden=\"true\" class=\"wp-block-spacer\"><\/div>\n\n\n\n<div class=\"wp-block-columns is-layout-flex wp-container-core-columns-is-layout-28f84493 wp-block-columns-is-layout-flex\">\n<div class=\"wp-block-column is-layout-flow wp-block-column-is-layout-flow\">\n<figure class=\"wp-block-image size-full\"><a href=\"http:\/\/www.soledpro.cz\/wp-content\/uploads\/2021\/10\/OPM6-1024x515-1.webp\"><img loading=\"lazy\" decoding=\"async\" width=\"1024\" height=\"515\" src=\"http:\/\/www.soledpro.cz\/wp-content\/uploads\/2021\/10\/OPM6-1024x515-1.webp\" alt=\"\" class=\"wp-image-911\" srcset=\"https:\/\/www.soledpro.cz\/wp-content\/uploads\/2021\/10\/OPM6-1024x515-1.webp 1024w, https:\/\/www.soledpro.cz\/wp-content\/uploads\/2021\/10\/OPM6-1024x515-1-300x151.webp 300w, https:\/\/www.soledpro.cz\/wp-content\/uploads\/2021\/10\/OPM6-1024x515-1-768x386.webp 768w\" sizes=\"(max-width: 1024px) 100vw, 1024px\" \/><\/a><\/figure>\n<\/div>\n\n\n\n<div class=\"wp-block-column is-layout-flow wp-block-column-is-layout-flow\">\n<h3 class=\"wp-block-heading\">Erstellung von Gesch\u00e4ftsansichten \u00fcber das gesamte Umfeld<\/h3>\n\n\n\n<p>OpManager verf\u00fcgt \u00fcber ein Modul zur Visualisierung der Umgebung, das die Erstellung einer Karte mit einer \u00dcbersicht aller Ger\u00e4te erm\u00f6glicht. Dar\u00fcber hinaus erm\u00f6glicht es die Markierung der Verbindung zwischen den jeweiligen Ger\u00e4ten sowie die Darstellung ihrer Verf\u00fcgbarkeit und die Statistik ihrer Netzwerkschnittstellen. Gesch\u00e4ftsansichten erleichtern die Anzeige der Umgebung bei der Suche nach einem Fehler.<\/p>\n<\/div>\n<\/div>\n\n\n\n<div style=\"height:64px\" aria-hidden=\"true\" class=\"wp-block-spacer\"><\/div>\n\n\n\n<div class=\"wp-block-columns is-layout-flex wp-container-core-columns-is-layout-28f84493 wp-block-columns-is-layout-flex\">\n<div class=\"wp-block-column is-layout-flow wp-block-column-is-layout-flow\">\n<h3 class=\"wp-block-heading\">Integriertes Tool zum Erstellen einer Vorschau des Serverraums<\/h3>\n\n\n\n<p>Das System kann eine Vorschau des Serverraums mit allen Elementen des gesamten Raums anzeigen. Mit wenigen Klicks k\u00f6nnen wir das Aussehen unseres Serverraums und den Standort der entsprechenden Hardware simulieren. Die Darstellung der Daten in dieser Form hilft, ein defektes Ger\u00e4t schnell zu lokalisieren.<\/p>\n<\/div>\n\n\n\n<div class=\"wp-block-column is-layout-flow wp-block-column-is-layout-flow\">\n<figure class=\"wp-block-image size-full\"><a href=\"http:\/\/www.soledpro.cz\/wp-content\/uploads\/2021\/10\/OPM7-1024x515-1.webp\"><img loading=\"lazy\" decoding=\"async\" width=\"1024\" height=\"515\" src=\"http:\/\/www.soledpro.cz\/wp-content\/uploads\/2021\/10\/OPM7-1024x515-1.webp\" alt=\"\" class=\"wp-image-912\" srcset=\"https:\/\/www.soledpro.cz\/wp-content\/uploads\/2021\/10\/OPM7-1024x515-1.webp 1024w, https:\/\/www.soledpro.cz\/wp-content\/uploads\/2021\/10\/OPM7-1024x515-1-300x151.webp 300w, https:\/\/www.soledpro.cz\/wp-content\/uploads\/2021\/10\/OPM7-1024x515-1-768x386.webp 768w\" sizes=\"(max-width: 1024px) 100vw, 1024px\" \/><\/a><\/figure>\n<\/div>\n<\/div>\n\n\n\n<div style=\"height:64px\" aria-hidden=\"true\" class=\"wp-block-spacer\"><\/div>\n\n\n\n<div class=\"wp-block-columns is-layout-flex wp-container-core-columns-is-layout-28f84493 wp-block-columns-is-layout-flex\">\n<div class=\"wp-block-column is-layout-flow wp-block-column-is-layout-flow\">\n<figure class=\"wp-block-image size-full\"><a href=\"http:\/\/www.soledpro.cz\/wp-content\/uploads\/2021\/10\/OPM8-1024x515-1.webp\"><img loading=\"lazy\" decoding=\"async\" width=\"1024\" height=\"515\" src=\"http:\/\/www.soledpro.cz\/wp-content\/uploads\/2021\/10\/OPM8-1024x515-1.webp\" alt=\"\" class=\"wp-image-913\" srcset=\"https:\/\/www.soledpro.cz\/wp-content\/uploads\/2021\/10\/OPM8-1024x515-1.webp 1024w, https:\/\/www.soledpro.cz\/wp-content\/uploads\/2021\/10\/OPM8-1024x515-1-300x151.webp 300w, https:\/\/www.soledpro.cz\/wp-content\/uploads\/2021\/10\/OPM8-1024x515-1-768x386.webp 768w\" sizes=\"(max-width: 1024px) 100vw, 1024px\" \/><\/a><\/figure>\n<\/div>\n\n\n\n<div class=\"wp-block-column is-layout-flow wp-block-column-is-layout-flow\">\n<h3 class=\"wp-block-heading\">\u00dcberblick \u00fcber den Rackschrank und die darin befindlichen Ger\u00e4te \u00fcber eine einzige Schnittstelle<\/h3>\n\n\n\n<p>OpManager erm\u00f6glicht die Erstellung einer Vorschau eines Rackschranks sowie die Visualisierung aller dazugeh\u00f6rigen Elemente. Dies erm\u00f6glicht schnelle Informationen dar\u00fcber, wo sich ein bestimmtes Ger\u00e4t genau befindet, oder eine Pr\u00e4sentation der aktuellen Rack-Platznutzung f\u00fcr Mitglieder des IT-Teams.<\/p>\n<\/div>\n<\/div>\n\n\n\n<div style=\"height:64px\" aria-hidden=\"true\" class=\"wp-block-spacer\"><\/div>\n\n\n\n<h3 class=\"has-text-align-center wp-block-heading\">Interessiert an OpManager-kompatiblen Systemen?<\/h3>\n\n\n\n<p class=\"has-text-align-center\">Sehen Sie sich das an:<\/p>\n\n\n\n<h4 class=\"has-text-align-center wp-block-heading\">Helpdesk-System ServiceDesk Plus,<\/h4>\n\n\n\n<h4 class=\"has-text-align-center wp-block-heading\">Applications Manager Leistungsmanagement-Tool,<\/h4>\n\n\n\n<h4 class=\"has-text-align-center wp-block-heading\">Analytics Plus Werkzeug zur Datenanalyse,<\/h4>\n\n\n\n<h4 class=\"has-text-align-center wp-block-heading\">Netzwerkverkehrs\u00fcberwachungssystem NetFlow Analyzer,<\/h4>\n\n\n\n<h4 class=\"has-text-align-center wp-block-heading\">Firewall-Analysator-Protokollanalysesystem,<\/h4>\n\n\n\n<h4 class=\"has-text-align-center wp-block-heading\">OpUtils IP-Adressverwaltungstool,<\/h4>\n\n\n\n<h4 class=\"has-text-align-center wp-block-heading\">Ger\u00e4tekonfigurationsverwaltungsprodukt Network Configuration Manager.<\/h4>\n\n\n\n<div style=\"height:100px\" aria-hidden=\"true\" class=\"wp-block-spacer\"><\/div>","protected":false},"excerpt":{"rendered":"<p>OpManager je jednoduch\u00e9 \u0159e\u0161en\u00ed k monitorov\u00e1n\u00ed hardwarov\u00e9 vrstvy IT infrastruktury. OpManager monitoruje s\u00ed\u0165ov\u00e1 za\u0159\u00edzen\u00ed, jako jsou routery, switche, firewally, ovlada\u010de bezdr\u00e1tov\u00e9 s\u00edt\u011b LAN, servery, virtu\u00e1ln\u00ed stroje, tisk\u00e1rny, velkokapacitn\u00ed pam\u011b\u0165ov\u00e1 za\u0159\u00edzen\u00ed a v\u0161e, co m\u00e1 IP adresu a je p\u0159ipojeno k s\u00edti protokoly TCP\/IP. OpManager trvale monitoruje s\u00ed\u0165 \u010d\u00edm\u017e zaji\u0161\u0165uje hloubkovou viditelnost a kontrolu nad n\u00ed. [&hellip;]<\/p>","protected":false},"author":1,"featured_media":906,"parent":710,"menu_order":0,"comment_status":"closed","ping_status":"closed","template":"","meta":{"footnotes":""},"class_list":["post-905","page","type-page","status-publish","has-post-thumbnail","hentry"],"_links":{"self":[{"href":"https:\/\/www.soledpro.cz\/de\/wp-json\/wp\/v2\/pages\/905","targetHints":{"allow":["GET"]}}],"collection":[{"href":"https:\/\/www.soledpro.cz\/de\/wp-json\/wp\/v2\/pages"}],"about":[{"href":"https:\/\/www.soledpro.cz\/de\/wp-json\/wp\/v2\/types\/page"}],"author":[{"embeddable":true,"href":"https:\/\/www.soledpro.cz\/de\/wp-json\/wp\/v2\/users\/1"}],"replies":[{"embeddable":true,"href":"https:\/\/www.soledpro.cz\/de\/wp-json\/wp\/v2\/comments?post=905"}],"version-history":[{"count":1,"href":"https:\/\/www.soledpro.cz\/de\/wp-json\/wp\/v2\/pages\/905\/revisions"}],"predecessor-version":[{"id":914,"href":"https:\/\/www.soledpro.cz\/de\/wp-json\/wp\/v2\/pages\/905\/revisions\/914"}],"up":[{"embeddable":true,"href":"https:\/\/www.soledpro.cz\/de\/wp-json\/wp\/v2\/pages\/710"}],"wp:featuredmedia":[{"embeddable":true,"href":"https:\/\/www.soledpro.cz\/de\/wp-json\/wp\/v2\/media\/906"}],"wp:attachment":[{"href":"https:\/\/www.soledpro.cz\/de\/wp-json\/wp\/v2\/media?parent=905"}],"curies":[{"name":"wp","href":"https:\/\/api.w.org\/{rel}","templated":true}]}}