{"id":892,"date":"2021-10-30T13:05:51","date_gmt":"2021-10-30T11:05:51","guid":{"rendered":"http:\/\/www.soledpro.cz\/?page_id=892"},"modified":"2021-10-30T13:05:52","modified_gmt":"2021-10-30T11:05:52","slug":"opmanager-plus","status":"publish","type":"page","link":"https:\/\/www.soledpro.cz\/de\/kyberneticka-bezpecnost\/manage-engine\/produkty-monitoring-it\/opmanager-plus\/","title":{"rendered":"OpManager Plus"},"content":{"rendered":"<h3 class=\"wp-block-heading\">OpManager Plus ist eine integrierte L\u00f6sung zur Verwaltung und \u00dcberwachung der Leistung der Netzwerkinfrastruktur, die den Einsatz zahlreicher Tools \u00fcberfl\u00fcssig macht und einen besseren Einblick in das gesamte Netzwerk bietet.<\/h3>\n\n\n\n<p>OpManager Plus ist mit erweiterten Funktionen wie Netzwerk-, Server-, IP-Adress- und Switch-Port-\u00dcberwachung, Bandbreiten- und Netzwerkkonfigurationsverwaltung sowie Firewall-Protokollanalyse ausgestattet. Beseitigen Sie blinde Flecken im Netzwerk, indem Sie diese ausgefeilte, integrierte L\u00f6sung mit einem einheitlichen Ansatz f\u00fcr \u00dcberwachung und Verwaltung implementieren. OpManager Plus erm\u00f6glicht die Steuerung der gesamten Umgebung \u00fcber eine einheitliche Schnittstellenebene, einschlie\u00dflich Windows- und Linux-Servern, Virtualisierungsservern, Routern, Switches und allen anderen Ger\u00e4ten. OpManager Plus ist ein Tool, das die Arbeit jedes Administrators erleichtert.<\/p>\n\n\n\n<div style=\"height:64px\" aria-hidden=\"true\" class=\"wp-block-spacer\"><\/div>\n\n\n\n<h2 class=\"wp-block-heading\">VORTEILE<\/h2>\n\n\n\n<ul class=\"wp-block-list\"><li>\u00dcberwachung des Status aller Netzwerkger\u00e4te in Echtzeit<\/li><li>\u00dcberwachung des Status, der Verf\u00fcgbarkeit, des Zustands und der Leistung physischer und virtueller Server<\/li><li>\u00dcberpr\u00fcfung der Prozessor-, Speicher- und Festplattennutzung sowie anderer Ger\u00e4teparameter<\/li><li>effektive Infrastrukturplanung<\/li><li>Kontrolle des Netzwerkverkehrs und effektive Verwaltung des Verbindungsdurchsatzes<\/li><li>Netzwerk- und Ger\u00e4tekonfigurationsverwaltung<\/li><li>Analyse von Firewall-Protokollen<\/li><li>Verwaltung von IP-Adressen und Switch-Ports<\/li><li>Erkennen unerw\u00fcnschter Ger\u00e4te und Blockieren ihres Zugriffs auf das Netzwerk<\/li><\/ul>\n\n\n\n<div style=\"height:64px\" aria-hidden=\"true\" class=\"wp-block-spacer\"><\/div>\n\n\n\n<h2 class=\"wp-block-heading\">MERKMALE<\/h2>\n\n\n\n<div class=\"wp-block-columns is-layout-flex wp-container-core-columns-is-layout-28f84493 wp-block-columns-is-layout-flex\">\n<div class=\"wp-block-column is-layout-flow wp-block-column-is-layout-flow\">\n<h3 class=\"wp-block-heading\">\u00dcberwachen Sie Ihre gesamte Umgebung mit einem einzigen Tool<\/h3>\n\n\n\n<p>OpManager Plus, eine integrierte L\u00f6sung zur Verwaltung und \u00dcberwachung der Leistung der Netzwerkinfrastruktur, erm\u00f6glicht die \u00dcberwachung aller Netzwerkger\u00e4te, angefangen bei Windows bis hin zu Switches. Auf der Ebene einer grafischen Oberfl\u00e4che erm\u00f6glicht es einen \u00dcberblick \u00fcber die gesamte IT-Umgebung sowie die M\u00f6glichkeit, ihre wichtigsten Parameter zu \u00fcberpr\u00fcfen.<\/p>\n<\/div>\n\n\n\n<div class=\"wp-block-column is-layout-flow wp-block-column-is-layout-flow\">\n<figure class=\"wp-block-image size-full\"><a href=\"http:\/\/www.soledpro.cz\/wp-content\/uploads\/2021\/10\/OPMPLUS1-1024x515-1.webp\"><img fetchpriority=\"high\" decoding=\"async\" width=\"1024\" height=\"515\" src=\"http:\/\/www.soledpro.cz\/wp-content\/uploads\/2021\/10\/OPMPLUS1-1024x515-1.webp\" alt=\"\" class=\"wp-image-893\" srcset=\"https:\/\/www.soledpro.cz\/wp-content\/uploads\/2021\/10\/OPMPLUS1-1024x515-1.webp 1024w, https:\/\/www.soledpro.cz\/wp-content\/uploads\/2021\/10\/OPMPLUS1-1024x515-1-300x151.webp 300w, https:\/\/www.soledpro.cz\/wp-content\/uploads\/2021\/10\/OPMPLUS1-1024x515-1-768x386.webp 768w\" sizes=\"(max-width: 1024px) 100vw, 1024px\" \/><\/a><\/figure>\n<\/div>\n<\/div>\n\n\n\n<div style=\"height:64px\" aria-hidden=\"true\" class=\"wp-block-spacer\"><\/div>\n\n\n\n<div class=\"wp-block-columns is-layout-flex wp-container-core-columns-is-layout-28f84493 wp-block-columns-is-layout-flex\">\n<div class=\"wp-block-column is-layout-flow wp-block-column-is-layout-flow\">\n<figure class=\"wp-block-image size-full\"><a href=\"http:\/\/www.soledpro.cz\/wp-content\/uploads\/2021\/10\/OPMPLUS2-1024x515-1.webp\"><img decoding=\"async\" width=\"1024\" height=\"515\" src=\"http:\/\/www.soledpro.cz\/wp-content\/uploads\/2021\/10\/OPMPLUS2-1024x515-1.webp\" alt=\"\" class=\"wp-image-894\" srcset=\"https:\/\/www.soledpro.cz\/wp-content\/uploads\/2021\/10\/OPMPLUS2-1024x515-1.webp 1024w, https:\/\/www.soledpro.cz\/wp-content\/uploads\/2021\/10\/OPMPLUS2-1024x515-1-300x151.webp 300w, https:\/\/www.soledpro.cz\/wp-content\/uploads\/2021\/10\/OPMPLUS2-1024x515-1-768x386.webp 768w\" sizes=\"(max-width: 1024px) 100vw, 1024px\" \/><\/a><\/figure>\n<\/div>\n\n\n\n<div class=\"wp-block-column is-layout-flow wp-block-column-is-layout-flow\">\n<h3 class=\"wp-block-heading\">Verwaltung der gesamten IP-Adresse<\/h3>\n\n\n\n<p>Das System verf\u00fcgt \u00fcber ein eingebautes Modul, das Subnetze scannt und so einen \u00dcberblick \u00fcber die aktuell genutzte IP-Adressierung inklusive aller freien und genutzten IP-Adressen liefert. OpManager Plus kann f\u00fcr diese Aufgabe auch DHCP-Server nutzen und bietet so eine noch detailliertere Sicht auf das gesamte Netzwerk.<\/p>\n<\/div>\n<\/div>\n\n\n\n<div style=\"height:64px\" aria-hidden=\"true\" class=\"wp-block-spacer\"><\/div>\n\n\n\n<div class=\"wp-block-columns is-layout-flex wp-container-core-columns-is-layout-28f84493 wp-block-columns-is-layout-flex\">\n<div class=\"wp-block-column is-layout-flow wp-block-column-is-layout-flow\">\n<h3 class=\"wp-block-heading\">Erkennung nicht autorisierter Ger\u00e4te im Netzwerk<\/h3>\n\n\n\n<p>Das System erm\u00f6glicht die Erkennung nicht autorisierter Ger\u00e4te im Netzwerk und die M\u00f6glichkeit, deren Zugriff auf das Subnetz zu blockieren. Dank seiner Scan-Funktion erm\u00f6glicht das Tool eine schnelle Erkennung von Eindringlingen und die M\u00f6glichkeit, darauf zu reagieren und detaillierte Informationen \u00fcber das unerw\u00fcnschte Ger\u00e4t zu erhalten.<\/p>\n<\/div>\n\n\n\n<div class=\"wp-block-column is-layout-flow wp-block-column-is-layout-flow\">\n<figure class=\"wp-block-image size-full\"><a href=\"http:\/\/www.soledpro.cz\/wp-content\/uploads\/2021\/10\/OPMPLUS3-1024x515-1.webp\"><img decoding=\"async\" width=\"1024\" height=\"515\" src=\"http:\/\/www.soledpro.cz\/wp-content\/uploads\/2021\/10\/OPMPLUS3-1024x515-1.webp\" alt=\"\" class=\"wp-image-895\" srcset=\"https:\/\/www.soledpro.cz\/wp-content\/uploads\/2021\/10\/OPMPLUS3-1024x515-1.webp 1024w, https:\/\/www.soledpro.cz\/wp-content\/uploads\/2021\/10\/OPMPLUS3-1024x515-1-300x151.webp 300w, https:\/\/www.soledpro.cz\/wp-content\/uploads\/2021\/10\/OPMPLUS3-1024x515-1-768x386.webp 768w\" sizes=\"(max-width: 1024px) 100vw, 1024px\" \/><\/a><\/figure>\n<\/div>\n<\/div>\n\n\n\n<div style=\"height:64px\" aria-hidden=\"true\" class=\"wp-block-spacer\"><\/div>\n\n\n\n<div class=\"wp-block-columns is-layout-flex wp-container-core-columns-is-layout-28f84493 wp-block-columns-is-layout-flex\">\n<div class=\"wp-block-column is-layout-flow wp-block-column-is-layout-flow\">\n<figure class=\"wp-block-image size-full\"><a href=\"http:\/\/www.soledpro.cz\/wp-content\/uploads\/2021\/10\/OPMPLUS4-1024x515-1.webp\"><img loading=\"lazy\" decoding=\"async\" width=\"1024\" height=\"515\" src=\"http:\/\/www.soledpro.cz\/wp-content\/uploads\/2021\/10\/OPMPLUS4-1024x515-1.webp\" alt=\"\" class=\"wp-image-896\" srcset=\"https:\/\/www.soledpro.cz\/wp-content\/uploads\/2021\/10\/OPMPLUS4-1024x515-1.webp 1024w, https:\/\/www.soledpro.cz\/wp-content\/uploads\/2021\/10\/OPMPLUS4-1024x515-1-300x151.webp 300w, https:\/\/www.soledpro.cz\/wp-content\/uploads\/2021\/10\/OPMPLUS4-1024x515-1-768x386.webp 768w\" sizes=\"(max-width: 1024px) 100vw, 1024px\" \/><\/a><\/figure>\n<\/div>\n\n\n\n<div class=\"wp-block-column is-layout-flow wp-block-column-is-layout-flow\">\n<h3 class=\"wp-block-heading\">Erstellung von Sicherungskopien der Konfiguration von Netzwerkger\u00e4ten<\/h3>\n\n\n\n<p>OpManager Plus verf\u00fcgt \u00fcber ein integriertes Modul, das die Erstellung von Sicherungskopien der Konfiguration von Netzwerkger\u00e4ten erm\u00f6glicht. Das System speichert die aktuelle Konfiguration in der Datenbank und kann die \u00dcbereinstimmung der best\u00e4tigten Konfiguration mit der aktuell auf dem Ger\u00e4t arbeitenden Konfiguration \u00fcberpr\u00fcfen.<\/p>\n<\/div>\n<\/div>\n\n\n\n<div style=\"height:64px\" aria-hidden=\"true\" class=\"wp-block-spacer\"><\/div>\n\n\n\n<div class=\"wp-block-columns is-layout-flex wp-container-core-columns-is-layout-28f84493 wp-block-columns-is-layout-flex\">\n<div class=\"wp-block-column is-layout-flow wp-block-column-is-layout-flow\">\n<h3 class=\"wp-block-heading\">\u00dcberpr\u00fcfung von Firewall-Regeln auf einer einzigen Konsolenebene<\/h3>\n\n\n\n<p>Das Tool l\u00e4dt relevante Informationen von Firewalls herunter und pr\u00e4sentiert sie in Form einer benutzerfreundlichen grafischen Oberfl\u00e4che. Es kann auch die derzeit im System vorhandenen Regeln analysieren und entsprechende \u00c4nderungen vorschlagen, falls redundante Regeln oder solche, die nie verwendet werden, erkannt werden.<\/p>\n<\/div>\n\n\n\n<div class=\"wp-block-column is-layout-flow wp-block-column-is-layout-flow\">\n<figure class=\"wp-block-image size-full\"><a href=\"http:\/\/www.soledpro.cz\/wp-content\/uploads\/2021\/10\/OPMPLUS5-3-1024x515-1.webp\"><img loading=\"lazy\" decoding=\"async\" width=\"1024\" height=\"515\" src=\"http:\/\/www.soledpro.cz\/wp-content\/uploads\/2021\/10\/OPMPLUS5-3-1024x515-1.webp\" alt=\"\" class=\"wp-image-897\" srcset=\"https:\/\/www.soledpro.cz\/wp-content\/uploads\/2021\/10\/OPMPLUS5-3-1024x515-1.webp 1024w, https:\/\/www.soledpro.cz\/wp-content\/uploads\/2021\/10\/OPMPLUS5-3-1024x515-1-300x151.webp 300w, https:\/\/www.soledpro.cz\/wp-content\/uploads\/2021\/10\/OPMPLUS5-3-1024x515-1-768x386.webp 768w\" sizes=\"(max-width: 1024px) 100vw, 1024px\" \/><\/a><\/figure>\n<\/div>\n<\/div>\n\n\n\n<div style=\"height:64px\" aria-hidden=\"true\" class=\"wp-block-spacer\"><\/div>\n\n\n\n<div class=\"wp-block-columns is-layout-flex wp-container-core-columns-is-layout-28f84493 wp-block-columns-is-layout-flex\">\n<div class=\"wp-block-column is-layout-flow wp-block-column-is-layout-flow\">\n<figure class=\"wp-block-image size-full\"><a href=\"http:\/\/www.soledpro.cz\/wp-content\/uploads\/2021\/10\/OPMPLUS6-1024x515-1.webp\"><img loading=\"lazy\" decoding=\"async\" width=\"1024\" height=\"515\" src=\"http:\/\/www.soledpro.cz\/wp-content\/uploads\/2021\/10\/OPMPLUS6-1024x515-1.webp\" alt=\"\" class=\"wp-image-898\" srcset=\"https:\/\/www.soledpro.cz\/wp-content\/uploads\/2021\/10\/OPMPLUS6-1024x515-1.webp 1024w, https:\/\/www.soledpro.cz\/wp-content\/uploads\/2021\/10\/OPMPLUS6-1024x515-1-300x151.webp 300w, https:\/\/www.soledpro.cz\/wp-content\/uploads\/2021\/10\/OPMPLUS6-1024x515-1-768x386.webp 768w\" sizes=\"(max-width: 1024px) 100vw, 1024px\" \/><\/a><\/figure>\n<\/div>\n\n\n\n<div class=\"wp-block-column is-layout-flow wp-block-column-is-layout-flow\">\n<h3 class=\"wp-block-heading\">Analyse der Umgebung mithilfe integrierter Berichte<\/h3>\n\n\n\n<p>OpManager Plus verf\u00fcgt \u00fcber ein umfassend ausgearbeitetes Berichtsmodul, mit dem Sie die Umgebung aus der Sicht beliebiger Informationen betrachten k\u00f6nnen. Das System erm\u00f6glicht Ihnen die Erstellung eigener Berichte. Es besteht auch die M\u00f6glichkeit, den Versand von Berichten an die entsprechenden Personen zu planen, damit diese \u00fcber den Zustand der IT-Umgebung auf dem Laufenden bleiben k\u00f6nnen.<\/p>\n<\/div>\n<\/div>\n\n\n\n<div style=\"height:64px\" aria-hidden=\"true\" class=\"wp-block-spacer\"><\/div>\n\n\n\n<div class=\"wp-block-columns is-layout-flex wp-container-core-columns-is-layout-28f84493 wp-block-columns-is-layout-flex\">\n<div class=\"wp-block-column is-layout-flow wp-block-column-is-layout-flow\">\n<h3 class=\"wp-block-heading\">Netzwerktests dank integrierter Tools<\/h3>\n\n\n\n<p>Das System verf\u00fcgt \u00fcber eine Reihe integrierter Tools, die f\u00fcr jeden Administrator geeignet sind. Auf der Ebene der grafischen Oberfl\u00e4che k\u00f6nnen wir beispielsweise die Verf\u00fcgbarkeit des Ger\u00e4ts abfragen, seine Routen im Netzwerk ermitteln, das CLI abfragen und Antworten auf bestimmten Ports \u00fcberpr\u00fcfen.<\/p>\n<\/div>\n\n\n\n<div class=\"wp-block-column is-layout-flow wp-block-column-is-layout-flow\">\n<figure class=\"wp-block-image size-full\"><a href=\"http:\/\/www.soledpro.cz\/wp-content\/uploads\/2021\/10\/OPMPLUS7-1024x515-1.webp\"><img loading=\"lazy\" decoding=\"async\" width=\"1024\" height=\"515\" src=\"http:\/\/www.soledpro.cz\/wp-content\/uploads\/2021\/10\/OPMPLUS7-1024x515-1.webp\" alt=\"\" class=\"wp-image-899\" srcset=\"https:\/\/www.soledpro.cz\/wp-content\/uploads\/2021\/10\/OPMPLUS7-1024x515-1.webp 1024w, https:\/\/www.soledpro.cz\/wp-content\/uploads\/2021\/10\/OPMPLUS7-1024x515-1-300x151.webp 300w, https:\/\/www.soledpro.cz\/wp-content\/uploads\/2021\/10\/OPMPLUS7-1024x515-1-768x386.webp 768w\" sizes=\"(max-width: 1024px) 100vw, 1024px\" \/><\/a><\/figure>\n<\/div>\n<\/div>\n\n\n\n<div style=\"height:64px\" aria-hidden=\"true\" class=\"wp-block-spacer\"><\/div>\n\n\n\n<div class=\"wp-block-columns is-layout-flex wp-container-core-columns-is-layout-28f84493 wp-block-columns-is-layout-flex\">\n<div class=\"wp-block-column is-layout-flow wp-block-column-is-layout-flow\">\n<figure class=\"wp-block-image size-full\"><a href=\"http:\/\/www.soledpro.cz\/wp-content\/uploads\/2021\/10\/OPMPLUS8-1024x515-1.webp\"><img loading=\"lazy\" decoding=\"async\" width=\"1024\" height=\"515\" src=\"http:\/\/www.soledpro.cz\/wp-content\/uploads\/2021\/10\/OPMPLUS8-1024x515-1.webp\" alt=\"\" class=\"wp-image-900\" srcset=\"https:\/\/www.soledpro.cz\/wp-content\/uploads\/2021\/10\/OPMPLUS8-1024x515-1.webp 1024w, https:\/\/www.soledpro.cz\/wp-content\/uploads\/2021\/10\/OPMPLUS8-1024x515-1-300x151.webp 300w, https:\/\/www.soledpro.cz\/wp-content\/uploads\/2021\/10\/OPMPLUS8-1024x515-1-768x386.webp 768w\" sizes=\"(max-width: 1024px) 100vw, 1024px\" \/><\/a><\/figure>\n<\/div>\n\n\n\n<div class=\"wp-block-column is-layout-flow wp-block-column-is-layout-flow\">\n<h3 class=\"wp-block-heading\">Erstellen einer Netzwerkvorschau mithilfe von Gesch\u00e4ftsansichten<\/h3>\n\n\n\n<p>OpManager Plus verf\u00fcgt \u00fcber ein Modul zur Visualisierung unserer Umgebung durch die Erstellung einer Karte mit einer \u00dcbersicht unserer Ger\u00e4te. Das System erm\u00f6glicht die Kennzeichnung von Verbindungen zwischen jeweiligen Ger\u00e4ten sowie die Darstellung ihrer Verf\u00fcgbarkeit und Netzwerkschnittstellenstatistiken. Gesch\u00e4ftsansichten helfen bei der Betrachtung der Umgebung, um einen Fehler zu erkennen.<\/p>\n<\/div>\n<\/div>\n\n\n\n<div style=\"height:64px\" aria-hidden=\"true\" class=\"wp-block-spacer\"><\/div>\n\n\n\n<div class=\"wp-block-columns is-layout-flex wp-container-core-columns-is-layout-28f84493 wp-block-columns-is-layout-flex\">\n<div class=\"wp-block-column is-layout-flow wp-block-column-is-layout-flow\">\n<h3 class=\"wp-block-heading\">Erstellen einer Vorschau des gesamten Netzwerks<\/h3>\n\n\n\n<p>Dank der Verwendung der Layer2-Kartenfunktion ist das System in der Lage, unser Netzwerk zu scannen. OpManager Plus pr\u00e4sentiert die Daten in Form einer geeigneten Karte, die einen aktuellen \u00dcberblick \u00fcber das Netzwerk erm\u00f6glicht. Dar\u00fcber hinaus erm\u00f6glicht das System das regelm\u00e4\u00dfige Scannen des gesamten Netzwerks, um die generierte Karte zu aktualisieren.<\/p>\n<\/div>\n\n\n\n<div class=\"wp-block-column is-layout-flow wp-block-column-is-layout-flow\">\n<figure class=\"wp-block-image size-full\"><a href=\"http:\/\/www.soledpro.cz\/wp-content\/uploads\/2021\/10\/OPMPLUS9-1024x515-1.webp\"><img loading=\"lazy\" decoding=\"async\" width=\"1024\" height=\"515\" src=\"http:\/\/www.soledpro.cz\/wp-content\/uploads\/2021\/10\/OPMPLUS9-1024x515-1.webp\" alt=\"\" class=\"wp-image-901\" srcset=\"https:\/\/www.soledpro.cz\/wp-content\/uploads\/2021\/10\/OPMPLUS9-1024x515-1.webp 1024w, https:\/\/www.soledpro.cz\/wp-content\/uploads\/2021\/10\/OPMPLUS9-1024x515-1-300x151.webp 300w, https:\/\/www.soledpro.cz\/wp-content\/uploads\/2021\/10\/OPMPLUS9-1024x515-1-768x386.webp 768w\" sizes=\"(max-width: 1024px) 100vw, 1024px\" \/><\/a><\/figure>\n<\/div>\n<\/div>\n\n\n\n<div style=\"height:64px\" aria-hidden=\"true\" class=\"wp-block-spacer\"><\/div>\n\n\n\n<div class=\"wp-block-columns is-layout-flex wp-container-core-columns-is-layout-28f84493 wp-block-columns-is-layout-flex\">\n<div class=\"wp-block-column is-layout-flow wp-block-column-is-layout-flow\">\n<figure class=\"wp-block-image size-full\"><a href=\"http:\/\/www.soledpro.cz\/wp-content\/uploads\/2021\/10\/OPMPLUS10-1024x515-1.webp\"><img loading=\"lazy\" decoding=\"async\" width=\"1024\" height=\"515\" src=\"http:\/\/www.soledpro.cz\/wp-content\/uploads\/2021\/10\/OPMPLUS10-1024x515-1.webp\" alt=\"\" class=\"wp-image-902\" srcset=\"https:\/\/www.soledpro.cz\/wp-content\/uploads\/2021\/10\/OPMPLUS10-1024x515-1.webp 1024w, https:\/\/www.soledpro.cz\/wp-content\/uploads\/2021\/10\/OPMPLUS10-1024x515-1-300x151.webp 300w, https:\/\/www.soledpro.cz\/wp-content\/uploads\/2021\/10\/OPMPLUS10-1024x515-1-768x386.webp 768w\" sizes=\"(max-width: 1024px) 100vw, 1024px\" \/><\/a><\/figure>\n<\/div>\n\n\n\n<div class=\"wp-block-column is-layout-flow wp-block-column-is-layout-flow\">\n<h3 class=\"wp-block-heading\">\u00dcberwachung des Netzwerkverkehrs<\/h3>\n\n\n\n<p>Das OpManager Plus-Tool nutzt die Flow-Technologie, dank der jede Bewegung im Netzwerk angezeigt werden kann. Das System speichert diese Daten f\u00fcr einen individuell festgelegten Zeitraum und erm\u00f6glicht Prognosen zur Netzwerknutzung. Dar\u00fcber hinaus k\u00f6nnen wir \u00fcberpr\u00fcfen, welche Anwendungen die Bandbreite am meisten beanspruchen.<\/p>\n<\/div>\n<\/div>\n\n\n\n<div style=\"height:64px\" aria-hidden=\"true\" class=\"wp-block-spacer\"><\/div>\n\n\n\n<div class=\"wp-block-columns is-layout-flex wp-container-core-columns-is-layout-28f84493 wp-block-columns-is-layout-flex\">\n<div class=\"wp-block-column is-layout-flow wp-block-column-is-layout-flow\">\n<h3 class=\"wp-block-heading\">Sehen Sie sich Daten aus der Umgebung in Echtzeit an<\/h3>\n\n\n\n<p>Das System fragt nach einer bestimmten Zeit periodisch alle Ger\u00e4te ab und speichert alle Daten in seiner Datenbank, wodurch eine st\u00e4ndige \u00dcberpr\u00fcfung aller Systeme gew\u00e4hrleistet ist. OpManager pr\u00e4sentiert die neuesten vom Ger\u00e4t erhaltenen Daten und erm\u00f6glicht uns so einen Echtzeit\u00fcberblick \u00fcber die gesamte Umgebung.<\/p>\n<\/div>\n\n\n\n<div class=\"wp-block-column is-layout-flow wp-block-column-is-layout-flow\">\n<figure class=\"wp-block-image size-full\"><a href=\"http:\/\/www.soledpro.cz\/wp-content\/uploads\/2021\/10\/OPMPLUS11-1024x515-1.webp\"><img loading=\"lazy\" decoding=\"async\" width=\"1024\" height=\"515\" src=\"http:\/\/www.soledpro.cz\/wp-content\/uploads\/2021\/10\/OPMPLUS11-1024x515-1.webp\" alt=\"\" class=\"wp-image-903\" srcset=\"https:\/\/www.soledpro.cz\/wp-content\/uploads\/2021\/10\/OPMPLUS11-1024x515-1.webp 1024w, https:\/\/www.soledpro.cz\/wp-content\/uploads\/2021\/10\/OPMPLUS11-1024x515-1-300x151.webp 300w, https:\/\/www.soledpro.cz\/wp-content\/uploads\/2021\/10\/OPMPLUS11-1024x515-1-768x386.webp 768w\" sizes=\"(max-width: 1024px) 100vw, 1024px\" \/><\/a><\/figure>\n<\/div>\n<\/div>\n\n\n\n<div style=\"height:64px\" aria-hidden=\"true\" class=\"wp-block-spacer\"><\/div>\n\n\n\n<h3 class=\"has-text-align-center wp-block-heading\">Interessieren Sie sich f\u00fcr Systeme, die mit OpManager Plus kompatibel sind?<\/h3>\n\n\n\n<p class=\"has-text-align-center\">Sehen Sie sich das an:<\/p>\n\n\n\n<h4 class=\"has-text-align-center wp-block-heading\">Helpdesk-System ServiceDesk Plus,<\/h4>\n\n\n\n<h4 class=\"has-text-align-center wp-block-heading\">Applications Manager Leistungsmanagement-Tool,<\/h4>\n\n\n\n<h4 class=\"has-text-align-center wp-block-heading\">Netzwerkverkehrs\u00fcberwachungsprodukt NetFlow Analyzer,<\/h4>\n\n\n\n<h4 class=\"has-text-align-center wp-block-heading\">Ger\u00e4tekonfigurations-Managementsystem Network Configuration Manager,<\/h4>\n\n\n\n<h4 class=\"has-text-align-center wp-block-heading\">Analytics Plus Werkzeug zur Datenanalyse,<\/h4>\n\n\n\n<h4 class=\"has-text-align-center wp-block-heading\">Firewall-Analysator-Protokollanalysesystem,<\/h4>\n\n\n\n<h4 class=\"has-text-align-center wp-block-heading\">OpUtils IP-Adressverwaltungssoftware.<\/h4>\n\n\n\n<div style=\"height:100px\" aria-hidden=\"true\" class=\"wp-block-spacer\"><\/div>","protected":false},"excerpt":{"rendered":"<p>OpManager Plus je integrovan\u00e9 \u0159e\u0161en\u00ed pro spr\u00e1vu a monitoring v\u00fdkonnosti s\u00ed\u0165ov\u00e9 infrastruktury, kter\u00e9 odstra\u0148uje nutnost disponovat mnoha n\u00e1stroji a zaji\u0161\u0165uje lep\u0161\u00ed n\u00e1hled do cel\u00e9 s\u00edt\u011b. OpManager Plus je vybaven pokro\u010dil\u00fdmi funkcemi, jako je monitorov\u00e1n\u00ed s\u00edt\u011b, server\u016f, IP adres a switch port\u016f, spr\u00e1vou propustnosti a konfigurace s\u00edt\u011b, anal\u00fdzou log\u016f firewallu. Implementac\u00ed tohoto propracovan\u00e9ho, integrovan\u00e9ho \u0159e\u0161en\u00ed s [&hellip;]<\/p>","protected":false},"author":1,"featured_media":893,"parent":710,"menu_order":0,"comment_status":"closed","ping_status":"closed","template":"","meta":{"footnotes":""},"class_list":["post-892","page","type-page","status-publish","has-post-thumbnail","hentry"],"_links":{"self":[{"href":"https:\/\/www.soledpro.cz\/de\/wp-json\/wp\/v2\/pages\/892","targetHints":{"allow":["GET"]}}],"collection":[{"href":"https:\/\/www.soledpro.cz\/de\/wp-json\/wp\/v2\/pages"}],"about":[{"href":"https:\/\/www.soledpro.cz\/de\/wp-json\/wp\/v2\/types\/page"}],"author":[{"embeddable":true,"href":"https:\/\/www.soledpro.cz\/de\/wp-json\/wp\/v2\/users\/1"}],"replies":[{"embeddable":true,"href":"https:\/\/www.soledpro.cz\/de\/wp-json\/wp\/v2\/comments?post=892"}],"version-history":[{"count":1,"href":"https:\/\/www.soledpro.cz\/de\/wp-json\/wp\/v2\/pages\/892\/revisions"}],"predecessor-version":[{"id":904,"href":"https:\/\/www.soledpro.cz\/de\/wp-json\/wp\/v2\/pages\/892\/revisions\/904"}],"up":[{"embeddable":true,"href":"https:\/\/www.soledpro.cz\/de\/wp-json\/wp\/v2\/pages\/710"}],"wp:featuredmedia":[{"embeddable":true,"href":"https:\/\/www.soledpro.cz\/de\/wp-json\/wp\/v2\/media\/893"}],"wp:attachment":[{"href":"https:\/\/www.soledpro.cz\/de\/wp-json\/wp\/v2\/media?parent=892"}],"curies":[{"name":"wp","href":"https:\/\/api.w.org\/{rel}","templated":true}]}}