{"id":884,"date":"2021-10-30T12:53:20","date_gmt":"2021-10-30T10:53:20","guid":{"rendered":"http:\/\/www.soledpro.cz\/?page_id=884"},"modified":"2021-10-30T12:53:21","modified_gmt":"2021-10-30T10:53:21","slug":"network-configuration-manager","status":"publish","type":"page","link":"https:\/\/www.soledpro.cz\/de\/kyberneticka-bezpecnost\/manage-engine\/produkty-monitoring-it\/network-configuration-manager\/","title":{"rendered":"Network Configuration Manager"},"content":{"rendered":"<h3 class=\"wp-block-heading\">Network Configuration Manager ist ein NCCCM-Tool (Network Change, Configuration and Change Management) zur Verwaltung von Netzwerkelementen verschiedener Hersteller.<\/h3>\n\n\n\n<p>Das Network Configuration Manager-System ist eine automatisierte Verwaltung von Konfigurations\u00e4nderungen von Netzwerkger\u00e4ten. Es hilft, den gesamten Lebenszyklus der Ger\u00e4tekonfigurationsverwaltung zu automatisieren und die volle Kontrolle dar\u00fcber zu \u00fcbernehmen. Das System erm\u00f6glicht die regelm\u00e4\u00dfige Erstellung von Sicherungskopien der Ger\u00e4tekonfiguration und sch\u00fctzt diese so vor Verlust. Es erm\u00f6glicht au\u00dferdem die Echtzeit\u00fcberwachung aller \u00c4nderungen an Netzwerkger\u00e4ten durch die Anzeige von Warnungen zu Konfigurations\u00e4nderungen. Network Configuration Manager ist au\u00dferdem in der Lage, Konfigurationsaufgaben zu automatisieren, ohne sie manuell durchf\u00fchren zu m\u00fcssen. Alle diese Elemente sind auf einer GUI-Ebene verf\u00fcgbar.<\/p>\n\n\n\n<div style=\"height:64px\" aria-hidden=\"true\" class=\"wp-block-spacer\"><\/div>\n\n\n\n<h2 class=\"wp-block-heading\">VORTEILE<\/h2>\n\n\n\n<ul class=\"wp-block-list\"><li>Ger\u00e4tekonfigurationsverwaltung \u00fcber eine zentrale Web-GUI<\/li><li>Verwaltung von Konfigurations\u00e4nderungen in Echtzeit<\/li><li>Ger\u00e4teaudit im Hinblick auf die Einhaltung von Normen<\/li><li>Automatisierung von Konfigurationsaufgaben<\/li><li>Verfolgung der Aktivit\u00e4ten von Personen mit Zugriff auf die Ger\u00e4tekonfiguration<\/li><\/ul>\n\n\n\n<div style=\"height:64px\" aria-hidden=\"true\" class=\"wp-block-spacer\"><\/div>\n\n\n\n<h2 class=\"wp-block-heading\">MERKMALE<\/h2>\n\n\n\n<div class=\"wp-block-columns is-layout-flex wp-container-core-columns-is-layout-28f84493 wp-block-columns-is-layout-flex\">\n<div class=\"wp-block-column is-layout-flow wp-block-column-is-layout-flow\">\n<h3 class=\"wp-block-heading\">Erstellen von Backups von Netzwerkger\u00e4ten<\/h3>\n\n\n\n<p>Automatisierte Verwaltung von Konfigurations\u00e4nderungen von Netzwerkger\u00e4ten Network Configuration Manager erm\u00f6glicht die Erstellung von Sicherungskopien der Ger\u00e4tekonfiguration auf der Ebene einer Schnittstelle. Mit dieser Funktion k\u00f6nnen Sie automatisch zwischen Ger\u00e4ten wechseln, ohne dies manuell tun zu m\u00fcssen.<\/p>\n<\/div>\n\n\n\n<div class=\"wp-block-column is-layout-flow wp-block-column-is-layout-flow\">\n<figure class=\"wp-block-image size-full\"><a href=\"http:\/\/www.soledpro.cz\/wp-content\/uploads\/2021\/10\/MicrosoftTeams-image-9-1024x402-1.webp\"><img fetchpriority=\"high\" decoding=\"async\" width=\"1024\" height=\"402\" src=\"http:\/\/www.soledpro.cz\/wp-content\/uploads\/2021\/10\/MicrosoftTeams-image-9-1024x402-1.webp\" alt=\"\" class=\"wp-image-885\" srcset=\"https:\/\/www.soledpro.cz\/wp-content\/uploads\/2021\/10\/MicrosoftTeams-image-9-1024x402-1.webp 1024w, https:\/\/www.soledpro.cz\/wp-content\/uploads\/2021\/10\/MicrosoftTeams-image-9-1024x402-1-300x118.webp 300w, https:\/\/www.soledpro.cz\/wp-content\/uploads\/2021\/10\/MicrosoftTeams-image-9-1024x402-1-768x302.webp 768w\" sizes=\"(max-width: 1024px) 100vw, 1024px\" \/><\/a><\/figure>\n<\/div>\n<\/div>\n\n\n\n<div style=\"height:64px\" aria-hidden=\"true\" class=\"wp-block-spacer\"><\/div>\n\n\n\n<div class=\"wp-block-columns is-layout-flex wp-container-core-columns-is-layout-28f84493 wp-block-columns-is-layout-flex\">\n<div class=\"wp-block-column is-layout-flow wp-block-column-is-layout-flow\">\n<figure class=\"wp-block-image size-full\"><a href=\"http:\/\/www.soledpro.cz\/wp-content\/uploads\/2021\/10\/NCM2-1024x515-1.webp\"><img decoding=\"async\" width=\"1024\" height=\"515\" src=\"http:\/\/www.soledpro.cz\/wp-content\/uploads\/2021\/10\/NCM2-1024x515-1.webp\" alt=\"\" class=\"wp-image-886\" srcset=\"https:\/\/www.soledpro.cz\/wp-content\/uploads\/2021\/10\/NCM2-1024x515-1.webp 1024w, https:\/\/www.soledpro.cz\/wp-content\/uploads\/2021\/10\/NCM2-1024x515-1-300x151.webp 300w, https:\/\/www.soledpro.cz\/wp-content\/uploads\/2021\/10\/NCM2-1024x515-1-768x386.webp 768w\" sizes=\"(max-width: 1024px) 100vw, 1024px\" \/><\/a><\/figure>\n<\/div>\n\n\n\n<div class=\"wp-block-column is-layout-flow wp-block-column-is-layout-flow\">\n<h3 class=\"wp-block-heading\">\u00dcberwachen von Konfigurations\u00e4nderungen von Netzwerkger\u00e4ten<\/h3>\n\n\n\n<p>Beim Herunterladen jeder Ger\u00e4tekonfiguration erm\u00f6glicht das System einen Vergleich der aktuellen Konfiguration mit der genehmigten. Dadurch k\u00f6nnen Benachrichtigungen gesendet werden, wenn auf einem genehmigten Ger\u00e4t ein Konfigurationskonflikt festgestellt wird.<\/p>\n<\/div>\n<\/div>\n\n\n\n<div style=\"height:64px\" aria-hidden=\"true\" class=\"wp-block-spacer\"><\/div>\n\n\n\n<div class=\"wp-block-columns is-layout-flex wp-container-core-columns-is-layout-28f84493 wp-block-columns-is-layout-flex\">\n<div class=\"wp-block-column is-layout-flow wp-block-column-is-layout-flow\">\n<h3 class=\"wp-block-heading\">\u00dcberpr\u00fcfung der Ger\u00e4tekonformit\u00e4t mit festgelegten Standards<\/h3>\n\n\n\n<p>Das Network Configuration Manager-Tool verf\u00fcgt \u00fcber ein integriertes Modul, das die Erstellung relevanter Standards, sogenannter Compliance, erm\u00f6glicht und die \u00dcberwachung von Netzwerkger\u00e4ten im Hinblick auf die Einhaltung relevanter Standards erm\u00f6glicht. Damit k\u00f6nnen Sie einfach und schnell die Richtigkeit der Konfiguration aller Netzwerkger\u00e4te \u00fcberpr\u00fcfen.<\/p>\n<\/div>\n\n\n\n<div class=\"wp-block-column is-layout-flow wp-block-column-is-layout-flow\">\n<figure class=\"wp-block-image size-full\"><a href=\"http:\/\/www.soledpro.cz\/wp-content\/uploads\/2021\/10\/NCM3-1024x515-1.webp\"><img decoding=\"async\" width=\"1024\" height=\"515\" src=\"http:\/\/www.soledpro.cz\/wp-content\/uploads\/2021\/10\/NCM3-1024x515-1.webp\" alt=\"\" class=\"wp-image-887\" srcset=\"https:\/\/www.soledpro.cz\/wp-content\/uploads\/2021\/10\/NCM3-1024x515-1.webp 1024w, https:\/\/www.soledpro.cz\/wp-content\/uploads\/2021\/10\/NCM3-1024x515-1-300x151.webp 300w, https:\/\/www.soledpro.cz\/wp-content\/uploads\/2021\/10\/NCM3-1024x515-1-768x386.webp 768w\" sizes=\"(max-width: 1024px) 100vw, 1024px\" \/><\/a><\/figure>\n<\/div>\n<\/div>\n\n\n\n<div style=\"height:64px\" aria-hidden=\"true\" class=\"wp-block-spacer\"><\/div>\n\n\n\n<div class=\"wp-block-columns is-layout-flex wp-container-core-columns-is-layout-28f84493 wp-block-columns-is-layout-flex\">\n<div class=\"wp-block-column is-layout-flow wp-block-column-is-layout-flow\">\n<figure class=\"wp-block-image size-full\"><a href=\"http:\/\/www.soledpro.cz\/wp-content\/uploads\/2021\/10\/NCM4-1024x515-1.webp\"><img loading=\"lazy\" decoding=\"async\" width=\"1024\" height=\"515\" src=\"http:\/\/www.soledpro.cz\/wp-content\/uploads\/2021\/10\/NCM4-1024x515-1.webp\" alt=\"\" class=\"wp-image-888\" srcset=\"https:\/\/www.soledpro.cz\/wp-content\/uploads\/2021\/10\/NCM4-1024x515-1.webp 1024w, https:\/\/www.soledpro.cz\/wp-content\/uploads\/2021\/10\/NCM4-1024x515-1-300x151.webp 300w, https:\/\/www.soledpro.cz\/wp-content\/uploads\/2021\/10\/NCM4-1024x515-1-768x386.webp 768w\" sizes=\"(max-width: 1024px) 100vw, 1024px\" \/><\/a><\/figure>\n<\/div>\n\n\n\n<div class=\"wp-block-column is-layout-flow wp-block-column-is-layout-flow\">\n<h3 class=\"wp-block-heading\">Durchf\u00fchren periodischer Vorg\u00e4nge dank der Automatisierungsfunktion<\/h3>\n\n\n\n<p>Das System verf\u00fcgt \u00fcber ein integriertes Automatisierungsmodul, das die zyklische Ausf\u00fchrung unserer ausgew\u00e4hlten Aktionen erm\u00f6glicht. Dadurch kann in bestimmten Zeitabst\u00e4nden eine Sicherungskopie erstellt werden, indem das entsprechende Flag sowohl auf ausgew\u00e4hlten als auch auf allen Netzwerkger\u00e4ten ausgef\u00fchrt wird.<\/p>\n<\/div>\n<\/div>\n\n\n\n<div style=\"height:64px\" aria-hidden=\"true\" class=\"wp-block-spacer\"><\/div>\n\n\n\n<div class=\"wp-block-columns is-layout-flex wp-container-core-columns-is-layout-28f84493 wp-block-columns-is-layout-flex\">\n<div class=\"wp-block-column is-layout-flow wp-block-column-is-layout-flow\">\n<h3 class=\"wp-block-heading\">Ger\u00e4tekonfigurationsverwaltung \u00fcber eine einzige Schnittstellenebene<\/h3>\n\n\n\n<p>Mit Network Configuration Manager k\u00f6nnen Sie die aktuell funktionierende Konfiguration anzeigen und neue Pakete mit Updates oder Fixes an ausgew\u00e4hlte Ger\u00e4te senden. Mit dieser Funktion k\u00f6nnen Sie die Konfiguration aller Netzwerkger\u00e4te nahtlos von einem Ort aus verwalten, ohne dies manuell tun zu m\u00fcssen.<\/p>\n<\/div>\n\n\n\n<div class=\"wp-block-column is-layout-flow wp-block-column-is-layout-flow\">\n<figure class=\"wp-block-image size-full\"><a href=\"http:\/\/www.soledpro.cz\/wp-content\/uploads\/2021\/10\/NCM5-1024x515-1.webp\"><img loading=\"lazy\" decoding=\"async\" width=\"1024\" height=\"515\" src=\"http:\/\/www.soledpro.cz\/wp-content\/uploads\/2021\/10\/NCM5-1024x515-1.webp\" alt=\"\" class=\"wp-image-889\" srcset=\"https:\/\/www.soledpro.cz\/wp-content\/uploads\/2021\/10\/NCM5-1024x515-1.webp 1024w, https:\/\/www.soledpro.cz\/wp-content\/uploads\/2021\/10\/NCM5-1024x515-1-300x151.webp 300w, https:\/\/www.soledpro.cz\/wp-content\/uploads\/2021\/10\/NCM5-1024x515-1-768x386.webp 768w\" sizes=\"(max-width: 1024px) 100vw, 1024px\" \/><\/a><\/figure>\n<\/div>\n<\/div>\n\n\n\n<div style=\"height:64px\" aria-hidden=\"true\" class=\"wp-block-spacer\"><\/div>\n\n\n\n<div class=\"wp-block-columns is-layout-flex wp-container-core-columns-is-layout-28f84493 wp-block-columns-is-layout-flex\">\n<div class=\"wp-block-column is-layout-flow wp-block-column-is-layout-flow\">\n<figure class=\"wp-block-image size-full\"><a href=\"http:\/\/www.soledpro.cz\/wp-content\/uploads\/2021\/10\/NCM6-1024x515-1.webp\"><img loading=\"lazy\" decoding=\"async\" width=\"1024\" height=\"515\" src=\"http:\/\/www.soledpro.cz\/wp-content\/uploads\/2021\/10\/NCM6-1024x515-1.webp\" alt=\"\" class=\"wp-image-890\" srcset=\"https:\/\/www.soledpro.cz\/wp-content\/uploads\/2021\/10\/NCM6-1024x515-1.webp 1024w, https:\/\/www.soledpro.cz\/wp-content\/uploads\/2021\/10\/NCM6-1024x515-1-300x151.webp 300w, https:\/\/www.soledpro.cz\/wp-content\/uploads\/2021\/10\/NCM6-1024x515-1-768x386.webp 768w\" sizes=\"(max-width: 1024px) 100vw, 1024px\" \/><\/a><\/figure>\n<\/div>\n\n\n\n<div class=\"wp-block-column is-layout-flow wp-block-column-is-layout-flow\">\n<h3 class=\"wp-block-heading\">Massenkonfiguration vieler Ger\u00e4te im Netzwerk<\/h3>\n\n\n\n<p>Das System erm\u00f6glicht die Verwaltung einzelner oder mehrerer Ger\u00e4te \u00fcber eine einzige Schnittstelle. Es erm\u00f6glicht uns ganz einfach, Konfigurationen mit wenigen Klicks auf vielen Ger\u00e4ten bereitzustellen, ohne eine Verbindung zu jedem Ger\u00e4t herzustellen oder die entsprechenden Skripte vorzubereiten.<\/p>\n<\/div>\n<\/div>\n\n\n\n<div style=\"height:64px\" aria-hidden=\"true\" class=\"wp-block-spacer\"><\/div>\n\n\n\n<h3 class=\"has-text-align-center wp-block-heading\">Interessiert an Network Configuration Manager-kompatiblen Systemen?<\/h3>\n\n\n\n<p class=\"has-text-align-center\">Sehen Sie sich das an:<\/p>\n\n\n\n<h4 class=\"has-text-align-center wp-block-heading\">ein Tool zur \u00dcberwachung von IT-Ressourcen OpManager,<\/h4>\n\n\n\n<h4 class=\"has-text-align-center wp-block-heading\">Helpdesk-System ServiceDesk Plus,<\/h4>\n\n\n\n<h4 class=\"has-text-align-center wp-block-heading\">Privilegierter Passwort-Manager Password Manager Pro.<\/h4>\n\n\n\n<div style=\"height:100px\" aria-hidden=\"true\" class=\"wp-block-spacer\"><\/div>","protected":false},"excerpt":{"rendered":"<p>Network Configuration Manager je NCCCM n\u00e1stroj (Network Change, Configuration and Change Management) pro spr\u00e1vu s\u00ed\u0165ov\u00fdch prvk\u016f od r\u016fzn\u00fdch v\u00fdrobc\u016f. Syst\u00e9m Network Configuration Manager je automatizovan\u00e1 spr\u00e1va zm\u011bn konfigurace s\u00ed\u0165ov\u00fdch za\u0159\u00edzen\u00ed. Pom\u00e1h\u00e1 automatizovat a p\u0159evz\u00edt \u00faplnou kontrolu nad cel\u00fdm \u017eivotn\u00edm cyklem spr\u00e1vy konfigurace za\u0159\u00edzen\u00ed. Syst\u00e9m umo\u017e\u0148uje zhotovov\u00e1n\u00ed pravideln\u00fdch z\u00e1lo\u017en\u00edch kopi\u00ed konfigurace za\u0159\u00edzen\u00ed, \u010d\u00edm\u017e je chr\u00e1n\u00ed p\u0159ed [&hellip;]<\/p>","protected":false},"author":1,"featured_media":885,"parent":710,"menu_order":0,"comment_status":"closed","ping_status":"closed","template":"","meta":{"footnotes":""},"class_list":["post-884","page","type-page","status-publish","has-post-thumbnail","hentry"],"_links":{"self":[{"href":"https:\/\/www.soledpro.cz\/de\/wp-json\/wp\/v2\/pages\/884","targetHints":{"allow":["GET"]}}],"collection":[{"href":"https:\/\/www.soledpro.cz\/de\/wp-json\/wp\/v2\/pages"}],"about":[{"href":"https:\/\/www.soledpro.cz\/de\/wp-json\/wp\/v2\/types\/page"}],"author":[{"embeddable":true,"href":"https:\/\/www.soledpro.cz\/de\/wp-json\/wp\/v2\/users\/1"}],"replies":[{"embeddable":true,"href":"https:\/\/www.soledpro.cz\/de\/wp-json\/wp\/v2\/comments?post=884"}],"version-history":[{"count":1,"href":"https:\/\/www.soledpro.cz\/de\/wp-json\/wp\/v2\/pages\/884\/revisions"}],"predecessor-version":[{"id":891,"href":"https:\/\/www.soledpro.cz\/de\/wp-json\/wp\/v2\/pages\/884\/revisions\/891"}],"up":[{"embeddable":true,"href":"https:\/\/www.soledpro.cz\/de\/wp-json\/wp\/v2\/pages\/710"}],"wp:featuredmedia":[{"embeddable":true,"href":"https:\/\/www.soledpro.cz\/de\/wp-json\/wp\/v2\/media\/885"}],"wp:attachment":[{"href":"https:\/\/www.soledpro.cz\/de\/wp-json\/wp\/v2\/media?parent=884"}],"curies":[{"name":"wp","href":"https:\/\/api.w.org\/{rel}","templated":true}]}}