{"id":871,"date":"2021-10-30T12:44:46","date_gmt":"2021-10-30T10:44:46","guid":{"rendered":"http:\/\/www.soledpro.cz\/?page_id=871"},"modified":"2021-10-30T12:45:29","modified_gmt":"2021-10-30T10:45:29","slug":"netflow-analyzer","status":"publish","type":"page","link":"https:\/\/www.soledpro.cz\/de\/kyberneticka-bezpecnost\/manage-engine\/produkty-monitoring-it\/netflow-analyzer\/","title":{"rendered":"NetFlow Analyzer"},"content":{"rendered":"<h3 class=\"wp-block-heading\">NetFlow Analyzer ist ein umfassendes Traffic-Analysetool, das Flow-Technologien nutzt, um Echtzeiteinblicke in den Netzwerkdurchsatz zu liefern.<\/h3>\n\n\n\n<p>Eine umfassende L\u00f6sung, die erfasst, analysiert und meldet, was und von wem die Netzwerkbandbreite genutzt wird. Neben der Durchf\u00fchrung von Netzwerkverkehrsanalysen ist NetFlow Analyzer auch ein vertrauensw\u00fcrdiges Tool zur Optimierung der Bandbreitennutzung von mehr als einer Million Schnittstellen weltweit. Es unterst\u00fctzt die weltweit f\u00fchrenden Verkehrstechnologien wie: NetFlow, sFlow, IPFIX, Netstream, J-Flow, AppFlow. Dar\u00fcber hinaus verf\u00fcgt das System \u00fcber eine gro\u00dfe Auswahl an vorgefertigten Berichten, die einen Einblick in das jeweilige Thema des Netzwerkbetriebs der Organisation erm\u00f6glichen. Alle diese Optionen sind in einer einzigen Oberfl\u00e4che auf der Ebene des Internetbrowsers verf\u00fcgbar.<\/p>\n\n\n\n<div style=\"height:64px\" aria-hidden=\"true\" class=\"wp-block-spacer\"><\/div>\n\n\n\n<h2 class=\"wp-block-heading\">VORTEILE<\/h2>\n\n\n\n<ul class=\"wp-block-list\"><li>\u00dcberwachung des Netzwerkverkehrs der Organisation<\/li><li>Einblick in Netzwerkkonfigurationsdaten in Echtzeit<\/li><li>Netzwerkforensik und Sicherheitsanalyse<\/li><li>Erkennung und Klassifizierung von Standardanwendungen und Traffic Shaping<\/li><li>Planung der Netzwerkkapazit\u00e4t<\/li><li>effektive \u00dcberwachung von VoIP, Video und anderen Daten<\/li><\/ul>\n\n\n\n<div style=\"height:64px\" aria-hidden=\"true\" class=\"wp-block-spacer\"><\/div>\n\n\n\n<h2 class=\"wp-block-heading\">MERKMALE<\/h2>\n\n\n\n<div class=\"wp-block-columns is-layout-flex wp-container-core-columns-is-layout-28f84493 wp-block-columns-is-layout-flex\">\n<div class=\"wp-block-column is-layout-flow wp-block-column-is-layout-flow\">\n<h3 class=\"wp-block-heading\">\u00dcberwachung des Netzwerkverkehrs und des Netzwerkdurchsatzes<\/h3>\n\n\n\n<p>Dank der Verwendung der Flow-Technologie ist das NetFlow-Analyzer-System in der Lage, detaillierte Daten \u00fcber den Netzwerkverkehr in einer Organisation darzustellen. Das System erm\u00f6glicht eine schnelle und effiziente Datenanalyse durch die automatische \u00dcberpr\u00fcfung des gesamten Netzwerkverkehrs. Bandbreiten\u00fcberwachung, Erstellung von Nutzungsberichten f\u00fcr das gesamte LAN- und WAN-Netzwerk, ohne dass Hardware-Probes installiert werden m\u00fcssen.<\/p>\n<\/div>\n\n\n\n<div class=\"wp-block-column is-layout-flow wp-block-column-is-layout-flow\">\n<figure class=\"wp-block-image size-full\"><a href=\"http:\/\/www.soledpro.cz\/wp-content\/uploads\/2021\/10\/NFA1-1024x515-1.webp\"><img fetchpriority=\"high\" decoding=\"async\" width=\"1024\" height=\"515\" src=\"http:\/\/www.soledpro.cz\/wp-content\/uploads\/2021\/10\/NFA1-1024x515-1.webp\" alt=\"\" class=\"wp-image-872\" srcset=\"https:\/\/www.soledpro.cz\/wp-content\/uploads\/2021\/10\/NFA1-1024x515-1.webp 1024w, https:\/\/www.soledpro.cz\/wp-content\/uploads\/2021\/10\/NFA1-1024x515-1-300x151.webp 300w, https:\/\/www.soledpro.cz\/wp-content\/uploads\/2021\/10\/NFA1-1024x515-1-768x386.webp 768w\" sizes=\"(max-width: 1024px) 100vw, 1024px\" \/><\/a><\/figure>\n<\/div>\n<\/div>\n\n\n\n<div style=\"height:64px\" aria-hidden=\"true\" class=\"wp-block-spacer\"><\/div>\n\n\n\n<div class=\"wp-block-columns is-layout-flex wp-container-core-columns-is-layout-28f84493 wp-block-columns-is-layout-flex\">\n<div class=\"wp-block-column is-layout-flow wp-block-column-is-layout-flow\">\n<figure class=\"wp-block-image size-full\"><a href=\"http:\/\/www.soledpro.cz\/wp-content\/uploads\/2021\/10\/NFA2-1024x515-1.webp\"><img decoding=\"async\" width=\"1024\" height=\"515\" src=\"http:\/\/www.soledpro.cz\/wp-content\/uploads\/2021\/10\/NFA2-1024x515-1.webp\" alt=\"\" class=\"wp-image-873\" srcset=\"https:\/\/www.soledpro.cz\/wp-content\/uploads\/2021\/10\/NFA2-1024x515-1.webp 1024w, https:\/\/www.soledpro.cz\/wp-content\/uploads\/2021\/10\/NFA2-1024x515-1-300x151.webp 300w, https:\/\/www.soledpro.cz\/wp-content\/uploads\/2021\/10\/NFA2-1024x515-1-768x386.webp 768w\" sizes=\"(max-width: 1024px) 100vw, 1024px\" \/><\/a><\/figure>\n<\/div>\n\n\n\n<div class=\"wp-block-column is-layout-flow wp-block-column-is-layout-flow\">\n<h3 class=\"wp-block-heading\">Analyse der Netzwerkschnittstellen aller Ger\u00e4te<\/h3>\n\n\n\n<p>Die NetFlow-Analyzer-Anwendung erm\u00f6glicht die \u00dcberwachung von Paketen, die alle Schnittstellen passieren. Mit dieser Funktion k\u00f6nnen Sie Informationen dar\u00fcber erhalten, welche Ports am st\u00e4rksten ausgelastet sind.<\/p>\n<\/div>\n<\/div>\n\n\n\n<div style=\"height:64px\" aria-hidden=\"true\" class=\"wp-block-spacer\"><\/div>\n\n\n\n<div class=\"wp-block-columns is-layout-flex wp-container-core-columns-is-layout-28f84493 wp-block-columns-is-layout-flex\">\n<div class=\"wp-block-column is-layout-flow wp-block-column-is-layout-flow\">\n<h3 class=\"wp-block-heading\">\u00dcberpr\u00fcfen Sie Ereignisse in Echtzeit<\/h3>\n\n\n\n<p>Das Netzwerkverkehrs\u00fcberwachungssystem erfasst alle Daten in Echtzeit und erm\u00f6glicht einen aktuellen \u00dcberblick. Die Ereignisse werden \u00fcber eine grafische Oberfl\u00e4che dargestellt, die den \u00dcbergang von allgemeinen zu detaillierten Daten erm\u00f6glicht.<\/p>\n<\/div>\n\n\n\n<div class=\"wp-block-column is-layout-flow wp-block-column-is-layout-flow\">\n<figure class=\"wp-block-image size-full\"><a href=\"http:\/\/www.soledpro.cz\/wp-content\/uploads\/2021\/10\/NFA3-1024x515-1.webp\"><img decoding=\"async\" width=\"1024\" height=\"515\" src=\"http:\/\/www.soledpro.cz\/wp-content\/uploads\/2021\/10\/NFA3-1024x515-1.webp\" alt=\"\" class=\"wp-image-874\" srcset=\"https:\/\/www.soledpro.cz\/wp-content\/uploads\/2021\/10\/NFA3-1024x515-1.webp 1024w, https:\/\/www.soledpro.cz\/wp-content\/uploads\/2021\/10\/NFA3-1024x515-1-300x151.webp 300w, https:\/\/www.soledpro.cz\/wp-content\/uploads\/2021\/10\/NFA3-1024x515-1-768x386.webp 768w\" sizes=\"(max-width: 1024px) 100vw, 1024px\" \/><\/a><\/figure>\n<\/div>\n<\/div>\n\n\n\n<div style=\"height:64px\" aria-hidden=\"true\" class=\"wp-block-spacer\"><\/div>\n\n\n\n<div class=\"wp-block-columns is-layout-flex wp-container-core-columns-is-layout-28f84493 wp-block-columns-is-layout-flex\">\n<div class=\"wp-block-column is-layout-flow wp-block-column-is-layout-flow\">\n<figure class=\"wp-block-image size-full\"><a href=\"http:\/\/www.soledpro.cz\/wp-content\/uploads\/2021\/10\/NFA4-1024x515-1.webp\"><img loading=\"lazy\" decoding=\"async\" width=\"1024\" height=\"515\" src=\"http:\/\/www.soledpro.cz\/wp-content\/uploads\/2021\/10\/NFA4-1024x515-1.webp\" alt=\"\" class=\"wp-image-875\" srcset=\"https:\/\/www.soledpro.cz\/wp-content\/uploads\/2021\/10\/NFA4-1024x515-1.webp 1024w, https:\/\/www.soledpro.cz\/wp-content\/uploads\/2021\/10\/NFA4-1024x515-1-300x151.webp 300w, https:\/\/www.soledpro.cz\/wp-content\/uploads\/2021\/10\/NFA4-1024x515-1-768x386.webp 768w\" sizes=\"(max-width: 1024px) 100vw, 1024px\" \/><\/a><\/figure>\n<\/div>\n\n\n\n<div class=\"wp-block-column is-layout-flow wp-block-column-is-layout-flow\">\n<h3 class=\"wp-block-heading\">\u00dcberwachung aller Netzwerkanomalien in der Umgebung<\/h3>\n\n\n\n<p>Dank der Sammlung von Netzwerkdaten kann NetFlow Analyzer alle Informationen zu jedem Router in Form eines Berichts darstellen. Wenn eine Anomalie vorliegt, die eine schnelle Reaktion erfordert, sendet uns die Anwendung eine Benachrichtigung. Es besteht auch die M\u00f6glichkeit, entsprechende Schwellenwerte festzulegen, wodurch wir informiert werden, bevor ein Problem auftritt.<\/p>\n<\/div>\n<\/div>\n\n\n\n<div style=\"height:64px\" aria-hidden=\"true\" class=\"wp-block-spacer\"><\/div>\n\n\n\n<div class=\"wp-block-columns is-layout-flex wp-container-core-columns-is-layout-28f84493 wp-block-columns-is-layout-flex\">\n<div class=\"wp-block-column is-layout-flow wp-block-column-is-layout-flow\">\n<h3 class=\"wp-block-heading\">Identifizierung von 0-Day-Angriffen<\/h3>\n\n\n\n<p>Eine Anwendung zur \u00dcberwachung des Netzwerkverkehrs erm\u00f6glicht die Analyse von Daten, die \u00fcber Netzwerkschnittstellen \u00fcbertragen werden, und ist so auch in der Lage, Eindringlinge und potenzielle Angriffe zu erkennen. Verantwortlich daf\u00fcr ist die CSM-Engine, die den Datenfluss analysiert und Eindringlinge in Echtzeit identifiziert.<\/p>\n<\/div>\n\n\n\n<div class=\"wp-block-column is-layout-flow wp-block-column-is-layout-flow\">\n<figure class=\"wp-block-image size-full\"><a href=\"http:\/\/www.soledpro.cz\/wp-content\/uploads\/2021\/10\/NFA5-1024x515-1.webp\"><img loading=\"lazy\" decoding=\"async\" width=\"1024\" height=\"515\" src=\"http:\/\/www.soledpro.cz\/wp-content\/uploads\/2021\/10\/NFA5-1024x515-1.webp\" alt=\"\" class=\"wp-image-876\" srcset=\"https:\/\/www.soledpro.cz\/wp-content\/uploads\/2021\/10\/NFA5-1024x515-1.webp 1024w, https:\/\/www.soledpro.cz\/wp-content\/uploads\/2021\/10\/NFA5-1024x515-1-300x151.webp 300w, https:\/\/www.soledpro.cz\/wp-content\/uploads\/2021\/10\/NFA5-1024x515-1-768x386.webp 768w\" sizes=\"(max-width: 1024px) 100vw, 1024px\" \/><\/a><\/figure>\n<\/div>\n<\/div>\n\n\n\n<div style=\"height:64px\" aria-hidden=\"true\" class=\"wp-block-spacer\"><\/div>\n\n\n\n<div class=\"wp-block-columns is-layout-flex wp-container-core-columns-is-layout-28f84493 wp-block-columns-is-layout-flex\">\n<div class=\"wp-block-column is-layout-flow wp-block-column-is-layout-flow\">\n<figure class=\"wp-block-image size-full\"><a href=\"http:\/\/www.soledpro.cz\/wp-content\/uploads\/2021\/10\/NFA6-1024x515-1.webp\"><img loading=\"lazy\" decoding=\"async\" width=\"1024\" height=\"515\" src=\"http:\/\/www.soledpro.cz\/wp-content\/uploads\/2021\/10\/NFA6-1024x515-1.webp\" alt=\"\" class=\"wp-image-877\" srcset=\"https:\/\/www.soledpro.cz\/wp-content\/uploads\/2021\/10\/NFA6-1024x515-1.webp 1024w, https:\/\/www.soledpro.cz\/wp-content\/uploads\/2021\/10\/NFA6-1024x515-1-300x151.webp 300w, https:\/\/www.soledpro.cz\/wp-content\/uploads\/2021\/10\/NFA6-1024x515-1-768x386.webp 768w\" sizes=\"(max-width: 1024px) 100vw, 1024px\" \/><\/a><\/figure>\n<\/div>\n\n\n\n<div class=\"wp-block-column is-layout-flow wp-block-column-is-layout-flow\">\n<h3 class=\"wp-block-heading\">Klassifizierung von Netzwerkanwendungen<\/h3>\n\n\n\n<p>Das System erm\u00f6glicht die Klassifizierung der im Netzwerk verwendeten Anwendungen und liefert so Informationen dar\u00fcber, welche Protokolle unser Netzwerk belasten. Der NetFlow Analyzer sammelt alle Daten, analysiert sie im Hinblick auf die verwendeten Protokolle, klassifiziert sie anschlie\u00dfend in geeignete Anwendungen und ordnet sie in einer grafischen Oberfl\u00e4che zu.<\/p>\n<\/div>\n<\/div>\n\n\n\n<div style=\"height:64px\" aria-hidden=\"true\" class=\"wp-block-spacer\"><\/div>\n\n\n\n<div class=\"wp-block-columns is-layout-flex wp-container-core-columns-is-layout-28f84493 wp-block-columns-is-layout-flex\">\n<div class=\"wp-block-column is-layout-flow wp-block-column-is-layout-flow\">\n<h3 class=\"wp-block-heading\">Ger\u00e4te\u00fcberpr\u00fcfung im Netzwerk<\/h3>\n\n\n\n<p>Durch das Sammeln von Flow-Paketen erh\u00e4lt das System einen \u00dcberblick \u00fcber alle Ger\u00e4te, die im Netzwerk erschienen sind. Dank dieser Funktion ist das System in der Lage, jedes im Netzwerk angezeigte Ger\u00e4t und jede Verbindung aufzuzeichnen. NetFlow Analyzer pr\u00e4sentiert diese Daten auf einem einfachen grafischen Dashboard. Dies erm\u00f6glicht die Anzeige aller Ger\u00e4te in einer Oberfl\u00e4che.<\/p>\n<\/div>\n\n\n\n<div class=\"wp-block-column is-layout-flow wp-block-column-is-layout-flow\">\n<figure class=\"wp-block-image size-full\"><a href=\"http:\/\/www.soledpro.cz\/wp-content\/uploads\/2021\/10\/NFA7-1024x515-1.webp\"><img loading=\"lazy\" decoding=\"async\" width=\"1024\" height=\"515\" src=\"http:\/\/www.soledpro.cz\/wp-content\/uploads\/2021\/10\/NFA7-1024x515-1.webp\" alt=\"\" class=\"wp-image-878\" srcset=\"https:\/\/www.soledpro.cz\/wp-content\/uploads\/2021\/10\/NFA7-1024x515-1.webp 1024w, https:\/\/www.soledpro.cz\/wp-content\/uploads\/2021\/10\/NFA7-1024x515-1-300x151.webp 300w, https:\/\/www.soledpro.cz\/wp-content\/uploads\/2021\/10\/NFA7-1024x515-1-768x386.webp 768w\" sizes=\"(max-width: 1024px) 100vw, 1024px\" \/><\/a><\/figure>\n<\/div>\n<\/div>\n\n\n\n<div style=\"height:64px\" aria-hidden=\"true\" class=\"wp-block-spacer\"><\/div>\n\n\n\n<div class=\"wp-block-columns is-layout-flex wp-container-core-columns-is-layout-28f84493 wp-block-columns-is-layout-flex\">\n<div class=\"wp-block-column is-layout-flow wp-block-column-is-layout-flow\">\n<figure class=\"wp-block-image size-full\"><a href=\"http:\/\/www.soledpro.cz\/wp-content\/uploads\/2021\/10\/NFA8-1024x515-1.webp\"><img loading=\"lazy\" decoding=\"async\" width=\"1024\" height=\"515\" src=\"http:\/\/www.soledpro.cz\/wp-content\/uploads\/2021\/10\/NFA8-1024x515-1.webp\" alt=\"\" class=\"wp-image-879\" srcset=\"https:\/\/www.soledpro.cz\/wp-content\/uploads\/2021\/10\/NFA8-1024x515-1.webp 1024w, https:\/\/www.soledpro.cz\/wp-content\/uploads\/2021\/10\/NFA8-1024x515-1-300x151.webp 300w, https:\/\/www.soledpro.cz\/wp-content\/uploads\/2021\/10\/NFA8-1024x515-1-768x386.webp 768w\" sizes=\"(max-width: 1024px) 100vw, 1024px\" \/><\/a><\/figure>\n<\/div>\n\n\n\n<div class=\"wp-block-column is-layout-flow wp-block-column-is-layout-flow\">\n<h3 class=\"wp-block-heading\">Zeigen Sie detaillierte Daten mithilfe umfangreicher Berichte an<\/h3>\n\n\n\n<p>Nach dem Sammeln aller Daten kann der Administrator ganz einfach alles \u00fcber sein Netzwerk erfahren. Ein erweiterter Berichtsbereich erm\u00f6glicht eine detaillierte Analyse der Vorg\u00e4nge im Netzwerk der Organisation, ohne dass andere Tools verwendet oder Daten von Routern manuell \u00fcberpr\u00fcft werden m\u00fcssen.<\/p>\n<\/div>\n<\/div>\n\n\n\n<div style=\"height:64px\" aria-hidden=\"true\" class=\"wp-block-spacer\"><\/div>\n\n\n\n<div class=\"wp-block-columns is-layout-flex wp-container-core-columns-is-layout-28f84493 wp-block-columns-is-layout-flex\">\n<div class=\"wp-block-column is-layout-flow wp-block-column-is-layout-flow\">\n<h3 class=\"wp-block-heading\">Ausl\u00f6sen eines Echtzeitalarms bei jeder unerw\u00fcnschten Aktion in der Umgebung<\/h3>\n\n\n\n<p>Das System verf\u00fcgt \u00fcber ein integriertes Alarmmodul, das im Falle einer Anomalie Benachrichtigungen sendet. Durch die Festlegung relevanter Schwellenwerte ist eine sofortige Benachrichtigung bei \u00dcberschreitung dieser Grenzwerte m\u00f6glich.<\/p>\n<\/div>\n\n\n\n<div class=\"wp-block-column is-layout-flow wp-block-column-is-layout-flow\">\n<figure class=\"wp-block-image size-full\"><a href=\"http:\/\/www.soledpro.cz\/wp-content\/uploads\/2021\/10\/NFA9-1024x515-1.webp\"><img loading=\"lazy\" decoding=\"async\" width=\"1024\" height=\"515\" src=\"http:\/\/www.soledpro.cz\/wp-content\/uploads\/2021\/10\/NFA9-1024x515-1.webp\" alt=\"\" class=\"wp-image-880\" srcset=\"https:\/\/www.soledpro.cz\/wp-content\/uploads\/2021\/10\/NFA9-1024x515-1.webp 1024w, https:\/\/www.soledpro.cz\/wp-content\/uploads\/2021\/10\/NFA9-1024x515-1-300x151.webp 300w, https:\/\/www.soledpro.cz\/wp-content\/uploads\/2021\/10\/NFA9-1024x515-1-768x386.webp 768w\" sizes=\"(max-width: 1024px) 100vw, 1024px\" \/><\/a><\/figure>\n<\/div>\n<\/div>\n\n\n\n<div style=\"height:64px\" aria-hidden=\"true\" class=\"wp-block-spacer\"><\/div>\n\n\n\n<h3 class=\"has-text-align-center wp-block-heading\">Interessiert an mit NetFlow Analyzer kompatiblen Systemen?<\/h3>\n\n\n\n<p class=\"has-text-align-center\">Sehen Sie sich das an:<\/p>\n\n\n\n<h4 class=\"has-text-align-center wp-block-heading\">Helpdesk-System ServiceDesk Plus,<\/h4>\n\n\n\n<h4 class=\"has-text-align-center wp-block-heading\">das Ger\u00e4tekonfigurationsverwaltungstool Network Configuration Manager,<\/h4>\n\n\n\n<h4 class=\"has-text-align-center wp-block-heading\">Produkt zur \u00dcberwachung von IT-Ressourcen OpManager.<\/h4>","protected":false},"excerpt":{"rendered":"<p>NetFlow Analyzer je komplexn\u00ed n\u00e1stroj pro anal\u00fdzu provozu, kter\u00fd vyu\u017e\u00edv\u00e1 technologie toku pro zaji\u0161t\u011bn\u00ed n\u00e1hledu do propustnosti s\u00edt\u011b v re\u00e1ln\u00e9m \u010dase. Komplexn\u00ed \u0159e\u0161en\u00ed, kter\u00e9 shroma\u017e\u010fuje, analyzuje a reportuje k \u010demu a k\u00fdm je vyu\u017e\u00edv\u00e1no s\u00ed\u0165ov\u00e9 p\u00e1smo. NetFlow Analyzer je, krom\u011b proveden\u00ed anal\u00fdzy s\u00ed\u0165ov\u00e9ho provozu, tak\u00e9 d\u016fv\u011bryhodn\u00fd n\u00e1stroj optimalizuj\u00edc\u00ed vyu\u017eit\u00ed propustnosti v\u00edce ne\u017e milionu rozhran\u00ed po [&hellip;]<\/p>","protected":false},"author":1,"featured_media":872,"parent":710,"menu_order":0,"comment_status":"closed","ping_status":"closed","template":"","meta":{"footnotes":""},"class_list":["post-871","page","type-page","status-publish","has-post-thumbnail","hentry"],"_links":{"self":[{"href":"https:\/\/www.soledpro.cz\/de\/wp-json\/wp\/v2\/pages\/871","targetHints":{"allow":["GET"]}}],"collection":[{"href":"https:\/\/www.soledpro.cz\/de\/wp-json\/wp\/v2\/pages"}],"about":[{"href":"https:\/\/www.soledpro.cz\/de\/wp-json\/wp\/v2\/types\/page"}],"author":[{"embeddable":true,"href":"https:\/\/www.soledpro.cz\/de\/wp-json\/wp\/v2\/users\/1"}],"replies":[{"embeddable":true,"href":"https:\/\/www.soledpro.cz\/de\/wp-json\/wp\/v2\/comments?post=871"}],"version-history":[{"count":2,"href":"https:\/\/www.soledpro.cz\/de\/wp-json\/wp\/v2\/pages\/871\/revisions"}],"predecessor-version":[{"id":883,"href":"https:\/\/www.soledpro.cz\/de\/wp-json\/wp\/v2\/pages\/871\/revisions\/883"}],"up":[{"embeddable":true,"href":"https:\/\/www.soledpro.cz\/de\/wp-json\/wp\/v2\/pages\/710"}],"wp:featuredmedia":[{"embeddable":true,"href":"https:\/\/www.soledpro.cz\/de\/wp-json\/wp\/v2\/media\/872"}],"wp:attachment":[{"href":"https:\/\/www.soledpro.cz\/de\/wp-json\/wp\/v2\/media?parent=871"}],"curies":[{"name":"wp","href":"https:\/\/api.w.org\/{rel}","templated":true}]}}