{"id":864,"date":"2021-10-30T12:30:42","date_gmt":"2021-10-30T10:30:42","guid":{"rendered":"http:\/\/www.soledpro.cz\/?page_id=864"},"modified":"2021-10-30T12:30:43","modified_gmt":"2021-10-30T10:30:43","slug":"applications-manager","status":"publish","type":"page","link":"https:\/\/www.soledpro.cz\/de\/kyberneticka-bezpecnost\/manage-engine\/produkty-monitoring-it\/applications-manager\/","title":{"rendered":"Applications Manager"},"content":{"rendered":"<h3 class=\"wp-block-heading\">Applications Manager ist eine L\u00f6sung zur \u00dcberwachung der Anwendungsleistung, die Gesch\u00e4ftsanwendungen proaktiv \u00fcberwacht und Unternehmen dabei hilft, sicherzustellen, dass ihre wichtigsten Anwendungen die Erwartungen der Endbenutzer erf\u00fcllen.<\/h3>\n\n\n\n<p>Applications Manager dient zum Testen der Anwendungsleistung und Dienstverf\u00fcgbarkeit und bietet vorgefertigte Vorlagen zur \u00dcberwachung von mehr als 100 Anwendungen und Servern. Das System erm\u00f6glicht die \u00dcberwachung einzelner Elemente wie Dienste, Anwendungen, Ordner und komplexer Elemente wie IIS-Server, E-Mail-Server und vielem mehr. Dank der Funktion zur Gruppierung von Monitoren erm\u00f6glicht das Tool die Anzeige der Aktivit\u00e4t der gesamten Umgebung. Das System erm\u00f6glicht au\u00dferdem die Erstellung zahlreicher Benachrichtigungsregeln f\u00fcr den Fall eines Ausfalls oder einer Grenzwert\u00fcberschreitung eines bestimmten Monitors. Das Applications Manager-System ist in der Lage, jeden Dienst effektiv zu \u00fcberwachen und im Falle eines Ausfalls entsprechend zu reagieren. Das System kann einen Alarm per E-Mail, SMS und Reporting im Helpdesk-System ausl\u00f6sen. Dank des Zugriffs \u00fcber die Internetbrowser-Ebene k\u00f6nnen wir unsere Umgebung von jedem Ort der Welt aus betrachten.<\/p>\n\n\n\n<div style=\"height:64px\" aria-hidden=\"true\" class=\"wp-block-spacer\"><\/div>\n\n\n\n<h2 class=\"wp-block-heading\">VORTEILE<\/h2>\n\n\n\n<ul class=\"wp-block-list\"><li>\u00dcberwachung von Servern, virtuellen und Cloud-Umgebungen sowie gesch\u00e4ftskritischen Diensten<\/li><li>\u00dcberpr\u00fcfung der reibungslosen Durchf\u00fchrung der Aktivit\u00e4t<\/li><li>Einblick in die Datenbankaktivit\u00e4t<\/li><li>\u00dcberwachung von Anwendungen von innen<\/li><li>\u00dcberwachung von Internetdiensten und der Cloud<\/li><li>Senden von Benachrichtigungen in Echtzeit<\/li><li>\u00dcberwachung der Leistung von Anwendungsservern<\/li><li>Greifen Sie \u00fcber eine Webkonsole auf alle Anwendungsfunktionen zu<\/li><\/ul>\n\n\n\n<div style=\"height:64px\" aria-hidden=\"true\" class=\"wp-block-spacer\"><\/div>\n\n\n\n<h2 class=\"wp-block-heading\">MERKMALE<\/h2>\n\n\n\n<div class=\"wp-block-columns is-layout-flex wp-container-core-columns-is-layout-28f84493 wp-block-columns-is-layout-flex\">\n<div class=\"wp-block-column is-layout-flow wp-block-column-is-layout-flow\">\n<h3 class=\"wp-block-heading\">\u00dcberwachung einzelner Dienste in der Umgebung<\/h3>\n\n\n\n<p>Das System bietet die M\u00f6glichkeit, die Anwendung in der jeweiligen Umgebung anhand ihrer Verf\u00fcgbarkeit, Reaktionszeit und Auslastung des Prozessors, des Arbeitsspeichers und des Festplattenspeichers zu \u00fcberwachen. Jedem der Monitore kann ein individuelles Profil zugewiesen werden, um im Falle einer kritischen Situation einen Alarm auszul\u00f6sen.<\/p>\n<\/div>\n\n\n\n<div class=\"wp-block-column is-layout-flow wp-block-column-is-layout-flow\">\n<figure class=\"wp-block-image size-full\"><a href=\"http:\/\/www.soledpro.cz\/wp-content\/uploads\/2021\/10\/APM1-1024x520-1.webp\"><img fetchpriority=\"high\" decoding=\"async\" width=\"1024\" height=\"520\" src=\"http:\/\/www.soledpro.cz\/wp-content\/uploads\/2021\/10\/APM1-1024x520-1.webp\" alt=\"\" class=\"wp-image-865\" srcset=\"https:\/\/www.soledpro.cz\/wp-content\/uploads\/2021\/10\/APM1-1024x520-1.webp 1024w, https:\/\/www.soledpro.cz\/wp-content\/uploads\/2021\/10\/APM1-1024x520-1-300x152.webp 300w, https:\/\/www.soledpro.cz\/wp-content\/uploads\/2021\/10\/APM1-1024x520-1-768x390.webp 768w\" sizes=\"(max-width: 1024px) 100vw, 1024px\" \/><\/a><\/figure>\n<\/div>\n<\/div>\n\n\n\n<div style=\"height:64px\" aria-hidden=\"true\" class=\"wp-block-spacer\"><\/div>\n\n\n\n<div class=\"wp-block-columns is-layout-flex wp-container-core-columns-is-layout-28f84493 wp-block-columns-is-layout-flex\">\n<div class=\"wp-block-column is-layout-flow wp-block-column-is-layout-flow\">\n<figure class=\"wp-block-image size-full\"><a href=\"http:\/\/www.soledpro.cz\/wp-content\/uploads\/2021\/10\/APM2-1024x511-1.webp\"><img decoding=\"async\" width=\"1024\" height=\"511\" src=\"http:\/\/www.soledpro.cz\/wp-content\/uploads\/2021\/10\/APM2-1024x511-1.webp\" alt=\"\" class=\"wp-image-866\" srcset=\"https:\/\/www.soledpro.cz\/wp-content\/uploads\/2021\/10\/APM2-1024x511-1.webp 1024w, https:\/\/www.soledpro.cz\/wp-content\/uploads\/2021\/10\/APM2-1024x511-1-300x150.webp 300w, https:\/\/www.soledpro.cz\/wp-content\/uploads\/2021\/10\/APM2-1024x511-1-768x383.webp 768w\" sizes=\"(max-width: 1024px) 100vw, 1024px\" \/><\/a><\/figure>\n<\/div>\n\n\n\n<div class=\"wp-block-column is-layout-flow wp-block-column-is-layout-flow\">\n<h3 class=\"wp-block-heading\">Gruppieren Sie Monitore f\u00fcr eine bessere Ansicht<\/h3>\n\n\n\n<p>Applications Manager gruppiert Monitore nach Kategorien und Anwendungsanbietern, um eine bessere Sicht auf das System zu erm\u00f6glichen. Eine solche Anordnung erm\u00f6glicht es Administratoren, sich schnell durch die Schnittstelle zu bewegen. Es ist auch m\u00f6glich, sogenannte \u201eBusiness-Views\u201c zu erstellen, die uns \u00fcber die Beziehungen zwischen den \u00fcberwachten Elementen informieren.<\/p>\n<\/div>\n<\/div>\n\n\n\n<div style=\"height:64px\" aria-hidden=\"true\" class=\"wp-block-spacer\"><\/div>\n\n\n\n<div class=\"wp-block-columns is-layout-flex wp-container-core-columns-is-layout-28f84493 wp-block-columns-is-layout-flex\">\n<div class=\"wp-block-column is-layout-flow wp-block-column-is-layout-flow\">\n<h3 class=\"wp-block-heading\">Ausl\u00f6sen eines Alarms bei jedem Problem in Echtzeit<\/h3>\n\n\n\n<p>Applications Manager ist mit der M\u00f6glichkeit ausgestattet, an Administratoren gesendete Benachrichtigungen zu konfigurieren. Der Inhalt der Meldung kann f\u00fcr jedes vom System erfasste Ereignis entsprechend definiert werden. Bei einer gro\u00dfen Anzahl von Warnungen erm\u00f6glicht das System die Erstellung eines Zeitintervalls, in dem nur eine Nachricht\/Alarm versendet werden kann.<\/p>\n<\/div>\n\n\n\n<div class=\"wp-block-column is-layout-flow wp-block-column-is-layout-flow\">\n<figure class=\"wp-block-image size-full\"><a href=\"http:\/\/www.soledpro.cz\/wp-content\/uploads\/2021\/10\/APM4-1024x520-1.webp\"><img decoding=\"async\" width=\"1024\" height=\"520\" src=\"http:\/\/www.soledpro.cz\/wp-content\/uploads\/2021\/10\/APM4-1024x520-1.webp\" alt=\"\" class=\"wp-image-867\" srcset=\"https:\/\/www.soledpro.cz\/wp-content\/uploads\/2021\/10\/APM4-1024x520-1.webp 1024w, https:\/\/www.soledpro.cz\/wp-content\/uploads\/2021\/10\/APM4-1024x520-1-300x152.webp 300w, https:\/\/www.soledpro.cz\/wp-content\/uploads\/2021\/10\/APM4-1024x520-1-768x390.webp 768w\" sizes=\"(max-width: 1024px) 100vw, 1024px\" \/><\/a><\/figure>\n<\/div>\n<\/div>\n\n\n\n<div style=\"height:64px\" aria-hidden=\"true\" class=\"wp-block-spacer\"><\/div>\n\n\n\n<div class=\"wp-block-columns is-layout-flex wp-container-core-columns-is-layout-28f84493 wp-block-columns-is-layout-flex\">\n<div class=\"wp-block-column is-layout-flow wp-block-column-is-layout-flow\">\n<figure class=\"wp-block-image size-full\"><a href=\"http:\/\/www.soledpro.cz\/wp-content\/uploads\/2021\/10\/APM51-1024x527-1.webp\"><img loading=\"lazy\" decoding=\"async\" width=\"1024\" height=\"527\" src=\"http:\/\/www.soledpro.cz\/wp-content\/uploads\/2021\/10\/APM51-1024x527-1.webp\" alt=\"\" class=\"wp-image-868\" srcset=\"https:\/\/www.soledpro.cz\/wp-content\/uploads\/2021\/10\/APM51-1024x527-1.webp 1024w, https:\/\/www.soledpro.cz\/wp-content\/uploads\/2021\/10\/APM51-1024x527-1-300x154.webp 300w, https:\/\/www.soledpro.cz\/wp-content\/uploads\/2021\/10\/APM51-1024x527-1-768x395.webp 768w\" sizes=\"(max-width: 1024px) 100vw, 1024px\" \/><\/a><\/figure>\n<\/div>\n\n\n\n<div class=\"wp-block-column is-layout-flow wp-block-column-is-layout-flow\">\n<h3 class=\"wp-block-heading\">Betrachtung der Umgebung mithilfe erweiterter Berichte<\/h3>\n\n\n\n<p>Das Tool verf\u00fcgt \u00fcber eine Vielzahl integrierter Berichte, dank derer Sie jede durchgef\u00fchrte Aktion einsehen k\u00f6nnen. Das System erm\u00f6glicht die Erstellung zyklischer Zeitpl\u00e4ne f\u00fcr die Ausf\u00fchrung dieser Berichte und den Versand der generierten Datei \u00fcber den in der Konfiguration angegebenen Pfad.<\/p>\n<\/div>\n<\/div>\n\n\n\n<div style=\"height:64px\" aria-hidden=\"true\" class=\"wp-block-spacer\"><\/div>\n\n\n\n<div class=\"wp-block-columns is-layout-flex wp-container-core-columns-is-layout-28f84493 wp-block-columns-is-layout-flex\">\n<div class=\"wp-block-column is-layout-flow wp-block-column-is-layout-flow\">\n<h3 class=\"wp-block-heading\">Betreuung vieler komplexer IT-Systeme<\/h3>\n\n\n\n<p>Applications Manager unterst\u00fctzt die \u00dcberwachung von mehr als 100 verschiedenen IT-Systemen wie Datenbanken, Serveranwendungen, Servern, ERP, Netzwerkger\u00e4ten, Mailservern, Diensten, Virtualisierung und Cloud-Anwendungen.<\/p>\n<\/div>\n\n\n\n<div class=\"wp-block-column is-layout-flow wp-block-column-is-layout-flow\">\n<figure class=\"wp-block-image size-full\"><a href=\"http:\/\/www.soledpro.cz\/wp-content\/uploads\/2021\/10\/APM3-1024x520-1.webp\"><img loading=\"lazy\" decoding=\"async\" width=\"1024\" height=\"520\" src=\"http:\/\/www.soledpro.cz\/wp-content\/uploads\/2021\/10\/APM3-1024x520-1.webp\" alt=\"\" class=\"wp-image-869\" srcset=\"https:\/\/www.soledpro.cz\/wp-content\/uploads\/2021\/10\/APM3-1024x520-1.webp 1024w, https:\/\/www.soledpro.cz\/wp-content\/uploads\/2021\/10\/APM3-1024x520-1-300x152.webp 300w, https:\/\/www.soledpro.cz\/wp-content\/uploads\/2021\/10\/APM3-1024x520-1-768x390.webp 768w\" sizes=\"(max-width: 1024px) 100vw, 1024px\" \/><\/a><\/figure>\n<\/div>\n<\/div>\n\n\n\n<div style=\"height:64px\" aria-hidden=\"true\" class=\"wp-block-spacer\"><\/div>\n\n\n\n<h3 class=\"has-text-align-center wp-block-heading\">Interessieren Sie sich f\u00fcr mit Applications Manager kompatible Systeme?<\/h3>\n\n\n\n<p class=\"has-text-align-center\">Sehen Sie sich das an:<\/p>\n\n\n\n<h4 class=\"has-text-align-center wp-block-heading\">Analytics Plus Werkzeug zur Datenanalyse,<\/h4>\n\n\n\n<h4 class=\"has-text-align-center wp-block-heading\">System zur \u00dcberwachung von IT-Ressourcen OpManager,<\/h4>\n\n\n\n<h4 class=\"has-text-align-center wp-block-heading\">Software zur \u00dcberwachung der IT-Infrastruktur Site24x7.<\/h4>\n\n\n\n<div style=\"height:100px\" aria-hidden=\"true\" class=\"wp-block-spacer\"><\/div>","protected":false},"excerpt":{"rendered":"<p>Applications Manager je \u0159e\u0161en\u00ed pro monitoring v\u00fdkonnosti aplikac\u00ed, kter\u00e9 proaktivn\u011b monitoruje obchodn\u00ed aplikace a pom\u00e1h\u00e1 organizac\u00edm zajistit, \u017ee jejich kl\u00ed\u010dov\u00e9 aplikace spl\u0148uj\u00ed o\u010dek\u00e1v\u00e1n\u00ed koncov\u00fdch u\u017eivatel\u016f. Applications Manager je testov\u00e1n\u00ed aplikace z hlediska v\u00fdkonnosti a dostupnosti slu\u017eby a nab\u00edz\u00ed p\u0159edp\u0159ipraven\u00e9 \u0161ablony pro monitorov\u00e1n\u00ed v\u00edce ne\u017e 100 aplikac\u00ed a server\u016f. Syst\u00e9m umo\u017e\u0148uje monitorov\u00e1n\u00ed jednotliv\u00fdch prvk\u016f, jako jsou [&hellip;]<\/p>","protected":false},"author":1,"featured_media":865,"parent":710,"menu_order":0,"comment_status":"closed","ping_status":"closed","template":"","meta":{"footnotes":""},"class_list":["post-864","page","type-page","status-publish","has-post-thumbnail","hentry"],"_links":{"self":[{"href":"https:\/\/www.soledpro.cz\/de\/wp-json\/wp\/v2\/pages\/864","targetHints":{"allow":["GET"]}}],"collection":[{"href":"https:\/\/www.soledpro.cz\/de\/wp-json\/wp\/v2\/pages"}],"about":[{"href":"https:\/\/www.soledpro.cz\/de\/wp-json\/wp\/v2\/types\/page"}],"author":[{"embeddable":true,"href":"https:\/\/www.soledpro.cz\/de\/wp-json\/wp\/v2\/users\/1"}],"replies":[{"embeddable":true,"href":"https:\/\/www.soledpro.cz\/de\/wp-json\/wp\/v2\/comments?post=864"}],"version-history":[{"count":1,"href":"https:\/\/www.soledpro.cz\/de\/wp-json\/wp\/v2\/pages\/864\/revisions"}],"predecessor-version":[{"id":870,"href":"https:\/\/www.soledpro.cz\/de\/wp-json\/wp\/v2\/pages\/864\/revisions\/870"}],"up":[{"embeddable":true,"href":"https:\/\/www.soledpro.cz\/de\/wp-json\/wp\/v2\/pages\/710"}],"wp:featuredmedia":[{"embeddable":true,"href":"https:\/\/www.soledpro.cz\/de\/wp-json\/wp\/v2\/media\/865"}],"wp:attachment":[{"href":"https:\/\/www.soledpro.cz\/de\/wp-json\/wp\/v2\/media?parent=864"}],"curies":[{"name":"wp","href":"https:\/\/api.w.org\/{rel}","templated":true}]}}