{"id":848,"date":"2021-10-30T12:15:44","date_gmt":"2021-10-30T10:15:44","guid":{"rendered":"http:\/\/www.soledpro.cz\/?page_id=848"},"modified":"2021-10-30T12:15:46","modified_gmt":"2021-10-30T10:15:46","slug":"sharepoint-manager","status":"publish","type":"page","link":"https:\/\/www.soledpro.cz\/de\/kyberneticka-bezpecnost\/manage-engine\/produkty-active-directory\/sharepoint-manager\/","title":{"rendered":"SharePoint Manager"},"content":{"rendered":"<h3 class=\"wp-block-heading\">Die SharePoint-Plattform erm\u00f6glicht das einfache Hosten und Teilen von Gesch\u00e4ftsdaten sowohl online als auch vor Ort.<\/h3>\n\n\n\n<p>SharePoint Manager Plus ist ein umfassendes Tool, mit dem viele SharePoint-Implementierungen von einer zentralen Konsole aus \u00fcberwacht, analysiert und gesteuert werden k\u00f6nnen. Mit dieser SharePoint-Verwaltung und -Pr\u00fcfung k\u00f6nnen Sie Zeit sparen und die Arbeitseffizienz steigern. Dank dieser L\u00f6sung k\u00f6nnen wir SharePoint viel schneller, bequemer und einfacher verwalten. Die Anwendung erm\u00f6glicht auch die Migration von On-Premise zu Online und zur\u00fcck. Das System verf\u00fcgt \u00fcber viele integrierte Berichte, die detaillierte Einblicke in die Umgebung erm\u00f6glichen.<\/p>\n\n\n\n<div style=\"height:64px\" aria-hidden=\"true\" class=\"wp-block-spacer\"><\/div>\n\n\n\n<h2 class=\"wp-block-heading\">VORTEILE<\/h2>\n\n\n\n<ul class=\"wp-block-list\"><li>Verwalten Sie SharePoint vor Ort und online \u00fcber eine einzige Konsole<\/li><li>\u00fcbersichtliche Verwaltung von Berechtigungen und Gruppen<\/li><li>Pr\u00fcfung von \u00c4nderungen f\u00fcr einzelne Infrastrukturelemente<\/li><li>Verfolgung des Abonnements von Benutzerinhalten<\/li><li>F\u00fchren Sie die Migration von Inhalten von SharePoint vor Ort nach Online und zur\u00fcck sicher und schnell durch<\/li><li>Detailliertes integriertes Berichtsmodul<\/li><li>Delegation der Verwaltung einzelner Ordner an andere Benutzer<\/li><\/ul>\n\n\n\n<div style=\"height:64px\" aria-hidden=\"true\" class=\"wp-block-spacer\"><\/div>\n\n\n\n<h2 class=\"wp-block-heading\">MERKMALE<\/h2>\n\n\n\n<div class=\"wp-block-columns is-layout-flex wp-container-core-columns-is-layout-28f84493 wp-block-columns-is-layout-flex\">\n<div class=\"wp-block-column is-layout-flow wp-block-column-is-layout-flow\">\n<h3 class=\"wp-block-heading\">Ein erweiterter Berichtsabschnitt, der den Zustand der Umwelt darstellt<\/h3>\n\n\n\n<p>Das SharePoint Manager Plus-System bietet die M\u00f6glichkeit, Aktivit\u00e4ten grafisch darzustellen und ihren Status zu \u00fcberwachen. Das Dashboard zeigt Dokumente auch in Ressourcen und Speicherplatz an, die Dateien auf Freigaben beanspruchen. Dank der \u00dcbersicht \u00fcber die gesamte Umgebung haben wir die M\u00f6glichkeit, diese gr\u00fcndlich zu \u00fcberpr\u00fcfen und alle durchgef\u00fchrten Aktionen anzuzeigen.<\/p>\n<\/div>\n\n\n\n<div class=\"wp-block-column is-layout-flow wp-block-column-is-layout-flow\">\n<figure class=\"wp-block-image size-full\"><a href=\"http:\/\/www.soledpro.cz\/wp-content\/uploads\/2021\/10\/Raporty-4-1024x480-1.webp\"><img fetchpriority=\"high\" decoding=\"async\" width=\"1024\" height=\"480\" src=\"http:\/\/www.soledpro.cz\/wp-content\/uploads\/2021\/10\/Raporty-4-1024x480-1.webp\" alt=\"\" class=\"wp-image-849\" srcset=\"https:\/\/www.soledpro.cz\/wp-content\/uploads\/2021\/10\/Raporty-4-1024x480-1.webp 1024w, https:\/\/www.soledpro.cz\/wp-content\/uploads\/2021\/10\/Raporty-4-1024x480-1-300x141.webp 300w, https:\/\/www.soledpro.cz\/wp-content\/uploads\/2021\/10\/Raporty-4-1024x480-1-768x360.webp 768w\" sizes=\"(max-width: 1024px) 100vw, 1024px\" \/><\/a><\/figure>\n<\/div>\n<\/div>\n\n\n\n<div style=\"height:64px\" aria-hidden=\"true\" class=\"wp-block-spacer\"><\/div>\n\n\n\n<div class=\"wp-block-columns is-layout-flex wp-container-core-columns-is-layout-28f84493 wp-block-columns-is-layout-flex\">\n<div class=\"wp-block-column is-layout-flow wp-block-column-is-layout-flow\">\n<figure class=\"wp-block-image size-full\"><a href=\"http:\/\/www.soledpro.cz\/wp-content\/uploads\/2021\/10\/Audyt-3-1024x497-1.webp\"><img decoding=\"async\" width=\"1024\" height=\"497\" src=\"http:\/\/www.soledpro.cz\/wp-content\/uploads\/2021\/10\/Audyt-3-1024x497-1.webp\" alt=\"\" class=\"wp-image-850\" srcset=\"https:\/\/www.soledpro.cz\/wp-content\/uploads\/2021\/10\/Audyt-3-1024x497-1.webp 1024w, https:\/\/www.soledpro.cz\/wp-content\/uploads\/2021\/10\/Audyt-3-1024x497-1-300x146.webp 300w, https:\/\/www.soledpro.cz\/wp-content\/uploads\/2021\/10\/Audyt-3-1024x497-1-768x373.webp 768w\" sizes=\"(max-width: 1024px) 100vw, 1024px\" \/><\/a><\/figure>\n<\/div>\n\n\n\n<div class=\"wp-block-column is-layout-flow wp-block-column-is-layout-flow\">\n<h3 class=\"wp-block-heading\">Umweltaudit und \u00dcberpr\u00fcfung aller \u00c4nderungen<\/h3>\n\n\n\n<p>Die \u00dcberwachungsfunktion der SharePoint-Umgebung bietet Einblicke in Online- und lokale Ressourcen. Das System bietet Zugriff auf umfangreiche Daten archivierter \u00c4nderungen, die in die Umgebung eingegeben wurden. Das generierte Suchergebnis kann an eine Datei im gew\u00e4hlten Format gesendet werden, z. B. CSV, PDF, XLS, HTML.<\/p>\n<\/div>\n<\/div>\n\n\n\n<div style=\"height:64px\" aria-hidden=\"true\" class=\"wp-block-spacer\"><\/div>\n\n\n\n<div class=\"wp-block-columns is-layout-flex wp-container-core-columns-is-layout-28f84493 wp-block-columns-is-layout-flex\">\n<div class=\"wp-block-column is-layout-flow wp-block-column-is-layout-flow\">\n<h3 class=\"wp-block-heading\">Verwalten des Zugriffs auf die SharePoint-Umgebung<\/h3>\n\n\n\n<p>Das Tool bietet die M\u00f6glichkeit, den Benutzerzugriff auf Ressourcen in der gesamten Umgebung zu verwalten. SharePoint Manager Plus erm\u00f6glicht granulare Berechtigungen zur genauen Definition von Benutzerzugriffen und Berechtigungen und gibt uns so die vollst\u00e4ndige Kontrolle \u00fcber die SharePoint-Verwaltung. SharePoint-Management und -\u00dcberwachung SharePoint bietet Ihnen Transparenz und Kontrolle.<\/p>\n<\/div>\n\n\n\n<div class=\"wp-block-column is-layout-flow wp-block-column-is-layout-flow\">\n<figure class=\"wp-block-image size-full\"><a href=\"http:\/\/www.soledpro.cz\/wp-content\/uploads\/2021\/10\/Zarzadzanie-3-1024x292-1.webp\"><img decoding=\"async\" width=\"1024\" height=\"292\" src=\"http:\/\/www.soledpro.cz\/wp-content\/uploads\/2021\/10\/Zarzadzanie-3-1024x292-1.webp\" alt=\"\" class=\"wp-image-851\" srcset=\"https:\/\/www.soledpro.cz\/wp-content\/uploads\/2021\/10\/Zarzadzanie-3-1024x292-1.webp 1024w, https:\/\/www.soledpro.cz\/wp-content\/uploads\/2021\/10\/Zarzadzanie-3-1024x292-1-300x86.webp 300w, https:\/\/www.soledpro.cz\/wp-content\/uploads\/2021\/10\/Zarzadzanie-3-1024x292-1-768x219.webp 768w\" sizes=\"(max-width: 1024px) 100vw, 1024px\" \/><\/a><\/figure>\n<\/div>\n<\/div>\n\n\n\n<div style=\"height:64px\" aria-hidden=\"true\" class=\"wp-block-spacer\"><\/div>\n\n\n\n<div class=\"wp-block-columns is-layout-flex wp-container-core-columns-is-layout-28f84493 wp-block-columns-is-layout-flex\">\n<div class=\"wp-block-column is-layout-flow wp-block-column-is-layout-flow\">\n<figure class=\"wp-block-image size-full\"><a href=\"http:\/\/www.soledpro.cz\/wp-content\/uploads\/2021\/10\/Migracja-1024x360-1.webp\"><img loading=\"lazy\" decoding=\"async\" width=\"1024\" height=\"360\" src=\"http:\/\/www.soledpro.cz\/wp-content\/uploads\/2021\/10\/Migracja-1024x360-1.webp\" alt=\"\" class=\"wp-image-852\" srcset=\"https:\/\/www.soledpro.cz\/wp-content\/uploads\/2021\/10\/Migracja-1024x360-1.webp 1024w, https:\/\/www.soledpro.cz\/wp-content\/uploads\/2021\/10\/Migracja-1024x360-1-300x105.webp 300w, https:\/\/www.soledpro.cz\/wp-content\/uploads\/2021\/10\/Migracja-1024x360-1-768x270.webp 768w\" sizes=\"(max-width: 1024px) 100vw, 1024px\" \/><\/a><\/figure>\n<\/div>\n\n\n\n<div class=\"wp-block-column is-layout-flow wp-block-column-is-layout-flow\">\n<h3 class=\"wp-block-heading\">Einfache Migration zwischen On-Premise- und Online-Versionen<\/h3>\n\n\n\n<p>SharePoint Manager Plus bietet eine einfache Migration von On-Premise zu Online und umgekehrt. Dies erm\u00f6glicht einen einfachen Zugriff auf Daten und die M\u00f6glichkeit, Daten einfach zu speichern oder zu sichern. Das System erm\u00f6glicht auch die \u00dcbertragung einzelner Elemente wie Benutzer, Gruppen und etwaiger nicht standardm\u00e4\u00dfiger Berechtigungen. Dadurch kann die Migration auch au\u00dferhalb der Gesch\u00e4ftszeiten durchgef\u00fchrt werden, wodurch Dienstausfallzeiten f\u00fcr Benutzer vermieden werden.<\/p>\n<\/div>\n<\/div>\n\n\n\n<div style=\"height:64px\" aria-hidden=\"true\" class=\"wp-block-spacer\"><\/div>\n\n\n\n<div class=\"wp-block-columns is-layout-flex wp-container-core-columns-is-layout-28f84493 wp-block-columns-is-layout-flex\">\n<div class=\"wp-block-column is-layout-flow wp-block-column-is-layout-flow\">\n<h3 class=\"wp-block-heading\">Option zum Konfigurieren der Alarmausl\u00f6sung bei Echtzeitereignissen<\/h3>\n\n\n\n<p>Das System bietet die M\u00f6glichkeit, Benachrichtigungen an Netzwerkadministratoren zu konfigurieren. Der Inhalt der zuzustellenden Nachricht kann f\u00fcr jedes aufgezeichnete Ereignis entsprechend definiert werden. Dank dieser Funktion wird der Administrator \u00fcber jede kritische \u00c4nderung in der Umgebung benachrichtigt.<\/p>\n<\/div>\n\n\n\n<div class=\"wp-block-column is-layout-flow wp-block-column-is-layout-flow\">\n<figure class=\"wp-block-image size-full\"><a href=\"http:\/\/www.soledpro.cz\/wp-content\/uploads\/2021\/10\/Alertowanie-2-1024x459-1.webp\"><img loading=\"lazy\" decoding=\"async\" width=\"1024\" height=\"459\" src=\"http:\/\/www.soledpro.cz\/wp-content\/uploads\/2021\/10\/Alertowanie-2-1024x459-1.webp\" alt=\"\" class=\"wp-image-853\" srcset=\"https:\/\/www.soledpro.cz\/wp-content\/uploads\/2021\/10\/Alertowanie-2-1024x459-1.webp 1024w, https:\/\/www.soledpro.cz\/wp-content\/uploads\/2021\/10\/Alertowanie-2-1024x459-1-300x134.webp 300w, https:\/\/www.soledpro.cz\/wp-content\/uploads\/2021\/10\/Alertowanie-2-1024x459-1-768x344.webp 768w\" sizes=\"(max-width: 1024px) 100vw, 1024px\" \/><\/a><\/figure>\n<\/div>\n<\/div>\n\n\n\n<div style=\"height:100px\" aria-hidden=\"true\" class=\"wp-block-spacer\"><\/div>","protected":false},"excerpt":{"rendered":"<p>Platforma SharePoint zaji\u0161\u0165uje snadn\u00fd hosting a sd\u00edlen\u00ed obchodn\u00edch dat jak online, tak on-premise. SharePoint Manager Plus je komplexn\u00ed n\u00e1stroj, kter\u00fd m\u016f\u017ee monitorovat, analyzovat a kontrolovat mnoho implementac\u00ed SharePoint z centr\u00e1ln\u00ed konzole. Tato spr\u00e1va a auditov\u00e1n\u00ed SharePoint umo\u017e\u0148uje \u00fasporu \u010dasu a zv\u00fd\u0161en\u00ed efektivity pr\u00e1ce. D\u00edky tomuto \u0159e\u0161en\u00ed jsme schopni spravovat SharePoint mnohem rychleji, pohodln\u011bji a jednodu\u0161eji. [&hellip;]<\/p>","protected":false},"author":1,"featured_media":849,"parent":712,"menu_order":0,"comment_status":"closed","ping_status":"closed","template":"","meta":{"footnotes":""},"class_list":["post-848","page","type-page","status-publish","has-post-thumbnail","hentry"],"_links":{"self":[{"href":"https:\/\/www.soledpro.cz\/de\/wp-json\/wp\/v2\/pages\/848","targetHints":{"allow":["GET"]}}],"collection":[{"href":"https:\/\/www.soledpro.cz\/de\/wp-json\/wp\/v2\/pages"}],"about":[{"href":"https:\/\/www.soledpro.cz\/de\/wp-json\/wp\/v2\/types\/page"}],"author":[{"embeddable":true,"href":"https:\/\/www.soledpro.cz\/de\/wp-json\/wp\/v2\/users\/1"}],"replies":[{"embeddable":true,"href":"https:\/\/www.soledpro.cz\/de\/wp-json\/wp\/v2\/comments?post=848"}],"version-history":[{"count":1,"href":"https:\/\/www.soledpro.cz\/de\/wp-json\/wp\/v2\/pages\/848\/revisions"}],"predecessor-version":[{"id":854,"href":"https:\/\/www.soledpro.cz\/de\/wp-json\/wp\/v2\/pages\/848\/revisions\/854"}],"up":[{"embeddable":true,"href":"https:\/\/www.soledpro.cz\/de\/wp-json\/wp\/v2\/pages\/712"}],"wp:featuredmedia":[{"embeddable":true,"href":"https:\/\/www.soledpro.cz\/de\/wp-json\/wp\/v2\/media\/849"}],"wp:attachment":[{"href":"https:\/\/www.soledpro.cz\/de\/wp-json\/wp\/v2\/media?parent=848"}],"curies":[{"name":"wp","href":"https:\/\/api.w.org\/{rel}","templated":true}]}}