{"id":842,"date":"2021-10-30T12:06:19","date_gmt":"2021-10-30T10:06:19","guid":{"rendered":"http:\/\/www.soledpro.cz\/?page_id=842"},"modified":"2021-10-30T12:06:20","modified_gmt":"2021-10-30T10:06:20","slug":"recovery-manager-plus","status":"publish","type":"page","link":"https:\/\/www.soledpro.cz\/de\/kyberneticka-bezpecnost\/manage-engine\/produkty-active-directory\/recovery-manager-plus\/","title":{"rendered":"Recovery Manager Plus"},"content":{"rendered":"<h3 class=\"wp-block-heading\">Recovery Manager Plus ist ein einfaches Online-Tool zum Erstellen von Sicherungskopien und zum Wiederherstellen von Active Directory.<\/h3>\n\n\n\n<p>Recovery Manager Plus ist ein Tool zum Erstellen von Sicherungskopien von Active Directory und allen Aspekten der Umgebung. Es erm\u00f6glicht die sofortige Wiederherstellung gel\u00f6schter oder ge\u00e4nderter Objekte und einzelner Attribute, ohne dass Dom\u00e4nencontroller neu gestartet werden m\u00fcssen. Mit Recovery Manager Plus haben wir die M\u00f6glichkeit, alle AD-Objekte wie Benutzer, Gruppen, GPOs, OUs, Exchange-Attribute, DNS-Informationen, Computerkonten und Kontakte nahtlos wiederherzustellen. Recovery Manager Plus kann au\u00dferdem die gesamte AD-Umgebung zu einem ausgew\u00e4hlten Zeitpunkt wiederherstellen und dabei alle vorherigen \u00c4nderungen r\u00fcckg\u00e4ngig machen. Wir k\u00f6nnen Active Directory-Backups f\u00fcr einen bestimmten Zeitraum aufbewahren und sie automatisch nach einem festgelegten Zeitplan erstellen. Die Anwendung unterst\u00fctzt auch die Erstellung von Backups von Office365 und Exchange und sch\u00fctzt diese so vor m\u00f6glichen Problemen.<\/p>\n\n\n\n<div style=\"height:64px\" aria-hidden=\"true\" class=\"wp-block-spacer\"><\/div>\n\n\n\n<h2 class=\"wp-block-heading\">VORTEILE<\/h2>\n\n\n\n<ul class=\"wp-block-list\"><li>Erstellen von Sicherungskopien aller Active Directory-Objekte mit einem Klick<\/li><li>die M\u00f6glichkeit, eine Sicherungskopie des AD-Umgebungsschemas gem\u00e4\u00df dem festgelegten Zeitplan zu erstellen<\/li><li>Wiederherstellen der Active Directory-Umgebung auf den vorherigen Zustand der Sicherungskopie<\/li><li>M\u00f6glichkeit, ein gel\u00f6schtes AD-Objekt zusammen mit seinem Attribut mit einem Klick wiederherzustellen<\/li><li>Definieren des Aufbewahrungszeitraums f\u00fcr Sicherungskopien der Active Directory-Umgebung<\/li><li>Speichern der am Objekt vorgenommenen \u00c4nderungen als separate Version der Sicherungskopie<\/li><li>Wiederherstellen gel\u00f6schter oder ge\u00e4nderter Objekte oder einzelner Attribute, ohne dass Dom\u00e4nencontroller neu gestartet werden m\u00fcssen<\/li><li>Option zum Wiederherstellen einer Sicherungskopie in granularer Version (einzelner AD-Elemente)<\/li><li>Automatisierung der st\u00fcndlichen, t\u00e4glichen oder w\u00f6chentlichen Erstellung von Sicherungskopien<\/li><\/ul>\n\n\n\n<div style=\"height:64px\" aria-hidden=\"true\" class=\"wp-block-spacer\"><\/div>\n\n\n\n<h2 class=\"wp-block-heading\">MERKMALE<\/h2>\n\n\n\n<div class=\"wp-block-columns is-layout-flex wp-container-core-columns-is-layout-28f84493 wp-block-columns-is-layout-flex\">\n<div class=\"wp-block-column is-layout-flow wp-block-column-is-layout-flow\">\n<h3 class=\"wp-block-heading\">Vorschau der erstellten Sicherungskopien und \u00c4nderungen in inkrementellen Sicherungen<\/h3>\n\n\n\n<p>Das Sicherungstool Active Directory Recovery Manager Plus bietet im Men\u00fc eine Option zur Vorschau der Anzahl der Attribute, die der Sicherungskopie hinzugef\u00fcgt wurden. Das Dashboard zeigt die Objekttypen f\u00fcr die ausgew\u00e4hlte Dom\u00e4ne und die zum Erstellen eines Backups ben\u00f6tigte Zeit an.<\/p>\n<\/div>\n\n\n\n<div class=\"wp-block-column is-layout-flow wp-block-column-is-layout-flow\">\n<figure class=\"wp-block-image size-full\"><a href=\"http:\/\/www.soledpro.cz\/wp-content\/uploads\/2021\/10\/Podglad-wykonanych-kopii-1024x504-1.webp\"><img fetchpriority=\"high\" decoding=\"async\" width=\"1024\" height=\"504\" src=\"http:\/\/www.soledpro.cz\/wp-content\/uploads\/2021\/10\/Podglad-wykonanych-kopii-1024x504-1.webp\" alt=\"\" class=\"wp-image-843\" srcset=\"https:\/\/www.soledpro.cz\/wp-content\/uploads\/2021\/10\/Podglad-wykonanych-kopii-1024x504-1.webp 1024w, https:\/\/www.soledpro.cz\/wp-content\/uploads\/2021\/10\/Podglad-wykonanych-kopii-1024x504-1-300x148.webp 300w, https:\/\/www.soledpro.cz\/wp-content\/uploads\/2021\/10\/Podglad-wykonanych-kopii-1024x504-1-768x378.webp 768w\" sizes=\"(max-width: 1024px) 100vw, 1024px\" \/><\/a><\/figure>\n<\/div>\n<\/div>\n\n\n\n<div style=\"height:64px\" aria-hidden=\"true\" class=\"wp-block-spacer\"><\/div>\n\n\n\n<div class=\"wp-block-columns is-layout-flex wp-container-core-columns-is-layout-28f84493 wp-block-columns-is-layout-flex\">\n<div class=\"wp-block-column is-layout-flow wp-block-column-is-layout-flow\">\n<figure class=\"wp-block-image size-full\"><a href=\"http:\/\/www.soledpro.cz\/wp-content\/uploads\/2021\/10\/Backup-AD-1024x456-1.webp\"><img decoding=\"async\" width=\"1024\" height=\"456\" src=\"http:\/\/www.soledpro.cz\/wp-content\/uploads\/2021\/10\/Backup-AD-1024x456-1.webp\" alt=\"\" class=\"wp-image-844\" srcset=\"https:\/\/www.soledpro.cz\/wp-content\/uploads\/2021\/10\/Backup-AD-1024x456-1.webp 1024w, https:\/\/www.soledpro.cz\/wp-content\/uploads\/2021\/10\/Backup-AD-1024x456-1-300x134.webp 300w, https:\/\/www.soledpro.cz\/wp-content\/uploads\/2021\/10\/Backup-AD-1024x456-1-768x342.webp 768w\" sizes=\"(max-width: 1024px) 100vw, 1024px\" \/><\/a><\/figure>\n<\/div>\n\n\n\n<div class=\"wp-block-column is-layout-flow wp-block-column-is-layout-flow\">\n<h3 class=\"wp-block-heading\">Erstellen einer Sicherungskopie von Active Directory, Office 365 und Exchange On-Premise<\/h3>\n\n\n\n<p>\u00dcber eine einzige Webkonsole erm\u00f6glicht das System die Konfiguration des Backup-Zeitplans f\u00fcr Active Directory-, Exchange- und Microsoft 365-Mandanten. Das Tool erm\u00f6glicht es Ihnen, Backups \u00fcber einen langen Zeitraum aufzubewahren, wodurch die M\u00f6glichkeit besteht, zur richtigen Version zur\u00fcckzukehren.<\/p>\n<\/div>\n<\/div>\n\n\n\n<div style=\"height:64px\" aria-hidden=\"true\" class=\"wp-block-spacer\"><\/div>\n\n\n\n<div class=\"wp-block-columns is-layout-flex wp-container-core-columns-is-layout-28f84493 wp-block-columns-is-layout-flex\">\n<div class=\"wp-block-column is-layout-flow wp-block-column-is-layout-flow\">\n<h3 class=\"wp-block-heading\">Wiederherstellen einer vollst\u00e4ndigen Sicherungskopie oder eines einzelnen Elements<\/h3>\n\n\n\n<p>Das System erm\u00f6glicht die Wiederherstellung eines Attributs aus einer Sicherungskopie oder des gesamten Elements. Diese Funktion erm\u00f6glicht die nahtlose Wiederherstellung des korrekten Zustands von Active Directory, ohne dass ein manueller Eingriff erforderlich ist. Alles auf der Ebene einer grafischen Oberfl\u00e4che, die \u00fcber die Website zug\u00e4nglich ist.<\/p>\n<\/div>\n\n\n\n<div class=\"wp-block-column is-layout-flow wp-block-column-is-layout-flow\">\n<figure class=\"wp-block-image size-full\"><a href=\"http:\/\/www.soledpro.cz\/wp-content\/uploads\/2021\/10\/Przywracanie-pojedynczego-elementu-1024x517-1.webp\"><img decoding=\"async\" width=\"1024\" height=\"517\" src=\"http:\/\/www.soledpro.cz\/wp-content\/uploads\/2021\/10\/Przywracanie-pojedynczego-elementu-1024x517-1.webp\" alt=\"\" class=\"wp-image-845\" srcset=\"https:\/\/www.soledpro.cz\/wp-content\/uploads\/2021\/10\/Przywracanie-pojedynczego-elementu-1024x517-1.webp 1024w, https:\/\/www.soledpro.cz\/wp-content\/uploads\/2021\/10\/Przywracanie-pojedynczego-elementu-1024x517-1-300x151.webp 300w, https:\/\/www.soledpro.cz\/wp-content\/uploads\/2021\/10\/Przywracanie-pojedynczego-elementu-1024x517-1-768x388.webp 768w\" sizes=\"(max-width: 1024px) 100vw, 1024px\" \/><\/a><\/figure>\n<\/div>\n<\/div>\n\n\n\n<div style=\"height:64px\" aria-hidden=\"true\" class=\"wp-block-spacer\"><\/div>\n\n\n\n<div class=\"wp-block-columns is-layout-flex wp-container-core-columns-is-layout-28f84493 wp-block-columns-is-layout-flex\">\n<div class=\"wp-block-column is-layout-flow wp-block-column-is-layout-flow\">\n<figure class=\"wp-block-image size-full\"><a href=\"http:\/\/www.soledpro.cz\/wp-content\/uploads\/2021\/10\/Backup-Exchange-1024x454-1.webp\"><img loading=\"lazy\" decoding=\"async\" width=\"1024\" height=\"454\" src=\"http:\/\/www.soledpro.cz\/wp-content\/uploads\/2021\/10\/Backup-Exchange-1024x454-1.webp\" alt=\"\" class=\"wp-image-846\" srcset=\"https:\/\/www.soledpro.cz\/wp-content\/uploads\/2021\/10\/Backup-Exchange-1024x454-1.webp 1024w, https:\/\/www.soledpro.cz\/wp-content\/uploads\/2021\/10\/Backup-Exchange-1024x454-1-300x133.webp 300w, https:\/\/www.soledpro.cz\/wp-content\/uploads\/2021\/10\/Backup-Exchange-1024x454-1-768x341.webp 768w\" sizes=\"(max-width: 1024px) 100vw, 1024px\" \/><\/a><\/figure>\n<\/div>\n\n\n\n<div class=\"wp-block-column is-layout-flow wp-block-column-is-layout-flow\">\n<h3 class=\"wp-block-heading\">Einfache Wiederherstellung falsch eingegebener \u00c4nderungen<\/h3>\n\n\n\n<p>Recovery Manager Plus verf\u00fcgt \u00fcber eine Rollback-Funktion, mit der Sie im Falle eines Fehlers jede \u00c4nderung r\u00fcckg\u00e4ngig machen k\u00f6nnen. Wenn ein Administrator versehentlich Ressourcenberechtigungen mehreren verschiedenen Gruppen statt einer Person zuweist, muss er AD nicht durchsuchen, um die Situation zu korrigieren. Nur ein paar Klicks, um es zur\u00fcckzunehmen.<\/p>\n<\/div>\n<\/div>\n\n\n\n<div style=\"height:100px\" aria-hidden=\"true\" class=\"wp-block-spacer\"><\/div>","protected":false},"excerpt":{"rendered":"<p>Recovery Manager Plus je jednoduch\u00fd online n\u00e1stroj na tvorbu z\u00e1lo\u017en\u00edch kopi\u00ed a obnovu Active Directory. Recovery Manager Plus je n\u00e1stroj pro tvorbu z\u00e1lo\u017en\u00edch kopi\u00ed Active Directory a v\u0161ech aspekt\u016f prost\u0159ed\u00ed. Umo\u017e\u0148uje okam\u017eit\u00e9 obnovov\u00e1n\u00ed odstran\u011bn\u00fdch nebo upraven\u00fdch objekt\u016f a jednotliv\u00fdch atribut\u016f, bez nutnosti restartov\u00e1n\u00ed dom\u00e9nov\u00fdch kontroler\u016f. D\u00edky syst\u00e9mu Recovery Manager Plus m\u00e1me mo\u017enost bezprobl\u00e9mov\u00e9ho obnoven\u00ed v\u0161ech [&hellip;]<\/p>","protected":false},"author":1,"featured_media":843,"parent":712,"menu_order":0,"comment_status":"closed","ping_status":"closed","template":"","meta":{"footnotes":""},"class_list":["post-842","page","type-page","status-publish","has-post-thumbnail","hentry"],"_links":{"self":[{"href":"https:\/\/www.soledpro.cz\/de\/wp-json\/wp\/v2\/pages\/842","targetHints":{"allow":["GET"]}}],"collection":[{"href":"https:\/\/www.soledpro.cz\/de\/wp-json\/wp\/v2\/pages"}],"about":[{"href":"https:\/\/www.soledpro.cz\/de\/wp-json\/wp\/v2\/types\/page"}],"author":[{"embeddable":true,"href":"https:\/\/www.soledpro.cz\/de\/wp-json\/wp\/v2\/users\/1"}],"replies":[{"embeddable":true,"href":"https:\/\/www.soledpro.cz\/de\/wp-json\/wp\/v2\/comments?post=842"}],"version-history":[{"count":1,"href":"https:\/\/www.soledpro.cz\/de\/wp-json\/wp\/v2\/pages\/842\/revisions"}],"predecessor-version":[{"id":847,"href":"https:\/\/www.soledpro.cz\/de\/wp-json\/wp\/v2\/pages\/842\/revisions\/847"}],"up":[{"embeddable":true,"href":"https:\/\/www.soledpro.cz\/de\/wp-json\/wp\/v2\/pages\/712"}],"wp:featuredmedia":[{"embeddable":true,"href":"https:\/\/www.soledpro.cz\/de\/wp-json\/wp\/v2\/media\/843"}],"wp:attachment":[{"href":"https:\/\/www.soledpro.cz\/de\/wp-json\/wp\/v2\/media?parent=842"}],"curies":[{"name":"wp","href":"https:\/\/api.w.org\/{rel}","templated":true}]}}