{"id":833,"date":"2021-10-30T11:59:28","date_gmt":"2021-10-30T09:59:28","guid":{"rendered":"http:\/\/www.soledpro.cz\/?page_id=833"},"modified":"2021-10-30T11:59:29","modified_gmt":"2021-10-30T09:59:29","slug":"m365-manager-plus","status":"publish","type":"page","link":"https:\/\/www.soledpro.cz\/de\/kyberneticka-bezpecnost\/manage-engine\/produkty-active-directory\/m365-manager-plus\/","title":{"rendered":"M365 Manager Plus"},"content":{"rendered":"<h3 class=\"wp-block-heading\">M365 Manager Plus ist ein fortschrittliches Tool zur Verwaltung, \u00dcberwachung, Pr\u00fcfung, Berichterstellung und Warnung bei kritischem Verhalten f\u00fcr Microsoft 365.<\/h3>\n\n\n\n<p>Die benutzerfreundliche Oberfl\u00e4che erleichtert die Verwaltung von Exchange Online, Azure Active Directory, Skype for Business, Microsoft Teams und anderen Microsoft 365-Diensten \u00fcber eine einzige Konsole. M365 Manager Plus bietet viele integrierte Berichte, die einen vollst\u00e4ndigen Einblick in die Microsoft 365-Umgebung bieten. Das Tool hilft bei komplexen Aufgaben, wie der Gruppenverwaltung von Benutzern und Postf\u00e4chern oder der Delegation von Berechtigungen. Mit M365 Manager Plus k\u00f6nnen Sie den Status von Office \u00fcberwachen und dar\u00fcber hinaus Benachrichtigungen in Echtzeit senden. O365 Manager Plus vereinfacht die Compliance-\u00dcberwachung durch integrierte Berichte und bietet au\u00dferdem erweiterte Umweltpr\u00fcfungen.<\/p>\n\n\n\n<div style=\"height:64px\" aria-hidden=\"true\" class=\"wp-block-spacer\"><\/div>\n\n\n\n<h2 class=\"wp-block-heading\">VORTEILE<\/h2>\n\n\n\n<ul class=\"wp-block-list\"><li>die M\u00f6glichkeit, inaktive Benutzer, Lizenzen und Passw\u00f6rter zu identifizieren, die bald ablaufen<\/li><li>die M\u00f6glichkeit, die Einhaltung einer gro\u00dfen Anzahl integrierter Berichte zu \u00fcberpr\u00fcfen<\/li><li>Microsoft 365-Audit \u2013 \u00dcberpr\u00fcfung von Postfachberechtigungen und Eigenschafts\u00e4nderungen, um die Umgebung unter Kontrolle zu halten<\/li><li>Senden von Warnungen in Echtzeit, die eine sofortige Lokalisierung der Problemquelle erm\u00f6glichen<\/li><li>Verwalten Sie Microsoft 365 von einer einzigen Konsolenebene aus<\/li><li>Probleme melden, bevor eine St\u00f6rung auftritt<\/li><\/ul>\n\n\n\n<div style=\"height:64px\" aria-hidden=\"true\" class=\"wp-block-spacer\"><\/div>\n\n\n\n<h2 class=\"wp-block-heading\">MERKMALE<\/h2>\n\n\n\n<div class=\"wp-block-columns is-layout-flex wp-container-core-columns-is-layout-28f84493 wp-block-columns-is-layout-flex\">\n<div class=\"wp-block-column is-layout-flow wp-block-column-is-layout-flow\">\n<h3 class=\"wp-block-heading\">Dashboards erm\u00f6glichen Einblick in die wichtigsten Ereignisse<\/h3>\n\n\n\n<p>Im Hauptmen\u00fc des Systems werden die wichtigsten zuletzt aufgezeichneten Ereignisse angezeigt. In grafischer Form dargestellte Informationen erleichtern die \u00dcberwachung der gesamten Umgebung und erm\u00f6glichen eine einfachere und effizientere \u00dcberwachung von Aktionen. Die Funktion bietet Einblick in alle Aspekte von Microsoft 365-Instanzen.<\/p>\n<\/div>\n\n\n\n<div class=\"wp-block-column is-layout-flow wp-block-column-is-layout-flow\">\n<figure class=\"wp-block-image size-full\"><a href=\"http:\/\/www.soledpro.cz\/wp-content\/uploads\/2021\/10\/Dashboardy-1-1024x502-1.webp\"><img fetchpriority=\"high\" decoding=\"async\" width=\"1024\" height=\"502\" src=\"http:\/\/www.soledpro.cz\/wp-content\/uploads\/2021\/10\/Dashboardy-1-1024x502-1.webp\" alt=\"\" class=\"wp-image-834\" srcset=\"https:\/\/www.soledpro.cz\/wp-content\/uploads\/2021\/10\/Dashboardy-1-1024x502-1.webp 1024w, https:\/\/www.soledpro.cz\/wp-content\/uploads\/2021\/10\/Dashboardy-1-1024x502-1-300x147.webp 300w, https:\/\/www.soledpro.cz\/wp-content\/uploads\/2021\/10\/Dashboardy-1-1024x502-1-768x377.webp 768w\" sizes=\"(max-width: 1024px) 100vw, 1024px\" \/><\/a><\/figure>\n<\/div>\n<\/div>\n\n\n\n<div style=\"height:64px\" aria-hidden=\"true\" class=\"wp-block-spacer\"><\/div>\n\n\n\n<div class=\"wp-block-columns is-layout-flex wp-container-core-columns-is-layout-28f84493 wp-block-columns-is-layout-flex\">\n<div class=\"wp-block-column is-layout-flow wp-block-column-is-layout-flow\">\n<figure class=\"wp-block-image size-full\"><a href=\"http:\/\/www.soledpro.cz\/wp-content\/uploads\/2021\/10\/Raporty-3-1024x446-1.webp\"><img decoding=\"async\" width=\"1024\" height=\"446\" src=\"http:\/\/www.soledpro.cz\/wp-content\/uploads\/2021\/10\/Raporty-3-1024x446-1.webp\" alt=\"\" class=\"wp-image-835\" srcset=\"https:\/\/www.soledpro.cz\/wp-content\/uploads\/2021\/10\/Raporty-3-1024x446-1.webp 1024w, https:\/\/www.soledpro.cz\/wp-content\/uploads\/2021\/10\/Raporty-3-1024x446-1-300x131.webp 300w, https:\/\/www.soledpro.cz\/wp-content\/uploads\/2021\/10\/Raporty-3-1024x446-1-768x335.webp 768w\" sizes=\"(max-width: 1024px) 100vw, 1024px\" \/><\/a><\/figure>\n<\/div>\n\n\n\n<div class=\"wp-block-column is-layout-flow wp-block-column-is-layout-flow\">\n<h3 class=\"wp-block-heading\">M\u00f6glichkeit der Berichterstattung und Erstellung zyklischer Berichte<\/h3>\n\n\n\n<p>Das System hat die Funktion, die generierten Ergebnisse zu melden und Aktionen durchzuf\u00fchren. Das Programm erm\u00f6glicht auch die Erstellung eines Zeitplans f\u00fcr die Erstellung von Berichten und deren Versand \u00fcber die ausgew\u00e4hlte Route im ausgew\u00e4hlten Format. Nachdem der Bericht abgeschlossen ist, kann das System den Administrator per E-Mail benachrichtigen.<\/p>\n<\/div>\n<\/div>\n\n\n\n<div style=\"height:64px\" aria-hidden=\"true\" class=\"wp-block-spacer\"><\/div>\n\n\n\n<div class=\"wp-block-columns is-layout-flex wp-container-core-columns-is-layout-28f84493 wp-block-columns-is-layout-flex\">\n<div class=\"wp-block-column is-layout-flow wp-block-column-is-layout-flow\">\n<h3 class=\"wp-block-heading\">Umfassende Verwaltung von Microsoft 365-Instanzen<\/h3>\n\n\n\n<p>M365 Manager Plus verf\u00fcgt \u00fcber viele Funktionen zur Verwaltung von Benutzern in Exchange Online, AzureAD und Microsoft Teams, wie zum Beispiel: Erstellen, Bearbeiten, L\u00f6schen, \u00dcbertragen, Passwort zur\u00fccksetzen, Benutzer sperren und entsperren. Das System erm\u00f6glicht auch die Verwaltung von MFA-Einstellungen und Lizenzen.<\/p>\n<\/div>\n\n\n\n<div class=\"wp-block-column is-layout-flow wp-block-column-is-layout-flow\">\n<figure class=\"wp-block-image size-full\"><a href=\"http:\/\/www.soledpro.cz\/wp-content\/uploads\/2021\/10\/Zarzadzanie-2-1024x424-1.webp\"><img decoding=\"async\" width=\"1024\" height=\"424\" src=\"http:\/\/www.soledpro.cz\/wp-content\/uploads\/2021\/10\/Zarzadzanie-2-1024x424-1.webp\" alt=\"\" class=\"wp-image-836\" srcset=\"https:\/\/www.soledpro.cz\/wp-content\/uploads\/2021\/10\/Zarzadzanie-2-1024x424-1.webp 1024w, https:\/\/www.soledpro.cz\/wp-content\/uploads\/2021\/10\/Zarzadzanie-2-1024x424-1-300x124.webp 300w, https:\/\/www.soledpro.cz\/wp-content\/uploads\/2021\/10\/Zarzadzanie-2-1024x424-1-768x318.webp 768w\" sizes=\"(max-width: 1024px) 100vw, 1024px\" \/><\/a><\/figure>\n<\/div>\n<\/div>\n\n\n\n<div style=\"height:64px\" aria-hidden=\"true\" class=\"wp-block-spacer\"><\/div>\n\n\n\n<div class=\"wp-block-columns is-layout-flex wp-container-core-columns-is-layout-28f84493 wp-block-columns-is-layout-flex\">\n<div class=\"wp-block-column is-layout-flow wp-block-column-is-layout-flow\">\n<figure class=\"wp-block-image size-full\"><a href=\"http:\/\/www.soledpro.cz\/wp-content\/uploads\/2021\/10\/Audyt-2-1024x485-1.webp\"><img loading=\"lazy\" decoding=\"async\" width=\"1024\" height=\"485\" src=\"http:\/\/www.soledpro.cz\/wp-content\/uploads\/2021\/10\/Audyt-2-1024x485-1.webp\" alt=\"\" class=\"wp-image-837\" srcset=\"https:\/\/www.soledpro.cz\/wp-content\/uploads\/2021\/10\/Audyt-2-1024x485-1.webp 1024w, https:\/\/www.soledpro.cz\/wp-content\/uploads\/2021\/10\/Audyt-2-1024x485-1-300x142.webp 300w, https:\/\/www.soledpro.cz\/wp-content\/uploads\/2021\/10\/Audyt-2-1024x485-1-768x364.webp 768w\" sizes=\"(max-width: 1024px) 100vw, 1024px\" \/><\/a><\/figure>\n<\/div>\n\n\n\n<div class=\"wp-block-column is-layout-flow wp-block-column-is-layout-flow\">\n<h3 class=\"wp-block-heading\">Ausgefeilte Pr\u00fcfung von Microsoft 365-Instanzen<\/h3>\n\n\n\n<p>Das System verf\u00fcgt \u00fcber die M\u00f6glichkeit, verwaltete Instanzen zu pr\u00fcfen und die Ergebnisse grafisch darzustellen. Die generierten Daten k\u00f6nnen dann in verschiedene Formate wie CSV, PDF, XLS und HTML exportiert werden. M365 Manager Plus verf\u00fcgt au\u00dferdem \u00fcber die Funktion, Zeitpl\u00e4ne f\u00fcr die zyklische Ausf\u00fchrung von Berichten zu erstellen und diese \u00fcber die ausgew\u00e4hlte Route zu versenden.<\/p>\n<\/div>\n<\/div>\n\n\n\n<div style=\"height:64px\" aria-hidden=\"true\" class=\"wp-block-spacer\"><\/div>\n\n\n\n<div class=\"wp-block-columns is-layout-flex wp-container-core-columns-is-layout-28f84493 wp-block-columns-is-layout-flex\">\n<div class=\"wp-block-column is-layout-flow wp-block-column-is-layout-flow\">\n<h3 class=\"wp-block-heading\">Definieren eines Echtzeit-Alarmausl\u00f6sers<\/h3>\n\n\n\n<p>O365 Manager Plus bietet die M\u00f6glichkeit, die Benachrichtigung von Administratoren zu konfigurieren. F\u00fcr jedes vom System aufgezeichnete Ereignis k\u00f6nnen Sie den Inhalt der Nachricht definieren, die der Administrator erhalten soll.&nbsp;<\/p>\n\n\n\n<p>Bei einer gro\u00dfen Anzahl von Benachrichtigungen bietet das System die M\u00f6glichkeit, ein Zeitintervall zu erstellen, in dem nur eine Nachricht\/Benachrichtigung gesendet werden kann.<\/p>\n<\/div>\n\n\n\n<div class=\"wp-block-column is-layout-flow wp-block-column-is-layout-flow\">\n<figure class=\"wp-block-image size-full\"><a href=\"http:\/\/www.soledpro.cz\/wp-content\/uploads\/2021\/10\/Alertowanie-1-1024x509-1.webp\"><img loading=\"lazy\" decoding=\"async\" width=\"1024\" height=\"509\" src=\"http:\/\/www.soledpro.cz\/wp-content\/uploads\/2021\/10\/Alertowanie-1-1024x509-1.webp\" alt=\"\" class=\"wp-image-838\" srcset=\"https:\/\/www.soledpro.cz\/wp-content\/uploads\/2021\/10\/Alertowanie-1-1024x509-1.webp 1024w, https:\/\/www.soledpro.cz\/wp-content\/uploads\/2021\/10\/Alertowanie-1-1024x509-1-300x149.webp 300w, https:\/\/www.soledpro.cz\/wp-content\/uploads\/2021\/10\/Alertowanie-1-1024x509-1-768x382.webp 768w\" sizes=\"(max-width: 1024px) 100vw, 1024px\" \/><\/a><\/figure>\n<\/div>\n<\/div>\n\n\n\n<div style=\"height:64px\" aria-hidden=\"true\" class=\"wp-block-spacer\"><\/div>\n\n\n\n<div class=\"wp-block-columns is-layout-flex wp-container-core-columns-is-layout-28f84493 wp-block-columns-is-layout-flex\">\n<div class=\"wp-block-column is-layout-flow wp-block-column-is-layout-flow\">\n<figure class=\"wp-block-image size-full\"><a href=\"http:\/\/www.soledpro.cz\/wp-content\/uploads\/2021\/10\/Delegacje-1-1024x340-1.webp\"><img loading=\"lazy\" decoding=\"async\" width=\"1024\" height=\"340\" src=\"http:\/\/www.soledpro.cz\/wp-content\/uploads\/2021\/10\/Delegacje-1-1024x340-1.webp\" alt=\"\" class=\"wp-image-839\" srcset=\"https:\/\/www.soledpro.cz\/wp-content\/uploads\/2021\/10\/Delegacje-1-1024x340-1.webp 1024w, https:\/\/www.soledpro.cz\/wp-content\/uploads\/2021\/10\/Delegacje-1-1024x340-1-300x100.webp 300w, https:\/\/www.soledpro.cz\/wp-content\/uploads\/2021\/10\/Delegacje-1-1024x340-1-768x255.webp 768w\" sizes=\"(max-width: 1024px) 100vw, 1024px\" \/><\/a><\/figure>\n<\/div>\n\n\n\n<div class=\"wp-block-column is-layout-flow wp-block-column-is-layout-flow\">\n<h3 class=\"wp-block-heading\">Delegation der Befugnisse an ausgew\u00e4hlte Techniker<\/h3>\n\n\n\n<p>Diese Funktion besteht darin, den Technikern einen Teil der Administratorrechte zuzuweisen. Zu diesen Aufgaben geh\u00f6ren beispielsweise die Benutzerverwaltung oder der Zugriff auf Instanzberichte. Dank der Granularit\u00e4t werden ausgew\u00e4hlten Personen die entsprechenden Berechtigungen zugewiesen.<\/p>\n<\/div>\n<\/div>\n\n\n\n<div style=\"height:64px\" aria-hidden=\"true\" class=\"wp-block-spacer\"><\/div>\n\n\n\n<div class=\"wp-block-columns is-layout-flex wp-container-core-columns-is-layout-28f84493 wp-block-columns-is-layout-flex\">\n<div class=\"wp-block-column is-layout-flow wp-block-column-is-layout-flow\">\n<h3 class=\"wp-block-heading\">Automatisierung von Aufgaben<\/h3>\n\n\n\n<p>Es erm\u00f6glicht die Automatisierung monotoner Aufgaben und die Konfiguration aufeinanderfolgender Aktionen, wodurch Administratoren Zeit sparen. Automatisierungen erm\u00f6glichen die zyklische Ausf\u00fchrung von Aktivit\u00e4ten wie das Zur\u00fccksetzen des Passworts basierend auf einem konfigurierten Bericht, das anschlie\u00dfende Sperren des Benutzers oder das Entfernen des Benutzers bei l\u00e4ngerer Inaktivit\u00e4t.<\/p>\n<\/div>\n\n\n\n<div class=\"wp-block-column is-layout-flow wp-block-column-is-layout-flow\">\n<figure class=\"wp-block-image size-full\"><a href=\"http:\/\/www.soledpro.cz\/wp-content\/uploads\/2021\/10\/Automatyzacje-3-1024x380-1.webp\"><img loading=\"lazy\" decoding=\"async\" width=\"1024\" height=\"380\" src=\"http:\/\/www.soledpro.cz\/wp-content\/uploads\/2021\/10\/Automatyzacje-3-1024x380-1.webp\" alt=\"\" class=\"wp-image-840\" srcset=\"https:\/\/www.soledpro.cz\/wp-content\/uploads\/2021\/10\/Automatyzacje-3-1024x380-1.webp 1024w, https:\/\/www.soledpro.cz\/wp-content\/uploads\/2021\/10\/Automatyzacje-3-1024x380-1-300x111.webp 300w, https:\/\/www.soledpro.cz\/wp-content\/uploads\/2021\/10\/Automatyzacje-3-1024x380-1-768x285.webp 768w\" sizes=\"(max-width: 1024px) 100vw, 1024px\" \/><\/a><\/figure>\n<\/div>\n<\/div>\n\n\n\n<div style=\"height:100px\" aria-hidden=\"true\" class=\"wp-block-spacer\"><\/div>","protected":false},"excerpt":{"rendered":"<p>M365 Manager Plus je pokro\u010dil\u00fd n\u00e1stroj slou\u017e\u00edc\u00ed k spr\u00e1v\u011b, monitorov\u00e1n\u00ed, auditov\u00e1n\u00ed, reportov\u00e1n\u00ed a tvorb\u011b v\u00fdstrah t\u00fdkaj\u00edc\u00edch se kritick\u00e9ho jedn\u00e1n\u00ed pro Microsoft 365. P\u0159\u00e1telsk\u00e9 rozhran\u00ed usnad\u0148uje spr\u00e1vu Exchange Online, Azure Active Directory, Skype pro firmy, Microsoft Teams a jin\u00fdch slu\u017eeb Microsoft 365 z jedn\u00e9 konzole. M365 Manager Plus poksytuje mnoho zabudovan\u00fdch report\u016f zaji\u0161\u0165uj\u00edc\u00edch kompletn\u00ed vhled do [&hellip;]<\/p>","protected":false},"author":1,"featured_media":834,"parent":712,"menu_order":0,"comment_status":"closed","ping_status":"closed","template":"","meta":{"footnotes":""},"class_list":["post-833","page","type-page","status-publish","has-post-thumbnail","hentry"],"_links":{"self":[{"href":"https:\/\/www.soledpro.cz\/de\/wp-json\/wp\/v2\/pages\/833","targetHints":{"allow":["GET"]}}],"collection":[{"href":"https:\/\/www.soledpro.cz\/de\/wp-json\/wp\/v2\/pages"}],"about":[{"href":"https:\/\/www.soledpro.cz\/de\/wp-json\/wp\/v2\/types\/page"}],"author":[{"embeddable":true,"href":"https:\/\/www.soledpro.cz\/de\/wp-json\/wp\/v2\/users\/1"}],"replies":[{"embeddable":true,"href":"https:\/\/www.soledpro.cz\/de\/wp-json\/wp\/v2\/comments?post=833"}],"version-history":[{"count":1,"href":"https:\/\/www.soledpro.cz\/de\/wp-json\/wp\/v2\/pages\/833\/revisions"}],"predecessor-version":[{"id":841,"href":"https:\/\/www.soledpro.cz\/de\/wp-json\/wp\/v2\/pages\/833\/revisions\/841"}],"up":[{"embeddable":true,"href":"https:\/\/www.soledpro.cz\/de\/wp-json\/wp\/v2\/pages\/712"}],"wp:featuredmedia":[{"embeddable":true,"href":"https:\/\/www.soledpro.cz\/de\/wp-json\/wp\/v2\/media\/834"}],"wp:attachment":[{"href":"https:\/\/www.soledpro.cz\/de\/wp-json\/wp\/v2\/media?parent=833"}],"curies":[{"name":"wp","href":"https:\/\/api.w.org\/{rel}","templated":true}]}}