{"id":827,"date":"2021-10-30T11:49:28","date_gmt":"2021-10-30T09:49:28","guid":{"rendered":"http:\/\/www.soledpro.cz\/?page_id=827"},"modified":"2021-10-30T11:49:28","modified_gmt":"2021-10-30T09:49:28","slug":"exchange-reporter-plus","status":"publish","type":"page","link":"https:\/\/www.soledpro.cz\/de\/kyberneticka-bezpecnost\/manage-engine\/produkty-active-directory\/exchange-reporter-plus\/","title":{"rendered":"Exchange Reporter Plus"},"content":{"rendered":"<h3 class=\"wp-block-heading\">Exchange Reporter Plus ist ein Reporting-, \u00dcberwachungs- und \u00c4nderungskontrolltool f\u00fcr Exchange Server, Exchange Online und Skype for Business.<\/h3>\n\n\n\n<p>Das Exchange Server Audit and Monitoring Tool umfasst mehr als 300 einzigartige Berichte basierend auf Exchange-Entit\u00e4ten wie Postf\u00e4chern, E-Mail-Verkehr, \u00f6ffentlichen Ordnern, Outlook Web Access und ActiveSync sowie Details zur Skype for Business Server-Nutzung und -Konfiguration. Das System erm\u00f6glicht die \u00dcberwachung ein- und ausgehender Nachrichten aus der gesamten Umgebung und kann diese auch analysieren. Exchange Reporter Plus \u00fcberwacht au\u00dferdem alle wichtigen Parameter des ordnungsgem\u00e4\u00dfen Betriebs der Umgebung und l\u00f6st bei Problemen einen Alarm aus, um so vor Ausf\u00e4llen zu sch\u00fctzen. Das System erm\u00f6glicht Ihnen auch die \u00dcberwachung der Anzahl der mit der Umgebung verbundenen ActiveSync-Ger\u00e4te, \u00f6ffentlichen Ordner und Verteilergruppen.<\/p>\n\n\n\n<div style=\"height:64px\" aria-hidden=\"true\" class=\"wp-block-spacer\"><\/div>\n\n\n\n<h2 class=\"wp-block-heading\">VORTEILE<\/h2>\n\n\n\n<ul class=\"wp-block-list\"><li>Postfachstatistiken<\/li><li>Analyse des E-Mail-Verkehrs<\/li><li>Analyse des Betriebszustands<\/li><li>\u00dcberpr\u00fcfung der Anmeldung am Postfach<\/li><li>Verfolgung gel\u00f6schter oder \u00fcbertragener E-Mail-Nachrichten<\/li><li>Analyse der Skype for Business-Aktivit\u00e4ten<\/li><li>Warnungen bei Vorf\u00e4llen in der B\u00f6rsenumgebung<\/li><li>Berichterstattung \u00fcber die Aktivit\u00e4t von Benutzern der Austauschumgebung<\/li><\/ul>\n\n\n\n<div style=\"height:64px\" aria-hidden=\"true\" class=\"wp-block-spacer\"><\/div>\n\n\n\n<h2 class=\"wp-block-heading\">MERKMALE<\/h2>\n\n\n\n<div class=\"wp-block-columns is-layout-flex wp-container-core-columns-is-layout-28f84493 wp-block-columns-is-layout-flex\">\n<div class=\"wp-block-column is-layout-flow wp-block-column-is-layout-flow\">\n<h3 class=\"wp-block-heading\">Anzeige der wichtigsten Ereignisse in der Umgebung<\/h3>\n\n\n\n<p>Das System ist in der Lage, die Aktivit\u00e4ten der Exchange-Umgebung grafisch darzustellen und deren Status zu \u00fcberwachen. Das Dashboard zeigt Benutzerpostf\u00e4cher an, die den meisten Platz beanspruchen. Das Exchange-Server-Pr\u00fcfungs- und \u00dcberwachungstool verf\u00fcgt au\u00dferdem \u00fcber eine Berichtsfunktion, die Informationen \u00fcber den auf dem Server verbleibenden Speicherplatz enth\u00e4lt.<\/p>\n<\/div>\n\n\n\n<div class=\"wp-block-column is-layout-flow wp-block-column-is-layout-flow\">\n<figure class=\"wp-block-image size-full\"><a href=\"http:\/\/www.soledpro.cz\/wp-content\/uploads\/2021\/10\/Zdarzenia-w-srodowisku-1024x520-1.webp\"><img fetchpriority=\"high\" decoding=\"async\" width=\"1024\" height=\"520\" src=\"http:\/\/www.soledpro.cz\/wp-content\/uploads\/2021\/10\/Zdarzenia-w-srodowisku-1024x520-1.webp\" alt=\"\" class=\"wp-image-828\" srcset=\"https:\/\/www.soledpro.cz\/wp-content\/uploads\/2021\/10\/Zdarzenia-w-srodowisku-1024x520-1.webp 1024w, https:\/\/www.soledpro.cz\/wp-content\/uploads\/2021\/10\/Zdarzenia-w-srodowisku-1024x520-1-300x152.webp 300w, https:\/\/www.soledpro.cz\/wp-content\/uploads\/2021\/10\/Zdarzenia-w-srodowisku-1024x520-1-768x390.webp 768w\" sizes=\"(max-width: 1024px) 100vw, 1024px\" \/><\/a><\/figure>\n<\/div>\n<\/div>\n\n\n\n<div style=\"height:64px\" aria-hidden=\"true\" class=\"wp-block-spacer\"><\/div>\n\n\n\n<div class=\"wp-block-columns is-layout-flex wp-container-core-columns-is-layout-28f84493 wp-block-columns-is-layout-flex\">\n<div class=\"wp-block-column is-layout-flow wp-block-column-is-layout-flow\">\n<figure class=\"wp-block-image size-full\"><a href=\"http:\/\/www.soledpro.cz\/wp-content\/uploads\/2021\/10\/Raporty-skrzynek-1024x404-1.webp\"><img decoding=\"async\" width=\"1024\" height=\"404\" src=\"http:\/\/www.soledpro.cz\/wp-content\/uploads\/2021\/10\/Raporty-skrzynek-1024x404-1.webp\" alt=\"\" class=\"wp-image-829\" srcset=\"https:\/\/www.soledpro.cz\/wp-content\/uploads\/2021\/10\/Raporty-skrzynek-1024x404-1.webp 1024w, https:\/\/www.soledpro.cz\/wp-content\/uploads\/2021\/10\/Raporty-skrzynek-1024x404-1-300x118.webp 300w, https:\/\/www.soledpro.cz\/wp-content\/uploads\/2021\/10\/Raporty-skrzynek-1024x404-1-768x303.webp 768w\" sizes=\"(max-width: 1024px) 100vw, 1024px\" \/><\/a><\/figure>\n<\/div>\n\n\n\n<div class=\"wp-block-column is-layout-flow wp-block-column-is-layout-flow\">\n<h3 class=\"wp-block-heading\">M\u00f6glichkeit der detaillierten Berichterstattung \u00fcber Postf\u00e4cher<\/h3>\n\n\n\n<p>Exchange Reporter Plus bietet Zugriff auf eine hochentwickelte Datenbank mit Postfachberichten, z. B. deren Gr\u00f6\u00dfe, Anh\u00e4nge und sogar die Suche nach Schl\u00fcsselw\u00f6rtern. Mit der Berichtsfunktion k\u00f6nnen Sie au\u00dferdem Ressourcen wie \u00f6ffentliche Ordner, verbleibenden Speicherplatz sowie OWA- und ActiveSync-Berichte \u00fcberpr\u00fcfen. Dar\u00fcber hinaus kann jeder der generierten Berichte in eine CSV-, PDF-, XLS- oder HTML-Datei \u00fcbertragen werden.<\/p>\n<\/div>\n<\/div>\n\n\n\n<div style=\"height:64px\" aria-hidden=\"true\" class=\"wp-block-spacer\"><\/div>\n\n\n\n<div class=\"wp-block-columns is-layout-flex wp-container-core-columns-is-layout-28f84493 wp-block-columns-is-layout-flex\">\n<div class=\"wp-block-column is-layout-flow wp-block-column-is-layout-flow\">\n<h3 class=\"wp-block-heading\">Audit-Ereignisse auf Exchange-Servern<\/h3>\n\n\n\n<p>Das Exchange Server Auditing and Monitoring Tool verf\u00fcgt \u00fcber eine Ereignis\u00fcberwachung f\u00fcr Exchange- und Exchange Online-Server. Bei der Berichtserstellung k\u00f6nnen ein bestimmter Zeitraum, eine bestimmte Dom\u00e4ne und Ereignisse ausgew\u00e4hlt werden, die w\u00e4hrend oder au\u00dferhalb der Arbeitszeiten erfasst wurden. Jeder der Berichte kann dem periodischen Zeitplan hinzugef\u00fcgt und anschlie\u00dfend \u00fcber die ausgew\u00e4hlte Route gesendet werden.<\/p>\n<\/div>\n\n\n\n<div class=\"wp-block-column is-layout-flow wp-block-column-is-layout-flow\">\n<figure class=\"wp-block-image size-full\"><a href=\"http:\/\/www.soledpro.cz\/wp-content\/uploads\/2021\/10\/Audyt-1024x520-1.webp\"><img decoding=\"async\" width=\"1024\" height=\"520\" src=\"http:\/\/www.soledpro.cz\/wp-content\/uploads\/2021\/10\/Audyt-1024x520-1.webp\" alt=\"\" class=\"wp-image-830\" srcset=\"https:\/\/www.soledpro.cz\/wp-content\/uploads\/2021\/10\/Audyt-1024x520-1.webp 1024w, https:\/\/www.soledpro.cz\/wp-content\/uploads\/2021\/10\/Audyt-1024x520-1-300x152.webp 300w, https:\/\/www.soledpro.cz\/wp-content\/uploads\/2021\/10\/Audyt-1024x520-1-768x390.webp 768w\" sizes=\"(max-width: 1024px) 100vw, 1024px\" \/><\/a><\/figure>\n<\/div>\n<\/div>\n\n\n\n<div style=\"height:64px\" aria-hidden=\"true\" class=\"wp-block-spacer\"><\/div>\n\n\n\n<div class=\"wp-block-columns is-layout-flex wp-container-core-columns-is-layout-28f84493 wp-block-columns-is-layout-flex\">\n<div class=\"wp-block-column is-layout-flow wp-block-column-is-layout-flow\">\n<figure class=\"wp-block-image size-full\"><a href=\"http:\/\/www.soledpro.cz\/wp-content\/uploads\/2021\/10\/DAG-1024x518-1.webp\"><img loading=\"lazy\" decoding=\"async\" width=\"1024\" height=\"518\" src=\"http:\/\/www.soledpro.cz\/wp-content\/uploads\/2021\/10\/DAG-1024x518-1.webp\" alt=\"\" class=\"wp-image-831\" srcset=\"https:\/\/www.soledpro.cz\/wp-content\/uploads\/2021\/10\/DAG-1024x518-1.webp 1024w, https:\/\/www.soledpro.cz\/wp-content\/uploads\/2021\/10\/DAG-1024x518-1-300x152.webp 300w, https:\/\/www.soledpro.cz\/wp-content\/uploads\/2021\/10\/DAG-1024x518-1-768x389.webp 768w\" sizes=\"(max-width: 1024px) 100vw, 1024px\" \/><\/a><\/figure>\n<\/div>\n\n\n\n<div class=\"wp-block-column is-layout-flow wp-block-column-is-layout-flow\">\n<h3 class=\"wp-block-heading\">\u00dcberwachungsfunktionen f\u00fcr Berechtigungen, DAG und Datenbank\u00e4nderungen<\/h3>\n\n\n\n<p>Das System verf\u00fcgt \u00fcber ein Alarmmodul f\u00fcr \u00c4nderungen an Benutzer-, DAG- und Datenbankberechtigungen. Wenn Exchange Reporter Plus eine unerw\u00fcnschte \u00c4nderung erkennt, wird der Systemadministrator per SMS oder E-Mail benachrichtigt. Der Alarmtyp kann in einer bestimmten Nachricht mit einer definierten Nachricht und relevanten Informationen genau beschrieben werden.<\/p>\n<\/div>\n<\/div>\n\n\n\n<div style=\"height:100px\" aria-hidden=\"true\" class=\"wp-block-spacer\"><\/div>","protected":false},"excerpt":{"rendered":"<p>Exchange Reporter Plus je n\u00e1stroj k reportov\u00e1n\u00ed, monitorov\u00e1n\u00ed a kontrole zm\u011bn pro Exchange Server, Exchange Online a Skype pro firmy. N\u00e1stroj na audit a monitorov\u00e1n\u00ed server\u016f Exchange obsahuje v\u00edce ne\u017e 300 unik\u00e1tn\u00edch report\u016f zalo\u017een\u00fdch na entit\u00e1ch Exchange, jako jsou po\u0161tovn\u00ed schr\u00e1nky, Mail Traffic, Public Folders, Outlook Web Access a ActiveSync, a tak\u00e9 podrobnosti t\u00fdkaj\u00edc\u00ed se [&hellip;]<\/p>","protected":false},"author":1,"featured_media":828,"parent":712,"menu_order":0,"comment_status":"closed","ping_status":"closed","template":"","meta":{"footnotes":""},"class_list":["post-827","page","type-page","status-publish","has-post-thumbnail","hentry"],"_links":{"self":[{"href":"https:\/\/www.soledpro.cz\/de\/wp-json\/wp\/v2\/pages\/827","targetHints":{"allow":["GET"]}}],"collection":[{"href":"https:\/\/www.soledpro.cz\/de\/wp-json\/wp\/v2\/pages"}],"about":[{"href":"https:\/\/www.soledpro.cz\/de\/wp-json\/wp\/v2\/types\/page"}],"author":[{"embeddable":true,"href":"https:\/\/www.soledpro.cz\/de\/wp-json\/wp\/v2\/users\/1"}],"replies":[{"embeddable":true,"href":"https:\/\/www.soledpro.cz\/de\/wp-json\/wp\/v2\/comments?post=827"}],"version-history":[{"count":1,"href":"https:\/\/www.soledpro.cz\/de\/wp-json\/wp\/v2\/pages\/827\/revisions"}],"predecessor-version":[{"id":832,"href":"https:\/\/www.soledpro.cz\/de\/wp-json\/wp\/v2\/pages\/827\/revisions\/832"}],"up":[{"embeddable":true,"href":"https:\/\/www.soledpro.cz\/de\/wp-json\/wp\/v2\/pages\/712"}],"wp:featuredmedia":[{"embeddable":true,"href":"https:\/\/www.soledpro.cz\/de\/wp-json\/wp\/v2\/media\/828"}],"wp:attachment":[{"href":"https:\/\/www.soledpro.cz\/de\/wp-json\/wp\/v2\/media?parent=827"}],"curies":[{"name":"wp","href":"https:\/\/api.w.org\/{rel}","templated":true}]}}