{"id":820,"date":"2021-10-30T11:34:23","date_gmt":"2021-10-30T09:34:23","guid":{"rendered":"http:\/\/www.soledpro.cz\/?page_id=820"},"modified":"2021-10-30T11:34:24","modified_gmt":"2021-10-30T09:34:24","slug":"datasecurity-plus","status":"publish","type":"page","link":"https:\/\/www.soledpro.cz\/de\/kyberneticka-bezpecnost\/manage-engine\/produkty-active-directory\/datasecurity-plus\/","title":{"rendered":"DataSecurity Plus"},"content":{"rendered":"<h3 class=\"wp-block-heading\">DataSecurity Plus ist ein System zum umfassenden Schutz von Unternehmensdaten vor Verlust oder Diebstahl.<\/h3>\n\n\n\n<p>Das Unternehmensdatensicherheitstool verf\u00fcgt \u00fcber integrierte Berichte, mit denen Sie problemlos beliebige Informationen abrufen k\u00f6nnen, z. B. \u00fcber den aktuellen Zustand der Umgebung. DataSecurity Plus erm\u00f6glicht au\u00dferdem die \u00dcberwachung der Dateierstellung, -\u00e4nderung und -l\u00f6schung. Das System erweitert die M\u00f6glichkeiten, indem es Netzwerkfreigaben nach sensiblen Daten wie Sozialversicherungsnummer oder Ausweisnummer durchsucht. Dank dieses Wissens sind wir in der Lage, Aktionen zu blockieren, die auf die \u00dcbertragung sensibler Daten abzielen, beispielsweise per USB-Stick, E-Mail oder Ausdruck des jeweiligen Dokuments. DataSecurity Plus bietet vollst\u00e4ndige Kontrolle \u00fcber die Umgebung.<\/p>\n\n\n\n<div style=\"height:64px\" aria-hidden=\"true\" class=\"wp-block-spacer\"><\/div>\n\n\n\n<h2 class=\"wp-block-heading\">VORTEILE<\/h2>\n\n\n\n<ul class=\"wp-block-list\"><li>Testet Dateiserver auf Datei\u00e4nderungen<\/li><li>Pr\u00fcfung und anschlie\u00dfende Berichterstattung \u00fcber \u00c4nderungen in Echtzeit<\/li><li>Analyse von Dateien im Hinblick auf die Einhaltung von Standards, z. B. DSGVO, ISO<\/li><li>\u00dcberwachung von Dateiinhalten (Umgang mit sensiblen Daten in der Organisation)<\/li><li>NTFS-Berechtigungen pr\u00fcfen<\/li><li>Umfassender Schutz vor Datenlecks<\/li><\/ul>\n\n\n\n<div style=\"height:64px\" aria-hidden=\"true\" class=\"wp-block-spacer\"><\/div>\n\n\n\n<h2 class=\"wp-block-heading\">MERKMALE<\/h2>\n\n\n\n<div class=\"wp-block-columns is-layout-flex wp-container-core-columns-is-layout-28f84493 wp-block-columns-is-layout-flex\">\n<div class=\"wp-block-column is-layout-flow wp-block-column-is-layout-flow\">\n<h3 class=\"wp-block-heading\">M\u00f6glichkeit zur \u00dcberpr\u00fcfung des Netzwerkspeichers<\/h3>\n\n\n\n<p>Das System verf\u00fcgt \u00fcber die M\u00f6glichkeit, Archivdaten, wie etwa Dateizugriffe und darin durchgef\u00fchrte Aktionen, zu \u00fcberwachen und grafisch darzustellen. Die L\u00f6sung erm\u00f6glicht auch die \u00dcberpr\u00fcfung des Standortverlaufs von Dateien und tr\u00e4gt so zur Sicherheit von Unternehmensdaten bei.<\/p>\n<\/div>\n\n\n\n<div class=\"wp-block-column is-layout-flow wp-block-column-is-layout-flow\">\n<figure class=\"wp-block-image size-full\"><a href=\"http:\/\/www.soledpro.cz\/wp-content\/uploads\/2021\/10\/Audyt-udzialow-1024x520-1.webp\"><img fetchpriority=\"high\" decoding=\"async\" width=\"1024\" height=\"520\" src=\"http:\/\/www.soledpro.cz\/wp-content\/uploads\/2021\/10\/Audyt-udzialow-1024x520-1.webp\" alt=\"\" class=\"wp-image-821\" srcset=\"https:\/\/www.soledpro.cz\/wp-content\/uploads\/2021\/10\/Audyt-udzialow-1024x520-1.webp 1024w, https:\/\/www.soledpro.cz\/wp-content\/uploads\/2021\/10\/Audyt-udzialow-1024x520-1-300x152.webp 300w, https:\/\/www.soledpro.cz\/wp-content\/uploads\/2021\/10\/Audyt-udzialow-1024x520-1-768x390.webp 768w\" sizes=\"(max-width: 1024px) 100vw, 1024px\" \/><\/a><\/figure>\n<\/div>\n<\/div>\n\n\n\n<div style=\"height:64px\" aria-hidden=\"true\" class=\"wp-block-spacer\"><\/div>\n\n\n\n<div class=\"wp-block-columns is-layout-flex wp-container-core-columns-is-layout-28f84493 wp-block-columns-is-layout-flex\">\n<div class=\"wp-block-column is-layout-flow wp-block-column-is-layout-flow\">\n<figure class=\"wp-block-image size-full\"><a href=\"http:\/\/www.soledpro.cz\/wp-content\/uploads\/2021\/10\/Generowanie-alertow-1024x410-1.webp\"><img decoding=\"async\" width=\"1024\" height=\"410\" src=\"http:\/\/www.soledpro.cz\/wp-content\/uploads\/2021\/10\/Generowanie-alertow-1024x410-1.webp\" alt=\"\" class=\"wp-image-822\" srcset=\"https:\/\/www.soledpro.cz\/wp-content\/uploads\/2021\/10\/Generowanie-alertow-1024x410-1.webp 1024w, https:\/\/www.soledpro.cz\/wp-content\/uploads\/2021\/10\/Generowanie-alertow-1024x410-1-300x120.webp 300w, https:\/\/www.soledpro.cz\/wp-content\/uploads\/2021\/10\/Generowanie-alertow-1024x410-1-768x308.webp 768w\" sizes=\"(max-width: 1024px) 100vw, 1024px\" \/><\/a><\/figure>\n<\/div>\n\n\n\n<div class=\"wp-block-column is-layout-flow wp-block-column-is-layout-flow\">\n<h3 class=\"wp-block-heading\">Alarmfunktion beim Kopieren sensibler Daten<\/h3>\n\n\n\n<p>Data Security Plus kann eine Warnung f\u00fcr Systemadministratoren generieren, wenn versucht wird, sensible Daten zu kopieren. Die Warnung kann detaillierte Informationen \u00fcber das Ger\u00e4t sowie \u00fcber die Person enthalten, die versucht hat, die Vertraulichkeit des Unternehmens zu gef\u00e4hrden.<\/p>\n<\/div>\n<\/div>\n\n\n\n<div style=\"height:64px\" aria-hidden=\"true\" class=\"wp-block-spacer\"><\/div>\n\n\n\n<div class=\"wp-block-columns is-layout-flex wp-container-core-columns-is-layout-28f84493 wp-block-columns-is-layout-flex\">\n<div class=\"wp-block-column is-layout-flow wp-block-column-is-layout-flow\">\n<h3 class=\"wp-block-heading\">Zugriff auf umfassende Berichte<\/h3>\n\n\n\n<p>Das Datensicherheitssystem des Unternehmens erm\u00f6glicht den Zugriff auf eine umfangreiche Datenbank mit Berichten. Es erstellt sie basierend auf der Analyse der in der Umgebung enthaltenen Dateien.<\/p>\n<\/div>\n\n\n\n<div class=\"wp-block-column is-layout-flow wp-block-column-is-layout-flow\">\n<figure class=\"wp-block-image size-full\"><a href=\"http:\/\/www.soledpro.cz\/wp-content\/uploads\/2021\/10\/Raporty-2-1024x483-1.webp\"><img decoding=\"async\" width=\"1024\" height=\"483\" src=\"http:\/\/www.soledpro.cz\/wp-content\/uploads\/2021\/10\/Raporty-2-1024x483-1.webp\" alt=\"\" class=\"wp-image-823\" srcset=\"https:\/\/www.soledpro.cz\/wp-content\/uploads\/2021\/10\/Raporty-2-1024x483-1.webp 1024w, https:\/\/www.soledpro.cz\/wp-content\/uploads\/2021\/10\/Raporty-2-1024x483-1-300x142.webp 300w, https:\/\/www.soledpro.cz\/wp-content\/uploads\/2021\/10\/Raporty-2-1024x483-1-768x362.webp 768w\" sizes=\"(max-width: 1024px) 100vw, 1024px\" \/><\/a><\/figure>\n<\/div>\n<\/div>\n\n\n\n<div style=\"height:64px\" aria-hidden=\"true\" class=\"wp-block-spacer\"><\/div>\n\n\n\n<div class=\"wp-block-columns is-layout-flex wp-container-core-columns-is-layout-28f84493 wp-block-columns-is-layout-flex\">\n<div class=\"wp-block-column is-layout-flow wp-block-column-is-layout-flow\">\n<figure class=\"wp-block-image size-full\"><a href=\"http:\/\/www.soledpro.cz\/wp-content\/uploads\/2021\/10\/Regexy-1024x506-1.webp\"><img loading=\"lazy\" decoding=\"async\" width=\"1024\" height=\"506\" src=\"http:\/\/www.soledpro.cz\/wp-content\/uploads\/2021\/10\/Regexy-1024x506-1.webp\" alt=\"\" class=\"wp-image-824\" srcset=\"https:\/\/www.soledpro.cz\/wp-content\/uploads\/2021\/10\/Regexy-1024x506-1.webp 1024w, https:\/\/www.soledpro.cz\/wp-content\/uploads\/2021\/10\/Regexy-1024x506-1-300x148.webp 300w, https:\/\/www.soledpro.cz\/wp-content\/uploads\/2021\/10\/Regexy-1024x506-1-768x380.webp 768w\" sizes=\"(max-width: 1024px) 100vw, 1024px\" \/><\/a><\/figure>\n<\/div>\n\n\n\n<div class=\"wp-block-column is-layout-flow wp-block-column-is-layout-flow\">\n<h3 class=\"wp-block-heading\">REGEX-basierte Suche nach sensiblen Daten<\/h3>\n\n\n\n<p>Nach der Konfiguration der regul\u00e4ren Ausdr\u00fccke ist das System in der Lage, das Ganze inklusive aller seiner Dateien zu analysieren. Nach der Ausf\u00fchrung der Aktion wird ein grafischer Bericht mit Informationen zu den Ergebnissen (Name, Ort, Quelle usw.) angezeigt.<\/p>\n<\/div>\n<\/div>\n\n\n\n<div style=\"height:64px\" aria-hidden=\"true\" class=\"wp-block-spacer\"><\/div>\n\n\n\n<div class=\"wp-block-columns is-layout-flex wp-container-core-columns-is-layout-28f84493 wp-block-columns-is-layout-flex\">\n<div class=\"wp-block-column is-layout-flow wp-block-column-is-layout-flow\">\n<h3 class=\"wp-block-heading\">M\u00f6glichkeit zur \u00dcberpr\u00fcfung der Datenerfassungsversuche von Endbenutzern<\/h3>\n\n\n\n<p>DataSecurity Plus verf\u00fcgt \u00fcber ein Modul, das den Administrator \u00fcber einen Versuch des Benutzers informiert, Daten herunterzuladen oder auf ein USB-Ger\u00e4t zu kopieren. Der Bericht an den Techniker enth\u00e4lt Informationen dar\u00fcber, welcher Benutzer von welchem \u200b\u200bComputer oder welcher IP-Adresse die angegebenen Dateien\/Informationen herunterladen wollte. Das betriebliche Datensicherheitssystem kann auf diese Versuche auch mit einer Blockierung des USB-Ger\u00e4ts reagieren.<\/p>\n<\/div>\n\n\n\n<div class=\"wp-block-column is-layout-flow wp-block-column-is-layout-flow\">\n<figure class=\"wp-block-image size-full\"><a href=\"http:\/\/www.soledpro.cz\/wp-content\/uploads\/2021\/10\/Audyt-prob-wyciagniecia-danych-1024x497-1.webp\"><img loading=\"lazy\" decoding=\"async\" width=\"1024\" height=\"497\" src=\"http:\/\/www.soledpro.cz\/wp-content\/uploads\/2021\/10\/Audyt-prob-wyciagniecia-danych-1024x497-1.webp\" alt=\"\" class=\"wp-image-825\" srcset=\"https:\/\/www.soledpro.cz\/wp-content\/uploads\/2021\/10\/Audyt-prob-wyciagniecia-danych-1024x497-1.webp 1024w, https:\/\/www.soledpro.cz\/wp-content\/uploads\/2021\/10\/Audyt-prob-wyciagniecia-danych-1024x497-1-300x146.webp 300w, https:\/\/www.soledpro.cz\/wp-content\/uploads\/2021\/10\/Audyt-prob-wyciagniecia-danych-1024x497-1-768x373.webp 768w\" sizes=\"(max-width: 1024px) 100vw, 1024px\" \/><\/a><\/figure>\n<\/div>\n<\/div>\n\n\n\n<div style=\"height:100px\" aria-hidden=\"true\" class=\"wp-block-spacer\"><\/div>","protected":false},"excerpt":{"rendered":"<p>DataSecurity Plus je syst\u00e9m, na komplexn\u00ed ochranu dat spole\u010dnosti p\u0159ed jejich \u00fanikem nebo odcizen\u00edm. N\u00e1stroj na zabezpe\u010den\u00ed firemn\u00edch dat m\u00e1 zabudovan\u00e9 reporty umo\u017e\u0148uj\u00edc\u00ed bezprobl\u00e9mov\u00e9 z\u00edsk\u00e1n\u00ed jak\u00e9koliv informace, nap\u0159. o aktu\u00e1ln\u00edm stavu prost\u0159ed\u00ed. DataSecurity Plus tak\u00e9 umo\u017e\u0148uje audit vytv\u00e1\u0159en\u00ed, \u00faprav a maz\u00e1n\u00ed soubor\u016f. Syst\u00e9m roz\u0161i\u0159uje mo\u017enosti o skenov\u00e1n\u00ed s\u00ed\u0165ov\u00e9ho sd\u00edlen\u00ed z hlediska citliv\u00fdch dat, jako je [&hellip;]<\/p>","protected":false},"author":1,"featured_media":821,"parent":712,"menu_order":0,"comment_status":"closed","ping_status":"closed","template":"","meta":{"footnotes":""},"class_list":["post-820","page","type-page","status-publish","has-post-thumbnail","hentry"],"_links":{"self":[{"href":"https:\/\/www.soledpro.cz\/de\/wp-json\/wp\/v2\/pages\/820","targetHints":{"allow":["GET"]}}],"collection":[{"href":"https:\/\/www.soledpro.cz\/de\/wp-json\/wp\/v2\/pages"}],"about":[{"href":"https:\/\/www.soledpro.cz\/de\/wp-json\/wp\/v2\/types\/page"}],"author":[{"embeddable":true,"href":"https:\/\/www.soledpro.cz\/de\/wp-json\/wp\/v2\/users\/1"}],"replies":[{"embeddable":true,"href":"https:\/\/www.soledpro.cz\/de\/wp-json\/wp\/v2\/comments?post=820"}],"version-history":[{"count":1,"href":"https:\/\/www.soledpro.cz\/de\/wp-json\/wp\/v2\/pages\/820\/revisions"}],"predecessor-version":[{"id":826,"href":"https:\/\/www.soledpro.cz\/de\/wp-json\/wp\/v2\/pages\/820\/revisions\/826"}],"up":[{"embeddable":true,"href":"https:\/\/www.soledpro.cz\/de\/wp-json\/wp\/v2\/pages\/712"}],"wp:featuredmedia":[{"embeddable":true,"href":"https:\/\/www.soledpro.cz\/de\/wp-json\/wp\/v2\/media\/821"}],"wp:attachment":[{"href":"https:\/\/www.soledpro.cz\/de\/wp-json\/wp\/v2\/media?parent=820"}],"curies":[{"name":"wp","href":"https:\/\/api.w.org\/{rel}","templated":true}]}}