{"id":814,"date":"2021-10-30T11:21:46","date_gmt":"2021-10-30T09:21:46","guid":{"rendered":"http:\/\/www.soledpro.cz\/?page_id=814"},"modified":"2021-10-30T11:21:47","modified_gmt":"2021-10-30T09:21:47","slug":"adselfservice-plus","status":"publish","type":"page","link":"https:\/\/www.soledpro.cz\/de\/kyberneticka-bezpecnost\/manage-engine\/produkty-active-directory\/adselfservice-plus\/","title":{"rendered":"ADSelfService Plus"},"content":{"rendered":"<h3 class=\"wp-block-heading\">ADSelfService Plus ist ein integriertes Tool, mit dem Endbenutzer Passw\u00f6rter zur\u00fccksetzen, Konten entsperren und Informationen in Active Directory vervollst\u00e4ndigen k\u00f6nnen.<\/h3>\n\n\n\n<p>Dar\u00fcber hinaus erm\u00f6glicht dieses Endbenutzerportal die SSO-Anmeldung bei vielen anderen Anwendungen \u00fcber eine einzige Konsolenebene. ADSelfService Plus erm\u00f6glicht die Anmeldung mit einem Klick bei mehr als 110 vorgefertigten und SAML-f\u00e4higen Anwendungen, darunter Microsoft 365, SalesForce und G Suite mit SSO. Das Tool erh\u00f6ht au\u00dferdem die Sicherheit durch mehrere unterst\u00fctzte Zwei-Faktor-Authentifizierungsmethoden wie SMS, E-Mail, YubiKey und Google Authenticator. Durch die gr\u00f6\u00dfere Unabh\u00e4ngigkeit der Benutzer gewinnen Administratoren mehr Zeit. Das System verf\u00fcgt au\u00dferdem \u00fcber zahlreiche Berichte, dank derer wir einen \u00dcberblick \u00fcber die Aktivit\u00e4ten der Benutzer behalten k\u00f6nnen.<\/p>\n\n\n\n<div style=\"height:64px\" aria-hidden=\"true\" class=\"wp-block-spacer\"><\/div>\n\n\n\n<h2 class=\"wp-block-heading\">VORTEILE<\/h2>\n\n\n\n<ul class=\"wp-block-list\"><li>Self-Service-Passwortverwaltung<\/li><li>Senden von Benachrichtigungen an Benutzer \u00fcber ablaufende Passw\u00f6rter<\/li><li>die M\u00f6glichkeit, detaillierte Passwortregeln in der Organisationseinheit anzupassen<\/li><li>gesonderte Aktualisierung personenbezogener Daten<\/li><li>Schnelle Suche nach Benutzern, Kontakten und Gruppen in der Organisation<\/li><li>Gruppenabonnementeinstellungen, ohne dass der Administrator kontaktiert werden muss<\/li><li>Erh\u00f6hung der Sicherheit der Organisation<\/li><\/ul>\n\n\n\n<div style=\"height:64px\" aria-hidden=\"true\" class=\"wp-block-spacer\"><\/div>\n\n\n\n<h2 class=\"wp-block-heading\">MERKMALE<\/h2>\n\n\n\n<div class=\"wp-block-columns is-layout-flex wp-container-core-columns-is-layout-28f84493 wp-block-columns-is-layout-flex\">\n<div class=\"wp-block-column is-layout-flow wp-block-column-is-layout-flow\">\n<h3 class=\"wp-block-heading\">M\u00f6glichkeit einer separaten Kontof\u00fchrung<\/h3>\n\n\n\n<p>Mit dieser Funktion kann der Endbenutzer sein Passwort zur\u00fccksetzen und sein Konto basierend auf einer Sicherheitsfrage oder einer anderen Art der Zwei-Faktor-Authentifizierung entsperren. Mit Hilfe des GINA ADSelfService Plus-Agenten werden diese Funktionen auch \u00fcber die Anmeldebildschirme von Windows, Linux und Mac verf\u00fcgbar gemacht. Diese Option kann auch mit OWA und dem Citrix-Portal integriert werden. Auch der Mitarbeiter hat Zugriff auf seine pers\u00f6nlichen Daten und kann diese selbst aktualisieren \u2013 beispielsweise durch das Hinzuf\u00fcgen seines Fotos.<\/p>\n<\/div>\n\n\n\n<div class=\"wp-block-column is-layout-flow wp-block-column-is-layout-flow\">\n<figure class=\"wp-block-image size-full\"><a href=\"http:\/\/www.soledpro.cz\/wp-content\/uploads\/2021\/10\/Samodzielna-obsluga-1024x484-1.webp\"><img fetchpriority=\"high\" decoding=\"async\" width=\"1024\" height=\"484\" src=\"http:\/\/www.soledpro.cz\/wp-content\/uploads\/2021\/10\/Samodzielna-obsluga-1024x484-1.webp\" alt=\"\" class=\"wp-image-815\" srcset=\"https:\/\/www.soledpro.cz\/wp-content\/uploads\/2021\/10\/Samodzielna-obsluga-1024x484-1.webp 1024w, https:\/\/www.soledpro.cz\/wp-content\/uploads\/2021\/10\/Samodzielna-obsluga-1024x484-1-300x142.webp 300w, https:\/\/www.soledpro.cz\/wp-content\/uploads\/2021\/10\/Samodzielna-obsluga-1024x484-1-768x363.webp 768w\" sizes=\"(max-width: 1024px) 100vw, 1024px\" \/><\/a><\/figure>\n<\/div>\n<\/div>\n\n\n\n<div style=\"height:64px\" aria-hidden=\"true\" class=\"wp-block-spacer\"><\/div>\n\n\n\n<div class=\"wp-block-columns is-layout-flex wp-container-core-columns-is-layout-28f84493 wp-block-columns-is-layout-flex\">\n<div class=\"wp-block-column is-layout-flow wp-block-column-is-layout-flow\">\n<figure class=\"wp-block-image size-full\"><a href=\"http:\/\/www.soledpro.cz\/wp-content\/uploads\/2021\/10\/Polityki-dla-grup-i-OU-1024x434-1.webp\"><img decoding=\"async\" width=\"1024\" height=\"434\" src=\"http:\/\/www.soledpro.cz\/wp-content\/uploads\/2021\/10\/Polityki-dla-grup-i-OU-1024x434-1.webp\" alt=\"\" class=\"wp-image-816\" srcset=\"https:\/\/www.soledpro.cz\/wp-content\/uploads\/2021\/10\/Polityki-dla-grup-i-OU-1024x434-1.webp 1024w, https:\/\/www.soledpro.cz\/wp-content\/uploads\/2021\/10\/Polityki-dla-grup-i-OU-1024x434-1-300x127.webp 300w, https:\/\/www.soledpro.cz\/wp-content\/uploads\/2021\/10\/Polityki-dla-grup-i-OU-1024x434-1-768x326.webp 768w\" sizes=\"(max-width: 1024px) 100vw, 1024px\" \/><\/a><\/figure>\n<\/div>\n\n\n\n<div class=\"wp-block-column is-layout-flow wp-block-column-is-layout-flow\">\n<h3 class=\"wp-block-heading\">Zuweisen von Sicherheitsrichtlinien zu Organisationseinheiten und Gruppen<\/h3>\n\n\n\n<p>Das System erm\u00f6glicht Ihnen die Definition einer Passwortrichtlinie f\u00fcr eine bestimmte Gruppe oder Organisationseinheit sowie die M\u00f6glichkeit, den Zugriff auf Funktionen wie das Zur\u00fccksetzen des Passworts, die Entsperrung des Kontos und die pers\u00f6nliche \u00c4nderung zuzuweisen. Mit dieser Funktion k\u00f6nnen Sie einer bestimmten Gruppe die entsprechende Sicherheitsstufe zuweisen.<\/p>\n<\/div>\n<\/div>\n\n\n\n<div style=\"height:64px\" aria-hidden=\"true\" class=\"wp-block-spacer\"><\/div>\n\n\n\n<div class=\"wp-block-columns is-layout-flex wp-container-core-columns-is-layout-28f84493 wp-block-columns-is-layout-flex\">\n<div class=\"wp-block-column is-layout-flow wp-block-column-is-layout-flow\">\n<h3 class=\"wp-block-heading\">Die M\u00f6glichkeit der einmaligen Anmeldung an vielen Anwendungen, das sogenannte SSO<\/h3>\n\n\n\n<p>Nach einer Anmeldung am ADSelfService Plus-System erh\u00e4lt der Endbenutzer Zugriff auf die vom Unternehmen verwendeten Systeme, wie zum Beispiel: Dropbox, Office365, OracleDB und mehr als 110 weitere sofort einsatzbereite Anwendungen. Mit ADSelfService Plus k\u00f6nnen Sie auch Ihre eigenen Anwendungen gem\u00e4\u00df dem SAML-Standard hinzuf\u00fcgen.<\/p>\n<\/div>\n\n\n\n<div class=\"wp-block-column is-layout-flow wp-block-column-is-layout-flow\">\n<figure class=\"wp-block-image size-full\"><a href=\"http:\/\/www.soledpro.cz\/wp-content\/uploads\/2021\/10\/Logowanie-do-aplikacji-1024x492-1.webp\"><img decoding=\"async\" width=\"1024\" height=\"492\" src=\"http:\/\/www.soledpro.cz\/wp-content\/uploads\/2021\/10\/Logowanie-do-aplikacji-1024x492-1.webp\" alt=\"\" class=\"wp-image-817\" srcset=\"https:\/\/www.soledpro.cz\/wp-content\/uploads\/2021\/10\/Logowanie-do-aplikacji-1024x492-1.webp 1024w, https:\/\/www.soledpro.cz\/wp-content\/uploads\/2021\/10\/Logowanie-do-aplikacji-1024x492-1-300x144.webp 300w, https:\/\/www.soledpro.cz\/wp-content\/uploads\/2021\/10\/Logowanie-do-aplikacji-1024x492-1-768x369.webp 768w\" sizes=\"(max-width: 1024px) 100vw, 1024px\" \/><\/a><\/figure>\n<\/div>\n<\/div>\n\n\n\n<div style=\"height:64px\" aria-hidden=\"true\" class=\"wp-block-spacer\"><\/div>\n\n\n\n<div class=\"wp-block-columns is-layout-flex wp-container-core-columns-is-layout-28f84493 wp-block-columns-is-layout-flex\">\n<div class=\"wp-block-column is-layout-flow wp-block-column-is-layout-flow\">\n<figure class=\"wp-block-image size-full\"><a href=\"http:\/\/www.soledpro.cz\/wp-content\/uploads\/2021\/10\/Raporty-1-1024x483-1.webp\"><img loading=\"lazy\" decoding=\"async\" width=\"1024\" height=\"483\" src=\"http:\/\/www.soledpro.cz\/wp-content\/uploads\/2021\/10\/Raporty-1-1024x483-1.webp\" alt=\"\" class=\"wp-image-818\" srcset=\"https:\/\/www.soledpro.cz\/wp-content\/uploads\/2021\/10\/Raporty-1-1024x483-1.webp 1024w, https:\/\/www.soledpro.cz\/wp-content\/uploads\/2021\/10\/Raporty-1-1024x483-1-300x142.webp 300w, https:\/\/www.soledpro.cz\/wp-content\/uploads\/2021\/10\/Raporty-1-1024x483-1-768x362.webp 768w\" sizes=\"(max-width: 1024px) 100vw, 1024px\" \/><\/a><\/figure>\n<\/div>\n\n\n\n<div class=\"wp-block-column is-layout-flow wp-block-column-is-layout-flow\">\n<h3 class=\"wp-block-heading\">Ereignisberichts- und Pr\u00fcffunktionen<\/h3>\n\n\n\n<p>Das ADSelfService Plus-Endbenutzerportal erm\u00f6glicht es Ihnen, basierend auf registrierten Benutzern Berichte zu erstellen, z. B. \u00fcber abgelaufene Passw\u00f6rter, vergessene Passw\u00f6rter oder verbrauchte Lizenzen. Das System erm\u00f6glicht auch den Export des Berichts in viele Formate und deren zyklischen Versand.&nbsp;<\/p>\n<\/div>\n<\/div>\n\n\n\n<div style=\"height:64px\" aria-hidden=\"true\" class=\"wp-block-spacer\"><\/div>\n\n\n\n<h3 class=\"has-text-align-center wp-block-heading\">Sie interessieren sich f\u00fcr Systeme, die mit ADSelfService Plus kompatibel sind?<\/h3>\n\n\n\n<p class=\"has-text-align-center\">Sehen Sie sich das an:<\/p>\n\n\n\n<h4 class=\"has-text-align-center wp-block-heading\">ADManager Plus-Dom\u00e4nenverwaltungssystem,<\/h4>\n\n\n\n<h4 class=\"has-text-align-center wp-block-heading\">das Helpdesk-System ServiceDesk Plus.<\/h4>","protected":false},"excerpt":{"rendered":"<p>ADSelfService Plus je integrovan\u00fd n\u00e1stroj, kter\u00fd umo\u017e\u0148uje reset hesla, odblokov\u00e1n\u00ed \u00fa\u010dtu a dopln\u011bn\u00ed \u00fadaj\u016f v Active Directory koncov\u00fdmi u\u017eivateli. Tento port\u00e1l koncov\u00e9ho u\u017eivatele nav\u00edc umo\u017e\u0148uje p\u0159ihla\u0161ov\u00e1n\u00ed SSO do mnoha jin\u00fdch aplikac\u00ed z \u00farovn\u011b jedn\u00e9 konzole. ADSelfService Plus umo\u017e\u0148uje p\u0159ihla\u0161ov\u00e1n\u00ed pomoc\u00ed jednoho kliknut\u00ed v\u00edce ne\u017e 110 p\u0159edp\u0159ipraven\u00fdch aplikac\u00ed a aplikac\u00ed podporuj\u00edc\u00ed SAML, v\u010detn\u011b Microsoft 365, SalesForce [&hellip;]<\/p>","protected":false},"author":1,"featured_media":815,"parent":712,"menu_order":0,"comment_status":"closed","ping_status":"closed","template":"","meta":{"footnotes":""},"class_list":["post-814","page","type-page","status-publish","has-post-thumbnail","hentry"],"_links":{"self":[{"href":"https:\/\/www.soledpro.cz\/de\/wp-json\/wp\/v2\/pages\/814","targetHints":{"allow":["GET"]}}],"collection":[{"href":"https:\/\/www.soledpro.cz\/de\/wp-json\/wp\/v2\/pages"}],"about":[{"href":"https:\/\/www.soledpro.cz\/de\/wp-json\/wp\/v2\/types\/page"}],"author":[{"embeddable":true,"href":"https:\/\/www.soledpro.cz\/de\/wp-json\/wp\/v2\/users\/1"}],"replies":[{"embeddable":true,"href":"https:\/\/www.soledpro.cz\/de\/wp-json\/wp\/v2\/comments?post=814"}],"version-history":[{"count":1,"href":"https:\/\/www.soledpro.cz\/de\/wp-json\/wp\/v2\/pages\/814\/revisions"}],"predecessor-version":[{"id":819,"href":"https:\/\/www.soledpro.cz\/de\/wp-json\/wp\/v2\/pages\/814\/revisions\/819"}],"up":[{"embeddable":true,"href":"https:\/\/www.soledpro.cz\/de\/wp-json\/wp\/v2\/pages\/712"}],"wp:featuredmedia":[{"embeddable":true,"href":"https:\/\/www.soledpro.cz\/de\/wp-json\/wp\/v2\/media\/815"}],"wp:attachment":[{"href":"https:\/\/www.soledpro.cz\/de\/wp-json\/wp\/v2\/media?parent=814"}],"curies":[{"name":"wp","href":"https:\/\/api.w.org\/{rel}","templated":true}]}}