{"id":805,"date":"2021-10-30T11:06:39","date_gmt":"2021-10-30T09:06:39","guid":{"rendered":"http:\/\/www.soledpro.cz\/?page_id=805"},"modified":"2021-10-30T11:06:40","modified_gmt":"2021-10-30T09:06:40","slug":"admanager-plus","status":"publish","type":"page","link":"https:\/\/www.soledpro.cz\/de\/kyberneticka-bezpecnost\/manage-engine\/produkty-active-directory\/admanager-plus\/","title":{"rendered":"ADManager Plus"},"content":{"rendered":"<h3 class=\"wp-block-heading\">IT-Administratoren stehen t\u00e4glich vor der Herausforderung, Active Directory-Elemente zu verwalten.<\/h3>\n\n\n\n<p>Das Durchf\u00fchren von Aufgaben wie dem Konfigurieren von Benutzereigenschaften ist \u00e4u\u00dferst zeitaufw\u00e4ndig, m\u00fchsam und fehleranf\u00e4llig \u2013 insbesondere in einem gro\u00dfen, komplizierten Active Directory. Die umfassende Dom\u00e4nenverwaltung von ADManager Plus hilft, die genannten Probleme zu beseitigen. Es erm\u00f6glicht die Automatisierung von Routineaufgaben, vereinfacht die AD-Verwaltung und liefert einen detaillierten Bericht \u00fcber den Status der Dom\u00e4ne. Dadurch k\u00f6nnen alle AD-bezogenen Aktionen schnell ausgef\u00fchrt werden. Das System erm\u00f6glicht auch eine teilweise Delegation von Berechtigungen an Techniker, ohne dass Berechtigungen in anderen Bereichen erteilt werden m\u00fcssen. Die Periodizit\u00e4t der Aufgabe stellt kein Problem dar, da sie von ADManager Plus ausgef\u00fchrt wird.<\/p>\n\n\n\n<div style=\"height:64px\" aria-hidden=\"true\" class=\"wp-block-spacer\"><\/div>\n\n\n\n<h2 class=\"wp-block-heading\">VORTEILE<\/h2>\n\n\n\n<ul class=\"wp-block-list\"><li>einfache Domainverwaltung<\/li><li>Bereitstellung zahlreicher \u00c4nderungen an AD mit einem einzigen Klick<\/li><li>Datensicherheit<\/li><li>\u00dcbertragung ausgew\u00e4hlter Berechtigungen an verantwortliche Personen<\/li><li>\u00dcberpr\u00fcfung von \u00c4nderungen in AD<\/li><li>M\u00f6glichkeit, von PowerShell zur\u00fcckzutreten<\/li><\/ul>\n\n\n\n<div style=\"height:64px\" aria-hidden=\"true\" class=\"wp-block-spacer\"><\/div>\n\n\n\n<h2 class=\"wp-block-heading\">MERKMALE<\/h2>\n\n\n\n<div class=\"wp-block-columns is-layout-flex wp-container-core-columns-is-layout-28f84493 wp-block-columns-is-layout-flex\">\n<div class=\"wp-block-column is-layout-flow wp-block-column-is-layout-flow\">\n<h3 class=\"wp-block-heading\">Umfangreiche Benutzerverwaltung<\/h3>\n\n\n\n<p>Das System verf\u00fcgt \u00fcber viele Funktionen zur Verwaltung von Benutzern im Active Directory, wie zum Beispiel: Erstellen, \u00c4ndern, L\u00f6schen, Sperren und Entsperren von Benutzern. Von der einzelnen Websystemebene aus werden implementierte \u00c4nderungen zusammen mit allen zugewiesenen Attributen an Active Directory gesendet.<\/p>\n<\/div>\n\n\n\n<div class=\"wp-block-column is-layout-flow wp-block-column-is-layout-flow\">\n<figure class=\"wp-block-image size-full\"><a href=\"http:\/\/www.soledpro.cz\/wp-content\/uploads\/2021\/10\/Zarzadzanie-uzytkownikami-1024x458-1.webp\"><img fetchpriority=\"high\" decoding=\"async\" width=\"1024\" height=\"458\" src=\"http:\/\/www.soledpro.cz\/wp-content\/uploads\/2021\/10\/Zarzadzanie-uzytkownikami-1024x458-1.webp\" alt=\"\" class=\"wp-image-806\" srcset=\"https:\/\/www.soledpro.cz\/wp-content\/uploads\/2021\/10\/Zarzadzanie-uzytkownikami-1024x458-1.webp 1024w, https:\/\/www.soledpro.cz\/wp-content\/uploads\/2021\/10\/Zarzadzanie-uzytkownikami-1024x458-1-300x134.webp 300w, https:\/\/www.soledpro.cz\/wp-content\/uploads\/2021\/10\/Zarzadzanie-uzytkownikami-1024x458-1-768x344.webp 768w\" sizes=\"(max-width: 1024px) 100vw, 1024px\" \/><\/a><\/figure>\n<\/div>\n<\/div>\n\n\n\n<div style=\"height:64px\" aria-hidden=\"true\" class=\"wp-block-spacer\"><\/div>\n\n\n\n<div class=\"wp-block-columns is-layout-flex wp-container-core-columns-is-layout-28f84493 wp-block-columns-is-layout-flex\">\n<div class=\"wp-block-column is-layout-flow wp-block-column-is-layout-flow\">\n<figure class=\"wp-block-image size-full\"><a href=\"http:\/\/www.soledpro.cz\/wp-content\/uploads\/2021\/10\/GPO-1024x443-1.webp\"><img decoding=\"async\" width=\"1024\" height=\"443\" src=\"http:\/\/www.soledpro.cz\/wp-content\/uploads\/2021\/10\/GPO-1024x443-1.webp\" alt=\"\" class=\"wp-image-807\" srcset=\"https:\/\/www.soledpro.cz\/wp-content\/uploads\/2021\/10\/GPO-1024x443-1.webp 1024w, https:\/\/www.soledpro.cz\/wp-content\/uploads\/2021\/10\/GPO-1024x443-1-300x130.webp 300w, https:\/\/www.soledpro.cz\/wp-content\/uploads\/2021\/10\/GPO-1024x443-1-768x332.webp 768w\" sizes=\"(max-width: 1024px) 100vw, 1024px\" \/><\/a><\/figure>\n<\/div>\n\n\n\n<div class=\"wp-block-column is-layout-flow wp-block-column-is-layout-flow\">\n<h3 class=\"wp-block-heading\">M\u00f6glichkeit zur Verwaltung von GPO-Richtlinien<\/h3>\n\n\n\n<p>Diese Funktion bietet direkten Zugriff auf das Erstellen und Bearbeiten von Dom\u00e4nenrichtlinien sowie deren Zuweisung zu ausgew\u00e4hlten Ressourcengruppen in Active Directory. Das System stellt die Einstellungen auf einfache Weise dar und teilt dem Administrator mit, worum es bei der angegebenen Richtlinie geht.<\/p>\n<\/div>\n<\/div>\n\n\n\n<div style=\"height:64px\" aria-hidden=\"true\" class=\"wp-block-spacer\"><\/div>\n\n\n\n<div class=\"wp-block-columns is-layout-flex wp-container-core-columns-is-layout-28f84493 wp-block-columns-is-layout-flex\">\n<div class=\"wp-block-column is-layout-flow wp-block-column-is-layout-flow\">\n<h3 class=\"wp-block-heading\">Verwalten Sie freigegebenen Speicher und NTFS-Zugriffsberechtigungen<\/h3>\n\n\n\n<p>Ein Administrator kann mithilfe der entsprechenden Berechtigungen und der Berechtigungsvererbungsfunktion ganz einfach einer oder mehreren Personen Zugriff auf bestimmte freigegebene Speicher oder freigegebene Ordner gew\u00e4hren oder entziehen. Die Funktion erm\u00f6glicht es dem Administrator au\u00dferdem, mit einem Klick alle Berechtigungen zur\u00fcckzusetzen und sie nur der angegebenen Ressource neu zuzuweisen.<\/p>\n<\/div>\n\n\n\n<div class=\"wp-block-column is-layout-flow wp-block-column-is-layout-flow\">\n<figure class=\"wp-block-image size-full\"><a href=\"http:\/\/www.soledpro.cz\/wp-content\/uploads\/2021\/10\/Zarzadzanie-uprawnieniami-1024x444-1.webp\"><img decoding=\"async\" width=\"1024\" height=\"444\" src=\"http:\/\/www.soledpro.cz\/wp-content\/uploads\/2021\/10\/Zarzadzanie-uprawnieniami-1024x444-1.webp\" alt=\"\" class=\"wp-image-808\" srcset=\"https:\/\/www.soledpro.cz\/wp-content\/uploads\/2021\/10\/Zarzadzanie-uprawnieniami-1024x444-1.webp 1024w, https:\/\/www.soledpro.cz\/wp-content\/uploads\/2021\/10\/Zarzadzanie-uprawnieniami-1024x444-1-300x130.webp 300w, https:\/\/www.soledpro.cz\/wp-content\/uploads\/2021\/10\/Zarzadzanie-uprawnieniami-1024x444-1-768x333.webp 768w\" sizes=\"(max-width: 1024px) 100vw, 1024px\" \/><\/a><\/figure>\n<\/div>\n<\/div>\n\n\n\n<div style=\"height:64px\" aria-hidden=\"true\" class=\"wp-block-spacer\"><\/div>\n\n\n\n<div class=\"wp-block-columns is-layout-flex wp-container-core-columns-is-layout-28f84493 wp-block-columns-is-layout-flex\">\n<div class=\"wp-block-column is-layout-flow wp-block-column-is-layout-flow\">\n<figure class=\"wp-block-image size-full\"><a href=\"http:\/\/www.soledpro.cz\/wp-content\/uploads\/2021\/10\/Zarzadzanie-uzytkownikami-1024x458-1-1.webp\"><img loading=\"lazy\" decoding=\"async\" width=\"1024\" height=\"458\" src=\"http:\/\/www.soledpro.cz\/wp-content\/uploads\/2021\/10\/Zarzadzanie-uzytkownikami-1024x458-1-1.webp\" alt=\"\" class=\"wp-image-809\" srcset=\"https:\/\/www.soledpro.cz\/wp-content\/uploads\/2021\/10\/Zarzadzanie-uzytkownikami-1024x458-1-1.webp 1024w, https:\/\/www.soledpro.cz\/wp-content\/uploads\/2021\/10\/Zarzadzanie-uzytkownikami-1024x458-1-1-300x134.webp 300w, https:\/\/www.soledpro.cz\/wp-content\/uploads\/2021\/10\/Zarzadzanie-uzytkownikami-1024x458-1-1-768x344.webp 768w\" sizes=\"(max-width: 1024px) 100vw, 1024px\" \/><\/a><\/figure>\n<\/div>\n\n\n\n<div class=\"wp-block-column is-layout-flow wp-block-column-is-layout-flow\">\n<h3 class=\"wp-block-heading\">Verwalten Sie Benutzer mithilfe von \u00c4nderungsvorlagen<\/h3>\n\n\n\n<p>Die umfassende Dom\u00e4nenverwaltung von ADManager Plus erleichtert die Verwaltung und Bearbeitung von Benutzerdaten mit einer unbegrenzten Anzahl von Vorlagen. Eine Vorlage kann folgende Informationen enthalten: pers\u00f6nliche Daten, Kontaktdaten, Exchange, pers\u00f6nliches Postfach. Bei erfolgreicher \u00c4nderung kann ein Bericht versendet oder ein Powershell-Skript ausgef\u00fchrt werden.<\/p>\n<\/div>\n<\/div>\n\n\n\n<div style=\"height:64px\" aria-hidden=\"true\" class=\"wp-block-spacer\"><\/div>\n\n\n\n<div class=\"wp-block-columns is-layout-flex wp-container-core-columns-is-layout-28f84493 wp-block-columns-is-layout-flex\">\n<div class=\"wp-block-column is-layout-flow wp-block-column-is-layout-flow\">\n<h3 class=\"wp-block-heading\">Die M\u00f6glichkeit, Ereignisse in der AD-Umgebung zu melden<\/h3>\n\n\n\n<p>Das System verf\u00fcgt \u00fcber eine gro\u00dfe Anzahl von Berichten basierend auf: Benutzer, Passwort, Gruppe, Computer, Postfach, Kontakten, GPO, OU, Freigabe und der M\u00f6glichkeit, Ihren eigenen Bericht zu konfigurieren. Nachdem der Bericht erstellt wurde, erm\u00f6glicht ADManager Plus die Durchf\u00fchrung von Aktionen basierend auf den angezeigten Ergebnissen, wie z. B. Zur\u00fccksetzen des Passworts, Entsperren oder Blockieren des Kontos, \u00dcbertragung an eine andere Gruppe oder Organisationseinheit, L\u00f6schen des Kontos und andere.<\/p>\n<\/div>\n\n\n\n<div class=\"wp-block-column is-layout-flow wp-block-column-is-layout-flow\">\n<figure class=\"wp-block-image size-full\"><a href=\"http:\/\/www.soledpro.cz\/wp-content\/uploads\/2021\/10\/Raportowanie-1024x409-1.webp\"><img loading=\"lazy\" decoding=\"async\" width=\"1024\" height=\"409\" src=\"http:\/\/www.soledpro.cz\/wp-content\/uploads\/2021\/10\/Raportowanie-1024x409-1.webp\" alt=\"\" class=\"wp-image-810\" srcset=\"https:\/\/www.soledpro.cz\/wp-content\/uploads\/2021\/10\/Raportowanie-1024x409-1.webp 1024w, https:\/\/www.soledpro.cz\/wp-content\/uploads\/2021\/10\/Raportowanie-1024x409-1-300x120.webp 300w, https:\/\/www.soledpro.cz\/wp-content\/uploads\/2021\/10\/Raportowanie-1024x409-1-768x307.webp 768w\" sizes=\"(max-width: 1024px) 100vw, 1024px\" \/><\/a><\/figure>\n<\/div>\n<\/div>\n\n\n\n<div style=\"height:64px\" aria-hidden=\"true\" class=\"wp-block-spacer\"><\/div>\n\n\n\n<div class=\"wp-block-columns is-layout-flex wp-container-core-columns-is-layout-28f84493 wp-block-columns-is-layout-flex\">\n<div class=\"wp-block-column is-layout-flow wp-block-column-is-layout-flow\">\n<figure class=\"wp-block-image size-full\"><a href=\"http:\/\/www.soledpro.cz\/wp-content\/uploads\/2021\/10\/Automatyzacje-1-1024x454-1.webp\"><img loading=\"lazy\" decoding=\"async\" width=\"1024\" height=\"454\" src=\"http:\/\/www.soledpro.cz\/wp-content\/uploads\/2021\/10\/Automatyzacje-1-1024x454-1.webp\" alt=\"\" class=\"wp-image-811\" srcset=\"https:\/\/www.soledpro.cz\/wp-content\/uploads\/2021\/10\/Automatyzacje-1-1024x454-1.webp 1024w, https:\/\/www.soledpro.cz\/wp-content\/uploads\/2021\/10\/Automatyzacje-1-1024x454-1-300x133.webp 300w, https:\/\/www.soledpro.cz\/wp-content\/uploads\/2021\/10\/Automatyzacje-1-1024x454-1-768x341.webp 768w\" sizes=\"(max-width: 1024px) 100vw, 1024px\" \/><\/a><\/figure>\n<\/div>\n\n\n\n<div class=\"wp-block-column is-layout-flow wp-block-column-is-layout-flow\">\n<h3 class=\"wp-block-heading\">Schaffung einer Automatisierung von Routineaufgaben<\/h3>\n\n\n\n<p>Diese Funktion erm\u00f6glicht die Automatisierung monotoner Aufgaben und die Konfiguration aufeinanderfolgender Aktionen, wodurch IT-Administratoren Zeit sparen. Automatisierungen erm\u00f6glichen die zyklische Ausf\u00fchrung von Aktionen, wie z. B. das Zur\u00fccksetzen des Passworts basierend auf dem konfigurierten Bericht, das anschlie\u00dfende Sperren des Benutzers oder dessen Entfernen bei l\u00e4ngerer Inaktivit\u00e4t.<\/p>\n<\/div>\n<\/div>\n\n\n\n<div style=\"height:64px\" aria-hidden=\"true\" class=\"wp-block-spacer\"><\/div>\n\n\n\n<div class=\"wp-block-columns is-layout-flex wp-container-core-columns-is-layout-28f84493 wp-block-columns-is-layout-flex\">\n<div class=\"wp-block-column is-layout-flow wp-block-column-is-layout-flow\">\n<h3 class=\"wp-block-heading\">Active Directory-Sicherung<\/h3>\n\n\n\n<p>Das Produkt ist mit der Funktion \u201eBackup Active Directory\u201c und der M\u00f6glichkeit zur Wiederherstellung einzelner Objekte ausgestattet. Die M\u00f6glichkeit, Sicherungskopien zu erstellen und wiederherzustellen, wurde in ADManager Plus implementiert. Mit dieser Funktion kann ein Backup aller im Active Directory enthaltenen Ressourcen sowie Gruppen, Hierarchien und zugewiesenen Attribute erstellt werden.<\/p>\n<\/div>\n\n\n\n<div class=\"wp-block-column is-layout-flow wp-block-column-is-layout-flow\">\n<figure class=\"wp-block-image size-full\"><a href=\"http:\/\/www.soledpro.cz\/wp-content\/uploads\/2021\/10\/Backup-1024x492-1.webp\"><img loading=\"lazy\" decoding=\"async\" width=\"1024\" height=\"492\" src=\"http:\/\/www.soledpro.cz\/wp-content\/uploads\/2021\/10\/Backup-1024x492-1.webp\" alt=\"\" class=\"wp-image-812\" srcset=\"https:\/\/www.soledpro.cz\/wp-content\/uploads\/2021\/10\/Backup-1024x492-1.webp 1024w, https:\/\/www.soledpro.cz\/wp-content\/uploads\/2021\/10\/Backup-1024x492-1-300x144.webp 300w, https:\/\/www.soledpro.cz\/wp-content\/uploads\/2021\/10\/Backup-1024x492-1-768x369.webp 768w\" sizes=\"(max-width: 1024px) 100vw, 1024px\" \/><\/a><\/figure>\n<\/div>\n<\/div>\n\n\n\n<div style=\"height:64px\" aria-hidden=\"true\" class=\"wp-block-spacer\"><\/div>\n\n\n\n<h3 class=\"has-text-align-center wp-block-heading\">Interessiert an Systemen, die mit ADManager Plus kompatibel sind?<\/h3>\n\n\n\n<p class=\"has-text-align-center\">Sehen Sie sich das an:<\/p>\n\n\n\n<h4 class=\"has-text-align-center wp-block-heading\">ADAudit Plus Active Directory-Auditsystem,<\/h4>\n\n\n\n<h4 class=\"has-text-align-center wp-block-heading\">Ein Tool zum automatischen Zur\u00fccksetzen von Passw\u00f6rtern in der ADSelfService Plus-Dom\u00e4ne,<\/h4>\n\n\n\n<h4 class=\"has-text-align-center wp-block-heading\">AD360 Active Directory-Verwaltungssystem,<\/h4>\n\n\n\n<h4 class=\"has-text-align-center wp-block-heading\">das IT-Umgebungsmanagementsystem LOG360,<\/h4>\n\n\n\n<h4 class=\"has-text-align-center wp-block-heading\">das Protokollanalysetool EventLog Analyzer,<\/h4>\n\n\n\n<h4 class=\"has-text-align-center wp-block-heading\">Helpdesk-System ServiceDesk Plus,<\/h4>\n\n\n\n<h4 class=\"has-text-align-center wp-block-heading\">das PAM360 Privileged Access Management System.<\/h4>","protected":false},"excerpt":{"rendered":"<p>IT spr\u00e1vci ka\u017ed\u00fd den stoj\u00ed p\u0159ed v\u00fdzvou spr\u00e1vy prvk\u016f Active Directory. Prov\u00e1d\u011bn\u00ed \u00fakol\u016f, jako je konfigurace vlastnost\u00ed u\u017eivatele, je nesm\u00edrn\u011b \u010dasov\u011b n\u00e1ro\u010dn\u00e9, \u00fanavn\u00e9 a n\u00e1chyln\u00e9 k chyb\u00e1m \u2013 obzvl\u00e1\u0161t\u011b ve velk\u00e9m, komplikovan\u00e9m Active Directory. Komplexn\u00ed spr\u00e1va dom\u00e9ny ADManager Plus pom\u016f\u017ee odstranit zm\u00edn\u011bn\u00e9 probl\u00e9my. Umo\u017en\u00ed automatizaci rutinn\u00edch \u00fakol\u016f, zjednodu\u0161\u00ed spr\u00e1vu AD a poskytne podrobn\u00fd report o [&hellip;]<\/p>","protected":false},"author":1,"featured_media":806,"parent":712,"menu_order":0,"comment_status":"closed","ping_status":"closed","template":"","meta":{"footnotes":""},"class_list":["post-805","page","type-page","status-publish","has-post-thumbnail","hentry"],"_links":{"self":[{"href":"https:\/\/www.soledpro.cz\/de\/wp-json\/wp\/v2\/pages\/805","targetHints":{"allow":["GET"]}}],"collection":[{"href":"https:\/\/www.soledpro.cz\/de\/wp-json\/wp\/v2\/pages"}],"about":[{"href":"https:\/\/www.soledpro.cz\/de\/wp-json\/wp\/v2\/types\/page"}],"author":[{"embeddable":true,"href":"https:\/\/www.soledpro.cz\/de\/wp-json\/wp\/v2\/users\/1"}],"replies":[{"embeddable":true,"href":"https:\/\/www.soledpro.cz\/de\/wp-json\/wp\/v2\/comments?post=805"}],"version-history":[{"count":1,"href":"https:\/\/www.soledpro.cz\/de\/wp-json\/wp\/v2\/pages\/805\/revisions"}],"predecessor-version":[{"id":813,"href":"https:\/\/www.soledpro.cz\/de\/wp-json\/wp\/v2\/pages\/805\/revisions\/813"}],"up":[{"embeddable":true,"href":"https:\/\/www.soledpro.cz\/de\/wp-json\/wp\/v2\/pages\/712"}],"wp:featuredmedia":[{"embeddable":true,"href":"https:\/\/www.soledpro.cz\/de\/wp-json\/wp\/v2\/media\/806"}],"wp:attachment":[{"href":"https:\/\/www.soledpro.cz\/de\/wp-json\/wp\/v2\/media?parent=805"}],"curies":[{"name":"wp","href":"https:\/\/api.w.org\/{rel}","templated":true}]}}