{"id":798,"date":"2021-10-30T10:57:10","date_gmt":"2021-10-30T08:57:10","guid":{"rendered":"http:\/\/www.soledpro.cz\/?page_id=798"},"modified":"2021-10-30T10:57:11","modified_gmt":"2021-10-30T08:57:11","slug":"adaudit-plus","status":"publish","type":"page","link":"https:\/\/www.soledpro.cz\/de\/kyberneticka-bezpecnost\/manage-engine\/produkty-active-directory\/adaudit-plus\/","title":{"rendered":"ADAudit Plus"},"content":{"rendered":"<h3 class=\"wp-block-heading\">System\u00fcberpr\u00fcfung der gesamten Active Directory-Dom\u00e4ne in Echtzeit.<\/h3>\n\n\n\n<p>Das Tool kann alle im gesamten Active Directory stattfindenden \u00c4nderungen \u00fcberwachen, melden und pr\u00fcfen: angefangen bei Benutzeranmeldungen \u00fcber das Hinzuf\u00fcgen neuer Konten und deren Zuweisung von Berechtigungen bis hin zu Informationen dar\u00fcber, wann und von wem der jeweilige Server gestartet wurde. Das Tool pr\u00fcft nicht nur Dom\u00e4nencontroller, sondern auch Arbeitsstationen, Mitgliedsserver, Dateiserver und Festplatten-Arrays. All dies \u00fcber eine einzige Webkonsole, die einen schnellen und bequemen Zugriff auf alle Daten gew\u00e4hrleistet. Dar\u00fcber hinaus kann uns das System in Echtzeit alarmieren. Pr\u00fcfung sensibler Daten in einer Organisation ADAudit Plus ersetzt die unpraktische und zeitaufw\u00e4ndige Protokollsuche durch Skripte und spart Windows-Systemadministratoren viel Zeit.<\/p>\n\n\n\n<div style=\"height:64px\" aria-hidden=\"true\" class=\"wp-block-spacer\"><\/div>\n\n\n\n<h2 class=\"wp-block-heading\">VORTEILE<\/h2>\n\n\n\n<ul class=\"wp-block-list\"><li>Erstellung detaillierter Berichte von AD-Objekten<\/li><li>Pr\u00fcfung der von Dom\u00e4nenbenutzern durchgef\u00fchrten Aktionen<\/li><li>Erkennung der Implementierung von GPO-\u00c4nderungen<\/li><li>M\u00f6glichkeit, Benachrichtigungen in Echtzeit zu konfigurieren<\/li><li>Erstellung erweiterter Berichte zum Teilen in Netzwerken<\/li><li>M\u00f6glichkeit, die Pr\u00fcfung von Arbeitspl\u00e4tzen zu konfigurieren<\/li><li>M\u00f6glichkeit, die Pr\u00fcfung von Arbeitspl\u00e4tzen zu konfigurieren<\/li><\/ul>\n\n\n\n<div style=\"height:64px\" aria-hidden=\"true\" class=\"wp-block-spacer\"><\/div>\n\n\n\n<h2 class=\"wp-block-heading\">MERKMALE<\/h2>\n\n\n\n<div class=\"wp-block-columns is-layout-flex wp-container-core-columns-is-layout-28f84493 wp-block-columns-is-layout-flex\">\n<div class=\"wp-block-column is-layout-flow wp-block-column-is-layout-flow\">\n<h3 class=\"wp-block-heading\">Active Directory-Sicherheit<\/h3>\n\n\n\n<p>Pr\u00fcfung sensibler Daten in einer Organisation ADAudit Plus erm\u00f6glicht die Echtzeit\u00fcberwachung der gesamten ActiveDirectory-Umgebung basierend auf protokollierten Ereignissen. Mit ihrer Verwendung erm\u00f6glicht das System die Erstellung von Alarmmeldungen und Alarmausl\u00f6seprofilen per E-Mail- oder SMS-Benachrichtigung. Im Falle eines unerw\u00fcnschten Ereignisses kann ADAudit Plus ein zuvor konfiguriertes Skript ausf\u00fchren, um potenziellen Schaden zu verhindern.<\/p>\n<\/div>\n\n\n\n<div class=\"wp-block-column is-layout-flow wp-block-column-is-layout-flow\">\n<figure class=\"wp-block-image size-full\"><a href=\"http:\/\/www.soledpro.cz\/wp-content\/uploads\/2021\/10\/Bezpieczenstwo-Active-Directory-1024x576-1.webp\"><img fetchpriority=\"high\" decoding=\"async\" width=\"1024\" height=\"576\" src=\"http:\/\/www.soledpro.cz\/wp-content\/uploads\/2021\/10\/Bezpieczenstwo-Active-Directory-1024x576-1.webp\" alt=\"\" class=\"wp-image-799\" srcset=\"https:\/\/www.soledpro.cz\/wp-content\/uploads\/2021\/10\/Bezpieczenstwo-Active-Directory-1024x576-1.webp 1024w, https:\/\/www.soledpro.cz\/wp-content\/uploads\/2021\/10\/Bezpieczenstwo-Active-Directory-1024x576-1-300x169.webp 300w, https:\/\/www.soledpro.cz\/wp-content\/uploads\/2021\/10\/Bezpieczenstwo-Active-Directory-1024x576-1-768x432.webp 768w\" sizes=\"(max-width: 1024px) 100vw, 1024px\" \/><\/a><\/figure>\n<\/div>\n<\/div>\n\n\n\n<div style=\"height:64px\" aria-hidden=\"true\" class=\"wp-block-spacer\"><\/div>\n\n\n\n<div class=\"wp-block-columns is-layout-flex wp-container-core-columns-is-layout-28f84493 wp-block-columns-is-layout-flex\">\n<div class=\"wp-block-column is-layout-flow wp-block-column-is-layout-flow\">\n<figure class=\"wp-block-image size-full\"><a href=\"http:\/\/www.soledpro.cz\/wp-content\/uploads\/2021\/10\/Dane-historycznepng-1024x465-1.webp\"><img decoding=\"async\" width=\"1024\" height=\"465\" src=\"http:\/\/www.soledpro.cz\/wp-content\/uploads\/2021\/10\/Dane-historycznepng-1024x465-1.webp\" alt=\"\" class=\"wp-image-800\" srcset=\"https:\/\/www.soledpro.cz\/wp-content\/uploads\/2021\/10\/Dane-historycznepng-1024x465-1.webp 1024w, https:\/\/www.soledpro.cz\/wp-content\/uploads\/2021\/10\/Dane-historycznepng-1024x465-1-300x136.webp 300w, https:\/\/www.soledpro.cz\/wp-content\/uploads\/2021\/10\/Dane-historycznepng-1024x465-1-768x349.webp 768w\" sizes=\"(max-width: 1024px) 100vw, 1024px\" \/><\/a><\/figure>\n<\/div>\n\n\n\n<div class=\"wp-block-column is-layout-flow wp-block-column-is-layout-flow\">\n<h3 class=\"wp-block-heading\">Archivierung von Daten aus der Vergangenheit<\/h3>\n\n\n\n<p>Das System gew\u00e4hrleistet eine regelm\u00e4\u00dfige Archivierung der Daten f\u00fcr eine bessere Verwaltung des Speicherplatzes. Erm\u00f6glicht die Anzeige von Berichten wie dem Anmeldeverlauf von Active Directory-Benutzern, dem Verlauf von Kennwort\u00e4nderungen und anderen Informationen aus archivierten Pr\u00fcfdaten. Die erstellten Berichte k\u00f6nnen in die Formate XLS, CSV und PDF exportiert werden.<\/p>\n<\/div>\n<\/div>\n\n\n\n<div style=\"height:64px\" aria-hidden=\"true\" class=\"wp-block-spacer\"><\/div>\n\n\n\n<div class=\"wp-block-columns is-layout-flex wp-container-core-columns-is-layout-28f84493 wp-block-columns-is-layout-flex\">\n<div class=\"wp-block-column is-layout-flow wp-block-column-is-layout-flow\">\n<h3 class=\"wp-block-heading\">Integriertes Berichtsmodul<\/h3>\n\n\n\n<p>Das Tool verf\u00fcgt \u00fcber mehr als 200 integrierte Berichte, dank derer Sie jede durchgef\u00fchrte Aktion einsehen k\u00f6nnen. Zus\u00e4tzlich zum Out-of-the-Box-Reporting bietet ADAudit Plus die M\u00f6glichkeit, nicht standardm\u00e4\u00dfige Berichte entsprechend Ihren Anforderungen zu definieren, zyklische Zeitpl\u00e4ne f\u00fcr die Ausf\u00fchrung dieser Berichte zu erstellen und die generierte Datei \u00fcber einen festgelegten Pfad zu versenden.<\/p>\n<\/div>\n\n\n\n<div class=\"wp-block-column is-layout-flow wp-block-column-is-layout-flow\">\n<figure class=\"wp-block-image size-full\"><a href=\"http:\/\/www.soledpro.cz\/wp-content\/uploads\/2021\/10\/Raporty-1024x418-1.webp\"><img decoding=\"async\" width=\"1024\" height=\"418\" src=\"http:\/\/www.soledpro.cz\/wp-content\/uploads\/2021\/10\/Raporty-1024x418-1.webp\" alt=\"\" class=\"wp-image-801\" srcset=\"https:\/\/www.soledpro.cz\/wp-content\/uploads\/2021\/10\/Raporty-1024x418-1.webp 1024w, https:\/\/www.soledpro.cz\/wp-content\/uploads\/2021\/10\/Raporty-1024x418-1-300x122.webp 300w, https:\/\/www.soledpro.cz\/wp-content\/uploads\/2021\/10\/Raporty-1024x418-1-768x314.webp 768w\" sizes=\"(max-width: 1024px) 100vw, 1024px\" \/><\/a><\/figure>\n<\/div>\n<\/div>\n\n\n\n<div style=\"height:64px\" aria-hidden=\"true\" class=\"wp-block-spacer\"><\/div>\n\n\n\n<div class=\"wp-block-columns is-layout-flex wp-container-core-columns-is-layout-28f84493 wp-block-columns-is-layout-flex\">\n<div class=\"wp-block-column is-layout-flow wp-block-column-is-layout-flow\">\n<figure class=\"wp-block-image size-full\"><a href=\"http:\/\/www.soledpro.cz\/wp-content\/uploads\/2021\/10\/Notyfikacje-1024x685-1.webp\"><img loading=\"lazy\" decoding=\"async\" width=\"1024\" height=\"685\" src=\"http:\/\/www.soledpro.cz\/wp-content\/uploads\/2021\/10\/Notyfikacje-1024x685-1.webp\" alt=\"\" class=\"wp-image-802\" srcset=\"https:\/\/www.soledpro.cz\/wp-content\/uploads\/2021\/10\/Notyfikacje-1024x685-1.webp 1024w, https:\/\/www.soledpro.cz\/wp-content\/uploads\/2021\/10\/Notyfikacje-1024x685-1-300x201.webp 300w, https:\/\/www.soledpro.cz\/wp-content\/uploads\/2021\/10\/Notyfikacje-1024x685-1-768x514.webp 768w\" sizes=\"(max-width: 1024px) 100vw, 1024px\" \/><\/a><\/figure>\n<\/div>\n\n\n\n<div class=\"wp-block-column is-layout-flow wp-block-column-is-layout-flow\">\n<h3 class=\"wp-block-heading\">An Administratoren gesendete Benachrichtigungen<\/h3>\n\n\n\n<p>Pr\u00fcfung sensibler Daten in einer Organisation ADAudit Plus ist mit der M\u00f6glichkeit ausgestattet, Administratorwarnungen zu konfigurieren. F\u00fcr jedes vom System erfasste Ereignis kann der Inhalt der vom Administrator empfangenen Nachricht entsprechend definiert werden. Bei einer gro\u00dfen Anzahl von Benachrichtigungen erm\u00f6glicht das System die Erstellung eines Zeitintervalls, in dem nur eine Nachricht\/Benachrichtigung gesendet werden kann.<\/p>\n<\/div>\n<\/div>\n\n\n\n<div style=\"height:64px\" aria-hidden=\"true\" class=\"wp-block-spacer\"><\/div>\n\n\n\n<div class=\"wp-block-columns is-layout-flex wp-container-core-columns-is-layout-28f84493 wp-block-columns-is-layout-flex\">\n<div class=\"wp-block-column is-layout-flow wp-block-column-is-layout-flow\">\n<h3 class=\"wp-block-heading\">Verwalten Sie mehrere Domains von einem Ort aus<\/h3>\n\n\n\n<p>Das System ist multidom\u00e4nenf\u00e4hig, was bedeutet, dass mehrere Dom\u00e4nen damit verbunden und gleichzeitig in Echtzeit \u00fcberwacht werden k\u00f6nnen. Dadurch erhalten Administratoren \u00fcber eine einzige Webkonsole die aktuellsten Informationen \u00fcber die Dom\u00e4nenumgebung.<\/p>\n<\/div>\n\n\n\n<div class=\"wp-block-column is-layout-flow wp-block-column-is-layout-flow\">\n<figure class=\"wp-block-image size-full\"><a href=\"http:\/\/www.soledpro.cz\/wp-content\/uploads\/2021\/10\/Multidomenowosc-1024x355-1.webp\"><img loading=\"lazy\" decoding=\"async\" width=\"1024\" height=\"355\" src=\"http:\/\/www.soledpro.cz\/wp-content\/uploads\/2021\/10\/Multidomenowosc-1024x355-1.webp\" alt=\"\" class=\"wp-image-803\" srcset=\"https:\/\/www.soledpro.cz\/wp-content\/uploads\/2021\/10\/Multidomenowosc-1024x355-1.webp 1024w, https:\/\/www.soledpro.cz\/wp-content\/uploads\/2021\/10\/Multidomenowosc-1024x355-1-300x104.webp 300w, https:\/\/www.soledpro.cz\/wp-content\/uploads\/2021\/10\/Multidomenowosc-1024x355-1-768x266.webp 768w\" sizes=\"(max-width: 1024px) 100vw, 1024px\" \/><\/a><\/figure>\n<\/div>\n<\/div>\n\n\n\n<div style=\"height:64px\" aria-hidden=\"true\" class=\"wp-block-spacer\"><\/div>\n\n\n\n<h3 class=\"has-text-align-center wp-block-heading\">Interessiert an ADAudit Plus-kompatiblen Systemen?<\/h3>\n\n\n\n<p class=\"has-text-align-center\">Sehen Sie sich das an:<\/p>\n\n\n\n<h4 class=\"has-text-align-center wp-block-heading\">ADManager Plus-Dom\u00e4nenverwaltungssystem,<\/h4>\n\n\n\n<h4 class=\"has-text-align-center wp-block-heading\">AD360 Active Directory-Verwaltungssystem<a href=\"https:\/\/mwtsolutions.eu\/cs\/produkty\/active-directory\/ad360\/\">,<\/a><\/h4>\n\n\n\n<h4 class=\"has-text-align-center wp-block-heading\">Ein Tool zum automatischen Zur\u00fccksetzen von Passw\u00f6rtern in der ADSelfService Plus-Dom\u00e4ne,<\/h4>\n\n\n\n<h4 class=\"has-text-align-center wp-block-heading\">LOG360 IT-Umgebungsmanagementsoftware,<\/h4>\n\n\n\n<h4 class=\"has-text-align-center wp-block-heading\">ein Tool zum Erstellen von Active Directory-Backups, Recovery Manager Plus.<\/h4>\n\n\n\n<div style=\"height:100px\" aria-hidden=\"true\" class=\"wp-block-spacer\"><\/div>","protected":false},"excerpt":{"rendered":"<p>Syst\u00e9m audituj\u00edc\u00ed celou dom\u00e9nu Active Directory v re\u00e1ln\u00e9m \u010dase. N\u00e1stroj dok\u00e1\u017ee monitorovat, reportovat a auditovat v\u0161echny zm\u011bny prob\u00edhaj\u00edc\u00ed v cel\u00e9m Active Directory: po\u010d\u00ednaje p\u0159ihla\u0161ov\u00e1n\u00edm u\u017eivatel\u016f, p\u0159es p\u0159id\u00e1v\u00e1n\u00ed nov\u00fdch \u00fa\u010dt\u016f a p\u0159id\u011blov\u00e1n\u00ed opr\u00e1vn\u011bn\u00ed k nim, a kon\u010de informacemi, kdy byl dan\u00fd server spu\u0161t\u011bn a k\u00fdm. N\u00e1stroj neaudituje jen dom\u00e9nov\u00e9 \u0159adi\u010de, ale tak\u00e9 pracovn\u00ed stanice, \u010dlensk\u00e9 servery, [&hellip;]<\/p>","protected":false},"author":1,"featured_media":799,"parent":712,"menu_order":0,"comment_status":"closed","ping_status":"closed","template":"","meta":{"footnotes":""},"class_list":["post-798","page","type-page","status-publish","has-post-thumbnail","hentry"],"_links":{"self":[{"href":"https:\/\/www.soledpro.cz\/de\/wp-json\/wp\/v2\/pages\/798","targetHints":{"allow":["GET"]}}],"collection":[{"href":"https:\/\/www.soledpro.cz\/de\/wp-json\/wp\/v2\/pages"}],"about":[{"href":"https:\/\/www.soledpro.cz\/de\/wp-json\/wp\/v2\/types\/page"}],"author":[{"embeddable":true,"href":"https:\/\/www.soledpro.cz\/de\/wp-json\/wp\/v2\/users\/1"}],"replies":[{"embeddable":true,"href":"https:\/\/www.soledpro.cz\/de\/wp-json\/wp\/v2\/comments?post=798"}],"version-history":[{"count":1,"href":"https:\/\/www.soledpro.cz\/de\/wp-json\/wp\/v2\/pages\/798\/revisions"}],"predecessor-version":[{"id":804,"href":"https:\/\/www.soledpro.cz\/de\/wp-json\/wp\/v2\/pages\/798\/revisions\/804"}],"up":[{"embeddable":true,"href":"https:\/\/www.soledpro.cz\/de\/wp-json\/wp\/v2\/pages\/712"}],"wp:featuredmedia":[{"embeddable":true,"href":"https:\/\/www.soledpro.cz\/de\/wp-json\/wp\/v2\/media\/799"}],"wp:attachment":[{"href":"https:\/\/www.soledpro.cz\/de\/wp-json\/wp\/v2\/media?parent=798"}],"curies":[{"name":"wp","href":"https:\/\/api.w.org\/{rel}","templated":true}]}}