{"id":790,"date":"2021-10-30T10:46:54","date_gmt":"2021-10-30T08:46:54","guid":{"rendered":"http:\/\/www.soledpro.cz\/?page_id=790"},"modified":"2021-10-30T10:46:55","modified_gmt":"2021-10-30T08:46:55","slug":"ad360","status":"publish","type":"page","link":"https:\/\/www.soledpro.cz\/de\/kyberneticka-bezpecnost\/manage-engine\/produkty-active-directory\/ad360\/","title":{"rendered":"AD360"},"content":{"rendered":"<h3 class=\"wp-block-heading\">AD360 ist eine integrierte L\u00f6sung f\u00fcr Identit\u00e4ts- und Ressourcenzugriffsmanagement, Sicherheitsdurchsetzung und Compliance.<\/h3>\n\n\n\n<p>Angefangen beim Benutzerzugriff \u00fcber Self-Service-Passwortverwaltung und Active Directory-\u00c4nderungs\u00fcberwachung bis hin zum Single Sign-On (SSO) bei Unternehmensanwendungen. AD360 unterst\u00fctzt Sie bei der Bew\u00e4ltigung all dieser IAM-Aufgaben mit einer benutzerfreundlichen Oberfl\u00e4che f\u00fcr Active Directory, Exchange Server und Microsoft 365. Mit der integrierten Active Directory- und Exchange-Verwaltung von AD360 k\u00f6nnen Sie ganz einfach die ben\u00f6tigten Module ausw\u00e4hlen und sofort mit der L\u00f6sung von IAM-Problemen beginnen -Premise-, Cloud- und Hybridumgebungen \u00fcber die Level-One-Konsole. AD360 erm\u00f6glicht die \u00dcberwachung der gesamten Umgebung, einschlie\u00dflich Active Directory, Microsoft 365 und aller Dateiserver. Beispielsweise kann es Benutzern auch erm\u00f6glicht werden, ihre vergessenen Passw\u00f6rter zur\u00fcckzusetzen, was den IT-Administratoren Zeit spart.<\/p>\n\n\n\n<div style=\"height:64px\" aria-hidden=\"true\" class=\"wp-block-spacer\"><\/div>\n\n\n\n<h2 class=\"wp-block-heading\">VORTEILE<\/h2>\n\n\n\n<ul class=\"wp-block-list\"><li>Verwaltung und Reporting von AD, Exchange und Microsoft 365<\/li><li>Echtzeitpr\u00fcfung und Alarmausl\u00f6sung f\u00fcr lokales AD und Azure AD<\/li><li>Self-Service-AD-Passwortverwaltung, Passwortsynchronisierung und SSO<\/li><li>Berichterstattung, Pr\u00fcfung und \u00dcberwachung f\u00fcr Exchange und Skype for Business Server<\/li><li>Verwaltung, \u00dcberwachung, Pr\u00fcfung und Berichterstellung in Microsoft 365<\/li><li>Erstellen von Sicherungskopien und Wiederherstellen von AD, Exchange und Microsoft 365<\/li><\/ul>\n\n\n\n<div style=\"height:64px\" aria-hidden=\"true\" class=\"wp-block-spacer\"><\/div>\n\n\n\n<h2 class=\"wp-block-heading\">MERKMALE<\/h2>\n\n\n\n<div class=\"wp-block-columns is-layout-flex wp-container-core-columns-is-layout-28f84493 wp-block-columns-is-layout-flex\">\n<div class=\"wp-block-column is-layout-flow wp-block-column-is-layout-flow\">\n<h3 class=\"wp-block-heading\">Verwalten Sie AD-, Exchange-, Microsoft 365- und G Suite-Benutzer ganz einfach<\/h3>\n\n\n\n<p>Durch die integrierte Verwaltung von Active Directory und Exchange AD360 k\u00f6nnen Sie Konten in den oben genannten Diensten erstellen, bearbeiten, sperren und l\u00f6schen. Das System ist aufgrund seiner Optionen, wie zum Beispiel: Workflow, Automatisierung, Zuweisung von Zugriffen auf Ressourcen, Erstellung von Postf\u00e4chern und vielem mehr, die zentrale S\u00e4ule des Umgebungsmanagements.<\/p>\n<\/div>\n\n\n\n<div class=\"wp-block-column is-layout-flow wp-block-column-is-layout-flow\">\n<figure class=\"wp-block-image size-full\"><a href=\"http:\/\/www.soledpro.cz\/wp-content\/uploads\/2021\/10\/Zarzadzanie-1024x433-1.webp\"><img decoding=\"async\" src=\"http:\/\/www.soledpro.cz\/wp-content\/uploads\/2021\/10\/Zarzadzanie-1024x433-1.webp\" alt=\"\" class=\"wp-image-791\"\/><\/a><\/figure>\n<\/div>\n<\/div>\n\n\n\n<div style=\"height:64px\" aria-hidden=\"true\" class=\"wp-block-spacer\"><\/div>\n\n\n\n<div class=\"wp-block-columns is-layout-flex wp-container-core-columns-is-layout-28f84493 wp-block-columns-is-layout-flex\">\n<div class=\"wp-block-column is-layout-flow wp-block-column-is-layout-flow\">\n<figure class=\"wp-block-image size-full\"><a href=\"http:\/\/www.soledpro.cz\/wp-content\/uploads\/2021\/10\/Zmiany-w-AD-1024x518-1.webp\"><img decoding=\"async\" src=\"http:\/\/www.soledpro.cz\/wp-content\/uploads\/2021\/10\/Zmiany-w-AD-1024x518-1.webp\" alt=\"\" class=\"wp-image-792\"\/><\/a><\/figure>\n<\/div>\n\n\n\n<div class=\"wp-block-column is-layout-flow wp-block-column-is-layout-flow\">\n<h3 class=\"wp-block-heading\">Sehen Sie sich alle \u00c4nderungen in der Vorschau an, die in AD, Microsoft 365, Windows Server und Exchange Server stattfinden<\/h3>\n\n\n\n<p>\u00dcberwachen Sie Aktivit\u00e4ten im Zusammenhang mit Benutzeranmeldungen, \u00c4nderungen an Benutzerkontoattributen, Computern und Gruppen. Das System verf\u00fcgt \u00fcber die M\u00f6glichkeit einer Multi-Domain-Echtzeit\u00fcberwachung. AD360 erleichtert die Einhaltung von IT-Vorschriften wie SOX, HIPAA, PCI DSS und GLBA durch die Verwendung vorkonfigurierter Berichte. Dar\u00fcber hinaus kann jeder der verf\u00fcgbaren Berichte in einem Dateiformat Ihrer Wahl versendet werden und ein zyklischer Zeitplan f\u00fcr seine Erstellung und den Versand \u00fcber den ausgew\u00e4hlten Pfad auf der Festplatte erstellt werden.<\/p>\n<\/div>\n<\/div>\n\n\n\n<div style=\"height:64px\" aria-hidden=\"true\" class=\"wp-block-spacer\"><\/div>\n\n\n\n<div class=\"wp-block-columns is-layout-flex wp-container-core-columns-is-layout-28f84493 wp-block-columns-is-layout-flex\">\n<div class=\"wp-block-column is-layout-flow wp-block-column-is-layout-flow\">\n<h3 class=\"wp-block-heading\">Sicherer Zugriff auf Unternehmensanwendungen mit einem Klick<\/h3>\n\n\n\n<p>Das System erm\u00f6glicht den Zugriff auf viele wichtige Anwendungen im jeweiligen Unternehmen \u00fcber SSO. AD360 verf\u00fcgt \u00fcber mehr als 110 vorkonfigurierte Anwendungen, die lediglich \u00fcber die entsprechende Adresse und den entsprechenden Port verbunden werden m\u00fcssen. Dadurch kann sich der Endbenutzer anmelden, ohne den Anmeldenamen und das Passwort erneut eingeben zu m\u00fcssen. Das Programm bietet au\u00dferdem die M\u00f6glichkeit, benutzerdefinierte Anwendungen \u00fcber das SAML-Protokoll hinzuzuf\u00fcgen.<\/p>\n<\/div>\n\n\n\n<div class=\"wp-block-column is-layout-flow wp-block-column-is-layout-flow\">\n<figure class=\"wp-block-image size-full\"><a href=\"http:\/\/www.soledpro.cz\/wp-content\/uploads\/2021\/10\/SSO-1024x505-1.webp\"><img decoding=\"async\" src=\"http:\/\/www.soledpro.cz\/wp-content\/uploads\/2021\/10\/SSO-1024x505-1.webp\" alt=\"\" class=\"wp-image-793\"\/><\/a><\/figure>\n<\/div>\n<\/div>\n\n\n\n<div style=\"height:64px\" aria-hidden=\"true\" class=\"wp-block-spacer\"><\/div>\n\n\n\n<div class=\"wp-block-columns is-layout-flex wp-container-core-columns-is-layout-28f84493 wp-block-columns-is-layout-flex\">\n<div class=\"wp-block-column is-layout-flow wp-block-column-is-layout-flow\">\n<figure class=\"wp-block-image size-full\"><a href=\"http:\/\/www.soledpro.cz\/wp-content\/uploads\/2021\/10\/Mozliwosci-dla-uzytkownika-koncowego-1024x464-1.webp\"><img fetchpriority=\"high\" decoding=\"async\" width=\"1024\" height=\"464\" src=\"http:\/\/www.soledpro.cz\/wp-content\/uploads\/2021\/10\/Mozliwosci-dla-uzytkownika-koncowego-1024x464-1.webp\" alt=\"\" class=\"wp-image-794\" srcset=\"https:\/\/www.soledpro.cz\/wp-content\/uploads\/2021\/10\/Mozliwosci-dla-uzytkownika-koncowego-1024x464-1.webp 1024w, https:\/\/www.soledpro.cz\/wp-content\/uploads\/2021\/10\/Mozliwosci-dla-uzytkownika-koncowego-1024x464-1-300x136.webp 300w, https:\/\/www.soledpro.cz\/wp-content\/uploads\/2021\/10\/Mozliwosci-dla-uzytkownika-koncowego-1024x464-1-768x348.webp 768w\" sizes=\"(max-width: 1024px) 100vw, 1024px\" \/><\/a><\/figure>\n<\/div>\n\n\n\n<div class=\"wp-block-column is-layout-flow wp-block-column-is-layout-flow\">\n<h3 class=\"wp-block-heading\">M\u00f6glichkeit des selbstst\u00e4ndigen Zur\u00fccksetzens des Passworts und Aktualisieren der pers\u00f6nlichen Daten durch den Benutzer<\/h3>\n\n\n\n<p>Das System erm\u00f6glicht es dem Endbenutzer, sein Passwort vor oder nach Ablauf zur\u00fcckzusetzen. Dem Mitarbeiter kann auch die M\u00f6glichkeit einger\u00e4umt werden, seine pers\u00f6nlichen Daten im Falle eines Umzugs, einer Namens\u00e4nderung usw. zu aktualisieren.<\/p>\n<\/div>\n<\/div>\n\n\n\n<div style=\"height:64px\" aria-hidden=\"true\" class=\"wp-block-spacer\"><\/div>\n\n\n\n<div class=\"wp-block-columns is-layout-flex wp-container-core-columns-is-layout-28f84493 wp-block-columns-is-layout-flex\">\n<div class=\"wp-block-column is-layout-flow wp-block-column-is-layout-flow\">\n<h3 class=\"wp-block-heading\">Automatisierung routinem\u00e4\u00dfiger Verwaltungsaufgaben<\/h3>\n\n\n\n<p>Das System verf\u00fcgt \u00fcber die M\u00f6glichkeit, wiederkehrende Verwaltungsaufgaben zu automatisieren, z. B. das Blockieren inaktiver Benutzer usw. Automatisierungen erm\u00f6glichen die zyklische Ausf\u00fchrung von Aktionen, z. B. das Zur\u00fccksetzen des Passworts basierend auf einem konfigurierten Bericht und das anschlie\u00dfende Sperren des Benutzers oder dessen Entfernen bei l\u00e4ngerer Inaktivit\u00e4t .<\/p>\n<\/div>\n\n\n\n<div class=\"wp-block-column is-layout-flow wp-block-column-is-layout-flow\">\n<figure class=\"wp-block-image size-full\"><a href=\"http:\/\/www.soledpro.cz\/wp-content\/uploads\/2021\/10\/Automatyzacje-1024x441-1.webp\"><img decoding=\"async\" width=\"1024\" height=\"441\" src=\"http:\/\/www.soledpro.cz\/wp-content\/uploads\/2021\/10\/Automatyzacje-1024x441-1.webp\" alt=\"\" class=\"wp-image-795\" srcset=\"https:\/\/www.soledpro.cz\/wp-content\/uploads\/2021\/10\/Automatyzacje-1024x441-1.webp 1024w, https:\/\/www.soledpro.cz\/wp-content\/uploads\/2021\/10\/Automatyzacje-1024x441-1-300x129.webp 300w, https:\/\/www.soledpro.cz\/wp-content\/uploads\/2021\/10\/Automatyzacje-1024x441-1-768x331.webp 768w\" sizes=\"(max-width: 1024px) 100vw, 1024px\" \/><\/a><\/figure>\n<\/div>\n<\/div>\n\n\n\n<div style=\"height:64px\" aria-hidden=\"true\" class=\"wp-block-spacer\"><\/div>\n\n\n\n<div class=\"wp-block-columns is-layout-flex wp-container-core-columns-is-layout-28f84493 wp-block-columns-is-layout-flex\">\n<div class=\"wp-block-column is-layout-flow wp-block-column-is-layout-flow\">\n<figure class=\"wp-block-image size-full\"><a href=\"http:\/\/www.soledpro.cz\/wp-content\/uploads\/2021\/10\/Kopie-zapasowe-1024x491-1.webp\"><img decoding=\"async\" width=\"1024\" height=\"491\" src=\"http:\/\/www.soledpro.cz\/wp-content\/uploads\/2021\/10\/Kopie-zapasowe-1024x491-1.webp\" alt=\"\" class=\"wp-image-796\" srcset=\"https:\/\/www.soledpro.cz\/wp-content\/uploads\/2021\/10\/Kopie-zapasowe-1024x491-1.webp 1024w, https:\/\/www.soledpro.cz\/wp-content\/uploads\/2021\/10\/Kopie-zapasowe-1024x491-1-300x144.webp 300w, https:\/\/www.soledpro.cz\/wp-content\/uploads\/2021\/10\/Kopie-zapasowe-1024x491-1-768x368.webp 768w\" sizes=\"(max-width: 1024px) 100vw, 1024px\" \/><\/a><\/figure>\n<\/div>\n\n\n\n<div class=\"wp-block-column is-layout-flow wp-block-column-is-layout-flow\">\n<h3 class=\"wp-block-heading\">Nahtlose Erstellung von Sicherungskopien und Wiederherstellung von Objekten<\/h3>\n\n\n\n<p>Das System erm\u00f6glicht die Erstellung von Sicherungskopien von AD-Objekten, Exchange-, Microsoft 365-, SharePoint Online- und OneDrive-Sites. Zus\u00e4tzlich zur normalen Gesamtsicherung kann die Software inkrementelle Sicherungen erstellen, was sowohl den aktuellen Stand der Sicherungskopie gew\u00e4hrleistet als auch die Zeit f\u00fcr deren Erstellung verk\u00fcrzt. AD360 erm\u00f6glicht auch die Wiederherstellung aller zuvor gespeicherten Attribute aus Sicherungskopien. Das System verf\u00fcgt au\u00dferdem \u00fcber eine Rollback-Funktion, die das Herunterladen falsch eingef\u00fchrter \u00c4nderungen in der Umgebung erm\u00f6glicht.<\/p>\n<\/div>\n<\/div>\n\n\n\n<div style=\"height:100px\" aria-hidden=\"true\" class=\"wp-block-spacer\"><\/div>","protected":false},"excerpt":{"rendered":"<p>AD360 je integrovan\u00e9 \u0159e\u0161en\u00ed pro spr\u00e1vu identity a p\u0159\u00edstup ke zdroj\u016fm, vym\u00e1h\u00e1n\u00ed bezpe\u010dnosti a zaji\u0161t\u011bn\u00ed shody. Po\u010d\u00ednaje zp\u0159\u00edstupn\u011bn\u00edm u\u017eivatel\u016fm, p\u0159es samoobslu\u017enou spr\u00e1vu hesel a monitorov\u00e1n\u00ed zm\u011bn ve slu\u017eb\u011b Active Directory, po jedno p\u0159ihl\u00e1\u0161en\u00ed (SSO) do korpor\u00e1tn\u00edch aplikac\u00ed. AD360 pom\u00e1h\u00e1 prov\u00e1d\u011bt v\u0161echny tyto \u00fakoly IAM pomoc\u00ed na pou\u017e\u00edv\u00e1n\u00ed nen\u00e1ro\u010dn\u00e9ho rozhran\u00ed pro Active Directory, Exchange Server a [&hellip;]<\/p>","protected":false},"author":1,"featured_media":791,"parent":712,"menu_order":0,"comment_status":"closed","ping_status":"closed","template":"","meta":{"footnotes":""},"class_list":["post-790","page","type-page","status-publish","has-post-thumbnail","hentry"],"_links":{"self":[{"href":"https:\/\/www.soledpro.cz\/de\/wp-json\/wp\/v2\/pages\/790","targetHints":{"allow":["GET"]}}],"collection":[{"href":"https:\/\/www.soledpro.cz\/de\/wp-json\/wp\/v2\/pages"}],"about":[{"href":"https:\/\/www.soledpro.cz\/de\/wp-json\/wp\/v2\/types\/page"}],"author":[{"embeddable":true,"href":"https:\/\/www.soledpro.cz\/de\/wp-json\/wp\/v2\/users\/1"}],"replies":[{"embeddable":true,"href":"https:\/\/www.soledpro.cz\/de\/wp-json\/wp\/v2\/comments?post=790"}],"version-history":[{"count":1,"href":"https:\/\/www.soledpro.cz\/de\/wp-json\/wp\/v2\/pages\/790\/revisions"}],"predecessor-version":[{"id":797,"href":"https:\/\/www.soledpro.cz\/de\/wp-json\/wp\/v2\/pages\/790\/revisions\/797"}],"up":[{"embeddable":true,"href":"https:\/\/www.soledpro.cz\/de\/wp-json\/wp\/v2\/pages\/712"}],"wp:featuredmedia":[{"embeddable":true,"href":"https:\/\/www.soledpro.cz\/de\/wp-json\/wp\/v2\/media\/791"}],"wp:attachment":[{"href":"https:\/\/www.soledpro.cz\/de\/wp-json\/wp\/v2\/media?parent=790"}],"curies":[{"name":"wp","href":"https:\/\/api.w.org\/{rel}","templated":true}]}}