{"id":768,"date":"2021-10-30T10:30:47","date_gmt":"2021-10-30T08:30:47","guid":{"rendered":"http:\/\/www.soledpro.cz\/?page_id=768"},"modified":"2021-10-30T10:37:46","modified_gmt":"2021-10-30T08:37:46","slug":"supportcenter-plus","status":"publish","type":"page","link":"https:\/\/www.soledpro.cz\/de\/kyberneticka-bezpecnost\/manage-engine\/produkty-itsm\/supportcenter-plus\/","title":{"rendered":"SupportCenter Plus"},"content":{"rendered":"<h3 class=\"wp-block-heading\">Eine browserbasierte Client-Service-Anwendung.<\/h3>\n\n\n\n<p>Sie bietet Berichtsregistrierung, Konto- und Kontaktverwaltung, SLA-Management und Wissensdatenbank. Die Software erm\u00f6glicht die Verfolgung und L\u00f6sung von Problemen, die bei bestimmten Kunden auftreten, die die Wissensdatenbank nutzen k\u00f6nnen. Die Anwendung erm\u00f6glicht auch die Erweiterung der SLA-Verwaltung, die \u00dcberwachung der SLA-Einhaltung und die Schaffung von Eskalationsm\u00f6glichkeiten im Falle der Nichteinhaltung festgelegter Vertragsbedingungen. Die Support-Mitarbeiter haben Zugriff auf eine Liste aller von den Kunden erworbenen Produkte, was die Bearbeitung von Berichten verbessert und beschleunigt und die \u00dcberpr\u00fcfung der G\u00fcltigkeitsdaten der unterzeichneten Vertr\u00e4ge erm\u00f6glicht.<\/p>\n\n\n\n<div style=\"height:64px\" aria-hidden=\"true\" class=\"wp-block-spacer\"><\/div>\n\n\n\n<h2 class=\"wp-block-heading\">VORTEILE<\/h2>\n\n\n\n<ul class=\"wp-block-list\"><li>alle Kundenberichte in einem System<\/li><li>freundliches Selbstbedienungsportal f\u00fcr unterst\u00fctzte Kunden<\/li><li>automatische Synchronisierung von Benutzerdaten aus Active Directory<\/li><li>Unterst\u00fctzung f\u00fcr mobile Servicetechniker - Bearbeitung von Berichten \u00fcber mobile Ger\u00e4te<\/li><\/ul>\n\n\n\n<div style=\"height:64px\" aria-hidden=\"true\" class=\"wp-block-spacer\"><\/div>\n\n\n\n<h2 class=\"wp-block-heading\">MERKMALE<\/h2>\n\n\n\n<div class=\"wp-block-columns is-layout-flex wp-container-core-columns-is-layout-28f84493 wp-block-columns-is-layout-flex\">\n<div class=\"wp-block-column is-layout-flow wp-block-column-is-layout-flow\">\n<h3 class=\"wp-block-heading\">Das Helpdesk-System der Anwendung erm\u00f6glicht den Zugriff auf die Daten, ohne dass zuvor eine Software auf den Arbeitspl\u00e4tzen der Benutzer installiert werden muss.<\/h3>\n\n\n\n<p>Die Kommunikation zwischen dem Servicetechniker und dem Meldenden kann entweder \u00fcber die vom System gesendeten E-Mail-Nachrichten oder \u00fcber die Anmeldung im Benutzerportal erfolgen. Die letztere Option erh\u00f6ht die M\u00f6glichkeit der Interaktion und der \u00dcberpr\u00fcfung des Berichtsstadiums erheblich. Eine mobile App f\u00fcr Android und iOS ist ebenfalls verf\u00fcgbar, die den Zugang zu den wichtigsten Funktionen der Software erheblich erleichtert.<\/p>\n<\/div>\n\n\n\n<div class=\"wp-block-column is-layout-flow wp-block-column-is-layout-flow\">\n<figure class=\"wp-block-image size-full\"><a href=\"http:\/\/www.soledpro.cz\/wp-content\/uploads\/2021\/10\/Aplikacja-pozwala-na-dostep-do-danych-bez-wczesniejszej-instalacji-oprogramowania-w-stacjach-roboczych-uzytkownikow-1024x500-1.webp\"><img decoding=\"async\" src=\"http:\/\/www.soledpro.cz\/wp-content\/uploads\/2021\/10\/Aplikacja-pozwala-na-dostep-do-danych-bez-wczesniejszej-instalacji-oprogramowania-w-stacjach-roboczych-uzytkownikow-1024x500-1.webp\" alt=\"\" class=\"wp-image-769\"\/><\/a><\/figure>\n<\/div>\n<\/div>\n\n\n\n<div style=\"height:64px\" aria-hidden=\"true\" class=\"wp-block-spacer\"><\/div>\n\n\n\n<div class=\"wp-block-columns is-layout-flex wp-container-core-columns-is-layout-28f84493 wp-block-columns-is-layout-flex\">\n<div class=\"wp-block-column is-layout-flow wp-block-column-is-layout-flow\">\n<figure class=\"wp-block-image size-full\"><a href=\"http:\/\/www.soledpro.cz\/wp-content\/uploads\/2021\/10\/Mozliwosc-weryfikacji-czasu-spedzonego-nad-rozwiazaniem-zgloszenia-dzieki-statystykom-dostepnym-w-historii-zgloszenia-1024x500-1.webp\"><img decoding=\"async\" src=\"http:\/\/www.soledpro.cz\/wp-content\/uploads\/2021\/10\/Mozliwosc-weryfikacji-czasu-spedzonego-nad-rozwiazaniem-zgloszenia-dzieki-statystykom-dostepnym-w-historii-zgloszenia-1024x500-1.webp\" alt=\"\" class=\"wp-image-770\"\/><\/a><\/figure>\n<\/div>\n\n\n\n<div class=\"wp-block-column is-layout-flow wp-block-column-is-layout-flow\">\n<h3 class=\"wp-block-heading\">Die M\u00f6glichkeit, die f\u00fcr die Bearbeitung von Berichten aufgewendete Zeit anhand der in der Berichtshistorie verf\u00fcgbaren Statistiken zu \u00fcberpr\u00fcfen.<\/h3>\n\n\n\n<p>Die Arbeitszeiten k\u00f6nnen anhand eines ausgef\u00fcllten Stundenzettels \u00fcberpr\u00fcft werden, der Beschreibungen der ausgef\u00fchrten T\u00e4tigkeiten enth\u00e4lt, was viele Vorgesetzte zufrieden stellen d\u00fcrfte. Das Ganze kann leicht ausgedruckt werden, wenn eine Daten\u00fcberpr\u00fcfung erforderlich ist. Einschl\u00e4gige Berichte, die direkt aus der Anwendung heraus erstellt werden, k\u00f6nnen ebenfalls f\u00fcr eingehende Analysen verwendet werden.&nbsp;<\/p>\n<\/div>\n<\/div>\n\n\n\n<div style=\"height:64px\" aria-hidden=\"true\" class=\"wp-block-spacer\"><\/div>\n\n\n\n<div class=\"wp-block-columns is-layout-flex wp-container-core-columns-is-layout-28f84493 wp-block-columns-is-layout-flex\">\n<div class=\"wp-block-column is-layout-flow wp-block-column-is-layout-flow\">\n<h3 class=\"wp-block-heading\">Erstellung von bis zu 20 separaten Portalen f\u00fcr eine bessere Filterung der Berichte nach Unternehmen\/Abteilungen.<\/h3>\n\n\n\n<p>Die Verwaltung dieser Art von Berichten erm\u00f6glicht es Ihnen, einen besseren \u00dcberblick zu behalten, was besonders dann n\u00fctzlich ist, wenn Ihre Position in der Organisation hinsichtlich der Verantwortlichkeiten sehr anspruchsvoll ist. Die Benutzer k\u00f6nnen zwischen den erstellten Portalen wechseln, die verschiedene Arten von Berichten effektiv voneinander trennen, die auch unterschiedliche Konfigurationen aufweisen k\u00f6nnen.<\/p>\n<\/div>\n\n\n\n<div class=\"wp-block-column is-layout-flow wp-block-column-is-layout-flow\">\n<figure class=\"wp-block-image size-full\"><a href=\"http:\/\/www.soledpro.cz\/wp-content\/uploads\/2021\/10\/Tworzenie-osobnych-jednostek-biznesowych-dla-lepszego-filtrowania-zgloszen-zaleznie-od-spolek-firmyosobnych-dzialow-1024x501-1.webp\"><img decoding=\"async\" src=\"http:\/\/www.soledpro.cz\/wp-content\/uploads\/2021\/10\/Tworzenie-osobnych-jednostek-biznesowych-dla-lepszego-filtrowania-zgloszen-zaleznie-od-spolek-firmyosobnych-dzialow-1024x501-1.webp\" alt=\"\" class=\"wp-image-771\"\/><\/a><\/figure>\n<\/div>\n<\/div>\n\n\n\n<div style=\"height:64px\" aria-hidden=\"true\" class=\"wp-block-spacer\"><\/div>\n\n\n\n<div class=\"wp-block-columns is-layout-flex wp-container-core-columns-is-layout-28f84493 wp-block-columns-is-layout-flex\">\n<div class=\"wp-block-column is-layout-flow wp-block-column-is-layout-flow\">\n<figure class=\"wp-block-image size-full\"><a href=\"http:\/\/www.soledpro.cz\/wp-content\/uploads\/2021\/10\/Mozliwosc-dodawania-notatek-w-celu-lepszej-komunikacji-miedzy-zglaszajacym-oraz-serwisantem-jak-i-w-przypadku-kontaktu-miedzy-serwisantami-1024x500-1.webp\"><img decoding=\"async\" src=\"http:\/\/www.soledpro.cz\/wp-content\/uploads\/2021\/10\/Mozliwosc-dodawania-notatek-w-celu-lepszej-komunikacji-miedzy-zglaszajacym-oraz-serwisantem-jak-i-w-przypadku-kontaktu-miedzy-serwisantami-1024x500-1.webp\" alt=\"\" class=\"wp-image-772\"\/><\/a><\/figure>\n<\/div>\n\n\n\n<div class=\"wp-block-column is-layout-flow wp-block-column-is-layout-flow\">\n<h3 class=\"wp-block-heading\">Es besteht die M\u00f6glichkeit, Notizen hinzuzuf\u00fcgen, um die Kommunikation zwischen dem Meldenden und dem Servicetechniker zu verbessern, ebenso wie im Falle eines Kontakts zwischen den Servicetechnikern.<\/h3>\n\n\n\n<p>Die App erm\u00f6glicht es Ihnen, Notizen als privat oder \u00f6ffentlich einzustellen, was besonders n\u00fctzlich ist, wenn Sie notwendige Daten speichern, um den Prozess der L\u00f6sung eines gemeldeten Problems zu erleichtern. Notizen k\u00f6nnen auch vom Berichterstatter erstellt werden, z. B. wenn er dem Bericht zus\u00e4tzliche Anh\u00e4nge beif\u00fcgt.<\/p>\n<\/div>\n<\/div>\n\n\n\n<div style=\"height:64px\" aria-hidden=\"true\" class=\"wp-block-spacer\"><\/div>\n\n\n\n<div class=\"wp-block-columns is-layout-flex wp-container-core-columns-is-layout-28f84493 wp-block-columns-is-layout-flex\">\n<div class=\"wp-block-column is-layout-flow wp-block-column-is-layout-flow\">\n<h3 class=\"wp-block-heading\">Erstellung von detaillierten Berichten \u00fcber Anwendungsschnittstellen oder Frageb\u00f6gen.<\/h3>\n\n\n\n<p>Die Anwendung erm\u00f6glicht das Versenden von geplanten Berichten an die angegebenen E-Mail-Adressen nach einem periodisch festgelegten Zeitintervall. Das Modul enth\u00e4lt die am h\u00e4ufigsten verwendeten Berichte mit der M\u00f6glichkeit, benutzerdefinierte Analysen und Filterungen auf der Grundlage der in den Berichten verf\u00fcgbaren Felder zu erstellen. Um die detailliertesten Informationen zu erhalten, steht das Modul der Fragebogenimplementierung zur Verf\u00fcgung, das die M\u00f6glichkeit der Durchf\u00fchrung von Operationen zur \u00c4nderung der Daten in der Datenbank blockiert.<\/p>\n<\/div>\n\n\n\n<div class=\"wp-block-column is-layout-flow wp-block-column-is-layout-flow\">\n<figure class=\"wp-block-image size-full\"><a href=\"http:\/\/www.soledpro.cz\/wp-content\/uploads\/2021\/10\/Tworzenie-szczegolowych-raportow-z-wykorzystaniem-interfejsu-aplikacji-lub-za-pomoca-kwerend-1024x501-1.webp\"><img decoding=\"async\" src=\"http:\/\/www.soledpro.cz\/wp-content\/uploads\/2021\/10\/Tworzenie-szczegolowych-raportow-z-wykorzystaniem-interfejsu-aplikacji-lub-za-pomoca-kwerend-1024x501-1.webp\" alt=\"\" class=\"wp-image-773\"\/><\/a><\/figure>\n<\/div>\n<\/div>\n\n\n\n<div style=\"height:64px\" aria-hidden=\"true\" class=\"wp-block-spacer\"><\/div>\n\n\n\n<div class=\"wp-block-columns is-layout-flex wp-container-core-columns-is-layout-28f84493 wp-block-columns-is-layout-flex\">\n<div class=\"wp-block-column is-layout-flow wp-block-column-is-layout-flow\">\n<figure class=\"wp-block-image size-full\"><a href=\"http:\/\/www.soledpro.cz\/wp-content\/uploads\/2021\/10\/Baza-wiedzy-umozliwiajaca-serwisantom-otrzymanie-w-przystepny-sposob-niezbednych-informacji-do-realizacji-zgloszenia-1024x500-1.webp\"><img decoding=\"async\" src=\"http:\/\/www.soledpro.cz\/wp-content\/uploads\/2021\/10\/Baza-wiedzy-umozliwiajaca-serwisantom-otrzymanie-w-przystepny-sposob-niezbednych-informacji-do-realizacji-zgloszenia-1024x500-1.webp\" alt=\"\" class=\"wp-image-774\"\/><\/a><\/figure>\n<\/div>\n\n\n\n<div class=\"wp-block-column is-layout-flow wp-block-column-is-layout-flow\">\n<h3 class=\"wp-block-heading\">Eine Wissensdatenbank, die es den Servicetechnikern erm\u00f6glicht, die f\u00fcr die L\u00f6sung von Vorf\u00e4llen erforderlichen Informationen zu erhalten.<\/h3>\n\n\n\n<p>Das Helpdesk-System kann auch Whistleblowern zur Verf\u00fcgung gestellt werden, die selbst nach L\u00f6sungen suchen k\u00f6nnen. Die Sichtbarkeit der L\u00f6sung kann so konfiguriert werden, dass Servicetechniker alle notwendigen Informationen erhalten, w\u00e4hrend der Zugang f\u00fcr Hinweisgeber auf bestimmte Themen beschr\u00e4nkt werden kann.<\/p>\n<\/div>\n<\/div>\n\n\n\n<div style=\"height:64px\" aria-hidden=\"true\" class=\"wp-block-spacer\"><\/div>\n\n\n\n<h3 class=\"has-text-align-center wp-block-heading\">Interessieren Sie sich f\u00fcr SupportCenter Plus-kompatible Systeme?<\/h3>\n\n\n\n<p class=\"has-text-align-center\">Probieren Sie das Datenanalysetool Analytics Plus aus.<\/p>\n\n\n\n<div style=\"height:100px\" aria-hidden=\"true\" class=\"wp-block-spacer\"><\/div>","protected":false},"excerpt":{"rendered":"<p>Aplikace podporuj\u00edc\u00ed obsluhu klienta zalo\u017een\u00e1 na internetov\u00e9m prohl\u00ed\u017ee\u010di. Nab\u00edz\u00ed registraci hl\u00e1\u0161en\u00ed, spr\u00e1vu \u00fa\u010dt\u016f a kontakt\u016f, spr\u00e1vu smluv SLA a b\u00e1zi znalost\u00ed. Software umo\u017e\u0148uje sledov\u00e1n\u00ed a \u0159e\u0161en\u00ed probl\u00e9m\u016f vyskytuj\u00edc\u00edch se u konkr\u00e9tn\u00edch klient\u016f, kte\u0159\u00ed mohou vyu\u017e\u00edvat b\u00e1zi znalost\u00ed. Aplikace tak\u00e9 umo\u017e\u0148uje roz\u0161\u00ed\u0159en\u00ed spr\u00e1vy smluv SLA, monitorov\u00e1n\u00ed jejich dodr\u017eov\u00e1n\u00ed a tvorbu variant eskalace v p\u0159\u00edpad\u011b nedodr\u017een\u00ed ustanoven\u00fdch [&hellip;]<\/p>","protected":false},"author":1,"featured_media":0,"parent":706,"menu_order":0,"comment_status":"closed","ping_status":"closed","template":"","meta":{"footnotes":""},"class_list":["post-768","page","type-page","status-publish","hentry"],"_links":{"self":[{"href":"https:\/\/www.soledpro.cz\/de\/wp-json\/wp\/v2\/pages\/768","targetHints":{"allow":["GET"]}}],"collection":[{"href":"https:\/\/www.soledpro.cz\/de\/wp-json\/wp\/v2\/pages"}],"about":[{"href":"https:\/\/www.soledpro.cz\/de\/wp-json\/wp\/v2\/types\/page"}],"author":[{"embeddable":true,"href":"https:\/\/www.soledpro.cz\/de\/wp-json\/wp\/v2\/users\/1"}],"replies":[{"embeddable":true,"href":"https:\/\/www.soledpro.cz\/de\/wp-json\/wp\/v2\/comments?post=768"}],"version-history":[{"count":2,"href":"https:\/\/www.soledpro.cz\/de\/wp-json\/wp\/v2\/pages\/768\/revisions"}],"predecessor-version":[{"id":789,"href":"https:\/\/www.soledpro.cz\/de\/wp-json\/wp\/v2\/pages\/768\/revisions\/789"}],"up":[{"embeddable":true,"href":"https:\/\/www.soledpro.cz\/de\/wp-json\/wp\/v2\/pages\/706"}],"wp:attachment":[{"href":"https:\/\/www.soledpro.cz\/de\/wp-json\/wp\/v2\/media?parent=768"}],"curies":[{"name":"wp","href":"https:\/\/api.w.org\/{rel}","templated":true}]}}