{"id":750,"date":"2021-10-29T12:12:07","date_gmt":"2021-10-29T10:12:07","guid":{"rendered":"http:\/\/www.soledpro.cz\/?page_id=750"},"modified":"2021-10-30T10:36:33","modified_gmt":"2021-10-30T08:36:33","slug":"assetexplorer","status":"publish","type":"page","link":"https:\/\/www.soledpro.cz\/de\/kyberneticka-bezpecnost\/manage-engine\/produkty-itsm\/assetexplorer\/","title":{"rendered":"AssetExplorer"},"content":{"rendered":"<h3 class=\"wp-block-heading\">Eine umfassende L\u00f6sung f\u00fcr die Verwaltung von IT-Ressourcen. Sie bietet Kontrolle und Einsicht in die gesamte Unternehmensinfrastruktur, sowohl in IT- als auch in Nicht-IT-Ressourcen.<\/h3>\n\n\n\n<p>Vollst\u00e4ndige Kontrolle \u00fcber Ressourcen AssetExplorer erm\u00f6glicht dem Administrator die \u00dcberwachung und Verwaltung der \u00dcbertragung von Eigenschaften aller Ressourcen von einem Ort aus. Das Tool scannt und pr\u00fcft alle Arbeitsstationen im LAN, WAN und VPN. Nach dem Zugriff auf Active Directory pr\u00fcft es alle gefundenen Workstations. Mit Hilfe des Netzwerk-Scans kann AssetExplorer unter anderem Linux-basierte Workstations, Netzwerkdrucker, Router und Switches finden. Vervollst\u00e4ndigt wird das Ganze durch ein Einkaufs- und ein Vertragsmanagementmodul, die mit den verf\u00fcgbaren Ressourcen verkn\u00fcpft werden k\u00f6nnen. Wenn harte Daten ben\u00f6tigt werden, bietet die L\u00f6sung die M\u00f6glichkeit, das Berichtsmodul zu nutzen.<\/p>\n\n\n\n<div style=\"height:64px\" aria-hidden=\"true\" class=\"wp-block-spacer\"><\/div>\n\n\n\n<h2 class=\"wp-block-heading\">VORTEILE<\/h2>\n\n\n\n<ul class=\"wp-block-list\"><li>Kostensenkung durch genaue \u00dcberwachung der Ressourcen<\/li><li>alle Lizenzen an einem Ort<\/li><li>vollst\u00e4ndige Historie der Ressourcen vom Kauf bis zur Entsorgung<\/li><li>Kontrolle \u00fcber die auf den Endger\u00e4ten der Nutzer installierte Software<\/li><\/ul>\n\n\n\n<div style=\"height:64px\" aria-hidden=\"true\" class=\"wp-block-spacer\"><\/div>\n\n\n\n<h2 class=\"wp-block-heading\">MERKMALE<\/h2>\n\n\n\n<div class=\"wp-block-columns is-layout-flex wp-container-core-columns-is-layout-28f84493 wp-block-columns-is-layout-flex\">\n<div class=\"wp-block-column is-layout-flow wp-block-column-is-layout-flow\">\n<h3 class=\"wp-block-heading\">Volle Kontrolle \u00fcber die Ressourcen mit Softwarelizenzinventar und klarer Kategorisierung.<\/h3>\n\n\n\n<p>Die Unterteilung zwischen IT-bezogenen Ressourcen und anderen Ressourcen, die zus\u00e4tzliche Kategorien f\u00fcr bestimmte Arten von Ger\u00e4ten hat. Die Anwendung erm\u00f6glicht auch die Erzeugung von Barcodes, die bei der schnellen Identifizierung von Ressourcen innerhalb einer Organisation n\u00fctzlich sind.<\/p>\n<\/div>\n\n\n\n<div class=\"wp-block-column is-layout-flow wp-block-column-is-layout-flow\">\n<figure class=\"wp-block-image size-full\"><a href=\"http:\/\/www.soledpro.cz\/wp-content\/uploads\/2021\/10\/Pelne-zarzadzanie-zasobami-z-mozliwoscia-inwentaryzacji-licencji-oprogramowania-oraz-przejrzysta-kategoryzacja-1024x500-1.webp\"><img decoding=\"async\" src=\"http:\/\/www.soledpro.cz\/wp-content\/uploads\/2021\/10\/Pelne-zarzadzanie-zasobami-z-mozliwoscia-inwentaryzacji-licencji-oprogramowania-oraz-przejrzysta-kategoryzacja-1024x500-1.webp\" alt=\"\" class=\"wp-image-751\"\/><\/a><\/figure>\n<\/div>\n<\/div>\n\n\n\n<div style=\"height:64px\" aria-hidden=\"true\" class=\"wp-block-spacer\"><\/div>\n\n\n\n<div class=\"wp-block-columns is-layout-flex wp-container-core-columns-is-layout-28f84493 wp-block-columns-is-layout-flex\">\n<div class=\"wp-block-column is-layout-flow wp-block-column-is-layout-flow\">\n<figure class=\"wp-block-image size-full\"><a href=\"http:\/\/www.soledpro.cz\/wp-content\/uploads\/2021\/10\/Integracja-z-innymi-aplikacjami-ManageEngine-w-celu-wydobycia-najbardziej-szczegolowych-danych-rozszerzajacych-mozliwosci-aplikacji-1024x501-1.webp\"><img decoding=\"async\" src=\"http:\/\/www.soledpro.cz\/wp-content\/uploads\/2021\/10\/Integracja-z-innymi-aplikacjami-ManageEngine-w-celu-wydobycia-najbardziej-szczegolowych-danych-rozszerzajacych-mozliwosci-aplikacji-1024x501-1.webp\" alt=\"\" class=\"wp-image-752\"\/><\/a><\/figure>\n<\/div>\n\n\n\n<div class=\"wp-block-column is-layout-flow wp-block-column-is-layout-flow\">\n<h3 class=\"wp-block-heading\">Integrieren Sie andere ManageEngine-Anwendungen, um m\u00f6glichst detaillierte Daten zu erhalten und die M\u00f6glichkeiten der L\u00f6sung zu erweitern.<\/h3>\n\n\n\n<p>In Verbindung mit dem Mobile Device Manager k\u00f6nnen Sie auf die Verwaltung von Android-, iOS- und Windows-Mobilger\u00e4ten zugreifen. Die Integration mit Desktop Central erm\u00f6glicht die vollst\u00e4ndige Verwaltung der Arbeitsstationen eines Unternehmens sowie die Automatisierung der meisten Prozesse, wie z. B. die Bereitstellung von Updates, Einschr\u00e4nkungen, die Durchf\u00fchrung von Remote-Sitzungen und den Ger\u00e4tezugriff.<\/p>\n<\/div>\n<\/div>\n\n\n\n<div style=\"height:64px\" aria-hidden=\"true\" class=\"wp-block-spacer\"><\/div>\n\n\n\n<div class=\"wp-block-columns is-layout-flex wp-container-core-columns-is-layout-28f84493 wp-block-columns-is-layout-flex\">\n<div class=\"wp-block-column is-layout-flow wp-block-column-is-layout-flow\">\n<h3 class=\"wp-block-heading\">Konfigurierbares Einkaufsmodul mit der M\u00f6glichkeit, einen transparenten Prozess f\u00fcr die Beschaffung von Ressourcen und deren Freigabe zu erstellen.<\/h3>\n\n\n\n<p>In dem Formular k\u00f6nnen Sie alle erforderlichen Daten eingeben, z. B. Auftragsnummer und -name, gew\u00fcnschte Konditionen, Lieferadresse, Rechnungsadresse, Versandpreis, Steuersatz, Rabatt oder Hauptbuchcode. Wenn Sie noch einen Lieferanten haben, k\u00f6nnen Sie Zeit sparen, indem Sie alle diese Angaben im System definieren. Zum Zeitpunkt der Auftragserstellung sind die in der Dropdown-Liste verf\u00fcgbaren Informationen hilfreich.<\/p>\n<\/div>\n\n\n\n<div class=\"wp-block-column is-layout-flow wp-block-column-is-layout-flow\">\n<figure class=\"wp-block-image size-full\"><a href=\"http:\/\/www.soledpro.cz\/wp-content\/uploads\/2021\/10\/Konfigurowalny-modul-zakupow-z-mozliwoscia-stworzenia-przejrzystego-procesu-zakupu-zasobow-wraz-z-koniecznymi-w-tym-celu-akceptacjami-1024x500-1.webp\"><img decoding=\"async\" src=\"http:\/\/www.soledpro.cz\/wp-content\/uploads\/2021\/10\/Konfigurowalny-modul-zakupow-z-mozliwoscia-stworzenia-przejrzystego-procesu-zakupu-zasobow-wraz-z-koniecznymi-w-tym-celu-akceptacjami-1024x500-1.webp\" alt=\"\" class=\"wp-image-753\"\/><\/a><\/figure>\n<\/div>\n<\/div>\n\n\n\n<div style=\"height:64px\" aria-hidden=\"true\" class=\"wp-block-spacer\"><\/div>\n\n\n\n<div class=\"wp-block-columns is-layout-flex wp-container-core-columns-is-layout-28f84493 wp-block-columns-is-layout-flex\">\n<div class=\"wp-block-column is-layout-flow wp-block-column-is-layout-flow\">\n<figure class=\"wp-block-image size-full\"><a href=\"http:\/\/www.soledpro.cz\/wp-content\/uploads\/2021\/10\/Modul-zarzadzania-umowami-z-funkcja-wysylania-powiadomien-ustalaniem-terminow-wyborem-typu-umowy-oraz-mozliwoscia-uwzglednienia-zasobow-1024x501-1.webp\"><img decoding=\"async\" src=\"http:\/\/www.soledpro.cz\/wp-content\/uploads\/2021\/10\/Modul-zarzadzania-umowami-z-funkcja-wysylania-powiadomien-ustalaniem-terminow-wyborem-typu-umowy-oraz-mozliwoscia-uwzglednienia-zasobow-1024x501-1.webp\" alt=\"\" class=\"wp-image-754\"\/><\/a><\/figure>\n<\/div>\n\n\n\n<div class=\"wp-block-column is-layout-flow wp-block-column-is-layout-flow\">\n<h3 class=\"wp-block-heading\">Vertragsverwaltungsmodul mit der M\u00f6glichkeit, Warnmeldungen zu versenden, Fristen zu setzen, Vertragstyp und Ressourcenoptionen auszuw\u00e4hlen.<\/h3>\n\n\n\n<p>Die Hauptansicht des Moduls erm\u00f6glicht eine schnelle Filterung von Vertr\u00e4gen auf der Grundlage ihres Ablaufdatums und ihrer Grundtypen, z. B. Wartungs-, Support-, Garantie- und Leasingvertr\u00e4ge. Die Anwendung erm\u00f6glicht es Ihnen, Daten aus einer XLS-Datei zu importieren oder das Formular separat auszuf\u00fcllen, in dem Sie alle notwendigen Daten finden, wie z. B.: Kennung, \u00fcbergeordneter Vertrag, Lieferant, Beschreibung, G\u00fcltigkeitsdauer und die M\u00f6glichkeit, die Quelle zu verkn\u00fcpfen.<\/p>\n<\/div>\n<\/div>\n\n\n\n<div style=\"height:64px\" aria-hidden=\"true\" class=\"wp-block-spacer\"><\/div>\n\n\n\n<div class=\"wp-block-columns is-layout-flex wp-container-core-columns-is-layout-28f84493 wp-block-columns-is-layout-flex\">\n<div class=\"wp-block-column is-layout-flow wp-block-column-is-layout-flow\">\n<h3 class=\"wp-block-heading\">Verwalten Sie den Lebenszyklus des Ger\u00e4ts mit relevanten Statusinformationen und Zugriff auf die vollst\u00e4ndige Historie der zugewiesenen Benutzer.<\/h3>\n\n\n\n<p>Mit der Anwendung k\u00f6nnen Sie \u00fcberpr\u00fcfen, ob das Ger\u00e4t jemals repariert wurde, seit wann es in der Organisation verwendet wird und welche Software darauf installiert wurde. Der auf den Arbeitspl\u00e4tzen installierte Agent liefert auch Informationen \u00fcber die Nutzung des Computers durch seinen derzeitigen Besitzer. Alles wird in einer Datenbank gespeichert mit der M\u00f6glichkeit, alle historischen Daten zu analysieren, zum Beispiel mit Hilfe von vorbereiteten Frageb\u00f6gen.<\/p>\n<\/div>\n\n\n\n<div class=\"wp-block-column is-layout-flow wp-block-column-is-layout-flow\">\n<figure class=\"wp-block-image size-full\"><a href=\"http:\/\/www.soledpro.cz\/wp-content\/uploads\/2021\/10\/Zarzadzanie-cyklem-zycia-urzadzen-dzieki-odpowiednim-statusom-oraz-dostepowi-do-pelnej-historii-przypisanych-uzytkownikow-1024x500-1.webp\"><img decoding=\"async\" src=\"http:\/\/www.soledpro.cz\/wp-content\/uploads\/2021\/10\/Zarzadzanie-cyklem-zycia-urzadzen-dzieki-odpowiednim-statusom-oraz-dostepowi-do-pelnej-historii-przypisanych-uzytkownikow-1024x500-1.webp\" alt=\"\" class=\"wp-image-755\"\/><\/a><\/figure>\n<\/div>\n<\/div>\n\n\n\n<div style=\"height:64px\" aria-hidden=\"true\" class=\"wp-block-spacer\"><\/div>\n\n\n\n<div class=\"wp-block-columns is-layout-flex wp-container-core-columns-is-layout-28f84493 wp-block-columns-is-layout-flex\">\n<div class=\"wp-block-column is-layout-flow wp-block-column-is-layout-flow\">\n<h3 class=\"has-text-align-center wp-block-heading\">Interessieren Sie sich f\u00fcr AssetExplorer-kompatible Systeme?<\/h3>\n\n\n\n<h4 class=\"has-text-align-center wp-block-heading\">Sehen Sie sich das an:<\/h4>\n\n\n\n<h4 class=\"has-text-align-center wp-block-heading\"><a href=\"https:\/\/mwtsolutions.eu\/cs\/produkty\/unified-endpoint-management\/desktop-central\/\">IT-Verwaltungssoftware Desktop Central,<\/a><\/h4>\n\n\n\n<h4 class=\"has-text-align-center wp-block-heading\"><a href=\"https:\/\/mwtsolutions.eu\/cs\/produkty\/unified-endpoint-management\/mobile-device-manager-plus\/\">Mobile Device Manager Plus, ein Tool zur Verwaltung mobiler Ger\u00e4te.<\/a><\/h4>\n<\/div>\n<\/div>\n\n\n\n<div style=\"height:100px\" aria-hidden=\"true\" class=\"wp-block-spacer\"><\/div>","protected":false},"excerpt":{"rendered":"<p>Komplexn\u00ed \u0159e\u0161en\u00ed pro spr\u00e1vu IT zdroj\u016f. Nab\u00edz\u00ed kontrolov\u00e1n\u00ed a prohl\u00ed\u017een\u00ed cel\u00e9 infrastruktury spole\u010dnosti, jak IT, tak i zdroj\u016f nesouvisej\u00edc\u00edch s nov\u00fdmi technologiemi. \u00dapln\u00e1 kontrola nad zdroji AssetExplorer umo\u017e\u0148uje spr\u00e1vci z jednoho m\u00edsta sledovat a spravovat p\u0159ed\u00e1v\u00e1n\u00ed vlastnost\u00ed v\u0161ech zdroj\u016f. N\u00e1stroj skenuje a podrobuje auditu v\u0161echny pracovn\u00ed stanice v LAN, WAN a VPN. Po z\u00edsk\u00e1n\u00ed p\u0159\u00edstupu [&hellip;]<\/p>","protected":false},"author":1,"featured_media":0,"parent":706,"menu_order":0,"comment_status":"closed","ping_status":"closed","template":"","meta":{"footnotes":""},"class_list":["post-750","page","type-page","status-publish","hentry"],"_links":{"self":[{"href":"https:\/\/www.soledpro.cz\/de\/wp-json\/wp\/v2\/pages\/750","targetHints":{"allow":["GET"]}}],"collection":[{"href":"https:\/\/www.soledpro.cz\/de\/wp-json\/wp\/v2\/pages"}],"about":[{"href":"https:\/\/www.soledpro.cz\/de\/wp-json\/wp\/v2\/types\/page"}],"author":[{"embeddable":true,"href":"https:\/\/www.soledpro.cz\/de\/wp-json\/wp\/v2\/users\/1"}],"replies":[{"embeddable":true,"href":"https:\/\/www.soledpro.cz\/de\/wp-json\/wp\/v2\/comments?post=750"}],"version-history":[{"count":5,"href":"https:\/\/www.soledpro.cz\/de\/wp-json\/wp\/v2\/pages\/750\/revisions"}],"predecessor-version":[{"id":1111,"href":"https:\/\/www.soledpro.cz\/de\/wp-json\/wp\/v2\/pages\/750\/revisions\/1111"}],"up":[{"embeddable":true,"href":"https:\/\/www.soledpro.cz\/de\/wp-json\/wp\/v2\/pages\/706"}],"wp:attachment":[{"href":"https:\/\/www.soledpro.cz\/de\/wp-json\/wp\/v2\/media?parent=750"}],"curies":[{"name":"wp","href":"https:\/\/api.w.org\/{rel}","templated":true}]}}