{"id":731,"date":"2021-10-29T11:41:32","date_gmt":"2021-10-29T09:41:32","guid":{"rendered":"http:\/\/www.soledpro.cz\/?page_id=731"},"modified":"2021-10-30T10:35:57","modified_gmt":"2021-10-30T08:35:57","slug":"analytics-plus","status":"publish","type":"page","link":"https:\/\/www.soledpro.cz\/de\/kyberneticka-bezpecnost\/manage-engine\/produkty-itsm\/analytics-plus\/","title":{"rendered":"Analytics Plus"},"content":{"rendered":"<p>Ein fortschrittliches Datenanalysetool, das \u00fcber einen Webbrowser zug\u00e4nglich ist und die \u00dcbertragung von Daten in leicht lesbare Berichte und Dashboards erm\u00f6glicht.<\/p>\n\n\n\n<p>Das System verf\u00fcgt \u00fcber eine fertige Integration mit ServcieDesk Plus, die dazu beitr\u00e4gt, die IT-Effizienz bei der Servicebereitstellung zu erh\u00f6hen und die Sichtbarkeit der ITSM-Daten zu verbessern. Die L\u00f6sung erm\u00f6glicht es Ihnen, aus \u00fcber 100 vorgefertigten Berichten und mehr als 80 KPIs zu w\u00e4hlen. ManageEngine Analytics Plus bietet die M\u00f6glichkeit, benutzerdefinierte Berichte und Dashboards zu konfigurieren, die dann bestimmten Personen oder Gruppen zur Verf\u00fcgung gestellt oder auf Websites und Multimedia-Boards angezeigt werden k\u00f6nnen. Dar\u00fcber hinaus erm\u00f6glichen die neuesten Versionen der Anwendung die Verwendung von Berichten als Filter, durch die Daten f\u00fcr eine tiefergehende Analyse ausgew\u00e4hlt werden k\u00f6nnen. Ein Mehrwert ist auch die M\u00f6glichkeit, Schnappsch\u00fcsse von Daten zu machen und eine erweiterte Kategorisierung durch die Erstellung von Unterordnern, f\u00fcr die Lokalisierungen ge\u00e4ndert werden k\u00f6nnen.<\/p>\n\n\n\n<div style=\"height:64px\" aria-hidden=\"true\" class=\"wp-block-spacer\"><\/div>\n\n\n\n<h2 class=\"wp-block-heading\">VORTEILE<\/h2>\n\n\n\n<ul class=\"wp-block-list\"><li>M\u00f6glichkeit, erweiterte Berechnungen durchzuf\u00fchren <\/li><li>Benutzerfreundliche, intuitive Schnittstelle <\/li><li>Daten aus vielen Quellen sind durch die Nutzung des ManageEngine-\u00d6kosystems in einer einzigen Anwendung verf\u00fcgbar                                         <\/li><li>Die L\u00f6sung verf\u00fcgt \u00fcber interaktive Dashboards, die die Datenanalyse erleichtern. <\/li><\/ul>\n\n\n\n<div style=\"height:64px\" aria-hidden=\"true\" class=\"wp-block-spacer\"><\/div>\n\n\n\n<h2 class=\"wp-block-heading\">MERKMALE<\/h2>\n\n\n\n<div class=\"wp-block-columns is-layout-flex wp-container-core-columns-is-layout-28f84493 wp-block-columns-is-layout-flex\">\n<div class=\"wp-block-column is-layout-flow wp-block-column-is-layout-flow\">\n<h3 class=\"wp-block-heading\">Erstellung von fortgeschrittenen Berichten unter Ber\u00fccksichtigung der zusammengesetzten Analyse der eingef\u00fchrten Daten.<\/h3>\n\n\n\n<p>Mit diesem Datenanalyse-Tool k\u00f6nnen Sie komplexe Berechnungen durchf\u00fchren und viele unabh\u00e4ngige Statistiken gleichzeitig einsehen. Au\u00dferdem k\u00f6nnen Sie Berichte visualisieren, indem Sie aufgelistete Daten ausschlie\u00dfen oder hinzuf\u00fcgen, um ausgew\u00e4hlte Trends zu pr\u00e4sentieren. Die Verwendung dieser Funktion in der prozentualen Verteilung zeigt nur wesentliche Daten, ohne unn\u00f6tige Faktoren zu ber\u00fccksichtigen, die die gesamte Analyse beeinflussen.<\/p>\n<\/div>\n\n\n\n<div class=\"wp-block-column is-layout-flow wp-block-column-is-layout-flow\">\n<figure class=\"wp-block-image size-full\"><a href=\"http:\/\/www.soledpro.cz\/wp-content\/uploads\/2021\/10\/Tworzenie-bardzo-zaawansowanych-raportow-uwzgledniajacych-zlozona-analize-wprowadzonych-danych-1024x501-1.webp\"><img decoding=\"async\" src=\"http:\/\/www.soledpro.cz\/wp-content\/uploads\/2021\/10\/Tworzenie-bardzo-zaawansowanych-raportow-uwzgledniajacych-zlozona-analize-wprowadzonych-danych-1024x501-1.webp\" alt=\"\" class=\"wp-image-736\"\/><\/a><\/figure>\n<\/div>\n<\/div>\n\n\n\n<div style=\"height:64px\" aria-hidden=\"true\" class=\"wp-block-spacer\"><\/div>\n\n\n\n<div class=\"wp-block-columns is-layout-flex wp-container-core-columns-is-layout-28f84493 wp-block-columns-is-layout-flex\">\n<div class=\"wp-block-column is-layout-flow wp-block-column-is-layout-flow\">\n<figure class=\"wp-block-image size-full\"><a href=\"http:\/\/www.soledpro.cz\/wp-content\/uploads\/2021\/10\/Integracja-z-aplikacjami-ManageEngine-rozszerzajaca-w-znacznym-stopniu-dostepne-moduly-raportowe-w-poszczegolnych-aplikacjach-1024x501-1.webp\"><img decoding=\"async\" src=\"http:\/\/www.soledpro.cz\/wp-content\/uploads\/2021\/10\/Integracja-z-aplikacjami-ManageEngine-rozszerzajaca-w-znacznym-stopniu-dostepne-moduly-raportowe-w-poszczegolnych-aplikacjach-1024x501-1.webp\" alt=\"\" class=\"wp-image-737\"\/><\/a><\/figure>\n<\/div>\n\n\n\n<div class=\"wp-block-column is-layout-flow wp-block-column-is-layout-flow\">\n<h3 class=\"wp-block-heading\">Durch die Integration mit ManageEngine-Anwendungen werden die verf\u00fcgbaren Berichtsmodule in jeder Anwendung erheblich erweitert.<\/h3>\n\n\n\n<p>Das System integriert Daten aus mehreren Anwendungen gleichzeitig und erm\u00f6glicht die Analyse der Aktivit\u00e4ten derselben Benutzer in verschiedenen Rollen. Diese Funktion ist von entscheidender Bedeutung, wenn die Positionen der Personen in der Organisation in Bezug auf die Zust\u00e4ndigkeiten nicht festgelegt und erweitert sind. Der gesamte Vorgang kann automatisiert werden, indem die Benutzer zyklisch \u00fcber ihre Leistungen durch individuelle E-Mail-Benachrichtigungen informiert werden.<\/p>\n<\/div>\n<\/div>\n\n\n\n<div style=\"height:64px\" aria-hidden=\"true\" class=\"wp-block-spacer\"><\/div>\n\n\n\n<div class=\"wp-block-columns is-layout-flex wp-container-core-columns-is-layout-28f84493 wp-block-columns-is-layout-flex\">\n<div class=\"wp-block-column is-layout-flow wp-block-column-is-layout-flow\">\n<h3 class=\"wp-block-heading\">Ausgefeilte Datenvisualisierungsoptionen, die an die Standards des Unternehmens angepasst werden k\u00f6nnen.<\/h3>\n\n\n\n<p>Die App bietet unter anderem folgende Optionen:<\/p>\n\n\n\n<ul class=\"wp-block-list\"><li>Pie, Ring, Semi Pie, Semi Ring \u2013 Kreisdiagramme<\/li><li>Bar \u2013 Balkendiagramme<\/li><li>Scatter \u2013 Daten, die durch auf der Skala sichtbare Punkte ausgedr\u00fcckt werden<\/li><li>Step \u2013 Streuungsoption mit Verbindung zwischen Punkten zur besseren Visualisierung<\/li><li>Line with Markers \u2013 Liniendiagramme mit Markern<\/li><li>Table view \u2013 klassische Darstellung von Statistiken mit Hilfe von Tabellen<\/li><li>Area \u2013 Ableitung der Option Step mit einem zus\u00e4tzlichen Bereich<\/li><\/ul>\n<\/div>\n\n\n\n<div class=\"wp-block-column is-layout-flow wp-block-column-is-layout-flow\">\n<figure class=\"wp-block-image size-full\"><a href=\"http:\/\/www.soledpro.cz\/wp-content\/uploads\/2021\/10\/Rozbudowane-opcje-wizualizacji-danych-zaleznie-od-wymaganych-standardow-panujacych-w-organizacji-1024x501-1.webp\"><img decoding=\"async\" src=\"http:\/\/www.soledpro.cz\/wp-content\/uploads\/2021\/10\/Rozbudowane-opcje-wizualizacji-danych-zaleznie-od-wymaganych-standardow-panujacych-w-organizacji-1024x501-1.webp\" alt=\"\" class=\"wp-image-738\"\/><\/a><\/figure>\n<\/div>\n<\/div>\n\n\n\n<div style=\"height:64px\" aria-hidden=\"true\" class=\"wp-block-spacer\"><\/div>\n\n\n\n<div class=\"wp-block-columns is-layout-flex wp-container-core-columns-is-layout-28f84493 wp-block-columns-is-layout-flex\">\n<div class=\"wp-block-column is-layout-flow wp-block-column-is-layout-flow\">\n<figure class=\"wp-block-image size-full\"><a href=\"http:\/\/www.soledpro.cz\/wp-content\/uploads\/2021\/10\/Intuicyjne-tworzenie-raportow-dzieki-opcji-\u201edrag-and-drop-oraz-innych-funkcjonalnosci-niewymagajacych-specjalistycznej-wiedzy-1024x500-1.webp\"><img decoding=\"async\" src=\"http:\/\/www.soledpro.cz\/wp-content\/uploads\/2021\/10\/Intuicyjne-tworzenie-raportow-dzieki-opcji-\u201edrag-and-drop-oraz-innych-funkcjonalnosci-niewymagajacych-specjalistycznej-wiedzy-1024x500-1.webp\" alt=\"\" class=\"wp-image-739\"\/><\/a><\/figure>\n<\/div>\n\n\n\n<div class=\"wp-block-column is-layout-flow wp-block-column-is-layout-flow\">\n<h3 class=\"wp-block-heading\">Intuitive Berichterstellung mit Drag &amp; Drop und Funktionen, die keine speziellen Kenntnisse erfordern<\/h3>\n\n\n\n<p>Die Anwendung erm\u00f6glicht den Import von Daten mit einer Vielzahl von Methoden:<\/p>\n\n\n\n<ul class=\"wp-block-list\"><li>Import aus CSV-, Excel-, JSON-, XML- und anderen Dateien<\/li><li>Herunterladen von Daten von der angegebenen URL-Adresse<\/li><li>Synchronisierung mit der angegebenen Anwendung erzwingen<\/li><li>Nutzung von Cloud-L\u00f6sungen, z. B. Google Drive, Dropbox<\/li><li>M\u00f6glichkeit der manuellen Dateneingabe<\/li><li>Verwendung von vordefinierten Vorlagen, z. B. im Zusammenhang mit Google AdWords<\/li><\/ul>\n<\/div>\n<\/div>\n\n\n\n<div style=\"height:64px\" aria-hidden=\"true\" class=\"wp-block-spacer\"><\/div>\n\n\n\n<div class=\"wp-block-columns is-layout-flex wp-container-core-columns-is-layout-28f84493 wp-block-columns-is-layout-flex\">\n<div class=\"wp-block-column is-layout-flow wp-block-column-is-layout-flow\">\n<h3 class=\"wp-block-heading\">Erweiterte Filterfunktionen mit Berichten als Filter f\u00fcr den sofortigen Zugriff auf bestimmte Daten.<\/h3>\n\n\n\n<p>Die grundlegende Auswahlm\u00f6glichkeit f\u00fcr die Integration mit ServiceDesk Plus basiert auf den Feldern: Zeitintervall, Thema, Art der Serviceanfrage, Abteilung und Standort. Dies erleichtert den Zugriff auf spezifische Daten. Diese Option ist besonders n\u00fctzlich in sehr reifen Organisationen, in denen die Analyse mit anderen Methoden sehr zeitaufwendig w\u00e4re.<\/p>\n<\/div>\n\n\n\n<div class=\"wp-block-column is-layout-flow wp-block-column-is-layout-flow\">\n<figure class=\"wp-block-image size-full\"><a href=\"http:\/\/www.soledpro.cz\/wp-content\/uploads\/2021\/10\/Mozliwosc-zaawansowanego-filtrowania-z-wykorzystaniem-raportow-jako-filtrow-w-celu-natychmiastowego-dostepu-do-konkretnych-danych-1024x501-1.webp\"><img decoding=\"async\" src=\"http:\/\/www.soledpro.cz\/wp-content\/uploads\/2021\/10\/Mozliwosc-zaawansowanego-filtrowania-z-wykorzystaniem-raportow-jako-filtrow-w-celu-natychmiastowego-dostepu-do-konkretnych-danych-1024x501-1.webp\" alt=\"\" class=\"wp-image-740\"\/><\/a><\/figure>\n<\/div>\n<\/div>\n\n\n\n<div style=\"height:64px\" aria-hidden=\"true\" class=\"wp-block-spacer\"><\/div>\n\n\n\n<h3 class=\"has-text-align-center wp-block-heading\">Interessieren Sie sich f\u00fcr Analytics Plus-kompatible Systeme?<\/h3>\n\n\n\n<p class=\"has-text-align-center\">Sehen Sie sich das an:<\/p>\n\n\n\n<h4 class=\"has-text-align-center wp-block-heading\">Helpdesk-System ServiceDesk Plus,<\/h4>\n\n\n\n<h4 class=\"has-text-align-center wp-block-heading\">OpManager Plus System zur Verwaltung der Infrastrukturleistung,<\/h4>\n\n\n\n<h4 class=\"has-text-align-center wp-block-heading\">Applications Manager Leistungsmanagement-Tool.<\/h4>\n\n\n\n<div style=\"height:100px\" aria-hidden=\"true\" class=\"wp-block-spacer\"><\/div>","protected":false},"excerpt":{"rendered":"<p>Pokro\u010dil\u00fd n\u00e1stroj pro analyzov\u00e1n\u00ed dat dostupn\u00fd z webov\u00e9ho prohl\u00ed\u017ee\u010de, kter\u00fd umo\u017e\u0148uje p\u0159en\u00e1\u0161et data do snadno \u010diteln\u00fdch sestav a dashboard\u016f. Syst\u00e9m disponuje hotovou integrac\u00ed se ServcieDesk Plus, d\u00edky \u010demu\u017e pom\u00e1h\u00e1 zv\u00fd\u0161it efektivitu IT v poskytov\u00e1n\u00ed slu\u017eeb a zvy\u0161uje p\u0159ehlednost dat z ITSM. \u0158e\u0161en\u00ed umo\u017e\u0148uje vyb\u00edrat si z v\u00edce ne\u017e 100 hotov\u00fdch report\u016f a v\u00edce ne\u017e 80 [&hellip;]<\/p>","protected":false},"author":1,"featured_media":0,"parent":706,"menu_order":0,"comment_status":"closed","ping_status":"closed","template":"","meta":{"footnotes":""},"class_list":["post-731","page","type-page","status-publish","hentry"],"_links":{"self":[{"href":"https:\/\/www.soledpro.cz\/de\/wp-json\/wp\/v2\/pages\/731","targetHints":{"allow":["GET"]}}],"collection":[{"href":"https:\/\/www.soledpro.cz\/de\/wp-json\/wp\/v2\/pages"}],"about":[{"href":"https:\/\/www.soledpro.cz\/de\/wp-json\/wp\/v2\/types\/page"}],"author":[{"embeddable":true,"href":"https:\/\/www.soledpro.cz\/de\/wp-json\/wp\/v2\/users\/1"}],"replies":[{"embeddable":true,"href":"https:\/\/www.soledpro.cz\/de\/wp-json\/wp\/v2\/comments?post=731"}],"version-history":[{"count":8,"href":"https:\/\/www.soledpro.cz\/de\/wp-json\/wp\/v2\/pages\/731\/revisions"}],"predecessor-version":[{"id":786,"href":"https:\/\/www.soledpro.cz\/de\/wp-json\/wp\/v2\/pages\/731\/revisions\/786"}],"up":[{"embeddable":true,"href":"https:\/\/www.soledpro.cz\/de\/wp-json\/wp\/v2\/pages\/706"}],"wp:attachment":[{"href":"https:\/\/www.soledpro.cz\/de\/wp-json\/wp\/v2\/media?parent=731"}],"curies":[{"name":"wp","href":"https:\/\/api.w.org\/{rel}","templated":true}]}}