{"id":714,"date":"2021-10-29T11:28:10","date_gmt":"2021-10-29T09:28:10","guid":{"rendered":"http:\/\/www.soledpro.cz\/?page_id=714"},"modified":"2021-10-29T11:28:11","modified_gmt":"2021-10-29T09:28:11","slug":"produkty-uem","status":"publish","type":"page","link":"https:\/\/www.soledpro.cz\/de\/kyberneticka-bezpecnost\/manage-engine\/produkty-uem\/","title":{"rendered":"UEM-Produkte"},"content":{"rendered":"<p>Produkte&nbsp;<strong>UEM<\/strong>&nbsp;sind f\u00fcr die zentrale Verwaltung von Computern, mobilen Ger\u00e4ten und Browser-Sicherheit konzipiert. Informieren Sie sich \u00fcber die ManageEngine-Tools f\u00fcr Endpunktsicherheit und -kontrolle.<\/p>\n\n\n\n<p>Zu den UEM-Produkten geh\u00f6ren: die Verwaltungssoftware IT Desktop Central, das Ger\u00e4teport-Verwaltungssystem Device Control Plus, das Verwaltungstool f\u00fcr mobile Ger\u00e4te Mobile Device Manager Plus, die System- und Anwendungsimage-Verwaltungsl\u00f6sung OS Deployer, das Verwaltungstool f\u00fcr Drittanbietersoftware Patch Connect Plus, das Update-Verwaltungstool Patch Manager Plus und das Anwendungsverwaltungssystem Application Control Plus.<\/p>","protected":false},"excerpt":{"rendered":"<p>Produkty&nbsp;UEM&nbsp;jsou ur\u010deny k centralizovan\u00e9 spr\u00e1v\u011b po\u010d\u00edta\u010d\u016f, mobiln\u00edch za\u0159\u00edzen\u00ed a zabezpe\u010den\u00ed prohl\u00ed\u017ee\u010d\u016f. Pod\u00edvejte se na n\u00e1stroje pro zabezpe\u010den\u00ed a kontrolu koncov\u00fdch za\u0159\u00edzen\u00ed z nab\u00eddky ManageEngine. Mezi produkty UEM pat\u0159\u00ed: software pro spr\u00e1vu IT Desktop Central,&nbsp;syst\u00e9m pro spr\u00e1vu port\u016f za\u0159\u00edzen\u00ed Device Control Plus,&nbsp;n\u00e1stroj pro spr\u00e1vu mobiln\u00edch za\u0159\u00edzen\u00ed Mobile Device Manager Plus,&nbsp;\u0159e\u0161en\u00ed pro spr\u00e1vu obraz\u016f syst\u00e9m\u016f a aplikac\u00ed [&hellip;]<\/p>","protected":false},"author":1,"featured_media":0,"parent":229,"menu_order":0,"comment_status":"closed","ping_status":"closed","template":"","meta":{"footnotes":""},"class_list":["post-714","page","type-page","status-publish","hentry"],"_links":{"self":[{"href":"https:\/\/www.soledpro.cz\/de\/wp-json\/wp\/v2\/pages\/714","targetHints":{"allow":["GET"]}}],"collection":[{"href":"https:\/\/www.soledpro.cz\/de\/wp-json\/wp\/v2\/pages"}],"about":[{"href":"https:\/\/www.soledpro.cz\/de\/wp-json\/wp\/v2\/types\/page"}],"author":[{"embeddable":true,"href":"https:\/\/www.soledpro.cz\/de\/wp-json\/wp\/v2\/users\/1"}],"replies":[{"embeddable":true,"href":"https:\/\/www.soledpro.cz\/de\/wp-json\/wp\/v2\/comments?post=714"}],"version-history":[{"count":2,"href":"https:\/\/www.soledpro.cz\/de\/wp-json\/wp\/v2\/pages\/714\/revisions"}],"predecessor-version":[{"id":1104,"href":"https:\/\/www.soledpro.cz\/de\/wp-json\/wp\/v2\/pages\/714\/revisions\/1104"}],"up":[{"embeddable":true,"href":"https:\/\/www.soledpro.cz\/de\/wp-json\/wp\/v2\/pages\/229"}],"wp:attachment":[{"href":"https:\/\/www.soledpro.cz\/de\/wp-json\/wp\/v2\/media?parent=714"}],"curies":[{"name":"wp","href":"https:\/\/api.w.org\/{rel}","templated":true}]}}