{"id":712,"date":"2021-10-29T11:26:32","date_gmt":"2021-10-29T09:26:32","guid":{"rendered":"http:\/\/www.soledpro.cz\/?page_id=712"},"modified":"2021-10-31T18:11:04","modified_gmt":"2021-10-31T17:11:04","slug":"produkty-active-directory","status":"publish","type":"page","link":"https:\/\/www.soledpro.cz\/de\/kyberneticka-bezpecnost\/manage-engine\/produkty-active-directory\/","title":{"rendered":"Active Directory-Produkte"},"content":{"rendered":"<p>L\u00f6sungen im Bereich der&nbsp;<strong>Active Directory<\/strong>&nbsp;erm\u00f6glicht Ihnen die Verwaltung von Identit\u00e4t und Zugriff in einer Windows-Umgebung sowie die effiziente Pr\u00fcfung und Berichterstattung von \u00c4nderungen in Echtzeit. Au\u00dferdem finden Sie hier Produkte f\u00fcr die Verwaltung und Sicherung von Office 365-Diensten sowie f\u00fcr die Sicherstellung der rechtlichen und ethischen Compliance bei der Nutzung dieser Programme.<\/p>\n\n\n\n<p>Das Active Directory-Angebot von ManageEngine umfasst: das Active Directory Audit Tool <a href=\"https:\/\/www.soledpro.cz\/de\/kyberneticka-bezpecnost\/manage-engine\/produkty-active-directory\/adaudit-plus\/\">ADAudit Plus<\/a>, Dom\u00e4nenverwaltungssystem <a href=\"https:\/\/www.soledpro.cz\/de\/kyberneticka-bezpecnost\/manage-engine\/produkty-active-directory\/admanager-plus\/\">ADManager Plus<\/a>, eine L\u00f6sung zum automatischen Zur\u00fccksetzen von Kennw\u00f6rtern in einer Dom\u00e4ne <a href=\"https:\/\/www.soledpro.cz\/de\/kyberneticka-bezpecnost\/manage-engine\/produkty-active-directory\/adselfservice-plus\/\">ADSelfService Plus<\/a>, das Active Directory-Verwaltungssystem <a href=\"https:\/\/www.soledpro.cz\/de\/kyberneticka-bezpecnost\/manage-engine\/produkty-active-directory\/ad360\/\">AD360<\/a>, ein System zur \u00dcberpr\u00fcfung der gemeinsamen Nutzung von Netzwerken <a href=\"https:\/\/www.soledpro.cz\/de\/kyberneticka-bezpecnost\/manage-engine\/produkty-active-directory\/datasecurity-plus\/\">DataSecurity Plus<\/a>, Exchange Monitoring-L\u00f6sung - <a href=\"https:\/\/www.soledpro.cz\/de\/kyberneticka-bezpecnost\/manage-engine\/produkty-active-directory\/exchange-reporter-plus\/\">Exchange Reporter Plus<\/a>, das Office 365-Verwaltungstool - <a href=\"https:\/\/www.soledpro.cz\/de\/kyberneticka-bezpecnost\/manage-engine\/produkty-active-directory\/m365-manager-plus\/\">M365 Manager Plus<\/a>, ein Tool zur Erstellung von Active Directory-Backups <a href=\"https:\/\/www.soledpro.cz\/de\/kyberneticka-bezpecnost\/manage-engine\/produkty-active-directory\/recovery-manager-plus\/\">Recovery Manager Plus<\/a> und SharePoint-Verwaltungssystem - <a href=\"https:\/\/www.soledpro.cz\/de\/kyberneticka-bezpecnost\/manage-engine\/produkty-active-directory\/sharepoint-manager\/\">SharePoint Manager<\/a>.<\/p>","protected":false},"excerpt":{"rendered":"<p>\u0158e\u0161en\u00ed v oblasti&nbsp;Active Directory&nbsp;v\u00e1m umo\u017en\u00ed spravovat identitu a p\u0159\u00edstup v prost\u0159ed\u00ed Windows a tak\u00e9 efektivn\u011b prov\u00e1d\u011bt audity a vykazovat zm\u011bny v re\u00e1ln\u00e9m \u010dase. Najdete zde tak\u00e9 produkty pro spr\u00e1vu a&nbsp;zabezpe\u010den\u00ed slu\u017eeb Office 365 a tak\u00e9 pro zaji\u0161t\u011bn\u00ed dodr\u017eov\u00e1n\u00ed pr\u00e1vn\u00edch a etick\u00fdch norem p\u0159i pou\u017e\u00edv\u00e1n\u00ed t\u011bchto program\u016f. Nab\u00eddka ManageEngine v oblasti \u0159e\u0161en\u00ed Active Directory zahrnuje: n\u00e1stroj [&hellip;]<\/p>","protected":false},"author":1,"featured_media":0,"parent":229,"menu_order":0,"comment_status":"closed","ping_status":"closed","template":"","meta":{"footnotes":""},"class_list":["post-712","page","type-page","status-publish","hentry"],"_links":{"self":[{"href":"https:\/\/www.soledpro.cz\/de\/wp-json\/wp\/v2\/pages\/712","targetHints":{"allow":["GET"]}}],"collection":[{"href":"https:\/\/www.soledpro.cz\/de\/wp-json\/wp\/v2\/pages"}],"about":[{"href":"https:\/\/www.soledpro.cz\/de\/wp-json\/wp\/v2\/types\/page"}],"author":[{"embeddable":true,"href":"https:\/\/www.soledpro.cz\/de\/wp-json\/wp\/v2\/users\/1"}],"replies":[{"embeddable":true,"href":"https:\/\/www.soledpro.cz\/de\/wp-json\/wp\/v2\/comments?post=712"}],"version-history":[{"count":2,"href":"https:\/\/www.soledpro.cz\/de\/wp-json\/wp\/v2\/pages\/712\/revisions"}],"predecessor-version":[{"id":1103,"href":"https:\/\/www.soledpro.cz\/de\/wp-json\/wp\/v2\/pages\/712\/revisions\/1103"}],"up":[{"embeddable":true,"href":"https:\/\/www.soledpro.cz\/de\/wp-json\/wp\/v2\/pages\/229"}],"wp:attachment":[{"href":"https:\/\/www.soledpro.cz\/de\/wp-json\/wp\/v2\/media?parent=712"}],"curies":[{"name":"wp","href":"https:\/\/api.w.org\/{rel}","templated":true}]}}