{"id":710,"date":"2021-10-29T11:25:56","date_gmt":"2021-10-29T09:25:56","guid":{"rendered":"http:\/\/www.soledpro.cz\/?page_id=710"},"modified":"2021-10-31T18:08:28","modified_gmt":"2021-10-31T17:08:28","slug":"produkty-monitoring-it","status":"publish","type":"page","link":"https:\/\/www.soledpro.cz\/de\/kyberneticka-bezpecnost\/manage-engine\/produkty-monitoring-it\/","title":{"rendered":"Produkte IT-\u00dcberwachung"},"content":{"rendered":"<p>Systeme&nbsp;<strong>IT-\u00dcberwachung<\/strong>&nbsp;der Organisation eine st\u00e4ndige Kontrolle zu erm\u00f6glichen. Mit den Produkten von ManageEngine k\u00f6nnen Sie das Netzwerkmanagement und alle Aspekte der Serverleistung verbessern.<\/p>\n\n\n\n<p>Das Produktangebot f\u00fcr die IT-\u00dcberwachung umfasst: ein System zur \u00dcberwachung von IT-Ressourcen <a href=\"https:\/\/www.soledpro.cz\/de\/kyberneticka-bezpecnost\/manage-engine\/produkty-monitoring-it\/opmanager\/\">OpManager<\/a>, ein Werkzeug zur Verwaltung der Anwendungsleistung <a href=\"https:\/\/www.soledpro.cz\/de\/kyberneticka-bezpecnost\/manage-engine\/produkty-monitoring-it\/applications-manager\/\">Applications Manager<\/a>, Software zur \u00dcberwachung des Netzwerkverkehrs <a href=\"https:\/\/www.soledpro.cz\/de\/kyberneticka-bezpecnost\/manage-engine\/produkty-monitoring-it\/netflow-analyzer\/\">NetFlow Analyzer<\/a>, ein System zur Verwaltung der Ger\u00e4tekonfiguration <a href=\"https:\/\/www.soledpro.cz\/de\/kyberneticka-bezpecnost\/manage-engine\/produkty-monitoring-it\/network-configuration-manager\/\">Network Configuration Manager<\/a>, ein Werkzeug zur Verwaltung von IP-Adressen <a href=\"https:\/\/www.soledpro.cz\/de\/kyberneticka-bezpecnost\/manage-engine\/produkty-monitoring-it\/oputils\/\">OpUtils<\/a>, ein System zur \u00dcberwachung der IT-Infrastruktur <a href=\"https:\/\/www.soledpro.cz\/de\/kyberneticka-bezpecnost\/manage-engine\/produkty-monitoring-it\/site24x7\/\">Site24x7 <\/a>und L\u00f6sungen f\u00fcr die Verwaltung der Infrastrukturleistung <a href=\"https:\/\/www.soledpro.cz\/de\/kyberneticka-bezpecnost\/manage-engine\/produkty-monitoring-it\/opmanager-plus\/\">OpManager Plus<\/a>.<\/p>","protected":false},"excerpt":{"rendered":"<p>Syst\u00e9my&nbsp;monitorov\u00e1n\u00ed IT&nbsp;poskytuj\u00ed organizaci neust\u00e1lou kontrolu. D\u00edky produkt\u016fm ManageEngine zdokonal\u00edte spr\u00e1vu s\u00edt\u011b a v\u0161ech aspekt\u016f v\u00fdkonnosti serveru. Nab\u00eddka produkt\u016f pro monitorov\u00e1n\u00ed IT zahrnuje: syst\u00e9m pro monitorov\u00e1n\u00ed IT zdroj\u016f OpManager, n\u00e1stroj pro spr\u00e1vu v\u00fdkonnosti aplikace Applications Manager, software pro monitorov\u00e1n\u00ed s\u00ed\u0165ov\u00e9ho provozu NetFlow Analyzer, syst\u00e9m pro spr\u00e1vu konfigurace za\u0159\u00edzen\u00ed Network Configuration Manager, n\u00e1stroj pro spr\u00e1vu IP adres [&hellip;]<\/p>","protected":false},"author":1,"featured_media":0,"parent":229,"menu_order":0,"comment_status":"closed","ping_status":"closed","template":"","meta":{"footnotes":""},"class_list":["post-710","page","type-page","status-publish","hentry"],"_links":{"self":[{"href":"https:\/\/www.soledpro.cz\/de\/wp-json\/wp\/v2\/pages\/710","targetHints":{"allow":["GET"]}}],"collection":[{"href":"https:\/\/www.soledpro.cz\/de\/wp-json\/wp\/v2\/pages"}],"about":[{"href":"https:\/\/www.soledpro.cz\/de\/wp-json\/wp\/v2\/types\/page"}],"author":[{"embeddable":true,"href":"https:\/\/www.soledpro.cz\/de\/wp-json\/wp\/v2\/users\/1"}],"replies":[{"embeddable":true,"href":"https:\/\/www.soledpro.cz\/de\/wp-json\/wp\/v2\/comments?post=710"}],"version-history":[{"count":2,"href":"https:\/\/www.soledpro.cz\/de\/wp-json\/wp\/v2\/pages\/710\/revisions"}],"predecessor-version":[{"id":1100,"href":"https:\/\/www.soledpro.cz\/de\/wp-json\/wp\/v2\/pages\/710\/revisions\/1100"}],"up":[{"embeddable":true,"href":"https:\/\/www.soledpro.cz\/de\/wp-json\/wp\/v2\/pages\/229"}],"wp:attachment":[{"href":"https:\/\/www.soledpro.cz\/de\/wp-json\/wp\/v2\/media?parent=710"}],"curies":[{"name":"wp","href":"https:\/\/api.w.org\/{rel}","templated":true}]}}