{"id":708,"date":"2021-10-29T11:25:11","date_gmt":"2021-10-29T09:25:11","guid":{"rendered":"http:\/\/www.soledpro.cz\/?page_id=708"},"modified":"2021-10-31T18:05:16","modified_gmt":"2021-10-31T17:05:16","slug":"produkty-security-it","status":"publish","type":"page","link":"https:\/\/www.soledpro.cz\/de\/kyberneticka-bezpecnost\/manage-engine\/produkty-security-it\/","title":{"rendered":"IT-Sicherheitsprodukte"},"content":{"rendered":"<p>Sicher&nbsp;<strong>IT-Sicherheit<\/strong>&nbsp;Organisationen mit fortschrittlichen L\u00f6sungen zur Sicherung der physischen und virtuellen Infrastruktur. Die Produkte von ManageEngine stellen sicher, dass Benutzeraktivit\u00e4ten \u00fcberwacht und rechtliche und ethische Standards eingehalten werden, und helfen gleichzeitig, Ihr Unternehmen vor Identit\u00e4tsdiebstahl und fortschrittlichen Cyber-Bedrohungen zu sch\u00fctzen.<\/p>\n\n\n\n<p>IT-Sicherheitsprodukte: Cloud-Analysesystem <a href=\"https:\/\/www.soledpro.cz\/de\/kyberneticka-bezpecnost\/manage-engine\/produkty-security-it\/cloud-security-plus\/\">Cloud Security Plus<\/a>, ein Werkzeug zur Protokollanalyse <a href=\"https:\/\/www.soledpro.cz\/de\/kyberneticka-bezpecnost\/manage-engine\/produkty-security-it\/eventlog-analyzer\/\">EventLog Analyzer<\/a>, Log-Analyse-System <a href=\"https:\/\/www.soledpro.cz\/de\/kyberneticka-bezpecnost\/manage-engine\/produkty-security-it\/firewall-analyzer\/\">Firewall Analyzer<\/a>, SSH-Schl\u00fcsselverwaltungssystem <a href=\"https:\/\/www.soledpro.cz\/de\/kyberneticka-bezpecnost\/manage-engine\/produkty-security-it\/key-manager-plus\/\">Key Manager Plus<\/a>, Software zur Verwaltung der IT-Umgebung <a href=\"https:\/\/www.soledpro.cz\/de\/kyberneticka-bezpecnost\/manage-engine\/produkty-security-it\/log360\/\">Log360<\/a>, Privilegierter Passwort-Manager <a href=\"https:\/\/www.soledpro.cz\/de\/kyberneticka-bezpecnost\/manage-engine\/produkty-security-it\/password-manager-pro\/\">Password Manager Pro<\/a>, ein Werkzeug zur Verwaltung von Schwachstellen <a href=\"https:\/\/www.soledpro.cz\/de\/kyberneticka-bezpecnost\/manage-engine\/produkty-security-it\/vulnerability-manager-plus\/\">Vulnerability Manager Plus<\/a>, ein System zur Verwaltung von privilegiertem Zugang <a href=\"https:\/\/www.soledpro.cz\/de\/kyberneticka-bezpecnost\/manage-engine\/produkty-security-it\/pam360\/\">PAM360<\/a> und ein Browser-Sicherheitstool <a href=\"https:\/\/www.soledpro.cz\/de\/kyberneticka-bezpecnost\/manage-engine\/produkty-security-it\/browser-security-plus\/\">Browser Security Plus<\/a>.<\/p>","protected":false},"excerpt":{"rendered":"<p>Zajist\u011bte&nbsp;IT bezpe\u010dnost&nbsp;organizace s vysp\u011bl\u00fdm \u0159e\u0161en\u00edm pro zabezpe\u010den\u00ed fyzick\u00e9 i virtu\u00e1ln\u00ed infrastruktury. Produkty ManageEngine zajist\u00ed kontrolu aktivity u\u017eivatel\u016f a dodr\u017eov\u00e1n\u00ed pr\u00e1vn\u00edch a&nbsp;etick\u00fdch norem a sou\u010dasn\u011b pomohou chr\u00e1nit organizaci p\u0159ed zcizen\u00edm identity a pokro\u010dil\u00fdmi kybernetick\u00fdmi hrozbami. Mezi bezpe\u010dnostn\u00ed IT produkty pat\u0159\u00ed: syst\u00e9m pro anal\u00fdzu cloudov\u00e9ho prost\u0159ed\u00ed Cloud Security Plus, n\u00e1stroj pro anal\u00fdzu log\u016f EventLog Analyzer, syst\u00e9m pro [&hellip;]<\/p>","protected":false},"author":1,"featured_media":0,"parent":229,"menu_order":0,"comment_status":"closed","ping_status":"closed","template":"","meta":{"footnotes":""},"class_list":["post-708","page","type-page","status-publish","hentry"],"_links":{"self":[{"href":"https:\/\/www.soledpro.cz\/de\/wp-json\/wp\/v2\/pages\/708","targetHints":{"allow":["GET"]}}],"collection":[{"href":"https:\/\/www.soledpro.cz\/de\/wp-json\/wp\/v2\/pages"}],"about":[{"href":"https:\/\/www.soledpro.cz\/de\/wp-json\/wp\/v2\/types\/page"}],"author":[{"embeddable":true,"href":"https:\/\/www.soledpro.cz\/de\/wp-json\/wp\/v2\/users\/1"}],"replies":[{"embeddable":true,"href":"https:\/\/www.soledpro.cz\/de\/wp-json\/wp\/v2\/comments?post=708"}],"version-history":[{"count":2,"href":"https:\/\/www.soledpro.cz\/de\/wp-json\/wp\/v2\/pages\/708\/revisions"}],"predecessor-version":[{"id":1095,"href":"https:\/\/www.soledpro.cz\/de\/wp-json\/wp\/v2\/pages\/708\/revisions\/1095"}],"up":[{"embeddable":true,"href":"https:\/\/www.soledpro.cz\/de\/wp-json\/wp\/v2\/pages\/229"}],"wp:attachment":[{"href":"https:\/\/www.soledpro.cz\/de\/wp-json\/wp\/v2\/media?parent=708"}],"curies":[{"name":"wp","href":"https:\/\/api.w.org\/{rel}","templated":true}]}}