{"id":543,"date":"2021-05-24T14:54:52","date_gmt":"2021-05-24T12:54:52","guid":{"rendered":"http:\/\/www.soledpro.cz\/?page_id=543"},"modified":"2022-06-01T14:38:11","modified_gmt":"2022-06-01T12:38:11","slug":"antimalware","status":"publish","type":"page","link":"https:\/\/www.soledpro.cz\/de\/kyberneticka-bezpecnost\/antimalware\/","title":{"rendered":"Antimalware"},"content":{"rendered":"<h2 class=\"wp-block-heading\"><strong>ESET INTERNET SECURITY<\/strong><\/h2>\n\n\n\n<p>ESET nab\u00edz\u00ed nejucelen\u011bj\u0161\u00ed a nejefektivn\u011bj\u0161\u00ed technologii prevence na\u00a0sv\u011bt\u011b. V\u00a0kombinaci se\u00a0\u0161pi\u010dkov\u00fdmi odborn\u00edky a profesion\u00e1ln\u00ed nab\u00eddkou slu\u017eeb s\u00a0v\u00edce ne\u017e desetiletou prax\u00ed, tak poskytuje kompletn\u00ed sadu \u0159e\u0161en\u00ed kybernetick\u00e9 bezpe\u010dnosti pro\u00a0velk\u00e9 podniky a enterprise.<\/p>\n\n\n\n<p>ESET p\u016fsob\u00ed ji\u017e 30\u00a0let jako\u00a0nez\u00e1visl\u00e1 technologick\u00e1 spole\u010dnost po\u00a0cel\u00e9m sv\u011bt\u011b a m\u00e1 obrovsk\u00e9 zku\u0161enosti s\u00a0ochranou klient\u016f nap\u0159\u00ed\u010d\u00a0v\u0161emi odv\u011btv\u00edmi. V\u010detn\u011b\u00a0velmi specifick\u00fdch odborn\u00fdch znalost\u00ed z\u00a0\u0159ady pr\u016fmyslov\u00fdch odv\u011btv\u00ed a vertik\u00e1l. Pou\u017e\u00edv\u00e1n\u00ed technologi\u00ed ESET v\u00e1m umo\u017e\u0148uje tyto zku\u0161enosti vyu\u017e\u00edt pro va\u0161i kybernetickou bezpe\u010dnost.<\/p>\n\n\n\n<h3 class=\"wp-block-heading\">THREAT INTELLIGENCE<\/h3>\n\n\n\n<p>Detailn\u00ed a akceschopn\u00e9 informace sb\u00edran\u00e9 z\u00a0laborato\u0159\u00ed ESET po\u00a0cel\u00e9m sv\u011bt\u011b, poskytovan\u00e9 prost\u0159ednictv\u00edm informa\u010dn\u00edch kan\u00e1l\u016f a report\u016f, kter\u00e9 nab\u00edz\u00ed va\u0161\u00ed organizaci aktu\u00e1ln\u00ed p\u0159ehled o pokro\u010dil\u00fdch trval\u00fdch hrozb\u00e1ch APT, botnetech a dal\u0161\u00edch \u00fatoc\u00edch.<\/p>\n\n\n\n<h3 class=\"wp-block-heading\">DETEKCE A REAKCE<\/h3>\n\n\n\n<p>Maxim\u00e1ln\u00ed ochrana, kompletn\u00ed \u0159\u00edzen\u00ed kybernetick\u00fdch rizik a detailn\u00ed p\u0159ehled o\u00a0IT prost\u0159ed\u00ed organizace d\u00edky nejucelen\u011bj\u0161\u00ed detekci a reakci od ESETu. Z\u00edskejte p\u0159\u00edstup ke \u0161pi\u010dkov\u00fdm odborn\u00fdm znalostem prost\u0159ednictv\u00edm ESET MDR a XDR s\u00a0vyu\u017eit\u00edm n\u00e1stroje ESET\u00a0Inspect.<\/p>\n\n\n\n<h3 class=\"wp-block-heading\">ROZ\u0160\u00cd\u0158EN\u00c1 OCHRANA<\/h3>\n\n\n\n<p>Dal\u0161\u00ed vrstvy zabezpe\u010den\u00ed zahrnuj\u00edc\u00ed cloudovou ochranu proti\u00a0c\u00edlen\u00fdm \u00fatok\u016fm a nov\u00fdm typ\u016fm hrozeb, zejm\u00e9na ransomwaru, d\u00e1le specializovanou ochranu pro\u00a0cloudov\u00e9 kancel\u00e1\u0159sk\u00e9 sady a v\u00edcefaktorov\u00e9 ov\u011b\u0159ov\u00e1n\u00ed a \u0161ifrov\u00e1n\u00ed pro\u00a0pos\u00edlen\u00ed ochrany p\u0159\u00edstupu.<\/p>\n\n\n\n<h3 class=\"wp-block-heading\">NEJEN ANTIVIRUS<\/h3>\n\n\n\n<p>V\u00edce vrstev prevence a detekce s&nbsp;vyu\u017eit\u00edm unik\u00e1tn\u00edch technologi\u00ed spole\u010dnosti ESET, kter\u00e9 chr\u00e1n\u00ed koncov\u00e9 body, za\u0159\u00edzen\u00ed, souborov\u00e9 servery, po\u0161tovn\u00ed servery a produkty SharePoint ve&nbsp;va\u0161\u00ed organizaci. \u0158e\u0161en\u00ed ESET nab\u00edz\u00ed v\u00edce ne\u017e jen antivirov\u00fd program.<\/p>\n\n\n\n<h2 class=\"wp-block-heading\"><strong>Symantec<\/strong><\/h2>\n\n\n\n<h2 class=\"wp-block-heading\"><strong>Kaspersky<\/strong><\/h2>\n\n\n\n<p><\/p>","protected":false},"excerpt":{"rendered":"<p>ESET INTERNET SECURITY ESET nab\u00edz\u00ed nejucelen\u011bj\u0161\u00ed a nejefektivn\u011bj\u0161\u00ed technologii prevence na\u00a0sv\u011bt\u011b. V\u00a0kombinaci se\u00a0\u0161pi\u010dkov\u00fdmi odborn\u00edky a profesion\u00e1ln\u00ed nab\u00eddkou slu\u017eeb s\u00a0v\u00edce ne\u017e desetiletou prax\u00ed, tak poskytuje kompletn\u00ed sadu \u0159e\u0161en\u00ed kybernetick\u00e9 bezpe\u010dnosti pro\u00a0velk\u00e9 podniky a enterprise. ESET p\u016fsob\u00ed ji\u017e 30\u00a0let jako\u00a0nez\u00e1visl\u00e1 technologick\u00e1 spole\u010dnost po\u00a0cel\u00e9m sv\u011bt\u011b a m\u00e1 obrovsk\u00e9 zku\u0161enosti s\u00a0ochranou klient\u016f nap\u0159\u00ed\u010d\u00a0v\u0161emi odv\u011btv\u00edmi. V\u010detn\u011b\u00a0velmi specifick\u00fdch odborn\u00fdch znalost\u00ed z\u00a0\u0159ady [&hellip;]<\/p>","protected":false},"author":1,"featured_media":0,"parent":123,"menu_order":0,"comment_status":"closed","ping_status":"closed","template":"","meta":{"footnotes":""},"class_list":["post-543","page","type-page","status-publish","hentry"],"_links":{"self":[{"href":"https:\/\/www.soledpro.cz\/de\/wp-json\/wp\/v2\/pages\/543","targetHints":{"allow":["GET"]}}],"collection":[{"href":"https:\/\/www.soledpro.cz\/de\/wp-json\/wp\/v2\/pages"}],"about":[{"href":"https:\/\/www.soledpro.cz\/de\/wp-json\/wp\/v2\/types\/page"}],"author":[{"embeddable":true,"href":"https:\/\/www.soledpro.cz\/de\/wp-json\/wp\/v2\/users\/1"}],"replies":[{"embeddable":true,"href":"https:\/\/www.soledpro.cz\/de\/wp-json\/wp\/v2\/comments?post=543"}],"version-history":[{"count":2,"href":"https:\/\/www.soledpro.cz\/de\/wp-json\/wp\/v2\/pages\/543\/revisions"}],"predecessor-version":[{"id":1203,"href":"https:\/\/www.soledpro.cz\/de\/wp-json\/wp\/v2\/pages\/543\/revisions\/1203"}],"up":[{"embeddable":true,"href":"https:\/\/www.soledpro.cz\/de\/wp-json\/wp\/v2\/pages\/123"}],"wp:attachment":[{"href":"https:\/\/www.soledpro.cz\/de\/wp-json\/wp\/v2\/media?parent=543"}],"curies":[{"name":"wp","href":"https:\/\/api.w.org\/{rel}","templated":true}]}}