{"id":427,"date":"2021-04-17T08:46:23","date_gmt":"2021-04-17T06:46:23","guid":{"rendered":"http:\/\/www.soledpro.cz\/?page_id=427"},"modified":"2021-04-17T08:57:50","modified_gmt":"2021-04-17T06:57:50","slug":"mezinarodni-podpora-karatistu-dresden-usti-n-l","status":"publish","type":"page","link":"https:\/\/www.soledpro.cz\/de\/evropske-projekty\/realizovane-projekty\/mezinarodni-podpora-karatistu-dresden-usti-n-l\/","title":{"rendered":"Internationale Unterst\u00fctzung von Karatek\u00e4mpfern Dresden - \u00dast\u00ed n.L."},"content":{"rendered":"<p>Euroregion Elbe\/Labe<\/p>","protected":false},"excerpt":{"rendered":"<p>Euroregion Elbe\/Labe<\/p>","protected":false},"author":1,"featured_media":0,"parent":381,"menu_order":0,"comment_status":"closed","ping_status":"closed","template":"","meta":{"footnotes":""},"class_list":["post-427","page","type-page","status-publish","hentry"],"_links":{"self":[{"href":"https:\/\/www.soledpro.cz\/de\/wp-json\/wp\/v2\/pages\/427","targetHints":{"allow":["GET"]}}],"collection":[{"href":"https:\/\/www.soledpro.cz\/de\/wp-json\/wp\/v2\/pages"}],"about":[{"href":"https:\/\/www.soledpro.cz\/de\/wp-json\/wp\/v2\/types\/page"}],"author":[{"embeddable":true,"href":"https:\/\/www.soledpro.cz\/de\/wp-json\/wp\/v2\/users\/1"}],"replies":[{"embeddable":true,"href":"https:\/\/www.soledpro.cz\/de\/wp-json\/wp\/v2\/comments?post=427"}],"version-history":[{"count":2,"href":"https:\/\/www.soledpro.cz\/de\/wp-json\/wp\/v2\/pages\/427\/revisions"}],"predecessor-version":[{"id":456,"href":"https:\/\/www.soledpro.cz\/de\/wp-json\/wp\/v2\/pages\/427\/revisions\/456"}],"up":[{"embeddable":true,"href":"https:\/\/www.soledpro.cz\/de\/wp-json\/wp\/v2\/pages\/381"}],"wp:attachment":[{"href":"https:\/\/www.soledpro.cz\/de\/wp-json\/wp\/v2\/media?parent=427"}],"curies":[{"name":"wp","href":"https:\/\/api.w.org\/{rel}","templated":true}]}}