{"id":417,"date":"2021-04-17T08:43:21","date_gmt":"2021-04-17T06:43:21","guid":{"rendered":"http:\/\/www.soledpro.cz\/?page_id=417"},"modified":"2021-04-17T08:43:24","modified_gmt":"2021-04-17T06:43:24","slug":"zatepleni-obytnych-domu-ulice-klisska-usti-n-l","status":"publish","type":"page","link":"https:\/\/www.soledpro.cz\/de\/evropske-projekty\/realizovane-projekty\/zatepleni-obytnych-domu-ulice-klisska-usti-n-l\/","title":{"rendered":"Isolierung von Wohngeb\u00e4uden in der Stra\u00dfe Kl\u00ed\u0161sk\u00e1 \u00dast\u00ed n.L."},"content":{"rendered":"<p>IROP Challenge 37<\/p>","protected":false},"excerpt":{"rendered":"<p>IROP Challenge 37<\/p>","protected":false},"author":1,"featured_media":0,"parent":381,"menu_order":0,"comment_status":"closed","ping_status":"closed","template":"","meta":{"footnotes":""},"class_list":["post-417","page","type-page","status-publish","hentry"],"_links":{"self":[{"href":"https:\/\/www.soledpro.cz\/de\/wp-json\/wp\/v2\/pages\/417","targetHints":{"allow":["GET"]}}],"collection":[{"href":"https:\/\/www.soledpro.cz\/de\/wp-json\/wp\/v2\/pages"}],"about":[{"href":"https:\/\/www.soledpro.cz\/de\/wp-json\/wp\/v2\/types\/page"}],"author":[{"embeddable":true,"href":"https:\/\/www.soledpro.cz\/de\/wp-json\/wp\/v2\/users\/1"}],"replies":[{"embeddable":true,"href":"https:\/\/www.soledpro.cz\/de\/wp-json\/wp\/v2\/comments?post=417"}],"version-history":[{"count":1,"href":"https:\/\/www.soledpro.cz\/de\/wp-json\/wp\/v2\/pages\/417\/revisions"}],"predecessor-version":[{"id":418,"href":"https:\/\/www.soledpro.cz\/de\/wp-json\/wp\/v2\/pages\/417\/revisions\/418"}],"up":[{"embeddable":true,"href":"https:\/\/www.soledpro.cz\/de\/wp-json\/wp\/v2\/pages\/381"}],"wp:attachment":[{"href":"https:\/\/www.soledpro.cz\/de\/wp-json\/wp\/v2\/media?parent=417"}],"curies":[{"name":"wp","href":"https:\/\/api.w.org\/{rel}","templated":true}]}}