{"id":411,"date":"2021-04-17T08:41:27","date_gmt":"2021-04-17T06:41:27","guid":{"rendered":"http:\/\/www.soledpro.cz\/?page_id=411"},"modified":"2021-04-17T08:41:29","modified_gmt":"2021-04-17T06:41:29","slug":"inovativni-nastroje-v-monitoringu-a-managementu-siti","status":"publish","type":"page","link":"https:\/\/www.soledpro.cz\/de\/evropske-projekty\/realizovane-projekty\/inovativni-nastroje-v-monitoringu-a-managementu-siti\/","title":{"rendered":"Innovative Tools zur Netzwerk\u00fcberwachung und -verwaltung"},"content":{"rendered":"<figure class=\"wp-block-image\"><img decoding=\"async\" src=\"https:\/\/www.soledpro.cz\/wp-content\/uploads\/2024\/05\/opi2k-de.png\" alt=\"OPPIK\"\/><\/figure>\n\n\n\n<p><strong>Name des Projekts:<\/strong><\/p>\n\n\n\n<p>Innovative Tools zur Netzwerk\u00fcberwachung und -verwaltung<\/p>\n\n\n\n<p><strong>Realisierungsdatum:<\/strong><\/p>\n\n\n\n<p>1.6.2018-31.10.2018<\/p>\n\n\n\n<p><strong>Beschreibung:<\/strong><\/p>\n\n\n\n<p>Der Antragsteller beabsichtigt, gemeinsam mit dem Wissensanbieter die M\u00f6glichkeit zu erhalten, Freeware-Produkte zur L\u00f6sung finanziell erschwinglicher SIEM-L\u00f6sungen, Netzwerkzuverl\u00e4ssigkeitstests, \u00dcberwachung und Netflow-Management als Ersatz f\u00fcr kommerzielle Produkte zu implementieren, f\u00fcr deren Anschaffung gro\u00dfe Investitionen erforderlich sind Erneuerung der Lizenzen. Diese Produkte m\u00fcssen die ersetzten L\u00f6sungen hinsichtlich Funktionalit\u00e4t und Gew\u00e4hrleistung der Sicherheit ersetzen.<\/p>\n\n\n\n<p>Bude po\u017eadov\u00e1na dostupn\u00e1 technick\u00e1 podpora u jejich v\u00fdrobc\u016f a garance aktualizac\u00ed min. na 10 let.<\/p>\n\n\n\n<p><strong>Zielgruppe:<\/strong><\/p>\n\n\n\n<p>Gesch\u00e4ftseinheiten<\/p>","protected":false},"excerpt":{"rendered":"<p>N\u00e1zev projektu: Inovativn\u00ed n\u00e1stroje v monitoringu a managementu s\u00edt\u00ed Term\u00edn realizace: 1.6.2018-31.10.2018 Popis: \u017dadatel spole\u010dn\u011b s poskytovatelem znalost\u00ed m\u00e1 v \u00famyslu zisk mo\u017enosti implementace freewarov\u00fdch produkt\u016f k \u0159e\u0161en\u00ed finan\u010dn\u011b dostupn\u00fdch \u0159e\u0161en\u00ed SIEM, test\u016f spolehlivosti s\u00edt\u011b, monitoringu a \u0159\u00edzen\u00ed Netflow, jako n\u00e1hrady komer\u010dn\u00edch produkt\u016f s nutnost\u00ed velk\u00fdch investic za po\u0159\u00edzen\u00ed a obnovu platnosti licenc\u00ed. Tyto produkty [&hellip;]<\/p>","protected":false},"author":1,"featured_media":0,"parent":381,"menu_order":0,"comment_status":"closed","ping_status":"closed","template":"","meta":{"footnotes":""},"class_list":["post-411","page","type-page","status-publish","hentry"],"_links":{"self":[{"href":"https:\/\/www.soledpro.cz\/de\/wp-json\/wp\/v2\/pages\/411","targetHints":{"allow":["GET"]}}],"collection":[{"href":"https:\/\/www.soledpro.cz\/de\/wp-json\/wp\/v2\/pages"}],"about":[{"href":"https:\/\/www.soledpro.cz\/de\/wp-json\/wp\/v2\/types\/page"}],"author":[{"embeddable":true,"href":"https:\/\/www.soledpro.cz\/de\/wp-json\/wp\/v2\/users\/1"}],"replies":[{"embeddable":true,"href":"https:\/\/www.soledpro.cz\/de\/wp-json\/wp\/v2\/comments?post=411"}],"version-history":[{"count":1,"href":"https:\/\/www.soledpro.cz\/de\/wp-json\/wp\/v2\/pages\/411\/revisions"}],"predecessor-version":[{"id":412,"href":"https:\/\/www.soledpro.cz\/de\/wp-json\/wp\/v2\/pages\/411\/revisions\/412"}],"up":[{"embeddable":true,"href":"https:\/\/www.soledpro.cz\/de\/wp-json\/wp\/v2\/pages\/381"}],"wp:attachment":[{"href":"https:\/\/www.soledpro.cz\/de\/wp-json\/wp\/v2\/media?parent=411"}],"curies":[{"name":"wp","href":"https:\/\/api.w.org\/{rel}","templated":true}]}}