{"id":409,"date":"2021-04-17T08:40:49","date_gmt":"2021-04-17T06:40:49","guid":{"rendered":"http:\/\/www.soledpro.cz\/?page_id=409"},"modified":"2021-04-17T08:40:50","modified_gmt":"2021-04-17T06:40:50","slug":"implementace-inovativnich-bezpecnostnich-technologii-do-firemnich-infrastruktur","status":"publish","type":"page","link":"https:\/\/www.soledpro.cz\/de\/evropske-projekty\/realizovane-projekty\/implementace-inovativnich-bezpecnostnich-technologii-do-firemnich-infrastruktur\/","title":{"rendered":"Implementierung innovativer Sicherheitstechnologien in Unternehmensinfrastrukturen"},"content":{"rendered":"<figure class=\"wp-block-image\"><img decoding=\"async\" src=\"https:\/\/www.soledpro.cz\/wp-content\/uploads\/2024\/05\/opi2k-de.png\" alt=\"OPPIK\"\/><\/figure>\n\n\n\n<p><strong>Name des Projekts<\/strong>:<\/p>\n\n\n\n<p>Implementierung innovativer Sicherheitstechnologien in Unternehmensinfrastrukturen<\/p>\n\n\n\n<p><strong>Realisierungsdatum:<\/strong><\/p>\n\n\n\n<p>1.6.2018 \u2013 31.1.2019<\/p>\n\n\n\n<p><strong>Beschreibung:<\/strong><\/p>\n\n\n\n<p>Erlangung der M\u00f6glichkeit, Freeware-Produkte zur L\u00f6sung der oben genannten Sicherheitsdienste einzusetzen, als Ersatz f\u00fcr kommerzielle Produkte mit der Notwendigkeit gro\u00dfer Investitionen f\u00fcr den Erwerb und die Erneuerung von Lizenzen. Diese Produkte m\u00fcssen die ersetzten L\u00f6sungen hinsichtlich Funktionalit\u00e4t und Gew\u00e4hrleistung der Sicherheit ersetzen. Gleichzeitig muss technischer Support durch deren Hersteller verf\u00fcgbar sein und eine Aktualisierungsgarantie von min. f\u00fcr 10 Jahre.<\/p>\n\n\n\n<p><strong>Zielgruppe:<\/strong><\/p>\n\n\n\n<p>Gesch\u00e4ftseinheiten<\/p>","protected":false},"excerpt":{"rendered":"<p>N\u00e1zev projektu: Implementace inovativn\u00edch bezpe\u010dnostn\u00edch technologi\u00ed do firemn\u00edch infrastruktur Term\u00edn realizace: 1.6.2018 \u2013 31.1.2019 Popis: Z\u00edsk\u00e1n\u00ed mo\u017enosti implementace freewarov\u00fdch produkt\u016f k \u0159e\u0161en\u00ed v\u00fd\u0161e uveden\u00fdch bezpe\u010dnostn\u00edch slu\u017eeb, jako n\u00e1hrady komer\u010dn\u00edch produkt\u016f s nutnost\u00ed velk\u00fdch investic za po\u0159\u00edzen\u00ed a obnovu platnosti licenc\u00ed. Tyto produkty mus\u00ed nahrazovan\u00e1 \u0159e\u0161en\u00ed nahrazovat ve funk\u010dnosti a garanci m\u00edry bezpe\u010dnosti. Sou\u010dasn\u011b mus\u00ed b\u00fdt [&hellip;]<\/p>","protected":false},"author":1,"featured_media":0,"parent":381,"menu_order":0,"comment_status":"closed","ping_status":"closed","template":"","meta":{"footnotes":""},"class_list":["post-409","page","type-page","status-publish","hentry"],"_links":{"self":[{"href":"https:\/\/www.soledpro.cz\/de\/wp-json\/wp\/v2\/pages\/409","targetHints":{"allow":["GET"]}}],"collection":[{"href":"https:\/\/www.soledpro.cz\/de\/wp-json\/wp\/v2\/pages"}],"about":[{"href":"https:\/\/www.soledpro.cz\/de\/wp-json\/wp\/v2\/types\/page"}],"author":[{"embeddable":true,"href":"https:\/\/www.soledpro.cz\/de\/wp-json\/wp\/v2\/users\/1"}],"replies":[{"embeddable":true,"href":"https:\/\/www.soledpro.cz\/de\/wp-json\/wp\/v2\/comments?post=409"}],"version-history":[{"count":1,"href":"https:\/\/www.soledpro.cz\/de\/wp-json\/wp\/v2\/pages\/409\/revisions"}],"predecessor-version":[{"id":410,"href":"https:\/\/www.soledpro.cz\/de\/wp-json\/wp\/v2\/pages\/409\/revisions\/410"}],"up":[{"embeddable":true,"href":"https:\/\/www.soledpro.cz\/de\/wp-json\/wp\/v2\/pages\/381"}],"wp:attachment":[{"href":"https:\/\/www.soledpro.cz\/de\/wp-json\/wp\/v2\/media?parent=409"}],"curies":[{"name":"wp","href":"https:\/\/api.w.org\/{rel}","templated":true}]}}