{"id":407,"date":"2021-04-17T08:40:10","date_gmt":"2021-04-17T06:40:10","guid":{"rendered":"http:\/\/www.soledpro.cz\/?page_id=407"},"modified":"2021-04-17T08:40:12","modified_gmt":"2021-04-17T06:40:12","slug":"vyvoj-software-k-poskytovani-proaktivnich-bezpecnostnich-reseni","status":"publish","type":"page","link":"https:\/\/www.soledpro.cz\/de\/evropske-projekty\/realizovane-projekty\/vyvoj-software-k-poskytovani-proaktivnich-bezpecnostnich-reseni\/","title":{"rendered":"Softwareentwicklung zur Bereitstellung proaktiver Sicherheitsl\u00f6sungen"},"content":{"rendered":"<figure class=\"wp-block-image\"><img decoding=\"async\" src=\"https:\/\/www.soledpro.cz\/wp-content\/uploads\/2024\/05\/opi2k-de.png\" alt=\"\"\/><\/figure>\n\n\n\n<p><strong>Softwareentwicklung zur Bereitstellung proaktiver Sicherheitsl\u00f6sungen&nbsp;<\/strong><\/p>\n\n\n\n<p>Realisierungsdatum:&nbsp;<br>1.9.2017 \u2013 29.5.2018<\/p>\n\n\n\n<p><strong>Beschreibung:&nbsp;<\/strong><\/p>\n\n\n\n<p>Der Antragsteller ist ein Software-Sicherheitsanbieter. Derzeit entwickelt er einen Dienst, der proaktive L\u00f6sungen gegen elektronische Bedrohungen in IT-Netzwerken bietet. F\u00fcr die Umsetzung dieses Dienstes, den wir nach genauer Spezifikation gemeinsam mit UJEP entwickeln wollen, steht die notwendige Anwendung nicht zur Verf\u00fcgung. Der Dienst soll die Wirksamkeit des Netzwerkschutzes erh\u00f6hen und sch\u00e4dliche Technologien entfernen, bevor sie ihre Aktivit\u00e4t entfalten.<\/p>\n\n\n\n<p><strong>Zielgruppe:<\/strong><\/p>\n\n\n\n<p>Gesch\u00e4ftseinheiten<\/p>","protected":false},"excerpt":{"rendered":"<p>V\u00fdvoj software k poskytov\u00e1n\u00ed proaktivn\u00edch bezpe\u010dnostn\u00edch \u0159e\u0161en\u00ed&nbsp; Term\u00edn realizace:&nbsp;1.9.2017 \u2013 29.5.2018 Popis:&nbsp; \u017dadatel je poskytovatelem softwarov\u00e9 bezpe\u010dnosti. V sou\u010dasnosti p\u0159ipravuje slu\u017ebu pro poskytov\u00e1n\u00ed proaktivn\u00edch \u0159e\u0161en\u00ed proti elektronick\u00fdm hrozb\u00e1m na&nbsp; IT s\u00edt\u00edch. K realizaci t\u00e9to slu\u017eby nen\u00ed dostupn\u00e1 pot\u0159ebn\u00e1 aplikace, kterou m\u00e1me v \u00famyslu vyvinout ve spolupr\u00e1ci s UJEP po p\u0159esn\u00e9 specifikaci. Slu\u017eba je ur\u010dena pro [&hellip;]<\/p>","protected":false},"author":1,"featured_media":0,"parent":381,"menu_order":0,"comment_status":"closed","ping_status":"closed","template":"","meta":{"footnotes":""},"class_list":["post-407","page","type-page","status-publish","hentry"],"_links":{"self":[{"href":"https:\/\/www.soledpro.cz\/de\/wp-json\/wp\/v2\/pages\/407","targetHints":{"allow":["GET"]}}],"collection":[{"href":"https:\/\/www.soledpro.cz\/de\/wp-json\/wp\/v2\/pages"}],"about":[{"href":"https:\/\/www.soledpro.cz\/de\/wp-json\/wp\/v2\/types\/page"}],"author":[{"embeddable":true,"href":"https:\/\/www.soledpro.cz\/de\/wp-json\/wp\/v2\/users\/1"}],"replies":[{"embeddable":true,"href":"https:\/\/www.soledpro.cz\/de\/wp-json\/wp\/v2\/comments?post=407"}],"version-history":[{"count":1,"href":"https:\/\/www.soledpro.cz\/de\/wp-json\/wp\/v2\/pages\/407\/revisions"}],"predecessor-version":[{"id":408,"href":"https:\/\/www.soledpro.cz\/de\/wp-json\/wp\/v2\/pages\/407\/revisions\/408"}],"up":[{"embeddable":true,"href":"https:\/\/www.soledpro.cz\/de\/wp-json\/wp\/v2\/pages\/381"}],"wp:attachment":[{"href":"https:\/\/www.soledpro.cz\/de\/wp-json\/wp\/v2\/media?parent=407"}],"curies":[{"name":"wp","href":"https:\/\/api.w.org\/{rel}","templated":true}]}}