{"id":403,"date":"2021-04-17T08:38:57","date_gmt":"2021-04-17T06:38:57","guid":{"rendered":"http:\/\/www.soledpro.cz\/?page_id=403"},"modified":"2021-04-17T08:38:59","modified_gmt":"2021-04-17T06:38:59","slug":"podpora-odborneho-vzdelavani-zamestnancu","status":"publish","type":"page","link":"https:\/\/www.soledpro.cz\/de\/evropske-projekty\/realizovane-projekty\/podpora-odborneho-vzdelavani-zamestnancu\/","title":{"rendered":"Unterst\u00fctzung bei der beruflichen Weiterbildung der Mitarbeiter"},"content":{"rendered":"<p>Das Projekt richtet sich an Unternehmen, die auch w\u00e4hrend der Rezession stabil sind und die Voraussetzungen f\u00fcr weiteres Wachstum haben.Umsetzung eines Projektantrags zur Unterst\u00fctzung der Ausbildung von Mitarbeitern von Unternehmen in der Tschechischen Republik, bei denen die Art der wirtschaftlichen T\u00e4tigkeit des Antragstellers nicht entscheidend ist.<\/p>\n\n\n\n<p>SOLEDPRO garantiert:<\/p>\n\n\n\n<ul class=\"wp-block-list\"><li>Entwicklung der Anwendung<\/li><li>Kontakt zum Trainer<\/li><li>Verwaltung des gesamten Projektes<\/li><li>Abschlussbericht.<\/li><\/ul>\n\n\n\n<p>Bei Vorabinteresse kontaktieren Sie uns unverbindlich <a href=\"https:\/\/www.soledpro.cz\/de\/kontakty\/\">Kontakt<\/a>.<\/p>","protected":false},"excerpt":{"rendered":"<p>Projekt je ur\u010den pro firmy, kter\u00e9 jsou i v dob\u011b recese stabiln\u00ed a maj\u00ed p\u0159edpoklady d\u00e1le r\u016fst.&nbsp;Realizace projektov\u00e9 &nbsp;\u017e\u00e1dosti, zam\u011b\u0159en\u00e9 na podporu vzd\u011bl\u00e1v\u00e1n\u00ed zam\u011bstnanc\u016f firem v \u010cR, kde nerozhoduje druh ekonomick\u00e9 \u010dinnosti \u017eadatele. SOLEDPRO garantuje: vypracov\u00e1n\u00ed \u017e\u00e1dosti kontakt se \u0161kolitelem administraci cel\u00e9ho projektu z\u00e1v\u011bre\u010dnou zpr\u00e1vu. V p\u0159\u00edpad\u011b p\u0159edb\u011b\u017en\u00e9ho z\u00e1jmu n\u00e1s nez\u00e1vazn\u011b kontaktujte.<\/p>","protected":false},"author":1,"featured_media":0,"parent":381,"menu_order":0,"comment_status":"closed","ping_status":"closed","template":"","meta":{"footnotes":""},"class_list":["post-403","page","type-page","status-publish","hentry"],"_links":{"self":[{"href":"https:\/\/www.soledpro.cz\/de\/wp-json\/wp\/v2\/pages\/403","targetHints":{"allow":["GET"]}}],"collection":[{"href":"https:\/\/www.soledpro.cz\/de\/wp-json\/wp\/v2\/pages"}],"about":[{"href":"https:\/\/www.soledpro.cz\/de\/wp-json\/wp\/v2\/types\/page"}],"author":[{"embeddable":true,"href":"https:\/\/www.soledpro.cz\/de\/wp-json\/wp\/v2\/users\/1"}],"replies":[{"embeddable":true,"href":"https:\/\/www.soledpro.cz\/de\/wp-json\/wp\/v2\/comments?post=403"}],"version-history":[{"count":1,"href":"https:\/\/www.soledpro.cz\/de\/wp-json\/wp\/v2\/pages\/403\/revisions"}],"predecessor-version":[{"id":404,"href":"https:\/\/www.soledpro.cz\/de\/wp-json\/wp\/v2\/pages\/403\/revisions\/404"}],"up":[{"embeddable":true,"href":"https:\/\/www.soledpro.cz\/de\/wp-json\/wp\/v2\/pages\/381"}],"wp:attachment":[{"href":"https:\/\/www.soledpro.cz\/de\/wp-json\/wp\/v2\/media?parent=403"}],"curies":[{"name":"wp","href":"https:\/\/api.w.org\/{rel}","templated":true}]}}