{"id":401,"date":"2021-04-17T08:38:22","date_gmt":"2021-04-17T06:38:22","guid":{"rendered":"http:\/\/www.soledpro.cz\/?page_id=401"},"modified":"2021-04-17T08:38:24","modified_gmt":"2021-04-17T06:38:24","slug":"vzdelavejte-se-pro-rust-v-usteckem-kraji-ii","status":"publish","type":"page","link":"https:\/\/www.soledpro.cz\/de\/evropske-projekty\/realizovane-projekty\/vzdelavejte-se-pro-rust-v-usteckem-kraji-ii\/","title":{"rendered":"Bilden Sie sich f\u00fcr Wachstum in der Region Aussiger II weiter"},"content":{"rendered":"<p>Das Projekt richtet sich an Unternehmen, die durch die Rezession in wirtschaftliche Schwierigkeiten geraten sind.Umsetzung einer Projektanfrage zur Unterst\u00fctzung der Ausbildung von Firmenmitarbeitern in der Region \u00dast\u00ed, die f\u00fcr einen bestimmten Sektor bestimmt ist.<\/p>\n\n\n\n<p>SOLEDPRO garantiert:<\/p>\n\n\n\n<ul class=\"wp-block-list\"><li>Entwicklung der Anwendung<\/li><li>Kontakt zum Trainer<\/li><li>Verwaltung des gesamten Projektes<\/li><li>Abschlussbericht.<\/li><\/ul>\n\n\n\n<p>Bei Vorabinteresse kontaktieren Sie uns unverbindlich <a href=\"https:\/\/www.soledpro.cz\/de\/kontakty\/\">Kontakt<\/a>.<\/p>","protected":false},"excerpt":{"rendered":"<p>Projekt je ur\u010den pro firmy, kter\u00e9 se dostaly do ekonomick\u00fdch pot\u00ed\u017e\u00ed d\u016fsledkem recese.&nbsp;Realizace projektov\u00e9 &nbsp;\u017e\u00e1dosti, zam\u011b\u0159en\u00e9 na podporu vzd\u011bl\u00e1v\u00e1n\u00ed zam\u011bstnanc\u016f firem v \u00dasteck\u00e9m kraji, ur\u010den\u00e1 pro specifick\u00e1 odv\u011btv\u00ed. SOLEDPRO garantuje: vypracov\u00e1n\u00ed \u017e\u00e1dosti kontakt se \u0161kolitelem administraci cel\u00e9ho projektu z\u00e1v\u011bre\u010dnou zpr\u00e1vu. V p\u0159\u00edpad\u011b p\u0159edb\u011b\u017en\u00e9ho z\u00e1jmu n\u00e1s nez\u00e1vazn\u011b kontaktujte.<\/p>","protected":false},"author":1,"featured_media":0,"parent":381,"menu_order":0,"comment_status":"closed","ping_status":"closed","template":"","meta":{"footnotes":""},"class_list":["post-401","page","type-page","status-publish","hentry"],"_links":{"self":[{"href":"https:\/\/www.soledpro.cz\/de\/wp-json\/wp\/v2\/pages\/401","targetHints":{"allow":["GET"]}}],"collection":[{"href":"https:\/\/www.soledpro.cz\/de\/wp-json\/wp\/v2\/pages"}],"about":[{"href":"https:\/\/www.soledpro.cz\/de\/wp-json\/wp\/v2\/types\/page"}],"author":[{"embeddable":true,"href":"https:\/\/www.soledpro.cz\/de\/wp-json\/wp\/v2\/users\/1"}],"replies":[{"embeddable":true,"href":"https:\/\/www.soledpro.cz\/de\/wp-json\/wp\/v2\/comments?post=401"}],"version-history":[{"count":1,"href":"https:\/\/www.soledpro.cz\/de\/wp-json\/wp\/v2\/pages\/401\/revisions"}],"predecessor-version":[{"id":402,"href":"https:\/\/www.soledpro.cz\/de\/wp-json\/wp\/v2\/pages\/401\/revisions\/402"}],"up":[{"embeddable":true,"href":"https:\/\/www.soledpro.cz\/de\/wp-json\/wp\/v2\/pages\/381"}],"wp:attachment":[{"href":"https:\/\/www.soledpro.cz\/de\/wp-json\/wp\/v2\/media?parent=401"}],"curies":[{"name":"wp","href":"https:\/\/api.w.org\/{rel}","templated":true}]}}