{"id":399,"date":"2021-04-17T08:37:41","date_gmt":"2021-04-17T06:37:41","guid":{"rendered":"http:\/\/www.soledpro.cz\/?page_id=399"},"modified":"2024-05-30T13:43:58","modified_gmt":"2024-05-30T11:43:58","slug":"skolici-stredisko-soledpro","status":"publish","type":"page","link":"https:\/\/www.soledpro.cz\/de\/evropske-projekty\/realizovane-projekty\/skolici-stredisko-soledpro\/","title":{"rendered":"SOLEDPRO-Schulungszentrum"},"content":{"rendered":"<p><strong>Projektregistrierungsnummer<\/strong>:&nbsp;5.2 SS02\/292<br><strong>Datum der Umsetzung<\/strong>:&nbsp;1.8.2010 &#8211; 1.11.2011<\/p>\n\n\n\n<p>Das SOLEDPRO-Schulungszentrum befindet sich in der Na-Skl\u00edpku-Stra\u00dfe 373\/37 in \u00dast\u00ed nad Labem. Es gibt neu renovierte und voll ausgestattete Klassenzimmer mit einer Gesamtkapazit\u00e4t von 44 Pl\u00e4tzen.<\/p>\n\n\n\n<figure class=\"wp-block-image\"><img decoding=\"async\" src=\"http:\/\/www.soledpro.cz\/kcfinder\/upload\/images\/projekt-stredisko.jpg\" alt=\"\"\/><\/figure>","protected":false},"excerpt":{"rendered":"<p>Registra\u010dn\u00ed \u010d\u00edslo projektu:&nbsp;5.2 SS02\/292Datum realizace:&nbsp;1.8.2010 &#8211; 1.11.2011 \u0160kol\u00edc\u00ed st\u0159edisko SOLEDPRO se nach\u00e1z\u00ed v ulici Na Skl\u00edpku 373\/37 v \u00dast\u00ed nad Labem. K dispozici jsou nov\u011b zrekonstruovan\u00e9 a pln\u011b vybaven\u00e9 u\u010debny s celkovou kapacitou 44 m\u00edst.<\/p>","protected":false},"author":1,"featured_media":0,"parent":381,"menu_order":0,"comment_status":"closed","ping_status":"closed","template":"","meta":{"footnotes":""},"class_list":["post-399","page","type-page","status-publish","hentry"],"_links":{"self":[{"href":"https:\/\/www.soledpro.cz\/de\/wp-json\/wp\/v2\/pages\/399","targetHints":{"allow":["GET"]}}],"collection":[{"href":"https:\/\/www.soledpro.cz\/de\/wp-json\/wp\/v2\/pages"}],"about":[{"href":"https:\/\/www.soledpro.cz\/de\/wp-json\/wp\/v2\/types\/page"}],"author":[{"embeddable":true,"href":"https:\/\/www.soledpro.cz\/de\/wp-json\/wp\/v2\/users\/1"}],"replies":[{"embeddable":true,"href":"https:\/\/www.soledpro.cz\/de\/wp-json\/wp\/v2\/comments?post=399"}],"version-history":[{"count":2,"href":"https:\/\/www.soledpro.cz\/de\/wp-json\/wp\/v2\/pages\/399\/revisions"}],"predecessor-version":[{"id":1438,"href":"https:\/\/www.soledpro.cz\/de\/wp-json\/wp\/v2\/pages\/399\/revisions\/1438"}],"up":[{"embeddable":true,"href":"https:\/\/www.soledpro.cz\/de\/wp-json\/wp\/v2\/pages\/381"}],"wp:attachment":[{"href":"https:\/\/www.soledpro.cz\/de\/wp-json\/wp\/v2\/media?parent=399"}],"curies":[{"name":"wp","href":"https:\/\/api.w.org\/{rel}","templated":true}]}}