{"id":397,"date":"2021-04-17T08:37:05","date_gmt":"2021-04-17T06:37:05","guid":{"rendered":"http:\/\/www.soledpro.cz\/?page_id=397"},"modified":"2021-04-17T08:37:07","modified_gmt":"2021-04-17T06:37:07","slug":"zvysovani-konkurenceschopnosti-elektrotechniku","status":"publish","type":"page","link":"https:\/\/www.soledpro.cz\/de\/evropske-projekty\/realizovane-projekty\/zvysovani-konkurenceschopnosti-elektrotechniku\/","title":{"rendered":"Steigerung der Wettbewerbsf\u00e4higkeit von Elektroingenieuren"},"content":{"rendered":"<h2 class=\"wp-block-heading\"><a href=\"http:\/\/www.soledpro.cz\/de\/kcfinder\/upload\/files\/brozura__verze_finalni.docx\/\">Studienf\u00fchrer zum Lesen<\/a><\/h2>\n\n\n\n<figure class=\"wp-block-image\"><a href=\"http:\/\/www.soledpro.cz\/de\/kcfinder\/upload\/files\/brozura__verze_finalni.docx\/\"><img decoding=\"async\" src=\"http:\/\/www.soledpro.cz\/kcfinder\/upload\/images\/handbook_icon.png\" alt=\"\"\/><\/a><\/figure>\n\n\n\n<h2 class=\"wp-block-heading\">Auswertung<\/h2>\n\n\n\n<p><a href=\"javascript:void(0);\">Kontinuierliche Bewertung<\/a><\/p>\n\n\n\n<p><a href=\"http:\/\/www.soledpro.cz\/de\/kcfinder\/upload\/files\/evaluace_01.pdf\/\"><strong>Auswertung 01<\/strong><\/a><\/p>\n\n\n\n<p><a href=\"http:\/\/www.soledpro.cz\/de\/kcfinder\/upload\/files\/evaluace_02.pdf\/\"><strong>Auswertung 02<\/strong><\/a><\/p>\n\n\n\n<p><a href=\"http:\/\/www.soledpro.cz\/de\/kcfinder\/upload\/files\/evaluace_03.pdf\/\"><strong>Auswertung 03<\/strong><\/a><\/p>\n\n\n\n<p><a href=\"http:\/\/www.soledpro.cz\/de\/kcfinder\/upload\/files\/evaluace_04.pdf\/\"><strong>Auswertung 04<\/strong><\/a><\/p>\n\n\n\n<p><a href=\"http:\/\/www.soledpro.cz\/de\/kcfinder\/upload\/files\/evaluace_05.pdf\/\"><strong>Auswertung 05<\/strong><\/a><\/p>\n\n\n\n<p><a href=\"http:\/\/www.soledpro.cz\/de\/kcfinder\/upload\/files\/evaluace_06.pdf\/\"><strong>Auswertung 06<\/strong><\/a><\/p>\n\n\n\n<p><a href=\"http:\/\/www.soledpro.cz\/de\/kcfinder\/upload\/files\/evaluace_07.pdf\/\"><strong>Auswertung 07<\/strong><\/a><\/p>\n\n\n\n<p><a href=\"http:\/\/www.soledpro.cz\/de\/kcfinder\/upload\/files\/evaluace_08.pdf\/\"><strong>Auswertung 08<\/strong><\/a><\/p>\n\n\n\n<p><a href=\"http:\/\/www.soledpro.cz\/de\/kcfinder\/upload\/files\/evaluace_09.pdf\/\"><strong>Auswertung 09<\/strong><\/a><\/p>\n\n\n\n<p><a href=\"http:\/\/www.soledpro.cz\/de\/kcfinder\/upload\/files\/evaluace_10.pdf\/\"><strong>Auswertung 10<\/strong><\/a><\/p>\n\n\n\n<p><a href=\"http:\/\/www.soledpro.cz\/de\/kcfinder\/upload\/files\/evaluace_11.pdf\/\"><strong>Auswertung 11<\/strong><\/a><\/p>\n\n\n\n<p><a href=\"http:\/\/www.soledpro.cz\/de\/kcfinder\/upload\/files\/evaluace_12.pdf\/\"><strong>Auswertung 12<\/strong><\/a><\/p>\n\n\n\n<p><a href=\"http:\/\/www.soledpro.cz\/de\/kcfinder\/upload\/files\/evaluace_13.pdf\/\"><strong>Auswertung 13<\/strong><\/a><\/p>\n\n\n\n<p><a href=\"http:\/\/www.soledpro.cz\/de\/kcfinder\/upload\/files\/evaluace_14.pdf\/\"><strong>Auswertung 14<\/strong><\/a><\/p>\n\n\n\n<p><a href=\"http:\/\/www.soledpro.cz\/de\/kcfinder\/upload\/files\/evaluace_15.pdf\/\"><strong>Auswertung 15<\/strong><\/a><\/p>\n\n\n\n<p><a href=\"http:\/\/www.soledpro.cz\/de\/kcfinder\/upload\/files\/evaluace_16.pdf\/\"><strong>Auswertung 16<\/strong><\/a><\/p>\n\n\n\n<p><a href=\"http:\/\/www.soledpro.cz\/de\/kcfinder\/upload\/files\/evaluace_17.pdf\/\"><strong>Auswertung 17<\/strong><\/a><\/p>\n\n\n\n<p><a href=\"http:\/\/www.soledpro.cz\/de\/kcfinder\/upload\/files\/evaluace_18.pdf\/\"><strong>Auswertung 18<\/strong><\/a><a href=\"javascript:void(0);\">Schluss\u00fcberpr\u00fcfung<\/a><\/p>\n\n\n\n<p><a href=\"http:\/\/www.soledpro.cz\/de\/kcfinder\/upload\/files\/evaluace_pro www_01.pdf\/\"><strong>Auswertung 01<\/strong><\/a><\/p>\n\n\n\n<p><a href=\"http:\/\/www.soledpro.cz\/de\/kcfinder\/upload\/files\/evaluace_pro www_02.pdf\/\"><strong>Auswertung 02<\/strong><\/a><\/p>\n\n\n\n<p><a href=\"http:\/\/www.soledpro.cz\/de\/kcfinder\/upload\/files\/evaluace_pro www_03.pdf\/\"><strong>Auswertung 03<\/strong><\/a><\/p>\n\n\n\n<p><a href=\"http:\/\/www.soledpro.cz\/de\/kcfinder\/upload\/files\/evaluace_pro www_04.pdf\/\"><strong>Auswertung 04<\/strong><\/a><\/p>\n\n\n\n<p><a href=\"http:\/\/www.soledpro.cz\/de\/kcfinder\/upload\/files\/evaluace_pro www_05.pdf\/\"><strong>Auswertung 05<\/strong><\/a><\/p>\n\n\n\n<p><a href=\"http:\/\/www.soledpro.cz\/de\/kcfinder\/upload\/files\/evaluace_pro www_06.pdf\/\"><strong>Auswertung 06<\/strong><\/a><\/p>\n\n\n\n<p><a href=\"http:\/\/www.soledpro.cz\/de\/kcfinder\/upload\/files\/evaluace_pro www_07.pdf\/\"><strong>Auswertung 07<\/strong><\/a><\/p>\n\n\n\n<p><a href=\"http:\/\/www.soledpro.cz\/de\/kcfinder\/upload\/files\/evaluace_pro www_08.pdf\/\"><strong>Auswertung 08<\/strong><\/a><\/p>\n\n\n\n<p><a href=\"http:\/\/www.soledpro.cz\/de\/kcfinder\/upload\/files\/evaluace_pro www_09.pdf\/\"><strong>Auswertung 09<\/strong><\/a><\/p>\n\n\n\n<p><a href=\"http:\/\/www.soledpro.cz\/de\/kcfinder\/upload\/files\/evaluace_pro www_10.pdf\/\"><strong>Auswertung 10<\/strong><\/a><\/p>\n\n\n\n<p><a href=\"http:\/\/www.soledpro.cz\/de\/kcfinder\/upload\/files\/evaluace_pro www_11.pdf\/\"><strong>Auswertung 11<\/strong><\/a><\/p>\n\n\n\n<p><a href=\"http:\/\/www.soledpro.cz\/de\/kcfinder\/upload\/files\/evaluace_pro www_12.pdf\/\"><strong>Auswertung 12<\/strong><\/a><\/p>\n\n\n\n<p><a href=\"http:\/\/www.soledpro.cz\/de\/kcfinder\/upload\/files\/evaluace_pro www_13.pdf\/\"><strong>Auswertung 13<\/strong><\/a><\/p>\n\n\n\n<p><a href=\"http:\/\/www.soledpro.cz\/de\/kcfinder\/upload\/files\/evaluace_pro www_14.pdf\/\"><strong>Auswertung 14<\/strong><\/a><\/p>\n\n\n\n<p><a href=\"http:\/\/www.soledpro.cz\/de\/kcfinder\/upload\/files\/evaluace_pro www_15.pdf\/\"><strong>Auswertung 15<\/strong><\/a><\/p>\n\n\n\n<p><a href=\"http:\/\/www.soledpro.cz\/de\/kcfinder\/upload\/files\/evaluace_pro www_16.pdf\/\"><strong>Auswertung 16<\/strong><\/a><\/p>\n\n\n\n<p><a href=\"http:\/\/www.soledpro.cz\/de\/kcfinder\/upload\/files\/evaluace_pro www_17.pdf\/\"><strong>Auswertung 17<\/strong><\/a><\/p>\n\n\n\n<p><a href=\"http:\/\/www.soledpro.cz\/de\/kcfinder\/upload\/files\/evaluace_pro www_18.pdf\/\"><strong>Auswertung 18<\/strong><\/a><\/p>\n\n\n\n<p><strong>Name des Projekts<\/strong>:\u00a0Verbesserung der Wettbewerbsf\u00e4higkeit von Elektroingenieuren<br><strong>Betriebsprogrammnummer<\/strong>: CZ.1.07 Global Grant-Nummer: CZ.1.07\/3.2.06<br><strong>Name des Global Grants<\/strong>: Unterst\u00fctzung der Weiterbildung in der Region \u00dast\u00ed<br><strong>Der Name des Supportbereichs<\/strong>:\u00a0 Unterst\u00fctzung des Weiterbildungsangebots<br><strong>Projektregistrierungsnummer<\/strong>:&nbsp; CZ.1.07\/3.2.06\/04.0029<br><strong>Datum der Umsetzung<\/strong>:&nbsp; 1.5.2014 &#8211; 31.5.2015<br><strong>Realisierer<\/strong>:&nbsp; SOLEDPRO s.r.o.<\/p>\n\n\n\n<p>SOLEDPRO s.r.o. ist der Durchf\u00fchrende des OPVK-Projekts mit dem Titel \u201eSteigerung der Wettbewerbsf\u00e4higkeit von Elektroingenieuren\u201c.<\/p>\n\n\n\n<figure class=\"wp-block-image\"><img decoding=\"async\" src=\"http:\/\/www.soledpro.cz\/kcfinder\/upload\/images\/opvk.png\" alt=\"loga partner\u016f\"\/><\/figure>\n\n\n\n<p>Das Projekt richtet sich an:<\/p>\n\n\n\n<ol class=\"wp-block-list\"><li>Steigerung der Fachkompetenz der Arbeitnehmer im Bereich Elektrotechnik.<\/li><li>Steigerung der Anpassungsf\u00e4higkeit und Wettbewerbsf\u00e4higkeit dieser Arbeitnehmer auf dem Arbeitsmarkt vor allem in der Region des ehemaligen Kreises \u00dast\u00ed nad Labem.<\/li><\/ol>\n\n\n\n<p>Zielgruppe sind Weiterbildungsteilnehmer aus der Elektrotechnikbranche. Insgesamt werden 15 qualifizierte Elektrotechniker gef\u00f6rdert.<\/p>\n\n\n\n<p>Gegenstand ist die Schaffung eines innovativen interaktiven Bildungsprodukts, dessen Ziel darin besteht, die berufliche Qualifikation der Absolventen auf das Niveau eines Installationsinspektionstechnikers zu erh\u00f6hen \u2013 d. h. das Bestehen der vorgeschriebenen Pr\u00fcfung gem\u00e4\u00df \u00a79 der Verordnung 50\/1978 Slg. Dadurch wird die Zahl der hochqualifizierten Experten auf diesem Gebiet erh\u00f6ht. Im Mittelpunkt des Projekts steht die berufliche Qualifizierung von Arbeitskr\u00e4ften, die deren Wettbewerbsf\u00e4higkeit auf dem Arbeitsmarkt deutlich steigert und so negative Situationen, die mit Personalabbau oder fehlenden Besch\u00e4ftigungsm\u00f6glichkeiten aufgrund der geringen Wettbewerbsf\u00e4higkeit einhergehen, pr\u00e4ventiv verhindert.<\/p>\n\n\n\n<p>Ein weiterer Grund ist das relativ geringe Bewusstsein der Zielgruppe \u00fcber die Verf\u00fcgbarkeit von Bildung. Die Zielgruppe wird dar\u00fcber informiert, wie sie die erforderlichen Qualifikationen erlangt und sich auf dem Arbeitsmarkt zurechtfindet.<a href=\"javascript:void(0);\">Aktu\u00e1ln\u00ed \u010dinnosti<\/a><\/p>\n\n\n\n<p><strong>16. &#8211; 19. 2.&nbsp;2016<\/strong><\/p>\n\n\n\n<ul class=\"wp-block-list\"><li>Es gab einen Kurs f\u00fcr Elektrotechniker<\/li><li>Der Kurs fand im audiovisuellen Klassenzimmer von SOLEDPRO s.r.o. statt, es nahmen 5 Teilnehmer teil<\/li><\/ul>\n\n\n\n<figure class=\"wp-block-image\"><img decoding=\"async\" src=\"http:\/\/www.soledpro.cz\/kcfinder\/upload\/images\/OPVK_pozvanka_2016.gif\" alt=\"\"\/><\/figure>\n\n\n\n<p><strong>Juni 2015 \u2013 Mai 2016<\/strong><\/p>\n\n\n\n<ul class=\"wp-block-list\"><li>Die Nachhaltigkeit des Projekts l\u00e4uft, in dessen Rahmen ein Lehrgang f\u00fcr Elektroingenieure durchgef\u00fchrt wird (\u00fcber den Termin des Lehrgangs informieren wir Sie hier)<\/li><li>Interessenten f\u00fcr das Lernmodul k\u00f6nnen sich nach der oben genannten Registrierung bzw. Anmeldung daf\u00fcr bewerben<\/li><\/ul>\n\n\n\n<p><strong>Mai 2015<\/strong><\/p>\n\n\n\n<ul class=\"wp-block-list\"><li>Abschluss der Projektumsetzung und Gesamtbewertung des Fortschritts<\/li><li>Kontaktaufnahme mit den Projektteilnehmern mit Informationen \u00fcber die Beendigung<\/li><li>Erstellung von endg\u00fcltigem Lehrmaterial und interaktivem Lehrprodukt<\/li><\/ul>\n\n\n\n<p><br><strong>April 2015<\/strong><\/p>\n\n\n\n<ul class=\"wp-block-list\"><li>Abschluss der dritten Pilot\u00fcberpr\u00fcfung des Bildungsmoduls (6 Personen haben diese erfolgreich abgeschlossen)<\/li><li>Auswertung der Evaluationsfrageb\u00f6gen der Teilnehmer der dritten Pilotverifizierung des Bildungsmoduls<\/li><li>Vorbereitung des endg\u00fcltigen Lehrmaterials auf der Grundlage der Auswertung der letzten Pilot\u00fcberpr\u00fcfung<\/li><li>Kontaktaufnahme mit Unternehmen, die ihre Mitarbeiter eingebunden haben, Bewertung des Projekts und des Beitrags<\/li><\/ul>\n\n\n\n<p><br><strong>M\u00e4rz 2015<\/strong><\/p>\n\n\n\n<ul class=\"wp-block-list\"><li>Kontaktaufnahme mit der CS und Beginn der dritten Pilotverifizierung des Bildungsmoduls<\/li><li>Vorbereitung des endg\u00fcltigen interaktiven Bildungsprodukts zur Ver\u00f6ffentlichung auf der Website<\/li><\/ul>\n\n\n\n<p><br><strong>Februar 2015<\/strong><\/p>\n\n\n\n<ul class=\"wp-block-list\"><li>Modifikationen des Bildungsmoduls basierend auf den Ergebnissen der Auswertung der zweiten Pilotverifizierung<\/li><li>Treffen mit den letzten Kandidaten f\u00fcr die Aufnahme in das Bildungsmodul und deren Einbindung in das Projekt<\/li><\/ul>\n\n\n\n<p><br><strong>Januar 2015<\/strong><\/p>\n\n\n\n<ul class=\"wp-block-list\"><li>Abschluss der zweiten Pilot\u00fcberpr\u00fcfung des Bildungsmoduls (7 Personen haben diese erfolgreich abgeschlossen)<\/li><li>Treffen mit anderen, die an der Aufnahme in das Bildungsmodul interessiert sind, und deren Beteiligung am Projekt<\/li><li>Treffen mit den neuesten Organisationen aus dem Bereich Elektrotechnik und Ermitteln ihrer Bed\u00fcrfnisse und ihres Interesses an der Einbindung von Mitarbeitern in das Projekt<\/li><li>Auswertung der Evaluationsfrageb\u00f6gen der Teilnehmer der zweiten Pilotverifizierung des Bildungsmoduls<\/li><\/ul>\n\n\n\n<p><br><strong>Dezember 2014<\/strong><\/p>\n\n\n\n<ul class=\"wp-block-list\"><li>Kontaktaufnahme mit der CS und Beginn der zweiten Pilotverifizierung des Bildungsmoduls<\/li><li>Bewertung des bisherigen Projektfortschritts<\/li><\/ul>\n\n\n\n<p><br><strong>November 2014<\/strong><\/p>\n\n\n\n<ul class=\"wp-block-list\"><li>Treffen mit anderen, die an der Aufnahme in das Bildungsmodul interessiert sind, und deren Beteiligung am Projekt<\/li><li>weitere Verhandlungen mit Organisationen aus dem Bereich Elektrotechnik und Ermittlung deren Bedarf und Interesse an der Einbindung von Mitarbeitern in das Projekt<\/li><li>Anpassungen des Bildungsmoduls basierend auf den Ergebnissen der Evaluation des ersten Bildungsmoduls<\/li><li>Festlegung des Datums der zweiten Pilot\u00fcberpr\u00fcfung des Bildungsmoduls<\/li><\/ul>\n\n\n\n<p><br><strong>Oktober 2014<\/strong><\/p>\n\n\n\n<ul class=\"wp-block-list\"><li>Abschluss der ersten Pilotverifizierung des Bildungsmoduls (5 Personen haben es erfolgreich abgeschlossen)<\/li><li>Treffen mit anderen, die an der Aufnahme in das Bildungsmodul interessiert sind, und deren Beteiligung am Projekt<\/li><li>Kontaktaufnahme und weitere Verhandlungen mit Organisationen aus dem Bereich der Elektrotechnik sowie Ermittlung deren Bedarf und Interesse an der Einbindung von Mitarbeitern in das Projekt<\/li><li>Auswertung der Bewertungsfrageb\u00f6gen der Teilnehmer der ersten Pilotverifizierung des Bildungsmoduls<\/li><\/ul>\n\n\n\n<p><strong>September 2014<\/strong><\/p>\n\n\n\n<ul class=\"wp-block-list\"><li>Treffen mit anderen Bewerbern f\u00fcr die Aufnahme in das Bildungsmodul und deren Einbindung in das Projekt<\/li><li>weitere Verhandlungen mit Organisationen aus dem Bereich Elektrotechnik und Ermittlung deren Bedarf und Interesse an der Einbindung von Mitarbeitern in das Projekt<\/li><li>Vervollst\u00e4ndigung des Lehrmaterials f\u00fcr Teilnehmer der ersten Pilotpr\u00fcfung gem\u00e4\u00df dem entwickelten Lehrplan<\/li><li>Einleitung der ersten Pilotverifizierung des Bildungsmoduls<\/li><\/ul>\n\n\n\n<p><strong>August 2014<\/strong><\/p>\n\n\n\n<ul class=\"wp-block-list\"><li>Treffen mit den ersten Bewerbern f\u00fcr die Aufnahme in das Bildungsmodul und deren Einbindung in das Projekt<\/li><li>Vorbereitung von Lehrmaterialien f\u00fcr Teilnehmer der ersten Pilotverifizierung gem\u00e4\u00df dem ausgearbeiteten Lehrplan<\/li><li>Terminvereinbarung f\u00fcr die erste Pilotverifizierung des Bildungsmoduls<\/li><\/ul>\n\n\n\n<p><strong>Juli 2014<\/strong><\/p>\n\n\n\n<ul class=\"wp-block-list\"><li>Verhandlungen mit anderen Organisationen aus dem Bereich der Elektrotechnik und Ermittlung ihrer Bed\u00fcrfnisse<\/li><li>Weiterhin an anderen Themen des Lehrplans arbeiten und diese in ihre endg\u00fcltige Form bringen<\/li><li>Finden und Kontaktieren weiterer Unternehmen, die f\u00fcr die Teilnahme an der Pilotverifizierung geeignet sind<\/li><li>Verteilung weiterer Flugbl\u00e4tter, die auf die Existenz des Projekts hinweisen<\/li><\/ul>\n\n\n\n<p><strong>Juni 2014<\/strong><\/p>\n\n\n\n<ul class=\"wp-block-list\"><li>Verhandlungen mit Organisationen aus dem Bereich der Elektrotechnik und Ermittlung spezifischer Bed\u00fcrfnisse zur Steigerung der Qualifikation ihrer Mitarbeiter<\/li><li>Erstellung von Informationsmaterialien und deren Verteilung<\/li><li>Bearbeitung weiterer Themen des Bildungsmoduls<\/li><\/ul>\n\n\n\n<p><strong>Mai 2014<\/strong><\/p>\n\n\n\n<ul class=\"wp-block-list\"><li>1.5. Projektstart<\/li><li>Schaffung technischer und administrativer Rahmenbedingungen f\u00fcr den reibungslosen Projektablauf<\/li><li>Erstansprache an Organisationen, die im Bereich der Elektrotechnik t\u00e4tig sind, mit Informationen zur Projektumsetzung<\/li><li>Auswahl geeigneter Themen und Vorbereitung des Lehrplans sowie Vorbereitung des Lehrplans f\u00fcr das erste Bildungsmodul<\/li><li>Erstellung von Informationsmaterialien und Dokumenten<\/li><\/ul>","protected":false},"excerpt":{"rendered":"<p>Studijn\u00ed p\u0159\u00edru\u010dka ke \u010dten\u00ed Evaluace Evaluace pr\u016fb\u011b\u017en\u00e1 Evaluace 01 Evaluace 02 Evaluace 03 Evaluace 04 Evaluace 05 Evaluace 06 Evaluace 07 Evaluace 08 Evaluace 09 Evaluace 10 Evaluace 11 Evaluace 12 Evaluace 13 Evaluace 14 Evaluace 15 Evaluace 16 Evaluace 17 Evaluace 18Evaluace z\u00e1v\u011bre\u010dn\u00e1 Evaluace 01 Evaluace 02 Evaluace 03 Evaluace 04 Evaluace 05 Evaluace [&hellip;]<\/p>","protected":false},"author":1,"featured_media":0,"parent":381,"menu_order":0,"comment_status":"closed","ping_status":"closed","template":"","meta":{"footnotes":""},"class_list":["post-397","page","type-page","status-publish","hentry"],"_links":{"self":[{"href":"https:\/\/www.soledpro.cz\/de\/wp-json\/wp\/v2\/pages\/397","targetHints":{"allow":["GET"]}}],"collection":[{"href":"https:\/\/www.soledpro.cz\/de\/wp-json\/wp\/v2\/pages"}],"about":[{"href":"https:\/\/www.soledpro.cz\/de\/wp-json\/wp\/v2\/types\/page"}],"author":[{"embeddable":true,"href":"https:\/\/www.soledpro.cz\/de\/wp-json\/wp\/v2\/users\/1"}],"replies":[{"embeddable":true,"href":"https:\/\/www.soledpro.cz\/de\/wp-json\/wp\/v2\/comments?post=397"}],"version-history":[{"count":1,"href":"https:\/\/www.soledpro.cz\/de\/wp-json\/wp\/v2\/pages\/397\/revisions"}],"predecessor-version":[{"id":398,"href":"https:\/\/www.soledpro.cz\/de\/wp-json\/wp\/v2\/pages\/397\/revisions\/398"}],"up":[{"embeddable":true,"href":"https:\/\/www.soledpro.cz\/de\/wp-json\/wp\/v2\/pages\/381"}],"wp:attachment":[{"href":"https:\/\/www.soledpro.cz\/de\/wp-json\/wp\/v2\/media?parent=397"}],"curies":[{"name":"wp","href":"https:\/\/api.w.org\/{rel}","templated":true}]}}