{"id":387,"date":"2021-04-17T08:32:07","date_gmt":"2021-04-17T06:32:07","guid":{"rendered":"http:\/\/www.soledpro.cz\/?page_id=387"},"modified":"2021-04-17T08:32:09","modified_gmt":"2021-04-17T06:32:09","slug":"teplo-pro-mojzir-j-plachty-192","status":"publish","type":"page","link":"https:\/\/www.soledpro.cz\/de\/evropske-projekty\/realizovane-projekty\/teplo-pro-mojzir-j-plachty-192\/","title":{"rendered":"W\u00e4rme f\u00fcr Moj\u017e\u00ed\u0159 \u2013 J. Plachty 192"},"content":{"rendered":"<p>Das Projekt wurde gem\u00e4\u00df dem IOP-Aufruf \u201eSanierung von Mehrfamilienh\u00e4usern\u201c entwickelt und umgesetzt. Antragsteller f\u00fcr das Projekt ist SVJ Jind\u0159icha Plachty 192 in \u00dast\u00ed nad Labem. Das Projekt wurde erfolgreich abgeschlossen.<\/p>\n\n\n\n<figure class=\"wp-block-image\"><img decoding=\"async\" src=\"http:\/\/www.soledpro.cz\/kcfinder\/upload\/images\/logo%20zateplovani.png\" alt=\"loga partner\u016f\"\/><\/figure>\n\n\n\n<p><strong>Begr\u00fcndung der Notwendigkeit des Vorhabens inkl. Beschreibung des Ausgangszustandes:<\/strong><\/p>\n\n\n\n<p>Das geplante Wohnhaus wird im Bausystem T-06 errichtet. Es handelt sich um ein typisches Strukturgeb\u00e4ude, das aus einer Erweiterungseinheit mit einem Eingang besteht. Das Geb\u00e4ude verf\u00fcgt \u00fcber 8 oberirdische Stockwerke und ein unterirdisches, teilweise im Boden versenktes. Auf der 1. bis 8. Etage befinden sich Wohnungen und die 1. Etage verf\u00fcgt \u00fcber Haushaltsger\u00e4te. Der aktuelle Zustand des Wohngeb\u00e4udes entspricht nicht der Verordnung Nr. 137\/1998 Slg. \u00fcber allgemeine technische Anforderungen an das Bauwesen. Hierbei handelt es sich um eine Reihe von Anforderungen, die das \u00f6ffentliche Interesse am Bauwesen interpretieren, n\u00e4mlich: mechanische Festigkeit und Stabilit\u00e4t, Brandschutz, Hygiene, Gesundheits- und Umweltschutz, Nutzungssicherheit, Energieeinsparung und Hitzeschutz. Die nicht isolierten Randplatten des Geb\u00e4udes weisen derzeit M\u00e4ngel auf, die sowohl produktionstechnisch als auch bautechnisch bedingt sind. Zu den wichtigsten z\u00e4hlen das Eindringen von Wasser durch die Fugen in das Geb\u00e4ude, eine unzureichende W\u00e4rmed\u00e4mmung in den Details und Fugen der Umfassungsschale usw. Die Umfassungsw\u00e4nde von 1.PP weisen stellenweise gebrochene Oberfl\u00e4chenbeschichtungen auf. \u00dcber den Traufg\u00e4ngen ist die Vertikalabdichtung abgeschlossen, sie weist \u00f6rtlich Risse auf und es kommt zu Undichtigkeiten in die Kellerr\u00e4ume im 1. OG. Der Kitt in den Fugen zwischen den Teilen ist altersbedingt abgenutzt. Die Au\u00dfenkanten der Loggia-Deckenplatten sind in mehreren F\u00e4llen besch\u00e4digt, es sind Risse darin vorhanden. Einige Risse sind in dem Bereich gest\u00f6rt, die Sadurit-Beschichtung bl\u00e4ttert ab, die korrodierte Bewehrung f\u00fchrt zum Abbl\u00e4ttern der unzureichenden Betondeckschicht. Das Loggiagel\u00e4nder aus Stahl wurde k\u00fcrzlich ausgetauscht, eine neue Art der Verankerung ist jedoch notwendig, der aktuelle Zustand ist f\u00fcr sp\u00e4tere Umbauten ungeeignet. Das Dach wurde k\u00fcrzlich mit zus\u00e4tzlicher Isolierung renoviert. Der aktuelle Zustand des Daches weist keine M\u00e4ngel in den L\u00f6chern 1.-8.N.P. auf. Sie wurden k\u00fcrzlich durch neue Kunststoffteile ersetzt. Die Fenster im 1. Stock sind Stahlfl\u00fcgelfenster und mit Klarglas verglast. Stahlprofile korrodieren, Fenster weisen unzureichende thermische und technische Eigenschaften auf.<\/p>\n\n\n\n<p>Oplechov\u00e1n\u00ed parapet\u016f a \u0159\u00edms pod lod\u017eiemi apod. je provedeno z ocelov\u00e9ho pozinkovan\u00e9ho plechu opat\u0159en\u00e9ho neudr\u017eovan\u00fdm p\u016fvodn\u00edm n\u00e1t\u011brem. Rozm\u011bry oplechov\u00e1n\u00ed neumo\u017e\u0148uj\u00ed proveden\u00ed opravy obvodov\u00e9ho pl\u00e1\u0161t\u011b. Na p\u0159edlo\u017een\u00e9m schodi\u0161ti hl.vstupu se vyskytuj\u00ed statick\u00e9 poruch, zejm\u00e9na lok\u00e1ln\u011b odpadl\u00fd beton ze schodnic a obna\u017een\u00e1 v\u00fdstu\u017e na schodnic\u00edch, v\u011bt\u0161ina teracov\u00fdch stup\u0148\u016f je poru\u0161en\u00e1. V hlavn\u00edm vstupu do objektu je poru\u0161en\u00e1 keramick\u00e1 dla\u017eba a hydroizolace. Vstupn\u00ed dve\u0159e hlavn\u00ed do objektu jsou ocelov\u00e9 s dr\u00e1tosklovou v\u00fdpln\u00ed, ocelov\u00e9 prvky koroduj\u00ed. Vedlej\u0161\u00ed dve\u0159e jsou jednok\u0159\u00eddl\u00e9. Hlavn\u00ed dve\u0159e i dve\u0159e vedlej\u0161\u00ed maj\u00ed nedostate\u010dn\u00e9 tepeln\u011b technick\u00e9 vlastnosti.Rekonstrukc\u00ed objektu dojde k odstran\u011bn\u00ed statick\u00fdch vad a poruch na objektu , k technick\u00e9mu zhodnocen\u00ed a prodlou\u017een\u00ed \u017eivotnosti stavby.\u00dapravami stavebn\u00edho objektu dojde ke zlep\u0161en\u00ed technick\u00fdch vlastnost\u00ed ob\u00e1lkov\u00fdch konstrukc\u00ed a z\u00e1rove\u0148 budou vytvo\u0159eny stavebn\u011b technick\u00e9 podm\u00ednky pro \u00faspory tepla na vyt\u00e1p\u011bn\u00ed.. Budou t\u00edm i spln\u011bny po\u017eadavky \u010cSN 730540-2 na jednotliv\u00e9 dot\u010den\u00e9 stavebn\u00ed konstrukce.<\/p>\n\n\n\n<p><strong>Projektziele:<\/strong><\/p>\n\n\n\n<p>Das prim\u00e4re Ziel besteht darin, die Situation eines Plattenhauses in einer Problemsiedlung zu verbessern. Ein Teilziel ist eine deutliche Verbesserung des Energiezustands des jeweiligen Objekts. Die vorgeschlagenen technischen \u00c4nderungen und Bauma\u00dfnahmen werden direkte Auswirkungen auf die Einsparung von Heizdampf f\u00fcr das Geb\u00e4ude in der Gr\u00f6\u00dfenordnung von bis zu 25 % haben. Zu den vorgeschlagenen \u00c4nderungen geh\u00f6ren die Beseitigung von statischen M\u00e4ngeln und M\u00e4ngeln am Geb\u00e4ude, die Isolierung der Au\u00dfenh\u00fclle und der Austausch der Eingangst\u00fcr zum Geb\u00e4ude, die Sanierung der Eingangstreppe und die Erneuerung der Abdichtung der vertikalen W\u00e4nde von 1.PP und Folgearbeiten, Sanierung der Deckenplatten der Loggia, inklusive Neuabdichtung der B\u00f6den zur Verhinderung von Wassereintritt in Tragkonstruktionen und neue Pflasterung.<\/p>\n\n\n\n<p><strong>Einhaltung der Programmziele, Priorit\u00e4tsachsen und F\u00f6rderbereiche:<\/strong><\/p>\n\n\n\n<p>Ziel des Projekts ist es, die Lebensqualit\u00e4t der Bewohner problematischer Wohnsiedlungen zu erh\u00f6hen und den technischen Zustand eines im Massenwohnungsbau errichteten Hauses durch die Sanierung eines Mehrfamilienhauses gem\u00e4\u00df der Priorit\u00e4tsachse des Programms 5 \u2013 Landesf\u00f6rderung \u2013 zu verbessern Gebietsentwicklung und unterst\u00fctzte Aktivit\u00e4t 5.2.b) (Sanierung von Mehrfamilienh\u00e4usern). Das Projekt steht voll und ganz im Einklang mit IPRM \u00dast\u00ed nad Labem, Ma\u00dfnahme 2 \u2013 Sanierung von Mehrfamilienh\u00e4usern, in deren Rahmen eine aktualisierte Ausschreibung f\u00fcr Projektantr\u00e4ge ver\u00f6ffentlicht wurde.<\/p>\n\n\n\n<p><strong>Beschreibung der Aktivit\u00e4ten in der Vorbereitungsphase des Projekts:<\/strong><\/p>\n\n\n\n<p>In der Vorbereitungsphase des Projekts wurden mehrere Unternehmen kontaktiert, die die Projektdokumentation f\u00fcr die Bauleitung und den Bauauftrag bearbeiteten, aus denen der autorisierte Ing. Slavom\u00edr Kysela ausgew\u00e4hlt wurde, der die Projektdokumentation gem\u00e4\u00df der Verordnung Nr. 137\/1998 Slg. bearbeitete. \u00fcber allgemeine technische Anforderungen an den Bau, ge\u00e4ndert durch Dekret Nr. Nr. 491\/2006 Slg. und 502\/2006 Slg. Bearbeitung des Energieausweises des Geb\u00e4udes gem\u00e4\u00df der Verordnung Nr. 148\/5007 Slg. wurde von der Zulieferfirma DEKPROJEKT s.r.o. bereitgestellt. Prag. Beim Feuerwehr- und Rettungsdienst der Region \u00dast\u00ed wurde daf\u00fcr gesorgt, dass das f\u00fcr die Erteilung einer Baugenehmigung erforderliche Gutachten erstellt wurde. Nach Sicherstellung aller oben genannten Unterlagen wurde beim Bauamt des Mm\u00daL ein Antrag auf Erteilung einer Baugenehmigung gestellt. Die Baugenehmigung wurde erteilt und ist g\u00fcltig. Auswahl eines geeigneten Auftragnehmers f\u00fcr die Bauarbeiten auf der Grundlage einer Ausschreibung (nach Ausstellung einer Projektzul\u00e4ssigkeitsbescheinigung). In der Vorbereitungsphase des Projekts haben sich die f\u00fcr die Ausarbeitung des Antrags Verantwortlichen mit Vertretern von beraten die Abteilung f\u00fcr strategische Entwicklung des Mm\u00daL \u00fcber die ordnungsgem\u00e4\u00dfe Fertigstellung.<\/p>\n\n\n\n<p><strong>Beschreibung der Aktivit\u00e4ten in der Umsetzungsphase des Projekts:<\/strong><\/p>\n\n\n\n<p>Sicherstellung einer fachgerechten Bau\u00fcberwachung w\u00e4hrend der eigentlichen Projektdurchf\u00fchrung (Ausf\u00fchrung der Arbeiten), der eigentlichen Baudurchf\u00fchrung \u2013 Beseitigung statischer M\u00e4ngel und M\u00e4ngel am Geb\u00e4ude, D\u00e4mmung der Au\u00dfenh\u00fclle und Austausch der Eingangst\u00fcr zum Geb\u00e4ude, Sanierung der Eingangstreppe, Erneuerung der Abdichtung der vertikalen W\u00e4nde des 1. Obergeschosses und Folgearbeiten, Erneuerung der Deckenplatten der Loggia, einschlie\u00dflich neuer Abdichtung der B\u00f6den, um das Eindringen von Wasser in die Tragkonstruktionen zu verhindern, und neue Pflasterung<\/p>\n\n\n\n<p><strong>Beschreibung der Aktivit\u00e4ten in der operativen Phase des Projekts und der Pflege der Projektergebnisse:<\/strong><\/p>\n\n\n\n<p>Eine M\u00f6glichkeit, die Aufrechterhaltung der Ergebnisse des Projekts nach dessen Abschluss sicherzustellen, besteht in der Durchf\u00fchrung regelm\u00e4\u00dfiger Inspektionen und regelm\u00e4\u00dfiger Wartungen in Zusammenarbeit mit dem SVJ mit dem Zulieferunternehmen auf der Grundlage eines Vertragsverh\u00e4ltnisses. Dann regelm\u00e4\u00dfige Erneuerung der Revisionen. Nach Abschluss der Projektaktivit\u00e4ten (innerhalb von 3 Monaten) stehen der Projektantragsteller und der Bauunternehmer regelm\u00e4\u00dfig alle zwei Wochen in Form pers\u00f6nlicher Treffen in Kontakt. Nach Abschluss der Projektaktivit\u00e4ten (bis zu 12 Monate) stehen der Projektantragsteller und der Bauunternehmer regelm\u00e4\u00dfig monatlich auf elektronischem Wege und per Korrespondenz in Kontakt. \u00dcber die besprochenen Punkte und die daraus resultierenden Ma\u00dfnahmen werden die Bewohner des Hauses in regelm\u00e4\u00dfigen Hausversammlungen und an \u00f6ffentlichen Anschlagtafeln am Eingang des Geb\u00e4udes informiert. Au\u00dferdem werden die Bewohner des Hauses regelm\u00e4\u00dfig \u00fcber den Wert der Arbeiten informiert , seine N\u00fctzlichkeit, Geld zu sparen und die Funktion des Heizsystems zu verbessern. Durch die Information der Bewohner wird auch aufgezeigt, wie sie sich verhalten sollten, um keine Abnutzungserscheinungen zu verursachen, bzw Zerst\u00f6rung des Werkes. Die genannten Ma\u00dfnahmen tragen zur Erhaltung der Projektergebnisse bei.<\/p>\n\n\n\n<p><strong>Projektreife zur Umsetzung:<\/strong><\/p>\n\n\n\n<p>Der Antragsteller m\u00f6chte das Projekt mit Hilfe der folgenden Dokumente und vorbereitenden Ma\u00dfnahmen als vorbereitet betrachten: Projektdokumentation gem\u00e4\u00df der Verordnung Nr. 137\/1998 Slg. \u00fcber allgemeine Anforderungen an den Bau, ge\u00e4ndert durch die Verordnung Nr. Nr. 491\/2006 Slg. und 502\/2006 Slg., Energieausweis f\u00fcr Geb\u00e4ude gem\u00e4\u00df Dekret Nr. 148\/2007 Slg., rechtskr\u00e4ftige Baugenehmigung, ausgef\u00fcllter Antrag auf Vorteil 7, ausgew\u00e4hlter Auftragnehmer f\u00fcr Bauarbeiten auf der Grundlage eines Ausschreibungsverfahrens, das erst nach Ausstellung einer Bescheinigung \u00fcber die Projektberechtigung durchgef\u00fchrt wird, ausgew\u00e4hlte professionelle Bau- und technische \u00dcberwachung des Antragstellers, gesicherte Projektfinanzierung. Technische Sicherung der Umsetzung: Ausgef\u00fcllter Antrag bei der zust\u00e4ndigen Beh\u00f6rde (Abteilung \u017dP) f\u00fcr die Besetzung \u00f6ffentlicher Fl\u00e4chen f\u00fcr den Bau von Ger\u00fcsten. Festlegung der Grunds\u00e4tze der Bauorganisation, die im Wesentlichen darin bestehen, eine Wasser- und Stromsammelstelle einzurichten, f\u00fcr das Zulieferunternehmen einen abschlie\u00dfbaren Raum zur Aufbewahrung von Bauwerkzeugen und -materialien zu reservieren und eine Garderobe einzurichten. Bereitstellung einer mobilen Toilette, Abgrenzung des Arbeitsbereichs mit Zutrittsverbot f\u00fcr Unbefugte, Bereitstellung eines sicheren Zutritts zum Geb\u00e4ude, Zutrittsverbote zur Loggia w\u00e4hrend der Umsetzung und Umsetzung der erforderlichen Zutrittsschutzma\u00dfnahmen. Der Abfall wird in einen Container gegeben und anschlie\u00dfend von einer autorisierten Person entfernt und entsorgt. Kontinuierliche Reinigung der Baustelle. Sicherstellung der notwendigen Dokumente \u2013 Zertifikate, Bescheinigungen, Pr\u00fcfungen, zur Zulassung.<\/p>","protected":false},"excerpt":{"rendered":"<p>Projekt byl vypracov\u00e1n a realizov\u00e1n v\u00fdzvy dle v\u00fdzvy IOP \u201eRegenerace bytov\u00fdch dom\u016f\u201c. \u017dadatelem projektu je SVJ Jind\u0159icha Plachty 192 v \u00dast\u00ed nad Labem. Projekt byl \u00fasp\u011b\u0161n\u011b ukon\u010den. Zd\u016fvodn\u011bn\u00ed pot\u0159ebnosti projektu v\u010detn\u011b popisu v\u00fdchoz\u00edho stavu: \u0158e\u0161en\u00fd obytn\u00fd d\u016fm je postaven ve stavebn\u00ed soustav\u011b T-06. Jedn\u00e1 se o typov\u00fd struktur\u00e1ln\u00ed objekt tvo\u0159en\u00fd jedn\u00edm dilata\u010dn\u00edm celkem o jednom [&hellip;]<\/p>","protected":false},"author":1,"featured_media":0,"parent":381,"menu_order":0,"comment_status":"closed","ping_status":"closed","template":"","meta":{"footnotes":""},"class_list":["post-387","page","type-page","status-publish","hentry"],"_links":{"self":[{"href":"https:\/\/www.soledpro.cz\/de\/wp-json\/wp\/v2\/pages\/387","targetHints":{"allow":["GET"]}}],"collection":[{"href":"https:\/\/www.soledpro.cz\/de\/wp-json\/wp\/v2\/pages"}],"about":[{"href":"https:\/\/www.soledpro.cz\/de\/wp-json\/wp\/v2\/types\/page"}],"author":[{"embeddable":true,"href":"https:\/\/www.soledpro.cz\/de\/wp-json\/wp\/v2\/users\/1"}],"replies":[{"embeddable":true,"href":"https:\/\/www.soledpro.cz\/de\/wp-json\/wp\/v2\/comments?post=387"}],"version-history":[{"count":1,"href":"https:\/\/www.soledpro.cz\/de\/wp-json\/wp\/v2\/pages\/387\/revisions"}],"predecessor-version":[{"id":388,"href":"https:\/\/www.soledpro.cz\/de\/wp-json\/wp\/v2\/pages\/387\/revisions\/388"}],"up":[{"embeddable":true,"href":"https:\/\/www.soledpro.cz\/de\/wp-json\/wp\/v2\/pages\/381"}],"wp:attachment":[{"href":"https:\/\/www.soledpro.cz\/de\/wp-json\/wp\/v2\/media?parent=387"}],"curies":[{"name":"wp","href":"https:\/\/api.w.org\/{rel}","templated":true}]}}