{"id":381,"date":"2021-04-17T08:22:47","date_gmt":"2021-04-17T06:22:47","guid":{"rendered":"http:\/\/www.soledpro.cz\/?page_id=381"},"modified":"2022-10-23T08:18:49","modified_gmt":"2022-10-23T06:18:49","slug":"realizovane-projekty","status":"publish","type":"page","link":"https:\/\/www.soledpro.cz\/de\/evropske-projekty\/realizovane-projekty\/","title":{"rendered":"Realisierte Projekte"},"content":{"rendered":"<h1 class=\"wp-block-heading\"><span style=\"text-decoration: underline;\">Erfolgreich umgesetzte Projekte durch das eigene Team von SOLEDPRO<\/span>:<\/h1>\n\n\n\n<h3 class=\"wp-block-heading\"><a href=\"https:\/\/www.soledpro.cz\/de\/evropske-projekty\/realizovane-projekty\/implementace-inovativnich-bezpecnostnich-technologii-do-firemnich-infrastruktur\/\">Implementierung innovativer Sicherheitstechnologien in Unternehmensinfrastrukturen<\/a><\/h3>\n\n\n\n<h3 class=\"wp-block-heading\"><a href=\"https:\/\/www.soledpro.cz\/de\/evropske-projekty\/realizovane-projekty\/inovativni-nastroje-v-monitoringu-a-managementu-siti\/\">Innovative Tools zur Netzwerk\u00fcberwachung und -verwaltung<\/a><\/h3>\n\n\n\n<h3 class=\"wp-block-heading\"><a href=\"https:\/\/www.soledpro.cz\/de\/evropske-projekty\/realizovane-projekty\/vyvoj-software-k-poskytovani-proaktivnich-bezpecnostnich-reseni\/\">Softwareentwicklung zur Bereitstellung proaktiver Sicherheitsl\u00f6sungen<\/a><\/h3>\n\n\n\n<h3 class=\"wp-block-heading\"><a href=\"https:\/\/www.soledpro.cz\/de\/evropske-projekty\/realizovane-projekty\/vyzkum-a-vyvoj-reseni-proaktivni-bezpecnosti-dat-ujep-soledpro\/\">Forschung und Entwicklung proaktiver Datensicherheitsl\u00f6sungen UJEP \u2013 SOLEDPRO<\/a><\/h3>\n\n\n\n<h3 class=\"wp-block-heading\"><a href=\"https:\/\/www.soledpro.cz\/de\/evropske-projekty\/realizovane-projekty\/vyvoj-prostredi-pro-detekci-neznamych-hrozeb\/\">Entwicklung einer Umgebung zur Erkennung unbekannter Bedrohungen<\/a><\/h3>\n\n\n\n<h3 class=\"wp-block-heading\"><a href=\"https:\/\/www.soledpro.cz\/de\/evropske-projekty\/realizovane-projekty\/zvysovani-konkurenceschopnosti-elektrotechniku\/\">Steigerung der Wettbewerbsf\u00e4higkeit von Elektroingenieuren<\/a><\/h3>\n\n\n\n<p>SOLEDPRO s.r.o. ist der Durchf\u00fchrende des OPVK-Projekts mit dem Titel \u201eSteigerung der Wettbewerbsf\u00e4higkeit von Elektroingenieuren\u201c.<\/p>\n\n\n\n<h3 class=\"wp-block-heading\"><a href=\"https:\/\/www.soledpro.cz\/de\/evropske-projekty\/realizovane-projekty\/ucim-se-v-praci\/\">Ich lerne am Arbeitsplatz<\/a><\/h3>\n\n\n\n<p>Ziel dieses Projekts ist es, die Anpassungsf\u00e4higkeit und Qualifikation der Mitarbeiter von Kleinstunternehmen zu erh\u00f6hen. Dadurch wird die Wettbewerbsf\u00e4higkeit dieser Unternehmen insgesamt deutlich gesteigert.Das Projekt wurde erfolgreich abgeschlossen.<\/p>\n\n\n\n<h3 class=\"wp-block-heading\"><a href=\"https:\/\/www.soledpro.cz\/de\/evropske-projekty\/realizovane-projekty\/teplo-pro-mojzir-j-plachty-192\/\">W\u00e4rme f\u00fcr Moj\u017e\u00ed\u0159 \u2013 J. Plachty 192<\/a><\/h3>\n\n\n\n<p>Das Projekt wurde gem\u00e4\u00df dem IOP-Aufruf \u201eSanierung von Mehrfamilienh\u00e4usern\u201c entwickelt und umgesetzt. Antragsteller f\u00fcr das Projekt ist SVJ Jind\u0159icha Plachty 192 in \u00dast\u00ed nad Labem. Das Projekt wurde erfolgreich abgeschlossen. &nbsp;<\/p>\n\n\n\n<h3 class=\"wp-block-heading\"><a href=\"https:\/\/www.soledpro.cz\/de\/evropske-projekty\/realizovane-projekty\/podpora-nove-praci\/\">Unterst\u00fctzung f\u00fcr neue Arbeiten<\/a><\/h3>\n\n\n\n<p>Wir bieten Bildungsg\u00e4ngen und neuen Arbeitspl\u00e4tzen f\u00fcr Menschen mit schwierigem Zugang zum Arbeitsmarkt.Das Projekt wurde erfolgreich abgeschlossen.<\/p>\n\n\n\n<h3 class=\"wp-block-heading\"><a href=\"https:\/\/www.soledpro.cz\/de\/evropske-projekty\/realizovane-projekty\/do-prace-bez-prekazek\/\">Ohne Hindernisse arbeiten<\/a><\/h3>\n\n\n\n<p>Arbeitssuchenden mit schwierigem Zugang zum Arbeitsmarkt bieten wir Umschulungen, Bildungskurse und neue Arbeitspl\u00e4tze an.Das Projekt wurde erfolgreich abgeschlossen.<\/p>\n\n\n\n<h3 class=\"wp-block-heading\"><a href=\"https:\/\/www.soledpro.cz\/de\/evropske-projekty\/realizovane-projekty\/nehledime-na-minulost\/\">Wir blicken nicht in die Vergangenheit<\/a><\/h3>\n\n\n\n<p>Arbeitssuchenden mit schwierigem Zugang zum Arbeitsmarkt bieten wir Umschulungen, Bildungskurse und neue Arbeitspl\u00e4tze an.Das Projekt wurde erfolgreich abgeschlossen.<\/p>\n\n\n\n<h3 class=\"wp-block-heading\"><a href=\"https:\/\/www.soledpro.cz\/de\/evropske-projekty\/realizovane-projekty\/pracovnici-pro-ustecko\/\">Arbeiter f\u00fcr die Region \u00dast\u00ed<\/a><\/h3>\n\n\n\n<p>Das Projekt richtet sich an Arbeitssuchende, die gef\u00e4hrdet sind oder einen schwierigen Zugang zum Arbeitsmarkt haben. Wir bieten ihnen M\u00f6glichkeiten einer umfassenden umfassenden Ausbildung, wie Umschulungen, Bildungsg\u00e4nge und die M\u00f6glichkeit eines neuen Arbeitsplatzes.Das Projekt wurde erfolgreich abgeschlossen.<\/p>\n\n\n\n<h3 class=\"wp-block-heading\"><a href=\"https:\/\/www.soledpro.cz\/de\/evropske-projekty\/realizovane-projekty\/skolici-stredisko-soledpro\/\">SOLEDPRO-Schulungszentrum<\/a><\/h3>\n\n\n\n<p>Das SOLEDPRO-Schulungszentrum befindet sich in der Na-Skl\u00edpku-Stra\u00dfe 373\/37 in \u00dast\u00ed nad Labem. Es gibt neu renovierte und voll ausgestattete Klassenzimmer mit einer Gesamtkapazit\u00e4t von 44 Pl\u00e4tzen.<\/p>\n\n\n\n<h3 class=\"wp-block-heading\"><a href=\"https:\/\/www.soledpro.cz\/de\/evropske-projekty\/realizovane-projekty\/vzdelavejte-se-pro-rust-v-usteckem-kraji-ii\/\">Bilden Sie sich f\u00fcr Wachstum in der Region Aussiger II weiter<\/a><\/h3>\n\n\n\n<p>Das Projekt richtet sich an Unternehmen, die durch die Rezession in wirtschaftliche Schwierigkeiten geraten sind.&nbsp;<\/p>\n\n\n\n<h3 class=\"wp-block-heading\"><a href=\"https:\/\/www.soledpro.cz\/de\/evropske-projekty\/realizovane-projekty\/podpora-odborneho-vzdelavani-zamestnancu\/\">Unterst\u00fctzung bei der beruflichen Weiterbildung der Mitarbeiter<\/a><\/h3>\n\n\n\n<p>Das Projekt richtet sich an Unternehmen, die auch w\u00e4hrend der Rezession stabil sind und die Voraussetzungen f\u00fcr weiteres Wachstum haben.&nbsp;<\/p>\n\n\n\n<h1 class=\"wp-block-heading\"><span style=\"text-decoration: underline;\">Vom SOLEDPRO-Team erfolgreich umgesetzte Projekte im Auftrag Dritter<\/span>:<\/h1>\n\n\n\n<h4 class=\"wp-block-heading\">Nach dem Mutterschaftsurlaub arbeiten<\/h4>\n\n\n\n<p>Das Projekt richtet sich an M\u00fctter, die ein Kind unter 15 Jahren betreuen.<\/p>\n\n\n\n<h4 class=\"wp-block-heading\">Vergleich f\u00fcr Jugendliche - \u00dast\u00ed<\/h4>\n\n\n\n<p>Zielgruppe sind Menschen unter 25 Jahren ohne oder mit niedrigem Bildungsniveau.<\/p>\n\n\n\n<h4 class=\"wp-block-heading\">Gr\u00fcn nicht nur f\u00fcr junge Leute<\/h4>\n\n\n\n<p>Das Projekt richtet sich an langzeitarbeitslose Bewerber ab 50 Jahren.<\/p>\n\n\n\n<h4 class=\"wp-block-heading\">Qualitativ hochwertige Arbeit und Kinderbetreuung<\/h4>\n\n\n\n<p>Das Projekt richtet sich an Personen, die ein Kind unter 15 Jahren betreuen.<\/p>\n\n\n\n<h4 class=\"wp-block-heading\">Wir werden die Erfahrung anwenden<\/h4>\n\n\n\n<p>Ziel des Projektes ist es, langzeitarbeitslosen Bewerbern \u00fcber 50 Jahren den Wiedereinstieg in den Arbeitsmarkt zu erleichtern und teilweise zu sichern.<\/p>\n\n\n\n<h4 class=\"wp-block-heading\">Die Vergangenheit liegt hinter uns<\/h4>\n\n\n\n<p>Im Rahmen des Projekts werden Personen nach Verb\u00fc\u00dfung ihrer Strafe bei der Integration in die Gesellschaft und beim Einstieg in den Arbeitsmarkt unterst\u00fctzt.<\/p>\n\n\n\n<h4 class=\"wp-block-heading\">Wir wollen erfolgreich sein<\/h4>\n\n\n\n<p>Zielgruppe des Projekts sind Menschen unter 25 Jahren ohne Bildung oder mit niedrigem Bildungsniveau.<\/p>\n\n\n\n<h4 class=\"wp-block-heading\">Die Stadt Dub\u00e1 \u2013 Erneuerung der IT-Infrastruktur<\/h4>\n\n\n\n<p>Projekt basierend auf IOP-Aufruf Nr. 22.<\/p>\n\n\n\n<ol class=\"wp-block-list\"><li>Konsolidierung der B\u00fcro-HW und -SW, einschlie\u00dflich Virtualisierung von Anwendungen, Desktops, Servern und Infrastruktur<\/li><li>Elektronisierung von Prozessen, Digitalisierung von Daten<\/li><\/ol>\n\n\n\n<h4 class=\"wp-block-heading\">Die Stadt \u017delezn\u00fd Brod \u2013 Erneuerung der IT-Infrastruktur<\/h4>\n\n\n\n<p>Projekt basierend auf IOP-Aufruf Nr. 22.<\/p>\n\n\n\n<ol class=\"wp-block-list\"><li>Konsolidierung der B\u00fcro-HW und -SW, einschlie\u00dflich Virtualisierung von Anwendungen, Desktops, Servern und Infrastruktur<\/li><li>Elektronisierung von Prozessen, Digitalisierung von Daten und Anbindung des lokalen AIS an die Register der \u00f6ffentlichen Verwaltung<\/li><\/ol>\n\n\n\n<h4 class=\"wp-block-heading\"><a href=\"https:\/\/www.soledpro.cz\/de\/evropske-projekty\/realizovane-projekty\/zatepleni-panelovych-domu-sidliste-kosmonautu-louny\/\">Isolierung von Plattenh\u00e4usern der Siedlung Kosmonaut\u016f Louny<\/a><\/h4>\n\n\n\n<h4 class=\"wp-block-heading\"><a href=\"https:\/\/www.soledpro.cz\/de\/evropske-projekty\/realizovane-projekty\/zatepleni-obytnych-domu-ulice-klisska-usti-n-l\/\">Isolierung von Wohngeb\u00e4uden in der Stra\u00dfe Kl\u00ed\u0161sk\u00e1 \u00dast\u00ed n.L.<\/a><\/h4>\n\n\n\n<h4 class=\"wp-block-heading\"><a href=\"https:\/\/www.soledpro.cz\/de\/evropske-projekty\/realizovane-projekty\/vyvoj-software-gdpr-pro-male-a-stredni-podniky\/\">Entwicklung einer DSGVO-Software f\u00fcr kleine und mittlere Unternehmen<\/a><\/h4>\n\n\n\n<h4 class=\"wp-block-heading\"><a href=\"https:\/\/www.soledpro.cz\/de\/evropske-projekty\/realizovane-projekty\/vyvoj-software-gdpr-pro-zakladni-skoly\/\">Entwicklung einer DSGVO-Software f\u00fcr Grundschulen<\/a><\/h4>\n\n\n\n<h4 class=\"wp-block-heading\"><a href=\"https:\/\/www.soledpro.cz\/de\/evropske-projekty\/realizovane-projekty\/setkavani-zaku-jirikov-neugersdorf\/\">Treffen der Sch\u00fcler von Ji\u0159\u00edkov \u2013 Neugersdorf<\/a><\/h4>\n\n\n\n<h4 class=\"wp-block-heading\"><a href=\"https:\/\/www.soledpro.cz\/de\/evropske-projekty\/realizovane-projekty\/mezinarodni-architektonicky-a-vytvarny-kurz\/\">Internationaler Architektur- und Kunstkurs<\/a><\/h4>\n\n\n\n<h4 class=\"wp-block-heading\"><a href=\"https:\/\/www.soledpro.cz\/de\/evropske-projekty\/realizovane-projekty\/mezinarodni-podpora-karatistu-dresden-usti-n-l\/\">Internationale Unterst\u00fctzung von Karatek\u00e4mpfern Dresden - \u00dast\u00ed n.L.<\/a><\/h4>\n\n\n\n<h4 class=\"wp-block-heading\"><a href=\"https:\/\/www.soledpro.cz\/de\/evropske-projekty\/realizovane-projekty\/setkavani-stredoskolske-mladeze-dresden-usti-n-l\/\">Treffen der Gymnasiasten Dresden - \u00dast\u00ed n.L.<\/a><\/h4>","protected":false},"excerpt":{"rendered":"<p>Projekty, \u00fasp\u011b\u0161n\u011b realizovan\u00e9 vlastn\u00edm t\u00fdmem SOLEDPRO: Implementace inovativn\u00edch bezpe\u010dnostn\u00edch technologi\u00ed do firemn\u00edch infrastruktur Inovativn\u00ed n\u00e1stroje v monitoringu a managementu s\u00edt\u00ed V\u00fdvoj software k poskytov\u00e1n\u00ed proaktivn\u00edch bezpe\u010dnostn\u00edch \u0159e\u0161en\u00ed V\u00fdzkum a v\u00fdvoj \u0159e\u0161en\u00ed proaktivn\u00ed bezpe\u010dnosti dat UJEP \u2013 SOLEDPRO V\u00fdvoj prost\u0159ed\u00ed pro detekci nezn\u00e1m\u00fdch hrozeb Zvy\u0161ov\u00e1n\u00ed konkurenceschopnosti elektrotechnik\u016f SOLEDPRO s.r.o. je realiz\u00e1torem projektu z OPVK s n\u00e1zvem [&hellip;]<\/p>","protected":false},"author":1,"featured_media":0,"parent":153,"menu_order":0,"comment_status":"closed","ping_status":"closed","template":"","meta":{"footnotes":""},"class_list":["post-381","page","type-page","status-publish","hentry"],"_links":{"self":[{"href":"https:\/\/www.soledpro.cz\/de\/wp-json\/wp\/v2\/pages\/381","targetHints":{"allow":["GET"]}}],"collection":[{"href":"https:\/\/www.soledpro.cz\/de\/wp-json\/wp\/v2\/pages"}],"about":[{"href":"https:\/\/www.soledpro.cz\/de\/wp-json\/wp\/v2\/types\/page"}],"author":[{"embeddable":true,"href":"https:\/\/www.soledpro.cz\/de\/wp-json\/wp\/v2\/users\/1"}],"replies":[{"embeddable":true,"href":"https:\/\/www.soledpro.cz\/de\/wp-json\/wp\/v2\/comments?post=381"}],"version-history":[{"count":5,"href":"https:\/\/www.soledpro.cz\/de\/wp-json\/wp\/v2\/pages\/381\/revisions"}],"predecessor-version":[{"id":1295,"href":"https:\/\/www.soledpro.cz\/de\/wp-json\/wp\/v2\/pages\/381\/revisions\/1295"}],"up":[{"embeddable":true,"href":"https:\/\/www.soledpro.cz\/de\/wp-json\/wp\/v2\/pages\/153"}],"wp:attachment":[{"href":"https:\/\/www.soledpro.cz\/de\/wp-json\/wp\/v2\/media?parent=381"}],"curies":[{"name":"wp","href":"https:\/\/api.w.org\/{rel}","templated":true}]}}