{"id":345,"date":"2021-02-13T15:56:24","date_gmt":"2021-02-13T14:56:24","guid":{"rendered":"http:\/\/www.soledpro.cz\/?page_id=345"},"modified":"2021-02-13T16:01:24","modified_gmt":"2021-02-13T15:01:24","slug":"mcafee","status":"publish","type":"page","link":"https:\/\/www.soledpro.cz\/de\/kyberneticka-bezpecnost\/security-reseni-antivirus\/mcafee\/","title":{"rendered":"McAfee"},"content":{"rendered":"<div data-elementor-type=\"wp-page\" data-elementor-id=\"345\" class=\"elementor elementor-345\">\n\t\t\t\t\t\t<section class=\"elementor-section elementor-top-section elementor-element elementor-element-f9097ac elementor-section-height-min-height elementor-section-boxed elementor-section-height-default elementor-section-items-middle\" data-id=\"f9097ac\" data-element_type=\"section\" data-settings=\"{&quot;background_background&quot;:&quot;gradient&quot;,&quot;shape_divider_bottom&quot;:&quot;waves&quot;}\">\n\t\t\t\t\t\t\t<div class=\"elementor-background-overlay\"><\/div>\n\t\t\t\t\t\t<div class=\"elementor-shape elementor-shape-bottom\" data-negative=\"false\">\n\t\t\t<svg xmlns=\"http:\/\/www.w3.org\/2000\/svg\" viewbox=\"0 0 1000 100\" preserveaspectratio=\"none\">\n\t<path class=\"elementor-shape-fill\" d=\"M421.9,6.5c22.6-2.5,51.5,0.4,75.5,5.3c23.6,4.9,70.9,23.5,100.5,35.7c75.8,32.2,133.7,44.5,192.6,49.7\tc23.6,2.1,48.7,3.5,103.4-2.5c54.7-6,106.2-25.6,106.2-25.6V0H0v30.3c0,0,72,32.6,158.4,30.5c39.2-0.7,92.8-6.7,134-22.4\tc21.2-8.1,52.2-18.2,79.7-24.2C399.3,7.9,411.6,7.5,421.9,6.5z\"\/>\n<\/svg>\t\t<\/div>\n\t\t\t\t\t<div class=\"elementor-container elementor-column-gap-default\">\n\t\t\t\t\t<div class=\"elementor-column elementor-col-100 elementor-top-column elementor-element elementor-element-f3d8994\" data-id=\"f3d8994\" data-element_type=\"column\">\n\t\t\t<div class=\"elementor-widget-wrap elementor-element-populated\">\n\t\t\t\t\t\t<div class=\"elementor-element elementor-element-6da7782 elementor-widget elementor-widget-heading\" data-id=\"6da7782\" data-element_type=\"widget\" data-widget_type=\"heading.default\">\n\t\t\t\t<div class=\"elementor-widget-container\">\n\t\t\t<h1 class=\"elementor-heading-title elementor-size-default\">McAfee<\/h1>\t\t<\/div>\n\t\t\t\t<\/div>\n\t\t\t\t<div class=\"elementor-element elementor-element-35f6433 elementor-widget elementor-widget-heading\" data-id=\"35f6433\" data-element_type=\"widget\" data-widget_type=\"heading.default\">\n\t\t\t\t<div class=\"elementor-widget-container\">\n\t\t\t<h3 class=\"elementor-heading-title elementor-size-default\">SOLEDPRO UV\u00c1D\u00cd NA TRH V \u010cR\nRE\u00c1LNOU IT BEZPE\u010cNOST<\/h3>\t\t<\/div>\n\t\t\t\t<\/div>\n\t\t\t\t\t<\/div>\n\t\t<\/div>\n\t\t\t\t\t<\/div>\n\t\t<\/section>\n\t\t\t\t<section class=\"elementor-section elementor-top-section elementor-element elementor-element-3abdc84 elementor-section-boxed elementor-section-height-default elementor-section-height-default\" data-id=\"3abdc84\" data-element_type=\"section\">\n\t\t\t\t\t\t<div class=\"elementor-container elementor-column-gap-default\">\n\t\t\t\t\t<div class=\"elementor-column elementor-col-100 elementor-top-column elementor-element elementor-element-f31a223\" data-id=\"f31a223\" data-element_type=\"column\">\n\t\t\t<div class=\"elementor-widget-wrap elementor-element-populated\">\n\t\t\t\t\t\t<section class=\"elementor-section elementor-inner-section elementor-element elementor-element-d10b52c elementor-section-boxed elementor-section-height-default elementor-section-height-default\" data-id=\"d10b52c\" data-element_type=\"section\">\n\t\t\t\t\t\t<div class=\"elementor-container elementor-column-gap-default\">\n\t\t\t\t\t<div class=\"elementor-column elementor-col-100 elementor-inner-column elementor-element elementor-element-782bf1f\" data-id=\"782bf1f\" data-element_type=\"column\">\n\t\t\t<div class=\"elementor-widget-wrap elementor-element-populated\">\n\t\t\t\t\t\t<div class=\"elementor-element elementor-element-4b6d992 elementor-widget elementor-widget-image\" data-id=\"4b6d992\" data-element_type=\"widget\" data-widget_type=\"image.default\">\n\t\t\t\t<div class=\"elementor-widget-container\">\n\t\t\t\t\t\t\t\t\t\t\t\t\t<img fetchpriority=\"high\" decoding=\"async\" width=\"238\" height=\"300\" src=\"https:\/\/www.soledpro.cz\/wp-content\/uploads\/2021\/02\/McAFEE_SOLUTION_PROVIDER-REGISTERED_RGB-238x300.png\" class=\"attachment-medium size-medium wp-image-348\" alt=\"McAFEE\" srcset=\"https:\/\/www.soledpro.cz\/wp-content\/uploads\/2021\/02\/McAFEE_SOLUTION_PROVIDER-REGISTERED_RGB-238x300.png 238w, https:\/\/www.soledpro.cz\/wp-content\/uploads\/2021\/02\/McAFEE_SOLUTION_PROVIDER-REGISTERED_RGB-814x1024.png 814w, https:\/\/www.soledpro.cz\/wp-content\/uploads\/2021\/02\/McAFEE_SOLUTION_PROVIDER-REGISTERED_RGB-768x966.png 768w, https:\/\/www.soledpro.cz\/wp-content\/uploads\/2021\/02\/McAFEE_SOLUTION_PROVIDER-REGISTERED_RGB.png 1049w\" sizes=\"(max-width: 238px) 100vw, 238px\" \/>\t\t\t\t\t\t\t\t\t\t\t\t\t<\/div>\n\t\t\t\t<\/div>\n\t\t\t\t\t<\/div>\n\t\t<\/div>\n\t\t\t\t\t<\/div>\n\t\t<\/section>\n\t\t\t\t<div class=\"elementor-element elementor-element-71783ed elementor-widget elementor-widget-text-editor\" data-id=\"71783ed\" data-element_type=\"widget\" data-widget_type=\"text-editor.default\">\n\t\t\t\t<div class=\"elementor-widget-container\">\n\t\t\t\t\t\t\t<p>Nab\u00edz\u00edme technickou podporu v\u010detn\u011b instalace.<\/p><p>Produkty:<\/p><p>McAfee Endpoint Protection \u2013 Advanced Suite<\/p><p>McAfee Complete Endpoint Protection \u2013 Business<\/p><p>McAfee Endpoint Threat Protection<\/p><p>McAfee Complete Endpoint Threat Protection<\/p><p>McAfee Endpoint Threat Defense<\/p><p>McAfee Endpoint Threat Defense and Response<\/p><p><a href=\"\/wp-content\/uploads\/2021\/02\/mcafee_list.png\">Porovn\u00e1n\u00ed produkt\u016f<\/a><\/p><p><strong>Vy\u017e\u00e1dejte si prosim\u00a0dal\u0161\u00ed produkty firmy McAfee nebo konkr\u00e9tn\u00ed cenov\u00fd n\u00e1vrh na\u00a0<a href=\"mailto:obchod@soledpro.cz\">obchod@soledpro.cz<\/a><\/strong><\/p>\t\t\t\t\t\t<\/div>\n\t\t\t\t<\/div>\n\t\t\t\t\t<\/div>\n\t\t<\/div>\n\t\t\t\t\t<\/div>\n\t\t<\/section>\n\t\t\t\t<\/div>","protected":false},"excerpt":{"rendered":"<p>McAfee SOLEDPRO UV\u00c1D\u00cd NA TRH V \u010cR RE\u00c1LNOU IT BEZPE\u010cNOST Nab\u00edz\u00edme technickou podporu v\u010detn\u011b instalace. Produkty: McAfee Endpoint Protection \u2013 Advanced Suite McAfee Complete Endpoint Protection \u2013 Business McAfee Endpoint Threat Protection McAfee Complete Endpoint Threat Protection McAfee Endpoint Threat Defense McAfee Endpoint Threat Defense and Response Porovn\u00e1n\u00ed produkt\u016f Vy\u017e\u00e1dejte si prosim dal\u0161\u00ed produkty firmy [&hellip;]<\/p>","protected":false},"author":1,"featured_media":0,"parent":233,"menu_order":7,"comment_status":"closed","ping_status":"closed","template":"","meta":{"footnotes":""},"class_list":["post-345","page","type-page","status-publish","hentry"],"_links":{"self":[{"href":"https:\/\/www.soledpro.cz\/de\/wp-json\/wp\/v2\/pages\/345","targetHints":{"allow":["GET"]}}],"collection":[{"href":"https:\/\/www.soledpro.cz\/de\/wp-json\/wp\/v2\/pages"}],"about":[{"href":"https:\/\/www.soledpro.cz\/de\/wp-json\/wp\/v2\/types\/page"}],"author":[{"embeddable":true,"href":"https:\/\/www.soledpro.cz\/de\/wp-json\/wp\/v2\/users\/1"}],"replies":[{"embeddable":true,"href":"https:\/\/www.soledpro.cz\/de\/wp-json\/wp\/v2\/comments?post=345"}],"version-history":[{"count":4,"href":"https:\/\/www.soledpro.cz\/de\/wp-json\/wp\/v2\/pages\/345\/revisions"}],"predecessor-version":[{"id":352,"href":"https:\/\/www.soledpro.cz\/de\/wp-json\/wp\/v2\/pages\/345\/revisions\/352"}],"up":[{"embeddable":true,"href":"https:\/\/www.soledpro.cz\/de\/wp-json\/wp\/v2\/pages\/233"}],"wp:attachment":[{"href":"https:\/\/www.soledpro.cz\/de\/wp-json\/wp\/v2\/media?parent=345"}],"curies":[{"name":"wp","href":"https:\/\/api.w.org\/{rel}","templated":true}]}}