{"id":253,"date":"2021-01-20T12:15:01","date_gmt":"2021-01-20T11:15:01","guid":{"rendered":"http:\/\/www.soledpro.cz\/?page_id=253"},"modified":"2021-01-20T12:24:01","modified_gmt":"2021-01-20T11:24:01","slug":"predbezny-nezavazny-dotaznik","status":"publish","type":"page","link":"https:\/\/www.soledpro.cz\/de\/evropske-projekty\/predbezny-nezavazny-dotaznik\/","title":{"rendered":"Vorl\u00e4ufiger unverbindlicher Fragebogen"},"content":{"rendered":"<div data-elementor-type=\"wp-page\" data-elementor-id=\"253\" class=\"elementor elementor-253\">\n\t\t\t\t\t\t<section class=\"elementor-section elementor-top-section elementor-element elementor-element-7fd3e5f elementor-section-height-min-height elementor-section-boxed elementor-section-height-default elementor-section-items-middle\" data-id=\"7fd3e5f\" data-element_type=\"section\" data-settings=\"{&quot;background_background&quot;:&quot;gradient&quot;,&quot;shape_divider_bottom&quot;:&quot;waves&quot;}\">\n\t\t\t\t\t\t\t<div class=\"elementor-background-overlay\"><\/div>\n\t\t\t\t\t\t<div class=\"elementor-shape elementor-shape-bottom\" data-negative=\"false\">\n\t\t\t<svg xmlns=\"http:\/\/www.w3.org\/2000\/svg\" viewbox=\"0 0 1000 100\" preserveaspectratio=\"none\">\n\t<path class=\"elementor-shape-fill\" d=\"M421.9,6.5c22.6-2.5,51.5,0.4,75.5,5.3c23.6,4.9,70.9,23.5,100.5,35.7c75.8,32.2,133.7,44.5,192.6,49.7\tc23.6,2.1,48.7,3.5,103.4-2.5c54.7-6,106.2-25.6,106.2-25.6V0H0v30.3c0,0,72,32.6,158.4,30.5c39.2-0.7,92.8-6.7,134-22.4\tc21.2-8.1,52.2-18.2,79.7-24.2C399.3,7.9,411.6,7.5,421.9,6.5z\"\/>\n<\/svg>\t\t<\/div>\n\t\t\t\t\t<div class=\"elementor-container elementor-column-gap-default\">\n\t\t\t\t\t<div class=\"elementor-column elementor-col-100 elementor-top-column elementor-element elementor-element-2891fa0\" data-id=\"2891fa0\" data-element_type=\"column\">\n\t\t\t<div class=\"elementor-widget-wrap elementor-element-populated\">\n\t\t\t\t\t\t<div class=\"elementor-element elementor-element-a5336f7 elementor-widget elementor-widget-heading\" data-id=\"a5336f7\" data-element_type=\"widget\" data-widget_type=\"heading.default\">\n\t\t\t\t<div class=\"elementor-widget-container\">\n\t\t\t<h1 class=\"elementor-heading-title elementor-size-default\">Vorl\u00e4ufiger unverbindlicher Fragebogen<\/h1>\t\t<\/div>\n\t\t\t\t<\/div>\n\t\t\t\t<div class=\"elementor-element elementor-element-8706399 elementor-widget elementor-widget-heading\" data-id=\"8706399\" data-element_type=\"widget\" data-widget_type=\"heading.default\">\n\t\t\t\t<div class=\"elementor-widget-container\">\n\t\t\t<h3 class=\"elementor-heading-title elementor-size-default\">SOLEDPRO s.r.o. - Ihr zuverl\u00e4ssiger Partner<\/h3>\t\t<\/div>\n\t\t\t\t<\/div>\n\t\t\t\t\t<\/div>\n\t\t<\/div>\n\t\t\t\t\t<\/div>\n\t\t<\/section>\n\t\t\t\t<section class=\"elementor-section elementor-top-section elementor-element elementor-element-0973645 elementor-reverse-tablet elementor-reverse-mobile elementor-section-boxed elementor-section-height-default elementor-section-height-default\" data-id=\"0973645\" data-element_type=\"section\" data-settings=\"{&quot;background_background&quot;:&quot;classic&quot;}\">\n\t\t\t\t\t\t\t<div class=\"elementor-background-overlay\"><\/div>\n\t\t\t\t\t\t\t<div class=\"elementor-container elementor-column-gap-default\">\n\t\t\t\t\t<div class=\"elementor-column elementor-col-100 elementor-top-column elementor-element elementor-element-0418ca6\" data-id=\"0418ca6\" data-element_type=\"column\" data-settings=\"{&quot;background_background&quot;:&quot;classic&quot;,&quot;motion_fx_motion_fx_scrolling&quot;:&quot;yes&quot;,&quot;motion_fx_translateY_effect&quot;:&quot;yes&quot;,&quot;motion_fx_translateY_direction&quot;:&quot;negative&quot;,&quot;motion_fx_translateY_speed&quot;:{&quot;unit&quot;:&quot;px&quot;,&quot;size&quot;:&quot;1&quot;,&quot;sizes&quot;:[]},&quot;motion_fx_devices&quot;:[&quot;desktop&quot;,&quot;tablet&quot;],&quot;motion_fx_translateY_affectedRange&quot;:{&quot;unit&quot;:&quot;%&quot;,&quot;size&quot;:&quot;&quot;,&quot;sizes&quot;:{&quot;start&quot;:0,&quot;end&quot;:100}}}\">\n\t\t\t<div class=\"elementor-widget-wrap elementor-element-populated\">\n\t\t\t\t\t\t<div class=\"elementor-element elementor-element-cf0381e elementor-widget elementor-widget-heading\" data-id=\"cf0381e\" data-element_type=\"widget\" data-widget_type=\"heading.default\">\n\t\t\t\t<div class=\"elementor-widget-container\">\n\t\t\t<span class=\"elementor-heading-title elementor-size-default\">Der erste Schritt, um Unterst\u00fctzung aus europ\u00e4ischen Mitteln zu erhalten, ist das Ausf\u00fcllen eines kurzen Anmeldefragebogens.<\/span>\t\t<\/div>\n\t\t\t\t<\/div>\n\t\t\t\t<div class=\"elementor-element elementor-element-ac63783 elementor-button-align-end elementor-widget elementor-widget-form\" data-id=\"ac63783\" data-element_type=\"widget\" data-settings=\"{&quot;step_next_label&quot;:&quot;Next&quot;,&quot;step_previous_label&quot;:&quot;Previous&quot;,&quot;button_width&quot;:&quot;100&quot;,&quot;step_type&quot;:&quot;number_text&quot;,&quot;step_icon_shape&quot;:&quot;circle&quot;}\" data-widget_type=\"form.default\">\n\t\t\t\t<div class=\"elementor-widget-container\">\n\t\t\t\t\t<form class=\"elementor-form\" method=\"post\" name=\"New Form\" action=\"\">\n\t\t\t<input type=\"hidden\" name=\"post_id\" value=\"253\"\/>\n\t\t\t<input type=\"hidden\" name=\"form_id\" value=\"ac63783\"\/>\n\t\t\t<input type=\"hidden\" name=\"referer_title\" value=\"SOLEDPRO s.r.o.\" \/>\n\n\t\t\t\n\t\t\t<div class=\"elementor-form-fields-wrapper elementor-labels-\">\n\t\t\t\t\t\t\t\t<div class=\"elementor-field-type-text elementor-field-group elementor-column elementor-field-group-name elementor-col-100 elementor-field-required\">\n\t\t\t\t\t\t\t\t\t\t\t\t<label for=\"form-field-name\" class=\"elementor-field-label elementor-screen-only\">\n\t\t\t\t\t\t\t\tName der Firma\t\t\t\t\t\t\t<\/label>\n\t\t\t\t\t\t\t\t\t\t\t\t\t\t<input size=\"1\" type=\"text\" name=\"form_fields[name]\" id=\"form-field-name\" class=\"elementor-field elementor-size-md  elementor-field-textual\" placeholder=\"Name der Firma\" required=\"required\" aria-required=\"true\">\n\t\t\t\t\t\t\t\t\t\t\t<\/div>\n\t\t\t\t\t\t\t\t<div class=\"elementor-field-type-text elementor-field-group elementor-column elementor-field-group-field_57ae712 elementor-col-100\">\n\t\t\t\t\t\t\t\t\t\t\t\t<label for=\"form-field-field_57ae712\" class=\"elementor-field-label elementor-screen-only\">\n\t\t\t\t\t\t\t\tVor- und Nachname der vertretenden Person\t\t\t\t\t\t\t<\/label>\n\t\t\t\t\t\t\t\t\t\t\t\t\t\t<input size=\"1\" type=\"text\" name=\"form_fields[field_57ae712]\" id=\"form-field-field_57ae712\" class=\"elementor-field elementor-size-md  elementor-field-textual\" placeholder=\"Vor- und Nachname der vertretenden Person\">\n\t\t\t\t\t\t\t\t\t\t\t<\/div>\n\t\t\t\t\t\t\t\t<div class=\"elementor-field-type-email elementor-field-group elementor-column elementor-field-group-field_1 elementor-col-100 elementor-field-required\">\n\t\t\t\t\t\t\t\t\t\t\t\t<label for=\"form-field-field_1\" class=\"elementor-field-label elementor-screen-only\">\n\t\t\t\t\t\t\t\tE-mail\t\t\t\t\t\t\t<\/label>\n\t\t\t\t\t\t\t\t\t\t\t\t\t\t<input size=\"1\" type=\"email\" name=\"form_fields[field_1]\" id=\"form-field-field_1\" class=\"elementor-field elementor-size-md  elementor-field-textual\" placeholder=\"E-mail\" required=\"required\" aria-required=\"true\">\n\t\t\t\t\t\t\t\t\t\t\t<\/div>\n\t\t\t\t\t\t\t\t<div class=\"elementor-field-type-tel elementor-field-group elementor-column elementor-field-group-email elementor-col-100\">\n\t\t\t\t\t\t\t\t\t\t\t\t<label for=\"form-field-email\" class=\"elementor-field-label elementor-screen-only\">\n\t\t\t\t\t\t\t\tTelefon\t\t\t\t\t\t\t<\/label>\n\t\t\t\t\t\t\t\t<input size=\"1\" type=\"tel\" name=\"form_fields[email]\" id=\"form-field-email\" class=\"elementor-field elementor-size-md  elementor-field-textual\" placeholder=\"Telefon\" pattern=\"[0-9()#&amp;+*-=.]+\" title=\"Only numbers and phone characters (#, -, *, etc) are accepted.\">\n\n\t\t\t\t\t\t<\/div>\n\t\t\t\t\t\t\t\t<div class=\"elementor-field-type-html elementor-field-group elementor-column elementor-field-group-field_db802f5 elementor-col-100\">\n\t\t\t\t\tWir sind an dieser Art der Unterst\u00fctzung interessiert:\t\t\t\t<\/div>\n\t\t\t\t\t\t\t\t<div class=\"elementor-field-type-checkbox elementor-field-group elementor-column elementor-field-group-field_b08a4a9 elementor-col-100\">\n\t\t\t\t\t\t\t\t\t\t\t\t<label for=\"form-field-field_b08a4a9\" class=\"elementor-field-label elementor-screen-only\">\n\t\t\t\t\t\t\t\tZ\u00e1jem\t\t\t\t\t\t\t<\/label>\n\t\t\t\t\t\t<div class=\"elementor-field-subgroup\"><span class=\"elementor-field-option\"><input type=\"checkbox\" value=\"podpora produktivn\u00edch investic p\u0159ev\u00e1\u017en\u011b pro mal\u00e9 a st\u0159edn\u00ed podniky\" id=\"form-field-field_b08a4a9-0\" name=\"form_fields[field_b08a4a9][]\"> <label for=\"form-field-field_b08a4a9-0\">Unterst\u00fctzung produktiver Investitionen vor allem f\u00fcr kleine und mittlere Unternehmen<\/label><\/span><span class=\"elementor-field-option\"><input type=\"checkbox\" value=\"budov\u00e1n\u00ed infrastruktur pro z\u00e1kladn\u00ed slu\u017eby ob\u010dan\u016fm a podnikatel\u016fm\" id=\"form-field-field_b08a4a9-1\" name=\"form_fields[field_b08a4a9][]\"> <label for=\"form-field-field_b08a4a9-1\">Aufbau von Infrastrukturen f\u00fcr grundlegende Dienstleistungen f\u00fcr B\u00fcrger und Unternehmer<\/label><\/span><span class=\"elementor-field-option\"><input type=\"checkbox\" value=\"investice do v\u00fdzkumu a v\u00fdvoje\" id=\"form-field-field_b08a4a9-2\" name=\"form_fields[field_b08a4a9][]\"> <label for=\"form-field-field_b08a4a9-2\">Investitionen in Forschung und Entwicklung<\/label><\/span><span class=\"elementor-field-option\"><input type=\"checkbox\" value=\"investice do zaji\u0161t\u011bn\u00ed vnit\u0159n\u00edho potenci\u00e1lu region\u016f a pro vytv\u00e1\u0159en\u00ed s\u00edt\u00ed\" id=\"form-field-field_b08a4a9-3\" name=\"form_fields[field_b08a4a9][]\"> <label for=\"form-field-field_b08a4a9-3\">Investitionen zur Sicherung des internen Potenzials der Regionen und zur Schaffung von Netzwerken<\/label><\/span><span class=\"elementor-field-option\"><input type=\"checkbox\" value=\"spolupr\u00e1ce a v\u00fdm\u011bnu zku\u0161enost\u00ed\" id=\"form-field-field_b08a4a9-4\" name=\"form_fields[field_b08a4a9][]\"> <label for=\"form-field-field_b08a4a9-4\">Zusammenarbeit und Erfahrungsaustausch<\/label><\/span><span class=\"elementor-field-option\"><input type=\"checkbox\" value=\"podpora vysok\u00e9 \u00farovn\u011b zam\u011bstnanosti a kvalitn\u00edch zam\u011bstn\u00e1n\u00ed\" id=\"form-field-field_b08a4a9-5\" name=\"form_fields[field_b08a4a9][]\"> <label for=\"form-field-field_b08a4a9-5\">Unterst\u00fctzung eines hohen Besch\u00e4ftigungsniveaus und hochwertiger Arbeitspl\u00e4tze<\/label><\/span><span class=\"elementor-field-option\"><input type=\"checkbox\" value=\"podpora mobility pracovn\u00edch sil\" id=\"form-field-field_b08a4a9-6\" name=\"form_fields[field_b08a4a9][]\"> <label for=\"form-field-field_b08a4a9-6\">Unterst\u00fctzung der Arbeitskr\u00e4ftemobilit\u00e4t<\/label><\/span><span class=\"elementor-field-option\"><input type=\"checkbox\" value=\"podpora vy\u0161\u0161\u00ed \u00farovn\u011b vzd\u011bl\u00e1v\u00e1n\u00ed a v\u00fdcviku\" id=\"form-field-field_b08a4a9-7\" name=\"form_fields[field_b08a4a9][]\"> <label for=\"form-field-field_b08a4a9-7\">Unterst\u00fctzung eines h\u00f6heren Bildungs- und Ausbildungsniveaus<\/label><\/span><span class=\"elementor-field-option\"><input type=\"checkbox\" value=\"podpora rovnosti pohlav\u00ed, rovn\u00fdch p\u0159\u00edle\u017eitosti a nediskriminaci\" id=\"form-field-field_b08a4a9-8\" name=\"form_fields[field_b08a4a9][]\"> <label for=\"form-field-field_b08a4a9-8\">F\u00f6rderung der Gleichstellung der Geschlechter, der Chancengleichheit und der Nichtdiskriminierung<\/label><\/span><span class=\"elementor-field-option\"><input type=\"checkbox\" value=\"podpora soci\u00e1ln\u00edho za\u010dle\u0148ov\u00e1n\u00ed a boje s chudobou\" id=\"form-field-field_b08a4a9-9\" name=\"form_fields[field_b08a4a9][]\"> <label for=\"form-field-field_b08a4a9-9\">F\u00f6rderung der sozialen Eingliederung und Bek\u00e4mpfung der Armut<\/label><\/span><span class=\"elementor-field-option\"><input type=\"checkbox\" value=\"investice do infrastruktury v oblastech \u017eivotn\u00edho prost\u0159ed\u00ed\" id=\"form-field-field_b08a4a9-10\" name=\"form_fields[field_b08a4a9][]\"> <label for=\"form-field-field_b08a4a9-10\">Investitionen in die Infrastruktur im Umweltbereich<\/label><\/span><span class=\"elementor-field-option\"><input type=\"checkbox\" value=\"investice do dopravn\u00ed infrastruktury evropsk\u00e9ho v\u00fdznamu a efektivn\u00edho vyu\u017e\u00edv\u00e1n\u00ed energie\" id=\"form-field-field_b08a4a9-11\" name=\"form_fields[field_b08a4a9][]\"> <label for=\"form-field-field_b08a4a9-11\">Investitionen in die Verkehrsinfrastruktur von europ\u00e4ischer Bedeutung und effiziente Energienutzung<\/label><\/span><span class=\"elementor-field-option\"><input type=\"checkbox\" value=\"podpora konkurenceschopnosti zem\u011bd\u011blstv\u00ed\" id=\"form-field-field_b08a4a9-12\" name=\"form_fields[field_b08a4a9][]\"> <label for=\"form-field-field_b08a4a9-12\">Unterst\u00fctzung der Wettbewerbsf\u00e4higkeit der Landwirtschaft<\/label><\/span><span class=\"elementor-field-option\"><input type=\"checkbox\" value=\"udr\u017eiteln\u00e9 nakl\u00e1d\u00e1n\u00ed s p\u0159\u00edrodn\u00edmi zdroji a vyv\u00e1\u017een\u00fd rozvoj venkovsk\u00fdch \u00fazem\u00ed\" id=\"form-field-field_b08a4a9-13\" name=\"form_fields[field_b08a4a9][]\"> <label for=\"form-field-field_b08a4a9-13\">nachhaltige Bewirtschaftung der nat\u00fcrlichen Ressourcen und ausgewogene Entwicklung l\u00e4ndlicher Gebiete<\/label><\/span><span class=\"elementor-field-option\"><input type=\"checkbox\" value=\"podpora konkurenceschopn\u00e9, \u017eivotaschopn\u00e9 a soci\u00e1ln\u011b i environment\u00e1ln\u011b udr\u017eiteln\u00e1 akvakultury\" id=\"form-field-field_b08a4a9-14\" name=\"form_fields[field_b08a4a9][]\"> <label for=\"form-field-field_b08a4a9-14\">Unterst\u00fctzung einer wettbewerbsf\u00e4higen, lebensf\u00e4higen und sozial und \u00f6kologisch nachhaltigen Aquakultur<\/label><\/span><span class=\"elementor-field-option\"><input type=\"checkbox\" value=\"dotace na pracovn\u00ed m\u00edsto vybran\u00fdch c\u00edlov\u00fdch skupin nezam\u011bstnan\u00fdch\" id=\"form-field-field_b08a4a9-15\" name=\"form_fields[field_b08a4a9][]\"> <label for=\"form-field-field_b08a4a9-15\">Arbeitszusch\u00fcsse f\u00fcr ausgew\u00e4hlte Zielgruppen von Arbeitslosen<\/label><\/span><span class=\"elementor-field-option\"><input type=\"checkbox\" value=\"jin\u00e9\" id=\"form-field-field_b08a4a9-16\" name=\"form_fields[field_b08a4a9][]\"> <label for=\"form-field-field_b08a4a9-16\">andere<\/label><\/span><\/div>\t\t\t\t<\/div>\n\t\t\t\t\t\t\t\t<div class=\"elementor-field-group elementor-column elementor-field-type-submit elementor-col-100 e-form__buttons\">\n\t\t\t\t\t<button type=\"submit\" class=\"elementor-button elementor-size-md\">\n\t\t\t\t\t\t<span >\n\t\t\t\t\t\t\t\t\t\t\t\t\t\t\t<span class=\"elementor-align-icon-right elementor-button-icon\">\n\t\t\t\t\t\t\t\t\t<i aria-hidden=\"true\" class=\"fas fa-arrow-right\"><\/i>\t\t\t\t\t\t\t\t\t\t\t\t\t\t\t\t\t<\/span>\n\t\t\t\t\t\t\t\t\t\t\t\t\t\t\t\t\t\t\t\t\t\t<span class=\"elementor-button-text\">Senden an<\/span>\n\t\t\t\t\t\t\t\t\t\t\t\t\t<\/span>\n\t\t\t\t\t<\/button>\n\t\t\t\t<\/div>\n\t\t\t<\/div>\n\t\t<input type=\"hidden\" name=\"trp-form-language\" value=\"de\"\/><\/form>\n\t\t\t\t<\/div>\n\t\t\t\t<\/div>\n\t\t\t\t\t<\/div>\n\t\t<\/div>\n\t\t\t\t\t<\/div>\n\t\t<\/section>\n\t\t\t\t<\/div>","protected":false},"excerpt":{"rendered":"<p>P\u0159edb\u011b\u017en\u00fd nez\u00e1vazn\u00fd dotazn\u00edk SOLEDPRO s.r.o. &#8211; v\u00e1\u0161 spolehliv\u00fd partner Prvn\u00edm krokem k z\u00edsk\u00e1n\u00ed podpory z evropsk\u00fdch fond\u016f je vypln\u011bn\u00ed stru\u010dn\u00e9ho vstupn\u00edho dotazn\u00edku.<\/p>","protected":false},"author":1,"featured_media":0,"parent":153,"menu_order":1,"comment_status":"closed","ping_status":"closed","template":"","meta":{"footnotes":""},"class_list":["post-253","page","type-page","status-publish","hentry"],"_links":{"self":[{"href":"https:\/\/www.soledpro.cz\/de\/wp-json\/wp\/v2\/pages\/253","targetHints":{"allow":["GET"]}}],"collection":[{"href":"https:\/\/www.soledpro.cz\/de\/wp-json\/wp\/v2\/pages"}],"about":[{"href":"https:\/\/www.soledpro.cz\/de\/wp-json\/wp\/v2\/types\/page"}],"author":[{"embeddable":true,"href":"https:\/\/www.soledpro.cz\/de\/wp-json\/wp\/v2\/users\/1"}],"replies":[{"embeddable":true,"href":"https:\/\/www.soledpro.cz\/de\/wp-json\/wp\/v2\/comments?post=253"}],"version-history":[{"count":7,"href":"https:\/\/www.soledpro.cz\/de\/wp-json\/wp\/v2\/pages\/253\/revisions"}],"predecessor-version":[{"id":263,"href":"https:\/\/www.soledpro.cz\/de\/wp-json\/wp\/v2\/pages\/253\/revisions\/263"}],"up":[{"embeddable":true,"href":"https:\/\/www.soledpro.cz\/de\/wp-json\/wp\/v2\/pages\/153"}],"wp:attachment":[{"href":"https:\/\/www.soledpro.cz\/de\/wp-json\/wp\/v2\/media?parent=253"}],"curies":[{"name":"wp","href":"https:\/\/api.w.org\/{rel}","templated":true}]}}