{"id":231,"date":"2021-01-20T12:01:56","date_gmt":"2021-01-20T11:01:56","guid":{"rendered":"http:\/\/www.soledpro.cz\/?page_id=231"},"modified":"2021-02-13T15:50:54","modified_gmt":"2021-02-13T14:50:54","slug":"komplexni-ochrana-dat-arcserve-udp","status":"publish","type":"page","link":"https:\/\/www.soledpro.cz\/de\/kyberneticka-bezpecnost\/komplexni-ochrana-dat-arcserve-udp\/","title":{"rendered":"Komplexn\u00ed ochrana dat ArcServe UDP"},"content":{"rendered":"<div data-elementor-type=\"wp-page\" data-elementor-id=\"231\" class=\"elementor elementor-231\">\n\t\t\t\t\t\t<section class=\"elementor-section elementor-top-section elementor-element elementor-element-c6112cf elementor-section-height-min-height elementor-section-boxed elementor-section-height-default elementor-section-items-middle\" data-id=\"c6112cf\" data-element_type=\"section\" data-settings=\"{&quot;background_background&quot;:&quot;gradient&quot;,&quot;shape_divider_bottom&quot;:&quot;waves&quot;}\">\n\t\t\t\t\t\t\t<div class=\"elementor-background-overlay\"><\/div>\n\t\t\t\t\t\t<div class=\"elementor-shape elementor-shape-bottom\" data-negative=\"false\">\n\t\t\t<svg xmlns=\"http:\/\/www.w3.org\/2000\/svg\" viewbox=\"0 0 1000 100\" preserveaspectratio=\"none\">\n\t<path class=\"elementor-shape-fill\" d=\"M421.9,6.5c22.6-2.5,51.5,0.4,75.5,5.3c23.6,4.9,70.9,23.5,100.5,35.7c75.8,32.2,133.7,44.5,192.6,49.7\tc23.6,2.1,48.7,3.5,103.4-2.5c54.7-6,106.2-25.6,106.2-25.6V0H0v30.3c0,0,72,32.6,158.4,30.5c39.2-0.7,92.8-6.7,134-22.4\tc21.2-8.1,52.2-18.2,79.7-24.2C399.3,7.9,411.6,7.5,421.9,6.5z\"\/>\n<\/svg>\t\t<\/div>\n\t\t\t\t\t<div class=\"elementor-container elementor-column-gap-default\">\n\t\t\t\t\t<div class=\"elementor-column elementor-col-100 elementor-top-column elementor-element elementor-element-2ad98b0\" data-id=\"2ad98b0\" data-element_type=\"column\">\n\t\t\t<div class=\"elementor-widget-wrap elementor-element-populated\">\n\t\t\t\t\t\t<div class=\"elementor-element elementor-element-f0cebfe elementor-widget elementor-widget-heading\" data-id=\"f0cebfe\" data-element_type=\"widget\" data-widget_type=\"heading.default\">\n\t\t\t\t<div class=\"elementor-widget-container\">\n\t\t\t<h1 class=\"elementor-heading-title elementor-size-default\">Komplexn\u00ed ochrana dat ArcServe UDP<\/h1>\t\t<\/div>\n\t\t\t\t<\/div>\n\t\t\t\t<div class=\"elementor-element elementor-element-42e0e55 elementor-widget elementor-widget-heading\" data-id=\"42e0e55\" data-element_type=\"widget\" data-widget_type=\"heading.default\">\n\t\t\t\t<div class=\"elementor-widget-container\">\n\t\t\t<h3 class=\"elementor-heading-title elementor-size-default\">SOLEDPRO UV\u00c1D\u00cd NA TRH V \u010cR\nRE\u00c1LNOU IT BEZPE\u010cNOST<\/h3>\t\t<\/div>\n\t\t\t\t<\/div>\n\t\t\t\t\t<\/div>\n\t\t<\/div>\n\t\t\t\t\t<\/div>\n\t\t<\/section>\n\t\t\t\t<section class=\"elementor-section elementor-top-section elementor-element elementor-element-3c0a146 elementor-section-boxed elementor-section-height-default elementor-section-height-default\" data-id=\"3c0a146\" data-element_type=\"section\">\n\t\t\t\t\t\t<div class=\"elementor-container elementor-column-gap-default\">\n\t\t\t\t\t<div class=\"elementor-column elementor-col-100 elementor-top-column elementor-element elementor-element-252627a\" data-id=\"252627a\" data-element_type=\"column\">\n\t\t\t<div class=\"elementor-widget-wrap elementor-element-populated\">\n\t\t\t\t\t\t<div class=\"elementor-element elementor-element-540b0cc elementor-widget elementor-widget-text-editor\" data-id=\"540b0cc\" data-element_type=\"widget\" data-widget_type=\"text-editor.default\">\n\t\t\t\t<div class=\"elementor-widget-container\">\n\t\t\t\t\t\t\t<p><strong>Arcserve UDP (Unified Data Protection)<\/strong><\/p><p>\u0158e\u0161en\u00ed Arcserve UDP spojuje v praxi osv\u011bd\u010den\u00e9 z\u00e1lohov\u00e1n\u00ed na \u00farovni zm\u011bn\u011bn\u00fdch blok\u016f dat, z\u00e1lohu na p\u00e1sku, replikaci, vysokou dostupnost a glob\u00e1ln\u00ed deduplika\u010dn\u00ed technologie v r\u00e1mci jedin\u00e9ho jednoduch\u00e9ho \u0159e\u0161en\u00ed. Jedn\u00e1 se o architekturu dal\u0161\u00ed generace, kter\u00e1 nab\u00edz\u00ed kompletn\u00ed mo\u017enosti Assured Recovery p\u0159i bezkonkuren\u010dn\u00ed jednoduchosti pou\u017eit\u00ed. Mezi inovativn\u00ed technologie pat\u0159\u00ed nov\u00e1 unifikovan\u00e1 \u0161k\u00e1lovateln\u00e1 architektura, jednoduch\u00e9 pl\u00e1ny na ochranu dat, mo\u017enosti Assured Recovery a glob\u00e1ln\u00ed deduplikace na zdroji. Arcserve UDP je \u0159e\u0161en\u00ed, kter\u00e9 disponuje sjednocenou architekturou pro image z\u00e1lohy, Infinite Incremental (I2 Technology), Bare Metal Recovery, High Availability (HA), replikaci dat, p\u00e1sky, cloud, virtual a pod.<\/p><p><strong>Hlavn\u00ed funkcionality Arcserve UDP:<\/strong><\/p><ul><li>V\u0161echny technologie ochrany kl\u00ed\u010dov\u00fdch dat jsou spravovateln\u00e9 v jedn\u00e9 ovl\u00e1dac\u00ed konzoli.<\/li><li>Automatick\u00e9 testov\u00e1n\u00ed Disaster Recovery (obnoven\u00ed dat po hav\u00e1rii) na odd\u011blen\u00e9m replikovan\u00e9m serveru.<\/li><li>Automatick\u00fd Disaster Recovery proces neovliv\u0148uje zbytek syst\u00e9m\u016f a nesni\u017euje produktivitu.<\/li><li>P\u0159ehledn\u00e9 a transparentn\u00ed reporty poskytuj\u00ed dokumentaci o n\u00e1vratnosti syst\u00e9m\u016f.<\/li><li>Nep\u0159etr\u017eit\u00e1 replikace a vysok\u00e1 dostupnost cel\u00e9ho syst\u00e9mu.<\/li><li>Zabezpe\u010den\u00ed virtu\u00e1ln\u00edho prost\u0159ed\u00ed.<\/li><li>Aplika\u010dn\u00ed \u00farove\u0148 p\u0159evzet\u00ed slu\u017eeb p\u0159i selh\u00e1n\u00ed a jejich navr\u00e1cen\u00ed po obnoven\u00ed.<\/li><li>Vysp\u011bl\u00e1 a bezpe\u010dn\u00e1 replikace z jednoho RPS (Recovery Point Server) na jin\u00fd s optimalizac\u00ed WAN.<\/li><li>Skute\u010dn\u00e1 glob\u00e1ln\u00ed deduplikace nap\u0159\u00ed\u010d celou infrastrukturou.<\/li><li>Klient\/z\u00e1loha: Data jsou deduplikov\u00e1na p\u0159ed p\u0159evodem do c\u00edlov\u00e9ho RPS.<\/li><li>Integrovan\u00e1 archivace z\u00e1loh nebo cel\u00fdch syst\u00e9m\u016f na p\u00e1sky.<\/li><li>Obnova soubor\u016f nebo image z\u00e1loh z p\u00e1sky v jednom kroku.<\/li><li>Fyzick\u00e9 a virtu\u00e1ln\u00ed prost\u0159ed\u00ed.<\/li><li>Bare Metal Recovery &#8211; kompletn\u00ed obnoven\u00ed syst\u00e9mu ze z\u00e1lohy.<\/li><\/ul><p><strong>\u00a0<\/strong><\/p>\t\t\t\t\t\t<\/div>\n\t\t\t\t<\/div>\n\t\t\t\t\t<\/div>\n\t\t<\/div>\n\t\t\t\t\t<\/div>\n\t\t<\/section>\n\t\t\t\t<section class=\"elementor-section elementor-top-section elementor-element elementor-element-7dd64eb elementor-section-boxed elementor-section-height-default elementor-section-height-default\" data-id=\"7dd64eb\" data-element_type=\"section\">\n\t\t\t\t\t\t<div class=\"elementor-container elementor-column-gap-default\">\n\t\t\t\t\t<div class=\"elementor-column elementor-col-100 elementor-top-column elementor-element elementor-element-a988299\" data-id=\"a988299\" data-element_type=\"column\">\n\t\t\t<div class=\"elementor-widget-wrap elementor-element-populated\">\n\t\t\t\t\t\t<section class=\"elementor-section elementor-inner-section elementor-element elementor-element-ec6ed71 elementor-section-boxed elementor-section-height-default elementor-section-height-default\" data-id=\"ec6ed71\" data-element_type=\"section\">\n\t\t\t\t\t\t<div class=\"elementor-container elementor-column-gap-default\">\n\t\t\t\t\t<div class=\"elementor-column elementor-col-50 elementor-inner-column elementor-element elementor-element-bf32889\" data-id=\"bf32889\" data-element_type=\"column\">\n\t\t\t<div class=\"elementor-widget-wrap elementor-element-populated\">\n\t\t\t\t\t\t<div class=\"elementor-element elementor-element-f7bc7d6 elementor-widget elementor-widget-text-editor\" data-id=\"f7bc7d6\" data-element_type=\"widget\" data-widget_type=\"text-editor.default\">\n\t\t\t\t<div class=\"elementor-widget-container\">\n\t\t\t\t\t\t\t<p><strong>Arcserve UDP je unik\u00e1tn\u00edm \u0159e\u0161en\u00edm, jeho\u017e hlavn\u00edmi v\u00fdhodami jsou:<\/strong><\/p><ul><li>Unifikovan\u00e1 architektura.<\/li><li>Jednotn\u00e1 ovl\u00e1dac\u00ed konzole.<\/li><li>Glob\u00e1ln\u00ed deduplikace dat na zdroji.<\/li><li>Automatizovan\u00e9 testov\u00e1n\u00ed obnovitelnosti<\/li><li>Agentless z\u00e1lohy pro VMware a Hyper-V<\/li><li>Flexibiln\u00ed pl\u00e1ny ochrany a dostupnosti dat<\/li><li>Vestav\u011bn\u00e1 replikace a vysok\u00e1 dostupnost<\/li><li>Migrace image z disk\u016f na p\u00e1sku<\/li><li>\u0160irok\u00e1 podpora r\u016fzn\u00fdch prost\u0159ed\u00ed<\/li><li>On-premise, off-premise nebo cloud<\/li><li>Pokro\u010dil\u00fd reporting<\/li><\/ul><p>Certifik\u00e1ty:<\/p><p><a href=\"https:\/\/www.soledpro.cz\/wp-content\/uploads\/2021\/02\/Techp.pdf\">Technick\u00fd 1<\/a> a <a href=\"https:\/\/www.soledpro.cz\/wp-content\/uploads\/2021\/02\/Salesp.pdf\">Obchodn\u00ed 1<\/a><\/p><p><a href=\"https:\/\/www.soledpro.cz\/wp-content\/uploads\/2021\/02\/\/Techd.pdf\">Technick\u00fd 2<\/a>\u00a0a <a href=\"https:\/\/www.soledpro.cz\/wp-content\/uploads\/2021\/02\/SalD.pdf\">Obchodn\u00ed 2<\/a><\/p>\t\t\t\t\t\t<\/div>\n\t\t\t\t<\/div>\n\t\t\t\t\t<\/div>\n\t\t<\/div>\n\t\t\t\t<div class=\"elementor-column elementor-col-50 elementor-inner-column elementor-element elementor-element-4634ae5\" data-id=\"4634ae5\" data-element_type=\"column\">\n\t\t\t<div class=\"elementor-widget-wrap elementor-element-populated\">\n\t\t\t\t\t\t<div class=\"elementor-element elementor-element-cd459b2 elementor-widget elementor-widget-image\" data-id=\"cd459b2\" data-element_type=\"widget\" data-widget_type=\"image.default\">\n\t\t\t\t<div class=\"elementor-widget-container\">\n\t\t\t\t\t\t\t\t\t\t\t\t\t\t<a href=\"https:\/\/www.soledpro.cz\/wp-content\/uploads\/2021\/02\/DIPLOM_Arcserve_2015.jpg\" data-elementor-open-lightbox=\"yes\" data-elementor-lightbox-title=\"DIPLOM_Arcserve_2015\" data-e-action-hash=\"#elementor-action%3Aaction%3Dlightbox%26settings%3DeyJpZCI6MzIwLCJ1cmwiOiJodHRwczpcL1wvd3d3LnNvbGVkcHJvLmN6XC93cC1jb250ZW50XC91cGxvYWRzXC8yMDIxXC8wMlwvRElQTE9NX0FyY3NlcnZlXzIwMTUuanBnIn0%3D\">\n\t\t\t\t\t\t\t<img fetchpriority=\"high\" decoding=\"async\" width=\"212\" height=\"300\" src=\"https:\/\/www.soledpro.cz\/wp-content\/uploads\/2021\/02\/DIPLOM_Arcserve_2015-212x300.jpg\" class=\"attachment-medium size-medium wp-image-320\" alt=\"\" srcset=\"https:\/\/www.soledpro.cz\/wp-content\/uploads\/2021\/02\/DIPLOM_Arcserve_2015-212x300.jpg 212w, https:\/\/www.soledpro.cz\/wp-content\/uploads\/2021\/02\/DIPLOM_Arcserve_2015.jpg 595w\" sizes=\"(max-width: 212px) 100vw, 212px\" \/>\t\t\t\t\t\t\t\t<\/a>\n\t\t\t\t\t\t\t\t\t\t\t\t\t<\/div>\n\t\t\t\t<\/div>\n\t\t\t\t\t<\/div>\n\t\t<\/div>\n\t\t\t\t\t<\/div>\n\t\t<\/section>\n\t\t\t\t\t<\/div>\n\t\t<\/div>\n\t\t\t\t\t<\/div>\n\t\t<\/section>\n\t\t\t\t<\/div>","protected":false},"excerpt":{"rendered":"<p>Komplexn\u00ed ochrana dat ArcServe UDP SOLEDPRO UV\u00c1D\u00cd NA TRH V \u010cR RE\u00c1LNOU IT BEZPE\u010cNOST Arcserve UDP (Unified Data Protection) \u0158e\u0161en\u00ed Arcserve UDP spojuje v praxi osv\u011bd\u010den\u00e9 z\u00e1lohov\u00e1n\u00ed na \u00farovni zm\u011bn\u011bn\u00fdch blok\u016f dat, z\u00e1lohu na p\u00e1sku, replikaci, vysokou dostupnost a glob\u00e1ln\u00ed deduplika\u010dn\u00ed technologie v r\u00e1mci jedin\u00e9ho jednoduch\u00e9ho \u0159e\u0161en\u00ed. Jedn\u00e1 se o architekturu dal\u0161\u00ed generace, kter\u00e1 nab\u00edz\u00ed [&hellip;]<\/p>","protected":false},"author":1,"featured_media":0,"parent":123,"menu_order":5,"comment_status":"closed","ping_status":"closed","template":"","meta":{"footnotes":""},"class_list":["post-231","page","type-page","status-publish","hentry"],"_links":{"self":[{"href":"https:\/\/www.soledpro.cz\/de\/wp-json\/wp\/v2\/pages\/231","targetHints":{"allow":["GET"]}}],"collection":[{"href":"https:\/\/www.soledpro.cz\/de\/wp-json\/wp\/v2\/pages"}],"about":[{"href":"https:\/\/www.soledpro.cz\/de\/wp-json\/wp\/v2\/types\/page"}],"author":[{"embeddable":true,"href":"https:\/\/www.soledpro.cz\/de\/wp-json\/wp\/v2\/users\/1"}],"replies":[{"embeddable":true,"href":"https:\/\/www.soledpro.cz\/de\/wp-json\/wp\/v2\/comments?post=231"}],"version-history":[{"count":29,"href":"https:\/\/www.soledpro.cz\/de\/wp-json\/wp\/v2\/pages\/231\/revisions"}],"predecessor-version":[{"id":338,"href":"https:\/\/www.soledpro.cz\/de\/wp-json\/wp\/v2\/pages\/231\/revisions\/338"}],"up":[{"embeddable":true,"href":"https:\/\/www.soledpro.cz\/de\/wp-json\/wp\/v2\/pages\/123"}],"wp:attachment":[{"href":"https:\/\/www.soledpro.cz\/de\/wp-json\/wp\/v2\/media?parent=231"}],"curies":[{"name":"wp","href":"https:\/\/api.w.org\/{rel}","templated":true}]}}