{"id":229,"date":"2021-01-20T12:01:56","date_gmt":"2021-01-20T11:01:56","guid":{"rendered":"http:\/\/www.soledpro.cz\/?page_id=229"},"modified":"2022-06-19T12:13:54","modified_gmt":"2022-06-19T10:13:54","slug":"manage-engine","status":"publish","type":"page","link":"https:\/\/www.soledpro.cz\/de\/kyberneticka-bezpecnost\/manage-engine\/","title":{"rendered":"Manage Engine"},"content":{"rendered":"<div data-elementor-type=\"wp-page\" data-elementor-id=\"229\" class=\"elementor elementor-229\">\n\t\t\t\t\t\t<section class=\"elementor-section elementor-top-section elementor-element elementor-element-ea8eee6 elementor-section-height-min-height elementor-section-boxed elementor-section-height-default elementor-section-items-middle\" data-id=\"ea8eee6\" data-element_type=\"section\" data-settings=\"{&quot;background_background&quot;:&quot;gradient&quot;,&quot;shape_divider_bottom&quot;:&quot;waves&quot;}\">\n\t\t\t\t\t\t\t<div class=\"elementor-background-overlay\"><\/div>\n\t\t\t\t\t\t<div class=\"elementor-shape elementor-shape-bottom\" data-negative=\"false\">\n\t\t\t<svg xmlns=\"http:\/\/www.w3.org\/2000\/svg\" viewbox=\"0 0 1000 100\" preserveaspectratio=\"none\">\n\t<path class=\"elementor-shape-fill\" d=\"M421.9,6.5c22.6-2.5,51.5,0.4,75.5,5.3c23.6,4.9,70.9,23.5,100.5,35.7c75.8,32.2,133.7,44.5,192.6,49.7\tc23.6,2.1,48.7,3.5,103.4-2.5c54.7-6,106.2-25.6,106.2-25.6V0H0v30.3c0,0,72,32.6,158.4,30.5c39.2-0.7,92.8-6.7,134-22.4\tc21.2-8.1,52.2-18.2,79.7-24.2C399.3,7.9,411.6,7.5,421.9,6.5z\"\/>\n<\/svg>\t\t<\/div>\n\t\t\t\t\t<div class=\"elementor-container elementor-column-gap-default\">\n\t\t\t\t\t<div class=\"elementor-column elementor-col-100 elementor-top-column elementor-element elementor-element-054eadb\" data-id=\"054eadb\" data-element_type=\"column\">\n\t\t\t<div class=\"elementor-widget-wrap elementor-element-populated\">\n\t\t\t\t\t\t<div class=\"elementor-element elementor-element-58b3cad elementor-widget elementor-widget-heading\" data-id=\"58b3cad\" data-element_type=\"widget\" data-widget_type=\"heading.default\">\n\t\t\t\t<div class=\"elementor-widget-container\">\n\t\t\t<h1 class=\"elementor-heading-title elementor-size-default\">Manage Engine<\/h1>\t\t<\/div>\n\t\t\t\t<\/div>\n\t\t\t\t<div class=\"elementor-element elementor-element-30efc42 elementor-widget elementor-widget-heading\" data-id=\"30efc42\" data-element_type=\"widget\" data-widget_type=\"heading.default\">\n\t\t\t\t<div class=\"elementor-widget-container\">\n\t\t\t<h3 class=\"elementor-heading-title elementor-size-default\">SW-L\u00f6sungen f\u00fcr den reibungslosen t\u00e4glichen Betrieb Ihrer IT-Abteilung<\/h3>\t\t<\/div>\n\t\t\t\t<\/div>\n\t\t\t\t\t<\/div>\n\t\t<\/div>\n\t\t\t\t\t<\/div>\n\t\t<\/section>\n\t\t\t\t<section class=\"elementor-section elementor-top-section elementor-element elementor-element-f299518 elementor-section-boxed elementor-section-height-default elementor-section-height-default\" data-id=\"f299518\" data-element_type=\"section\">\n\t\t\t\t\t\t<div class=\"elementor-container elementor-column-gap-default\">\n\t\t\t\t\t<div class=\"elementor-column elementor-col-100 elementor-top-column elementor-element elementor-element-0875b50\" data-id=\"0875b50\" data-element_type=\"column\">\n\t\t\t<div class=\"elementor-widget-wrap elementor-element-populated\">\n\t\t\t\t\t\t<section class=\"elementor-section elementor-inner-section elementor-element elementor-element-d58d355 elementor-section-content-middle elementor-section-boxed elementor-section-height-default elementor-section-height-default\" data-id=\"d58d355\" data-element_type=\"section\">\n\t\t\t\t\t\t<div class=\"elementor-container elementor-column-gap-default\">\n\t\t\t\t\t<div class=\"elementor-column elementor-col-100 elementor-inner-column elementor-element elementor-element-337d93c\" data-id=\"337d93c\" data-element_type=\"column\">\n\t\t\t<div class=\"elementor-widget-wrap elementor-element-populated\">\n\t\t\t\t\t\t<div class=\"elementor-element elementor-element-acbc09a elementor-widget elementor-widget-image\" data-id=\"acbc09a\" data-element_type=\"widget\" data-widget_type=\"image.default\">\n\t\t\t\t<div class=\"elementor-widget-container\">\n\t\t\t\t\t\t\t\t\t\t\t\t\t<img fetchpriority=\"high\" decoding=\"async\" width=\"736\" height=\"121\" src=\"https:\/\/www.soledpro.cz\/wp-content\/uploads\/2021\/02\/manage-engine.png\" class=\"attachment-large size-large wp-image-266\" alt=\"manage-engine\" srcset=\"https:\/\/www.soledpro.cz\/wp-content\/uploads\/2021\/02\/manage-engine.png 736w, https:\/\/www.soledpro.cz\/wp-content\/uploads\/2021\/02\/manage-engine-300x49.png 300w\" sizes=\"(max-width: 736px) 100vw, 736px\" \/>\t\t\t\t\t\t\t\t\t\t\t\t\t<\/div>\n\t\t\t\t<\/div>\n\t\t\t\t\t<\/div>\n\t\t<\/div>\n\t\t\t\t\t<\/div>\n\t\t<\/section>\n\t\t\t\t<div class=\"elementor-element elementor-element-6af41a2 elementor-widget elementor-widget-text-editor\" data-id=\"6af41a2\" data-element_type=\"widget\" data-widget_type=\"text-editor.default\">\n\t\t\t\t<div class=\"elementor-widget-container\">\n\t\t\t\t\t\t\t<div class=\"elementor-element elementor-element-2209340 elementor-widget elementor-widget-heading\" data-id=\"2209340\" data-element_type=\"widget\" data-widget_type=\"heading.default\"><div class=\"elementor-widget-container\"><h3 class=\"elementor-heading-title elementor-size-default\">Wir sind Distributor von ManageEngine-L\u00f6sungen in den Bereichen ITSM, Active Directory, Netzwerkinfrastruktur und Service\u00fcberwachung, Sicherheit und Ressourcenmanagement.<\/h3><\/div><\/div><div class=\"elementor-element elementor-element-8362ee5 elementor-widget elementor-widget-text-editor\" data-id=\"8362ee5\" data-element_type=\"widget\" data-widget_type=\"text-editor.default\"><div class=\"elementor-widget-container\"><div class=\"elementor-text-editor elementor-clearfix\"><p>Wir bieten Dienstleistungen und L\u00f6sungen, die sich an Ihren Bed\u00fcrfnissen orientieren. Engagement, Leidenschaft, Wissen und Erfahrung helfen uns, unsere Ziele zu \u00fcbertreffen.<br \/>So k\u00f6nnen Sie sich auf Ihr Kerngesch\u00e4ft konzentrieren und sich einen Wettbewerbsvorteil verschaffen.<\/p><\/div><\/div><\/div><h1><a href=\"https:\/\/www.soledpro.cz\/de\/kyberneticka-bezpecnost\/manage-engine\/produkty-itsm\/\">ITSM-Produkte<\/a><\/h1><div class=\"seo-text-intro\"><p><strong>ITSM-L\u00f6sungen<\/strong> helfen, die Verwaltung von technischem Support, Kundendienst und IT-Ressourcen zu verbessern. ManageEngine-Systeme bieten professionellen und schnellen Endbenutzer-Support und erweiterte Analysen f\u00fcr die IT.<\/p><\/div><div class=\"seo-full-text\"><p>Das ITSM-Angebot umfasst: Helpdesk-System\u00a0<a style=\"background-color: #ffffff;\" href=\"https:\/\/www.soledpro.cz\/de\/kyberneticka-bezpecnost\/manage-engine\/produkty-itsm\/servicedesk-plus\/\">ServiceDesk Plus,<\/a>\u00a0datenanalysetool\u00a0<a style=\"background-color: #ffffff;\" href=\"https:\/\/www.soledpro.cz\/de\/kyberneticka-bezpecnost\/manage-engine\/produkty-itsm\/analytics-plus\/\">Analytics Plus<\/a>, ein System zur Verwaltung von Anfragen\u00a0<a style=\"background-color: #ffffff;\" href=\"https:\/\/www.soledpro.cz\/de\/kyberneticka-bezpecnost\/manage-engine\/produkty-itsm\/supportcenter-plus\/\">SupportCenter Plus<\/a>, IT-Ressourcenmanagement-System\u00a0<a style=\"background-color: #ffffff;\" href=\"https:\/\/www.soledpro.cz\/de\/kyberneticka-bezpecnost\/manage-engine\/produkty-itsm\/assetexplorer\/\">AssetExplorer<\/a>, das ServiceDesk Plus Quick Survey Anforderungsbewertungssystem, das ServiceDesk Plus Resource Protocol Dokumentationstool, die ServiceDesk Plus und Jira Software Integrationsl\u00f6sung und das ServiceDesk Plus SmartSelfService Self-Service Portal.<\/p><h1><a href=\"https:\/\/www.soledpro.cz\/de\/kyberneticka-bezpecnost\/manage-engine\/produkty-security-it\/\">IT-Sicherheitsprodukte<\/a><\/h1><div class=\"seo-text-intro\"><p>Sicher\u00a0<strong>IT-Sicherheit<\/strong>\u00a0Organisationen mit fortschrittlichen L\u00f6sungen zur Sicherung der physischen und virtuellen Infrastruktur. Die Produkte von ManageEngine stellen sicher, dass Benutzeraktivit\u00e4ten \u00fcberwacht und rechtliche und ethische Standards eingehalten werden, und helfen gleichzeitig, Ihr Unternehmen vor Identit\u00e4tsdiebstahl und fortschrittlichen Cyber-Bedrohungen zu sch\u00fctzen.<\/p><\/div><div class=\"seo-full-text\"><p>IT-Sicherheitsprodukte: Cloud-Analysesystem <a href=\"https:\/\/www.soledpro.cz\/de\/kyberneticka-bezpecnost\/manage-engine\/produkty-security-it\/cloud-security-plus\/\">Cloud Security Plus<\/a>, ein Werkzeug zur Protokollanalyse <a href=\"https:\/\/www.soledpro.cz\/de\/kyberneticka-bezpecnost\/manage-engine\/produkty-security-it\/eventlog-analyzer\/\">EventLog Analyzer<\/a>, Log-Analyse-System <a href=\"https:\/\/www.soledpro.cz\/de\/kyberneticka-bezpecnost\/manage-engine\/produkty-security-it\/firewall-analyzer\/\">Firewall Analyzer<\/a>, SSH-Schl\u00fcsselverwaltungssystem <a href=\"https:\/\/www.soledpro.cz\/de\/kyberneticka-bezpecnost\/manage-engine\/produkty-security-it\/key-manager-plus\/\">Key Manager Plus<\/a>, software zur Verwaltung der IT-Umgebung <a href=\"https:\/\/www.soledpro.cz\/de\/kyberneticka-bezpecnost\/manage-engine\/produkty-security-it\/log360\/\">Log360<\/a>, Privilegierter Passwort-Manager <a href=\"https:\/\/www.soledpro.cz\/de\/kyberneticka-bezpecnost\/manage-engine\/produkty-security-it\/password-manager-pro\/\">Password Manager Pro<\/a>, ein Werkzeug zur Verwaltung von Schwachstellen <a href=\"https:\/\/www.soledpro.cz\/de\/kyberneticka-bezpecnost\/manage-engine\/produkty-security-it\/vulnerability-manager-plus\/\">Vulnerability Manager Plus<\/a>, ein System zur Verwaltung von privilegiertem Zugang <a href=\"https:\/\/www.soledpro.cz\/de\/kyberneticka-bezpecnost\/manage-engine\/produkty-security-it\/pam360\/\">PAM360<\/a>\u00a0und ein Browser-Sicherheitstool <a href=\"https:\/\/www.soledpro.cz\/de\/kyberneticka-bezpecnost\/manage-engine\/produkty-security-it\/browser-security-plus\/\">Browser Security Plus<\/a>.<\/p><h1><a href=\"https:\/\/www.soledpro.cz\/de\/kyberneticka-bezpecnost\/manage-engine\/produkty-monitoring-it\/\">Produkte IT-\u00dcberwachung<\/a><\/h1><div class=\"seo-text-intro\"><p>Systeme\u00a0<strong>IT-\u00dcberwachung<\/strong>\u00a0der Organisation eine st\u00e4ndige Kontrolle zu erm\u00f6glichen. Mit den Produkten von ManageEngine k\u00f6nnen Sie das Netzwerkmanagement und alle Aspekte der Serverleistung verbessern.<\/p><\/div><div class=\"seo-full-text\"><p>Das Produktangebot f\u00fcr die IT-\u00dcberwachung umfasst: ein System zur \u00dcberwachung von IT-Ressourcen <a href=\"https:\/\/www.soledpro.cz\/de\/kyberneticka-bezpecnost\/manage-engine\/produkty-monitoring-it\/opmanager\/\">OpManager<\/a>, ein Werkzeug zur Verwaltung der Anwendungsleistung <a href=\"https:\/\/www.soledpro.cz\/de\/kyberneticka-bezpecnost\/manage-engine\/produkty-monitoring-it\/applications-manager\/\">Applications Manager<\/a>, Software zur \u00dcberwachung des Netzwerkverkehrs <a href=\"https:\/\/www.soledpro.cz\/de\/kyberneticka-bezpecnost\/manage-engine\/produkty-monitoring-it\/netflow-analyzer\/\">NetFlow Analyzer<\/a>, ein System zur Verwaltung der Ger\u00e4tekonfiguration <a href=\"https:\/\/www.soledpro.cz\/de\/kyberneticka-bezpecnost\/manage-engine\/produkty-monitoring-it\/network-configuration-manager\/\">Network Configuration Manager<\/a>, ein Werkzeug zur Verwaltung von IP-Adressen <a href=\"https:\/\/www.soledpro.cz\/de\/kyberneticka-bezpecnost\/manage-engine\/produkty-monitoring-it\/oputils\/\">OpUtils<\/a>, ein System zur \u00dcberwachung der IT-Infrastruktur <a href=\"https:\/\/www.soledpro.cz\/de\/kyberneticka-bezpecnost\/manage-engine\/produkty-monitoring-it\/site24x7\/\">Site24x7\u00a0<\/a>und L\u00f6sungen f\u00fcr die Verwaltung der Infrastrukturleistung <a href=\"https:\/\/www.soledpro.cz\/de\/kyberneticka-bezpecnost\/manage-engine\/produkty-monitoring-it\/opmanager-plus\/\">OpManager Plus<\/a>.<\/p><h1><a href=\"https:\/\/www.soledpro.cz\/de\/kyberneticka-bezpecnost\/manage-engine\/produkty-active-directory\/\">Active Directory-Produkte<\/a><\/h1><div class=\"seo-text-intro\"><p>L\u00f6sungen im Bereich der\u00a0<strong>Active Directory<\/strong>\u00a0erm\u00f6glicht Ihnen die Verwaltung von Identit\u00e4t und Zugriff in einer Windows-Umgebung sowie die effiziente Pr\u00fcfung und Berichterstattung von \u00c4nderungen in Echtzeit. Au\u00dferdem finden Sie hier Produkte f\u00fcr die Verwaltung und Sicherung von Office 365-Diensten sowie f\u00fcr die Sicherstellung der rechtlichen und ethischen Compliance bei der Nutzung dieser Programme.<\/p><\/div><div class=\"seo-full-text\"><p>Das Active Directory-Angebot von ManageEngine umfasst: das Active Directory Audit Tool <a href=\"https:\/\/www.soledpro.cz\/de\/kyberneticka-bezpecnost\/manage-engine\/produkty-active-directory\/adaudit-plus\/\">ADAudit Plus<\/a>, Dom\u00e4nenverwaltungssystem <a href=\"https:\/\/www.soledpro.cz\/de\/kyberneticka-bezpecnost\/manage-engine\/produkty-active-directory\/admanager-plus\/\">ADManager Plus<\/a>, eine L\u00f6sung zum automatischen Zur\u00fccksetzen von Kennw\u00f6rtern in einer Dom\u00e4ne <a href=\"https:\/\/www.soledpro.cz\/de\/kyberneticka-bezpecnost\/manage-engine\/produkty-active-directory\/adselfservice-plus\/\">ADSelfService Plus<\/a>, das Active Directory-Verwaltungssystem <a href=\"https:\/\/www.soledpro.cz\/de\/kyberneticka-bezpecnost\/manage-engine\/produkty-active-directory\/ad360\/\">AD360<\/a>, ein System zur \u00dcberpr\u00fcfung der gemeinsamen Nutzung von Netzwerken <a href=\"https:\/\/www.soledpro.cz\/de\/kyberneticka-bezpecnost\/manage-engine\/produkty-active-directory\/datasecurity-plus\/\">DataSecurity Plus<\/a>, Exchange Monitoring-L\u00f6sung - <a href=\"https:\/\/www.soledpro.cz\/de\/kyberneticka-bezpecnost\/manage-engine\/produkty-active-directory\/exchange-reporter-plus\/\">Exchange Reporter Plus<\/a>, das Office 365-Verwaltungstool - <a href=\"https:\/\/www.soledpro.cz\/de\/kyberneticka-bezpecnost\/manage-engine\/produkty-active-directory\/m365-manager-plus\/\">M365 Manager Plus<\/a>, ein Tool zur Erstellung von Active Directory-Backups <a href=\"https:\/\/www.soledpro.cz\/de\/kyberneticka-bezpecnost\/manage-engine\/produkty-active-directory\/recovery-manager-plus\/\">Recovery Manager Plus<\/a>\u00a0und das System<\/p><h1><a href=\"https:\/\/www.soledpro.cz\/de\/kyberneticka-bezpecnost\/manage-engine\/produkty-uem\/\">UEM-Produkte<\/a><\/h1><div class=\"seo-text-intro\"><p>Produkte\u00a0<strong>UEM<\/strong>\u00a0sind f\u00fcr die zentrale Verwaltung von Computern, mobilen Ger\u00e4ten und Browser-Sicherheit konzipiert. Informieren Sie sich \u00fcber die ManageEngine-Tools f\u00fcr Endpunktsicherheit und -kontrolle.<\/p><\/div><div class=\"seo-full-text\"><p>UEM-Produkte umfassen: Software f\u00fcr das IT-Management <a href=\"https:\/\/www.soledpro.cz\/de\/kyberneticka-bezpecnost\/manage-engine\/produkty-uem\/desktop-central\/\">Desktop Central<\/a>, System zur Verwaltung von Ger\u00e4teanschl\u00fcssen <a href=\"https:\/\/www.soledpro.cz\/de\/kyberneticka-bezpecnost\/manage-engine\/produkty-uem\/device-control-plus\/\">Device Control Plus<\/a>, ein Tool zur Verwaltung mobiler Ger\u00e4te <a href=\"https:\/\/www.soledpro.cz\/de\/kyberneticka-bezpecnost\/manage-engine\/produkty-uem\/mobile-device-manager-plus\/\">Mobile Device Manager Plus<\/a>, eine L\u00f6sung f\u00fcr die Verwaltung von System- und Anwendungsimages <a href=\"https:\/\/www.soledpro.cz\/de\/kyberneticka-bezpecnost\/manage-engine\/produkty-uem\/os-deployer\/\">OS Deployer<\/a>, ein Software-Management-Tool eines Drittanbieters <a href=\"https:\/\/www.soledpro.cz\/de\/kyberneticka-bezpecnost\/manage-engine\/produkty-uem\/patch-connect-plus\/\">Patch Connect Plus<\/a>, ein Werkzeug zur Verwaltung von Aktualisierungen <a href=\"https:\/\/www.soledpro.cz\/de\/kyberneticka-bezpecnost\/manage-engine\/produkty-uem\/patch-manager-plus\/\">Patch Manager Plus<\/a>\u00a0und ein Anwendungsmanagementsystem <a href=\"https:\/\/www.soledpro.cz\/de\/kyberneticka-bezpecnost\/manage-engine\/produkty-uem\/application-control-plus\/\">Application Control Plus<\/a>.<\/p><\/div><\/div><\/div><\/div><\/div>\t\t\t\t\t\t<\/div>\n\t\t\t\t<\/div>\n\t\t\t\t<div class=\"elementor-element elementor-element-53b3394 elementor-widget elementor-widget-heading\" data-id=\"53b3394\" data-element_type=\"widget\" data-widget_type=\"heading.default\">\n\t\t\t\t<div class=\"elementor-widget-container\">\n\t\t\t<h4 class=\"elementor-heading-title elementor-size-default\">Herunterladen:<\/h4>\t\t<\/div>\n\t\t\t\t<\/div>\n\t\t\t\t<div class=\"elementor-element elementor-element-232a8ce elementor-widget elementor-widget-text-editor\" data-id=\"232a8ce\" data-element_type=\"widget\" data-widget_type=\"text-editor.default\">\n\t\t\t\t<div class=\"elementor-widget-container\">\n\t\t\t\t\t\t\t<p><a href=\"https:\/\/www.soledpro.cz\/wp-content\/uploads\/2022\/06\/ME_brozura.pdf\">Brosch\u00fcre Manage Engine<\/a><\/p>\t\t\t\t\t\t<\/div>\n\t\t\t\t<\/div>\n\t\t\t\t\t<\/div>\n\t\t<\/div>\n\t\t\t\t\t<\/div>\n\t\t<\/section>\n\t\t\t\t<\/div>","protected":false},"excerpt":{"rendered":"<p>Manage Engine SW \u0159e\u0161en\u00ed pro plynul\u00fd ka\u017edodenn\u00ed chod Va\u0161eho IT odd\u011blen\u00ed Jsme distributorem \u0159e\u0161en\u00ed ManageEngine v oblasti ITSM, Active Directory, monitorov\u00e1n\u00ed s\u00ed\u0165ov\u00e9 infrastruktury a slu\u017eeb, zabezpe\u010den\u00ed a spr\u00e1vy zdroj\u016f. Poskytujeme slu\u017eby a \u0159e\u0161en\u00ed zam\u011b\u0159en\u00e1 na va\u0161e pot\u0159eby. Z\u00e1vazek, v\u00e1\u0161e\u0148, znalosti a zku\u0161enosti n\u00e1m pom\u00e1haj\u00ed p\u0159ekra\u010dovat na\u0161e c\u00edle.To v\u00e1m umo\u017en\u00ed soust\u0159edit se na sv\u00e9 z\u00e1kladn\u00ed \u010dinnosti [&hellip;]<\/p>","protected":false},"author":1,"featured_media":0,"parent":123,"menu_order":3,"comment_status":"closed","ping_status":"closed","template":"","meta":{"footnotes":""},"class_list":["post-229","page","type-page","status-publish","hentry"],"_links":{"self":[{"href":"https:\/\/www.soledpro.cz\/de\/wp-json\/wp\/v2\/pages\/229","targetHints":{"allow":["GET"]}}],"collection":[{"href":"https:\/\/www.soledpro.cz\/de\/wp-json\/wp\/v2\/pages"}],"about":[{"href":"https:\/\/www.soledpro.cz\/de\/wp-json\/wp\/v2\/types\/page"}],"author":[{"embeddable":true,"href":"https:\/\/www.soledpro.cz\/de\/wp-json\/wp\/v2\/users\/1"}],"replies":[{"embeddable":true,"href":"https:\/\/www.soledpro.cz\/de\/wp-json\/wp\/v2\/comments?post=229"}],"version-history":[{"count":40,"href":"https:\/\/www.soledpro.cz\/de\/wp-json\/wp\/v2\/pages\/229\/revisions"}],"predecessor-version":[{"id":1231,"href":"https:\/\/www.soledpro.cz\/de\/wp-json\/wp\/v2\/pages\/229\/revisions\/1231"}],"up":[{"embeddable":true,"href":"https:\/\/www.soledpro.cz\/de\/wp-json\/wp\/v2\/pages\/123"}],"wp:attachment":[{"href":"https:\/\/www.soledpro.cz\/de\/wp-json\/wp\/v2\/media?parent=229"}],"curies":[{"name":"wp","href":"https:\/\/api.w.org\/{rel}","templated":true}]}}