{"id":1481,"date":"2025-04-01T14:17:42","date_gmt":"2025-04-01T12:17:42","guid":{"rendered":"https:\/\/www.soledpro.cz\/?page_id=1481"},"modified":"2025-04-01T14:32:20","modified_gmt":"2025-04-01T12:32:20","slug":"komplexni-poradenska-cinnost-v-oblasti-realit-a-bydleni","status":"publish","type":"page","link":"https:\/\/www.soledpro.cz\/de\/komplexni-poradenska-cinnost-v-oblasti-realit-a-bydleni\/","title":{"rendered":"Komplexn\u00ed poradensk\u00e1 \u010dinnost v oblasti realit a bydlen\u00ed"},"content":{"rendered":"<div data-elementor-type=\"wp-page\" data-elementor-id=\"1481\" class=\"elementor elementor-1481\">\n\t\t\t\t\t\t<section class=\"elementor-section elementor-top-section elementor-element elementor-element-ec5a9ca elementor-section-height-min-height elementor-section-boxed elementor-section-height-default elementor-section-items-middle\" data-id=\"ec5a9ca\" data-element_type=\"section\" data-settings=\"{&quot;background_background&quot;:&quot;gradient&quot;,&quot;shape_divider_bottom&quot;:&quot;waves&quot;}\">\n\t\t\t\t\t\t\t<div class=\"elementor-background-overlay\"><\/div>\n\t\t\t\t\t\t<div class=\"elementor-shape elementor-shape-bottom\" data-negative=\"false\">\n\t\t\t<svg xmlns=\"http:\/\/www.w3.org\/2000\/svg\" viewbox=\"0 0 1000 100\" preserveaspectratio=\"none\">\n\t<path class=\"elementor-shape-fill\" d=\"M421.9,6.5c22.6-2.5,51.5,0.4,75.5,5.3c23.6,4.9,70.9,23.5,100.5,35.7c75.8,32.2,133.7,44.5,192.6,49.7\tc23.6,2.1,48.7,3.5,103.4-2.5c54.7-6,106.2-25.6,106.2-25.6V0H0v30.3c0,0,72,32.6,158.4,30.5c39.2-0.7,92.8-6.7,134-22.4\tc21.2-8.1,52.2-18.2,79.7-24.2C399.3,7.9,411.6,7.5,421.9,6.5z\"\/>\n<\/svg>\t\t<\/div>\n\t\t\t\t\t<div class=\"elementor-container elementor-column-gap-default\">\n\t\t\t\t\t<div class=\"elementor-column elementor-col-100 elementor-top-column elementor-element elementor-element-d390ae7\" data-id=\"d390ae7\" data-element_type=\"column\">\n\t\t\t<div class=\"elementor-widget-wrap elementor-element-populated\">\n\t\t\t\t\t\t<div class=\"elementor-element elementor-element-0babe06 elementor-widget elementor-widget-heading\" data-id=\"0babe06\" data-element_type=\"widget\" data-widget_type=\"heading.default\">\n\t\t\t\t<div class=\"elementor-widget-container\">\n\t\t\t<h1 class=\"elementor-heading-title elementor-size-default\">Komplexn\u00ed poradensk\u00e1 \u010dinnost v oblasti realit a bydlen\u00ed <\/h1>\t\t<\/div>\n\t\t\t\t<\/div>\n\t\t\t\t<div class=\"elementor-element elementor-element-73d8855 elementor-widget elementor-widget-heading\" data-id=\"73d8855\" data-element_type=\"widget\" data-widget_type=\"heading.default\">\n\t\t\t\t<div class=\"elementor-widget-container\">\n\t\t\t<h3 class=\"elementor-heading-title elementor-size-default\">\u00daspora energi\u00ed \u2013 Evropsk\u00e9 dotace<\/h3>\t\t<\/div>\n\t\t\t\t<\/div>\n\t\t\t\t\t<\/div>\n\t\t<\/div>\n\t\t\t\t\t<\/div>\n\t\t<\/section>\n\t\t\t\t<section class=\"elementor-section elementor-top-section elementor-element elementor-element-ea974ed elementor-section-boxed elementor-section-height-default elementor-section-height-default\" data-id=\"ea974ed\" data-element_type=\"section\">\n\t\t\t\t\t\t<div class=\"elementor-container elementor-column-gap-default\">\n\t\t\t\t\t<div class=\"elementor-column elementor-col-100 elementor-top-column elementor-element elementor-element-c040edb\" data-id=\"c040edb\" data-element_type=\"column\">\n\t\t\t<div class=\"elementor-widget-wrap elementor-element-populated\">\n\t\t\t\t\t\t<section class=\"elementor-section elementor-inner-section elementor-element elementor-element-53f000f elementor-section-content-middle elementor-section-boxed elementor-section-height-default elementor-section-height-default\" data-id=\"53f000f\" data-element_type=\"section\">\n\t\t\t\t\t\t<div class=\"elementor-container elementor-column-gap-default\">\n\t\t\t\t\t<div class=\"elementor-column elementor-col-50 elementor-inner-column elementor-element elementor-element-54cefb8\" data-id=\"54cefb8\" data-element_type=\"column\">\n\t\t\t<div class=\"elementor-widget-wrap elementor-element-populated\">\n\t\t\t\t\t\t<div class=\"elementor-element elementor-element-fd8b441 elementor-widget elementor-widget-heading\" data-id=\"fd8b441\" data-element_type=\"widget\" data-widget_type=\"heading.default\">\n\t\t\t\t<div class=\"elementor-widget-container\">\n\t\t\t<h2 class=\"elementor-heading-title elementor-size-default\">Dotace<\/h2>\t\t<\/div>\n\t\t\t\t<\/div>\n\t\t\t\t<div class=\"elementor-element elementor-element-d7edaa9 elementor-widget elementor-widget-heading\" data-id=\"d7edaa9\" data-element_type=\"widget\" data-widget_type=\"heading.default\">\n\t\t\t\t<div class=\"elementor-widget-container\">\n\t\t\t<h3 class=\"elementor-heading-title elementor-size-default\">\u010cerp\u00e1n\u00ed dotac\u00ed<\/h3>\t\t<\/div>\n\t\t\t\t<\/div>\n\t\t\t\t<div class=\"elementor-element elementor-element-b8f842c elementor-widget elementor-widget-text-editor\" data-id=\"b8f842c\" data-element_type=\"widget\" data-widget_type=\"text-editor.default\">\n\t\t\t\t<div class=\"elementor-widget-container\">\n\t\t\t\t\t\t\t<p>V sou\u010dasnosti mohou vlastn\u00edci bytov\u00fdch dom\u016f \u010derpat z\u00a0 nab\u00eddky dota\u010dn\u00edho programu Nov\u00e1 Zelen\u00e1 \u00daspor\u00e1m na\u00a0 realizaci energeticko-\u00fasporn\u00fdch opat\u0159en\u00ed.<\/p>\t\t\t\t\t\t<\/div>\n\t\t\t\t<\/div>\n\t\t\t\t\t<\/div>\n\t\t<\/div>\n\t\t\t\t<div class=\"elementor-column elementor-col-50 elementor-inner-column elementor-element elementor-element-5712476\" data-id=\"5712476\" data-element_type=\"column\">\n\t\t\t<div class=\"elementor-widget-wrap elementor-element-populated\">\n\t\t\t\t\t\t<div class=\"elementor-element elementor-element-d4d5b5b elementor-widget elementor-widget-heading\" data-id=\"d4d5b5b\" data-element_type=\"widget\" data-widget_type=\"heading.default\">\n\t\t\t\t<div class=\"elementor-widget-container\">\n\t\t\t<h2 class=\"elementor-heading-title elementor-size-default\">Finance <\/h2>\t\t<\/div>\n\t\t\t\t<\/div>\n\t\t\t\t<div class=\"elementor-element elementor-element-cb4e069 elementor-widget elementor-widget-heading\" data-id=\"cb4e069\" data-element_type=\"widget\" data-widget_type=\"heading.default\">\n\t\t\t\t<div class=\"elementor-widget-container\">\n\t\t\t<h3 class=\"elementor-heading-title elementor-size-default\">Zaji\u0161t\u011bn\u00ed financov\u00e1n\u00ed<\/h3>\t\t<\/div>\n\t\t\t\t<\/div>\n\t\t\t\t<div class=\"elementor-element elementor-element-f233dbd elementor-widget elementor-widget-text-editor\" data-id=\"f233dbd\" data-element_type=\"widget\" data-widget_type=\"text-editor.default\">\n\t\t\t\t<div class=\"elementor-widget-container\">\n\t\t\t\t\t\t\t<p>Nab\u00edz\u00edme optimalizaci n\u00e1klad\u016f za energie a slu\u017eby.\u00a0Zpracov\u00e1n\u00ed pl\u00e1n\u016f financov\u00e1n\u00ed na opravy a modernizaci bytov\u00fdch dom\u016f a po\u0159\u00edzen\u00ed vlastn\u00edch domovn\u00edch kotelen. Zajist\u00edme \u00fa\u010delov\u00fd \u00fav\u011br.<\/p>\t\t\t\t\t\t<\/div>\n\t\t\t\t<\/div>\n\t\t\t\t\t<\/div>\n\t\t<\/div>\n\t\t\t\t\t<\/div>\n\t\t<\/section>\n\t\t\t\t\t<\/div>\n\t\t<\/div>\n\t\t\t\t\t<\/div>\n\t\t<\/section>\n\t\t\t\t<section class=\"elementor-section elementor-top-section elementor-element elementor-element-fe5b0c4 elementor-section-boxed elementor-section-height-default elementor-section-height-default\" data-id=\"fe5b0c4\" data-element_type=\"section\">\n\t\t\t\t\t\t<div class=\"elementor-container elementor-column-gap-default\">\n\t\t\t\t\t<div class=\"elementor-column elementor-col-100 elementor-top-column elementor-element elementor-element-f68da44\" data-id=\"f68da44\" data-element_type=\"column\">\n\t\t\t<div class=\"elementor-widget-wrap elementor-element-populated\">\n\t\t\t\t\t\t<section class=\"elementor-section elementor-inner-section elementor-element elementor-element-595076a elementor-section-content-middle elementor-section-boxed elementor-section-height-default elementor-section-height-default\" data-id=\"595076a\" data-element_type=\"section\">\n\t\t\t\t\t\t<div class=\"elementor-container elementor-column-gap-default\">\n\t\t\t\t\t<div class=\"elementor-column elementor-col-50 elementor-inner-column elementor-element elementor-element-ecb18e8\" data-id=\"ecb18e8\" data-element_type=\"column\">\n\t\t\t<div class=\"elementor-widget-wrap elementor-element-populated\">\n\t\t\t\t\t\t<div class=\"elementor-element elementor-element-9b4112b elementor-widget elementor-widget-heading\" data-id=\"9b4112b\" data-element_type=\"widget\" data-widget_type=\"heading.default\">\n\t\t\t\t<div class=\"elementor-widget-container\">\n\t\t\t<h2 class=\"elementor-heading-title elementor-size-default\">Vyt\u00e1p\u011bn\u00ed dom\u016f<\/h2>\t\t<\/div>\n\t\t\t\t<\/div>\n\t\t\t\t<div class=\"elementor-element elementor-element-c3b37b3 elementor-widget elementor-widget-heading\" data-id=\"c3b37b3\" data-element_type=\"widget\" data-widget_type=\"heading.default\">\n\t\t\t\t<div class=\"elementor-widget-container\">\n\t\t\t<h3 class=\"elementor-heading-title elementor-size-default\">Komplexn\u00ed energetick\u00e9 slu\u017eby<\/h3>\t\t<\/div>\n\t\t\t\t<\/div>\n\t\t\t\t<div class=\"elementor-element elementor-element-b90c89c elementor-widget elementor-widget-text-editor\" data-id=\"b90c89c\" data-element_type=\"widget\" data-widget_type=\"text-editor.default\">\n\t\t\t\t<div class=\"elementor-widget-container\">\n\t\t\t\t\t\t\t<p>S\u00a0rostouc\u00edmi cenami energi\u00ed se st\u00e1le v\u00edce setk\u00e1v\u00e1me s hled\u00e1n\u00edm zp\u016fsob\u016f, jak sn\u00ed\u017eit n\u00e1klady na vyt\u00e1p\u011bn\u00ed bytov\u00fdch dom\u016f a oh\u0159ev tepl\u00e9 vody.\u00a0Studii v\u00fdhodnosti v\u00e1m p\u0159iprav\u00edme zdarma.<\/p>\t\t\t\t\t\t<\/div>\n\t\t\t\t<\/div>\n\t\t\t\t\t<\/div>\n\t\t<\/div>\n\t\t\t\t<div class=\"elementor-column elementor-col-50 elementor-inner-column elementor-element elementor-element-202460b\" data-id=\"202460b\" data-element_type=\"column\">\n\t\t\t<div class=\"elementor-widget-wrap elementor-element-populated\">\n\t\t\t\t\t\t<div class=\"elementor-element elementor-element-af3cf06 elementor-widget elementor-widget-heading\" data-id=\"af3cf06\" data-element_type=\"widget\" data-widget_type=\"heading.default\">\n\t\t\t\t<div class=\"elementor-widget-container\">\n\t\t\t<h2 class=\"elementor-heading-title elementor-size-default\">Revitalizace budov<\/h2>\t\t<\/div>\n\t\t\t\t<\/div>\n\t\t\t\t<div class=\"elementor-element elementor-element-bf9fac6 elementor-widget elementor-widget-heading\" data-id=\"bf9fac6\" data-element_type=\"widget\" data-widget_type=\"heading.default\">\n\t\t\t\t<div class=\"elementor-widget-container\">\n\t\t\t<h3 class=\"elementor-heading-title elementor-size-default\">Zpracov\u00e1n\u00ed a zaji\u0161t\u011bn\u00ed<\/h3>\t\t<\/div>\n\t\t\t\t<\/div>\n\t\t\t\t<div class=\"elementor-element elementor-element-cef193b elementor-widget elementor-widget-text-editor\" data-id=\"cef193b\" data-element_type=\"widget\" data-widget_type=\"text-editor.default\">\n\t\t\t\t<div class=\"elementor-widget-container\">\n\t\t\t\t\t\t\t<p><strong>Investujte do prevence! Vyplat\u00ed se!\u00a0<\/strong>Preventivn\u00ed opravy bytov\u00fdch dom\u016f zlep\u0161uj\u00ed u\u017eitn\u00e9 vlastnosti domu. Prodlu\u017euj\u00ed jeho \u017eivotnost, zvy\u0161uj\u00ed komfort bydlen\u00ed, sni\u017euj\u00ed n\u00e1roky na spot\u0159ebu energi\u00ed a t\u00edm zvy\u0161uj\u00ed i jeho tr\u017en\u00ed hodnotu.\u00a0Zaji\u0161\u0165ujeme odborn\u00e9 revitalizace budov na kl\u00ed\u010d od odborn\u00e9ho posudku a\u017e po realizaci.<\/p>\t\t\t\t\t\t<\/div>\n\t\t\t\t<\/div>\n\t\t\t\t\t<\/div>\n\t\t<\/div>\n\t\t\t\t\t<\/div>\n\t\t<\/section>\n\t\t\t\t\t<\/div>\n\t\t<\/div>\n\t\t\t\t\t<\/div>\n\t\t<\/section>\n\t\t\t\t<section class=\"elementor-section elementor-top-section elementor-element elementor-element-f322e3a elementor-section-boxed elementor-section-height-default elementor-section-height-default\" data-id=\"f322e3a\" data-element_type=\"section\">\n\t\t\t\t\t\t<div class=\"elementor-container elementor-column-gap-default\">\n\t\t\t\t\t<div class=\"elementor-column elementor-col-100 elementor-top-column elementor-element elementor-element-c6b3218\" data-id=\"c6b3218\" data-element_type=\"column\">\n\t\t\t<div class=\"elementor-widget-wrap elementor-element-populated\">\n\t\t\t\t\t\t<div class=\"elementor-element elementor-element-b9d705c elementor-widget elementor-widget-heading\" data-id=\"b9d705c\" data-element_type=\"widget\" data-widget_type=\"heading.default\">\n\t\t\t\t<div class=\"elementor-widget-container\">\n\t\t\t<h2 class=\"elementor-heading-title elementor-size-default\">Kontakt<\/h2>\t\t<\/div>\n\t\t\t\t<\/div>\n\t\t\t\t<div class=\"elementor-element elementor-element-4f5e56c elementor-widget elementor-widget-text-editor\" data-id=\"4f5e56c\" data-element_type=\"widget\" data-widget_type=\"text-editor.default\">\n\t\t\t\t<div class=\"elementor-widget-container\">\n\t\t\t\t\t\t\t<p><strong>Ji\u0159\u00ed Loveck\u00fd<\/strong><br \/>Tel.: <a href=\"tel: 420602655970\">+420 602 655 970<\/a><\/p><p><strong>Hana Loveck\u00e1<\/strong><br \/>Tel.: <a href=\"tel: 420777264037\">+420 777 264 037<\/a><\/p><p>E-mail: <a href=\"mailto:obchod@soledpro.cz\">obchod@soledpro.cz<\/a><\/p>\t\t\t\t\t\t<\/div>\n\t\t\t\t<\/div>\n\t\t\t\t\t<\/div>\n\t\t<\/div>\n\t\t\t\t\t<\/div>\n\t\t<\/section>\n\t\t\t\t<\/div>","protected":false},"excerpt":{"rendered":"<p>Komplexn\u00ed poradensk\u00e1 \u010dinnost v oblasti realit a bydlen\u00ed \u00daspora energi\u00ed \u2013 Evropsk\u00e9 dotace Dotace \u010cerp\u00e1n\u00ed dotac\u00ed V sou\u010dasnosti mohou vlastn\u00edci bytov\u00fdch dom\u016f \u010derpat z\u00a0 nab\u00eddky dota\u010dn\u00edho programu Nov\u00e1 Zelen\u00e1 \u00daspor\u00e1m na\u00a0 realizaci energeticko-\u00fasporn\u00fdch opat\u0159en\u00ed. Finance Zaji\u0161t\u011bn\u00ed financov\u00e1n\u00ed Nab\u00edz\u00edme optimalizaci n\u00e1klad\u016f za energie a slu\u017eby.\u00a0Zpracov\u00e1n\u00ed pl\u00e1n\u016f financov\u00e1n\u00ed na opravy a modernizaci bytov\u00fdch dom\u016f a po\u0159\u00edzen\u00ed vlastn\u00edch [&hellip;]<\/p>","protected":false},"author":1,"featured_media":0,"parent":0,"menu_order":0,"comment_status":"closed","ping_status":"closed","template":"","meta":{"footnotes":""},"class_list":["post-1481","page","type-page","status-publish","hentry"],"_links":{"self":[{"href":"https:\/\/www.soledpro.cz\/de\/wp-json\/wp\/v2\/pages\/1481","targetHints":{"allow":["GET"]}}],"collection":[{"href":"https:\/\/www.soledpro.cz\/de\/wp-json\/wp\/v2\/pages"}],"about":[{"href":"https:\/\/www.soledpro.cz\/de\/wp-json\/wp\/v2\/types\/page"}],"author":[{"embeddable":true,"href":"https:\/\/www.soledpro.cz\/de\/wp-json\/wp\/v2\/users\/1"}],"replies":[{"embeddable":true,"href":"https:\/\/www.soledpro.cz\/de\/wp-json\/wp\/v2\/comments?post=1481"}],"version-history":[{"count":13,"href":"https:\/\/www.soledpro.cz\/de\/wp-json\/wp\/v2\/pages\/1481\/revisions"}],"predecessor-version":[{"id":1494,"href":"https:\/\/www.soledpro.cz\/de\/wp-json\/wp\/v2\/pages\/1481\/revisions\/1494"}],"wp:attachment":[{"href":"https:\/\/www.soledpro.cz\/de\/wp-json\/wp\/v2\/media?parent=1481"}],"curies":[{"name":"wp","href":"https:\/\/api.w.org\/{rel}","templated":true}]}}