{"id":123,"date":"2020-10-15T20:46:10","date_gmt":"2020-10-15T18:46:10","guid":{"rendered":"http:\/\/www.soledpro.cz\/?page_id=123"},"modified":"2024-04-04T09:29:56","modified_gmt":"2024-04-04T07:29:56","slug":"kyberneticka-bezpecnost","status":"publish","type":"page","link":"https:\/\/www.soledpro.cz\/de\/kyberneticka-bezpecnost\/","title":{"rendered":"Datensicherheit"},"content":{"rendered":"<p><strong>Wir bieten hochprofessionelle Netzwerksicherheitsdienste. <\/strong><\/p>\n\n\n\n<h2 class=\"wp-block-heading\"><a href=\"\/de\/whalebone\/\">Whalebone<\/a><\/h2>\n\n\n\n<p>Das Ziel der bestehenden Sicherheitsma\u00dfnahmen besteht darin, den direkten Kontakt zwischen dem Netznutzer und dem Eindringling zu minimieren. Vor allem am Netzrand werden verschiedene Technologien eingesetzt, die unterschiedlich gut funktionieren. Den Nutzern dieser Technologien ist gar nicht bewusst, dass die Sicherheit ihrer Daten sehr eingeschr\u00e4nkt ist, wenn sie nicht \u00fcber eine gesch\u00fctzte DNS-Adressaufl\u00f6sung verf\u00fcgen.<\/p>\n\n\n\n<h2 class=\"wp-block-heading\"><a href=\"\/de\/threatguard\/\">ThreatGuard<\/a><\/h2>\n\n\n\n<p>Der ThreatGuard-Dienst \u00fcberwacht die aktuelle Entwicklung der IT-Bedrohungen in der DE - EU - Welt, bewertet die relevanten Bedrohungen nach ihrer Risikostufe und bereitet vor allem Abhilfema\u00dfnahmen vor, die Sie anwenden k\u00f6nnen. Der gro\u00dfe Vorteil des ThreatGuard-Dienstes besteht darin, dass Sie an einem Ort einen \u00dcberblick \u00fcber alle relevanten Bedrohungen haben, unterteilt nach dem Ger\u00e4t, auf das sie abzielen, der Risikostufe und einer detaillierten Beschreibung, wie sie sich manifestieren.<\/p>\n\n\n\n<h2 class=\"wp-block-heading\"><a href=\"\/de\/manage-engine\/\">Manage Engine<\/a><\/h2>\n\n\n\n<p>SOLEDPRO s.r.o. bringt eine neue Reihe von proaktiven und reaktiven Sicherheitsl\u00f6sungen f\u00fcr das SMB-Segment auf den deutschen Markt.<\/p>\n\n\n\t\t<div data-elementor-type=\"section\" data-elementor-id=\"374\" class=\"elementor elementor-374\">\n\t\t\t\t\t<div class=\"elementor-section-wrap\">\n\t\t\t\t\t\t\t\t<section class=\"elementor-section elementor-top-section elementor-element elementor-element-53f72986 elementor-section-content-middle elementor-section-boxed elementor-section-height-default elementor-section-height-default\" data-id=\"53f72986\" data-element_type=\"section\" data-settings=\"{&quot;background_background&quot;:&quot;classic&quot;}\">\n\t\t\t\t\t\t<div class=\"elementor-container elementor-column-gap-no\">\n\t\t\t\t\t<div class=\"elementor-column elementor-col-100 elementor-top-column elementor-element elementor-element-228dee5f\" data-id=\"228dee5f\" data-element_type=\"column\" data-settings=\"{&quot;background_background&quot;:&quot;classic&quot;}\">\n\t\t\t<div class=\"elementor-widget-wrap elementor-element-populated\">\n\t\t\t\t\t\t<div class=\"elementor-element elementor-element-6b1a4d82 elementor-widget elementor-widget-heading\" data-id=\"6b1a4d82\" data-element_type=\"widget\" data-widget_type=\"heading.default\">\n\t\t\t\t<div class=\"elementor-widget-container\">\n\t\t\t<h3 class=\"elementor-heading-title elementor-size-default\">M\u00f6chten Sie einen Probelauf machen?<\/h3>\t\t<\/div>\n\t\t\t\t<\/div>\n\t\t\t\t<div class=\"elementor-element elementor-element-a346d55 elementor-widget elementor-widget-text-editor\" data-id=\"a346d55\" data-element_type=\"widget\" data-widget_type=\"text-editor.default\">\n\t\t\t\t<div class=\"elementor-widget-container\">\n\t\t\t\t\t\t\t<p>Nehmen Sie Kontakt mit uns auf und wir werden uns so schnell wie m\u00f6glich bei Ihnen melden.<\/p>\t\t\t\t\t\t<\/div>\n\t\t\t\t<\/div>\n\t\t\t\t<div class=\"elementor-element elementor-element-103daef3 elementor-button-align-stretch elementor-widget elementor-widget-form\" data-id=\"103daef3\" data-element_type=\"widget\" data-settings=\"{&quot;step_next_label&quot;:&quot;Next&quot;,&quot;step_previous_label&quot;:&quot;Previous&quot;,&quot;button_width&quot;:&quot;100&quot;,&quot;step_type&quot;:&quot;number_text&quot;,&quot;step_icon_shape&quot;:&quot;circle&quot;}\" data-widget_type=\"form.default\">\n\t\t\t\t<div class=\"elementor-widget-container\">\n\t\t\t\t\t<form class=\"elementor-form\" method=\"post\" name=\"New Form\" action=\"\">\n\t\t\t<input type=\"hidden\" name=\"post_id\" value=\"374\"\/>\n\t\t\t<input type=\"hidden\" name=\"form_id\" value=\"103daef3\"\/>\n\t\t\t<input type=\"hidden\" name=\"referer_title\" value=\"SOLEDPRO s.r.o.\" \/>\n\n\t\t\t\n\t\t\t<div class=\"elementor-form-fields-wrapper elementor-labels-\">\n\t\t\t\t\t\t\t\t<div class=\"elementor-field-type-text elementor-field-group elementor-column elementor-field-group-name elementor-col-100\">\n\t\t\t\t\t\t\t\t\t\t\t\t<label for=\"form-field-name\" class=\"elementor-field-label elementor-screen-only\">\n\t\t\t\t\t\t\t\tVorname und Nachname\t\t\t\t\t\t\t<\/label>\n\t\t\t\t\t\t\t\t\t\t\t\t\t\t<input size=\"1\" type=\"text\" name=\"form_fields[name]\" id=\"form-field-name\" class=\"elementor-field elementor-size-sm  elementor-field-textual\" placeholder=\"Vorname und Nachname\">\n\t\t\t\t\t\t\t\t\t\t\t<\/div>\n\t\t\t\t\t\t\t\t<div class=\"elementor-field-type-email elementor-field-group elementor-column elementor-field-group-email elementor-col-100 elementor-field-required\">\n\t\t\t\t\t\t\t\t\t\t\t\t<label for=\"form-field-email\" class=\"elementor-field-label elementor-screen-only\">\n\t\t\t\t\t\t\t\tE-mail\t\t\t\t\t\t\t<\/label>\n\t\t\t\t\t\t\t\t\t\t\t\t\t\t<input size=\"1\" type=\"email\" name=\"form_fields[email]\" id=\"form-field-email\" class=\"elementor-field elementor-size-sm  elementor-field-textual\" placeholder=\"E-mail\" required=\"required\" aria-required=\"true\">\n\t\t\t\t\t\t\t\t\t\t\t<\/div>\n\t\t\t\t\t\t\t\t<div class=\"elementor-field-type-tel elementor-field-group elementor-column elementor-field-group-field_162d798 elementor-col-100 elementor-field-required\">\n\t\t\t\t\t\t\t\t\t\t\t\t<label for=\"form-field-field_162d798\" class=\"elementor-field-label elementor-screen-only\">\n\t\t\t\t\t\t\t\tTelefon\t\t\t\t\t\t\t<\/label>\n\t\t\t\t\t\t\t\t<input size=\"1\" type=\"tel\" name=\"form_fields[field_162d798]\" id=\"form-field-field_162d798\" class=\"elementor-field elementor-size-sm  elementor-field-textual\" placeholder=\"Telefon\" required=\"required\" aria-required=\"true\" pattern=\"[0-9()#&amp;+*-=.]+\" title=\"Only numbers and phone characters (#, -, *, etc) are accepted.\">\n\n\t\t\t\t\t\t<\/div>\n\t\t\t\t\t\t\t\t<div class=\"elementor-field-type-textarea elementor-field-group elementor-column elementor-field-group-field_9e6e876 elementor-col-100\">\n\t\t\t\t\t\t\t\t\t\t\t\t<label for=\"form-field-field_9e6e876\" class=\"elementor-field-label elementor-screen-only\">\n\t\t\t\t\t\t\t\tBericht\t\t\t\t\t\t\t<\/label>\n\t\t\t\t\t\t<textarea class=\"elementor-field-textual elementor-field  elementor-size-sm\" name=\"form_fields[field_9e6e876]\" id=\"form-field-field_9e6e876\" rows=\"4\" placeholder=\"Bericht\"><\/textarea>\t\t\t\t<\/div>\n\t\t\t\t\t\t\t\t<div class=\"elementor-field-group elementor-column elementor-field-type-submit elementor-col-100 e-form__buttons\">\n\t\t\t\t\t<button type=\"submit\" class=\"elementor-button elementor-size-sm\">\n\t\t\t\t\t\t<span >\n\t\t\t\t\t\t\t\t\t\t\t\t\t\t\t<span class=\"elementor-button-icon\">\n\t\t\t\t\t\t\t\t\t\t\t\t\t\t\t\t\t\t\t\t\t\t\t\t\t\t<\/span>\n\t\t\t\t\t\t\t\t\t\t\t\t\t\t\t\t\t\t\t\t\t\t<span class=\"elementor-button-text\">Senden an<\/span>\n\t\t\t\t\t\t\t\t\t\t\t\t\t<\/span>\n\t\t\t\t\t<\/button>\n\t\t\t\t<\/div>\n\t\t\t<\/div>\n\t\t<input type=\"hidden\" name=\"trp-form-language\" value=\"de\"\/><\/form>\n\t\t\t\t<\/div>\n\t\t\t\t<\/div>\n\t\t\t\t\t<\/div>\n\t\t<\/div>\n\t\t\t\t\t<\/div>\n\t\t<\/section>\n\t\t\t\t\t\t\t<\/div>\n\t\t\t\t<\/div>","protected":false},"excerpt":{"rendered":"<p>Poskytujeme vysoce odborn\u00e9 slu\u017eby v oblasti zabezpe\u010den\u00ed s\u00edt\u00ed. Whalebone C\u00edlem dosavadn\u00edch bezpe\u010dnostn\u00edch aktivit je minimalizace p\u0159\u00edm\u00fdch kontakt\u016f u\u017eivatele s\u00edt\u011b s&nbsp;naru\u0161itelem. Jsou nasazov\u00e1ny r\u016fzn\u00e9 technologie, p\u0159edev\u0161\u00edm na perimetru s\u00edt\u011b, kter\u00e9 jsou r\u016fzn\u011b funk\u010dn\u00ed. U\u017eivatel\u00e9 t\u011bchto technologi\u00ed si naprosto neuv\u011bdomuj\u00ed, \u017ee bezpe\u010dnost jejich dat je velmi omezen\u00e1 v&nbsp;p\u0159\u00edpad\u011b, \u017ee nemaj\u00ed chr\u00e1n\u011bn\u00fd DNS p\u0159eklad adres. ThreatGuard Slu\u017eba ThreatGuard [&hellip;]<\/p>","protected":false},"author":1,"featured_media":31,"parent":0,"menu_order":3,"comment_status":"closed","ping_status":"closed","template":"","meta":{"footnotes":""},"class_list":["post-123","page","type-page","status-publish","has-post-thumbnail","hentry"],"_links":{"self":[{"href":"https:\/\/www.soledpro.cz\/de\/wp-json\/wp\/v2\/pages\/123","targetHints":{"allow":["GET"]}}],"collection":[{"href":"https:\/\/www.soledpro.cz\/de\/wp-json\/wp\/v2\/pages"}],"about":[{"href":"https:\/\/www.soledpro.cz\/de\/wp-json\/wp\/v2\/types\/page"}],"author":[{"embeddable":true,"href":"https:\/\/www.soledpro.cz\/de\/wp-json\/wp\/v2\/users\/1"}],"replies":[{"embeddable":true,"href":"https:\/\/www.soledpro.cz\/de\/wp-json\/wp\/v2\/comments?post=123"}],"version-history":[{"count":20,"href":"https:\/\/www.soledpro.cz\/de\/wp-json\/wp\/v2\/pages\/123\/revisions"}],"predecessor-version":[{"id":1418,"href":"https:\/\/www.soledpro.cz\/de\/wp-json\/wp\/v2\/pages\/123\/revisions\/1418"}],"wp:featuredmedia":[{"embeddable":true,"href":"https:\/\/www.soledpro.cz\/de\/wp-json\/wp\/v2\/media\/31"}],"wp:attachment":[{"href":"https:\/\/www.soledpro.cz\/de\/wp-json\/wp\/v2\/media?parent=123"}],"curies":[{"name":"wp","href":"https:\/\/api.w.org\/{rel}","templated":true}]}}