{"id":1074,"date":"2021-10-31T17:55:07","date_gmt":"2021-10-31T16:55:07","guid":{"rendered":"http:\/\/www.soledpro.cz\/?page_id=1074"},"modified":"2021-10-31T17:55:08","modified_gmt":"2021-10-31T16:55:08","slug":"patch-manager-plus","status":"publish","type":"page","link":"https:\/\/www.soledpro.cz\/de\/kyberneticka-bezpecnost\/manage-engine\/produkty-uem\/patch-manager-plus\/","title":{"rendered":"Patch Manager Plus"},"content":{"rendered":"<h3 class=\"wp-block-heading\">Ein Tool, das automatisch Patches und Updates f\u00fcr Windows, Linux, Mac OS und mehr als 300 Anwendungen von Drittanbietern installiert.<\/h3>\n\n\n\n<p>Die L\u00f6sung ist auch in der Cloud verf\u00fcgbar. Es tr\u00e4gt zur Gew\u00e4hrleistung der Sicherheit bei und verringert die Anf\u00e4lligkeit f\u00fcr Malware-Bedrohungen. Die Anwendung \u00fcberwacht das System auf fehlende Patches, testet heruntergeladene Updates vor der Installation und minimiert so das Ausfallrisiko. Anschlie\u00dfend werden die getesteten Update-Dateien automatisch in ausgew\u00e4hlten Anwendungen installiert. Zus\u00e4tzliche Optionen sind Berichte und Audits, die es erm\u00f6glichen, ein vollst\u00e4ndiges Bild der an Unternehmensger\u00e4ten vorgenommenen \u00c4nderungen zu erhalten. Dieses fortschrittliche Datenimplementierungstool, Patch Manager Plus, bietet Benutzern Einblick in den Zustand von Betriebssystemen. F\u00fcr den Fall, dass eine bestimmte Workstation einen Neustart erfordert, werden wir von Patch Manager Plus zu gegebener Zeit benachrichtigt.<\/p>\n\n\n\n<div style=\"height:64px\" aria-hidden=\"true\" class=\"wp-block-spacer\"><\/div>\n\n\n\n<h2 class=\"wp-block-heading\">VORTEILE<\/h2>\n\n\n\n<ul class=\"wp-block-list\"><li>Zeitersparnis bei der Durchf\u00fchrung von Updates<\/li><li>vollst\u00e4ndige Kenntnis der eingef\u00fchrten \u00c4nderungen<\/li><li>detaillierte Informationen \u00fcber den Status der Benutzerarbeitspl\u00e4tze<\/li><li>Option zur Berichterstellung historischer Daten<\/li><\/ul>\n\n\n\n<div style=\"height:64px\" aria-hidden=\"true\" class=\"wp-block-spacer\"><\/div>\n\n\n\n<h2 class=\"wp-block-heading\">MERKMALE<\/h2>\n\n\n\n<div class=\"wp-block-columns is-layout-flex wp-container-core-columns-is-layout-28f84493 wp-block-columns-is-layout-flex\">\n<div class=\"wp-block-column is-layout-flow wp-block-column-is-layout-flow\">\n<h3 class=\"wp-block-heading\">Automatische Implementierung der genannten Korrekturen zusammen mit fr\u00fcheren Tests durch die Anwendung selbst.<\/h3>\n\n\n\n<p>Mit diesem erweiterten Patch-Bereitstellungstool k\u00f6nnen Sie eine Testgruppe von Arbeitsstationen ausw\u00e4hlen, um das Update zuerst zu installieren. Wenn der Installationsvorgang reibungslos verl\u00e4uft und das Ger\u00e4t selbst eine gewisse Zeit lang ordnungsgem\u00e4\u00df funktioniert, kann das System getestete Patches automatisch auf den anderen Ger\u00e4tegruppen installieren. Der gesamte Vorgang kann auch manuell durchgef\u00fchrt werden.<\/p>\n<\/div>\n\n\n\n<div class=\"wp-block-column is-layout-flow wp-block-column-is-layout-flow\">\n<figure class=\"wp-block-image size-full\"><a href=\"http:\/\/www.soledpro.cz\/wp-content\/uploads\/2021\/10\/Automatyczne-wdrazanie-wskazanych-poprawek-wraz-z-wczesniejszym-testowaniem-przeprowadzonym-przez-aplikacje-1024x501-1.webp\"><img fetchpriority=\"high\" decoding=\"async\" width=\"1024\" height=\"501\" src=\"http:\/\/www.soledpro.cz\/wp-content\/uploads\/2021\/10\/Automatyczne-wdrazanie-wskazanych-poprawek-wraz-z-wczesniejszym-testowaniem-przeprowadzonym-przez-aplikacje-1024x501-1.webp\" alt=\"\" class=\"wp-image-1075\" srcset=\"https:\/\/www.soledpro.cz\/wp-content\/uploads\/2021\/10\/Automatyczne-wdrazanie-wskazanych-poprawek-wraz-z-wczesniejszym-testowaniem-przeprowadzonym-przez-aplikacje-1024x501-1.webp 1024w, https:\/\/www.soledpro.cz\/wp-content\/uploads\/2021\/10\/Automatyczne-wdrazanie-wskazanych-poprawek-wraz-z-wczesniejszym-testowaniem-przeprowadzonym-przez-aplikacje-1024x501-1-300x147.webp 300w, https:\/\/www.soledpro.cz\/wp-content\/uploads\/2021\/10\/Automatyczne-wdrazanie-wskazanych-poprawek-wraz-z-wczesniejszym-testowaniem-przeprowadzonym-przez-aplikacje-1024x501-1-768x376.webp 768w\" sizes=\"(max-width: 1024px) 100vw, 1024px\" \/><\/a><\/figure>\n<\/div>\n<\/div>\n\n\n\n<div style=\"height:64px\" aria-hidden=\"true\" class=\"wp-block-spacer\"><\/div>\n\n\n\n<div class=\"wp-block-columns is-layout-flex wp-container-core-columns-is-layout-28f84493 wp-block-columns-is-layout-flex\">\n<div class=\"wp-block-column is-layout-flow wp-block-column-is-layout-flow\">\n<figure class=\"wp-block-image size-full\"><a href=\"http:\/\/www.soledpro.cz\/wp-content\/uploads\/2021\/10\/Pelen-widok-zmian-wprowadzonych-w-danej-stacji-roboczej-bez-angazowania-uzytkownikow-koncowych-1024x501-1.webp\"><img decoding=\"async\" width=\"1024\" height=\"501\" src=\"http:\/\/www.soledpro.cz\/wp-content\/uploads\/2021\/10\/Pelen-widok-zmian-wprowadzonych-w-danej-stacji-roboczej-bez-angazowania-uzytkownikow-koncowych-1024x501-1.webp\" alt=\"\" class=\"wp-image-1076\" srcset=\"https:\/\/www.soledpro.cz\/wp-content\/uploads\/2021\/10\/Pelen-widok-zmian-wprowadzonych-w-danej-stacji-roboczej-bez-angazowania-uzytkownikow-koncowych-1024x501-1.webp 1024w, https:\/\/www.soledpro.cz\/wp-content\/uploads\/2021\/10\/Pelen-widok-zmian-wprowadzonych-w-danej-stacji-roboczej-bez-angazowania-uzytkownikow-koncowych-1024x501-1-300x147.webp 300w, https:\/\/www.soledpro.cz\/wp-content\/uploads\/2021\/10\/Pelen-widok-zmian-wprowadzonych-w-danej-stacji-roboczej-bez-angazowania-uzytkownikow-koncowych-1024x501-1-768x376.webp 768w\" sizes=\"(max-width: 1024px) 100vw, 1024px\" \/><\/a><\/figure>\n<\/div>\n\n\n\n<div class=\"wp-block-column is-layout-flow wp-block-column-is-layout-flow\">\n<h3 class=\"wp-block-heading\">Eine vollst\u00e4ndige \u00dcbersicht \u00fcber die \u00c4nderungen, die auf einer bestimmten Workstation vorgenommen wurden, ohne dass Endbenutzer beteiligt sein m\u00fcssen<\/h3>\n\n\n\n<p>Der Installationsprozess ist nicht invasiv, sodass Ger\u00e4tebenutzer ihre Arbeit w\u00e4hrend dieser Zeit erledigen k\u00f6nnen. Durch die Einteilung in Gruppen besteht die M\u00f6glichkeit, je nach Bedarf Vorg\u00e4nge auf vielen Ger\u00e4ten gleichzeitig oder einzeln durchzuf\u00fchren. Die ausgefeilte Konfiguration erm\u00f6glicht die Anpassung der von der Software in der Organisation durchgef\u00fchrten Aktivit\u00e4ten an die aktuell anerkannten Standards.&nbsp;<\/p>\n<\/div>\n<\/div>\n\n\n\n<div style=\"height:64px\" aria-hidden=\"true\" class=\"wp-block-spacer\"><\/div>\n\n\n\n<div class=\"wp-block-columns is-layout-flex wp-container-core-columns-is-layout-28f84493 wp-block-columns-is-layout-flex\">\n<div class=\"wp-block-column is-layout-flow wp-block-column-is-layout-flow\">\n<h3 class=\"wp-block-heading\">Option zum Herunterladen bereitgestellter \u00c4nderungen im Falle von Problemen\/unerw\u00fcnschten \u00c4nderungen.<\/h3>\n\n\n\n<p>Die Anwendung wird nach Durchf\u00fchrung der Tests \u00fcber aktuelle Probleme informieren, einige Widerspr\u00fcche k\u00f6nnen jedoch erst dann sichtbar werden, wenn der Benutzer die Anwendung verwendet. In einer solchen Situation besteht die M\u00f6glichkeit, die \u00c4nderungen r\u00fcckg\u00e4ngig zu machen und den Zustand wiederherzustellen, bevor die Vorg\u00e4nge ausgef\u00fchrt wurden, wodurch die volle Funktionalit\u00e4t der Software f\u00fcr den Benutzer problemlos wiederhergestellt werden kann.<\/p>\n<\/div>\n\n\n\n<div class=\"wp-block-column is-layout-flow wp-block-column-is-layout-flow\">\n<figure class=\"wp-block-image size-full\"><a href=\"http:\/\/www.soledpro.cz\/wp-content\/uploads\/2021\/10\/Mozliwosc-cofniecia-wprowadzonych-modyfikacji-w-przypadku-wystapienia-jakichkolwiek-problemowniechcianych-zmian-1024x501-1.webp\"><img decoding=\"async\" width=\"1024\" height=\"501\" src=\"http:\/\/www.soledpro.cz\/wp-content\/uploads\/2021\/10\/Mozliwosc-cofniecia-wprowadzonych-modyfikacji-w-przypadku-wystapienia-jakichkolwiek-problemowniechcianych-zmian-1024x501-1.webp\" alt=\"\" class=\"wp-image-1077\" srcset=\"https:\/\/www.soledpro.cz\/wp-content\/uploads\/2021\/10\/Mozliwosc-cofniecia-wprowadzonych-modyfikacji-w-przypadku-wystapienia-jakichkolwiek-problemowniechcianych-zmian-1024x501-1.webp 1024w, https:\/\/www.soledpro.cz\/wp-content\/uploads\/2021\/10\/Mozliwosc-cofniecia-wprowadzonych-modyfikacji-w-przypadku-wystapienia-jakichkolwiek-problemowniechcianych-zmian-1024x501-1-300x147.webp 300w, https:\/\/www.soledpro.cz\/wp-content\/uploads\/2021\/10\/Mozliwosc-cofniecia-wprowadzonych-modyfikacji-w-przypadku-wystapienia-jakichkolwiek-problemowniechcianych-zmian-1024x501-1-768x376.webp 768w\" sizes=\"(max-width: 1024px) 100vw, 1024px\" \/><\/a><\/figure>\n<\/div>\n<\/div>\n\n\n\n<div style=\"height:64px\" aria-hidden=\"true\" class=\"wp-block-spacer\"><\/div>\n\n\n\n<div class=\"wp-block-columns is-layout-flex wp-container-core-columns-is-layout-28f84493 wp-block-columns-is-layout-flex\">\n<div class=\"wp-block-column is-layout-flow wp-block-column-is-layout-flow\">\n<figure class=\"wp-block-image size-full\"><a href=\"http:\/\/www.soledpro.cz\/wp-content\/uploads\/2021\/10\/Mozliwosc-decydowania-o-pominieciu-pewnych-aktualizacji-np.-w-przypadku-posiadania-informacji-o-\u201eklopotliwych-poprawkach-1024x501-1.webp\"><img loading=\"lazy\" decoding=\"async\" width=\"1024\" height=\"501\" src=\"http:\/\/www.soledpro.cz\/wp-content\/uploads\/2021\/10\/Mozliwosc-decydowania-o-pominieciu-pewnych-aktualizacji-np.-w-przypadku-posiadania-informacji-o-\u201eklopotliwych-poprawkach-1024x501-1.webp\" alt=\"\" class=\"wp-image-1078\" srcset=\"https:\/\/www.soledpro.cz\/wp-content\/uploads\/2021\/10\/Mozliwosc-decydowania-o-pominieciu-pewnych-aktualizacji-np.-w-przypadku-posiadania-informacji-o-\u201eklopotliwych-poprawkach-1024x501-1.webp 1024w, https:\/\/www.soledpro.cz\/wp-content\/uploads\/2021\/10\/Mozliwosc-decydowania-o-pominieciu-pewnych-aktualizacji-np.-w-przypadku-posiadania-informacji-o-\u201eklopotliwych-poprawkach-1024x501-1-300x147.webp 300w, https:\/\/www.soledpro.cz\/wp-content\/uploads\/2021\/10\/Mozliwosc-decydowania-o-pominieciu-pewnych-aktualizacji-np.-w-przypadku-posiadania-informacji-o-\u201eklopotliwych-poprawkach-1024x501-1-768x376.webp 768w\" sizes=\"(max-width: 1024px) 100vw, 1024px\" \/><\/a><\/figure>\n<\/div>\n\n\n\n<div class=\"wp-block-column is-layout-flow wp-block-column-is-layout-flow\">\n<h3 class=\"wp-block-heading\">Die M\u00f6glichkeit, bestimmte Updates zu \u00fcberspringen, z. B. wenn wir Informationen \u00fcber \u201edefekte\u201c Fixes haben.<\/h3>\n\n\n\n<p>Es kann vorkommen, dass Informationen \u00fcber fehlerhafte Updates den Administrator erreichen. In einer solchen Situation besteht die M\u00f6glichkeit, das Update f\u00fcr bestimmte Software zu \u00fcberspringen und so nicht nur Ihnen, sondern auch den Endbenutzern, bei denen keine Probleme auftreten, Zeit zu sparen.&nbsp;<\/p>\n<\/div>\n<\/div>\n\n\n\n<div style=\"height:64px\" aria-hidden=\"true\" class=\"wp-block-spacer\"><\/div>\n\n\n\n<div class=\"wp-block-columns is-layout-flex wp-container-core-columns-is-layout-28f84493 wp-block-columns-is-layout-flex\">\n<div class=\"wp-block-column is-layout-flow wp-block-column-is-layout-flow\">\n<h3 class=\"wp-block-heading\">Vollst\u00e4ndige Informationen zum Status der genannten Betriebssysteme mit der M\u00f6glichkeit entsprechender Reaktion und Einleitung notwendiger \u00c4nderungen.<\/h3>\n\n\n\n<p>Die Anwendung informiert \u00fcber aktuelle Bedrohungen zusammen mit der Angabe bestimmter Arbeitspl\u00e4tze und Informationen dar\u00fcber, welche Computer sich derzeit in einem guten Zustand befinden (z. B. unter Ber\u00fccksichtigung des deinstallierten Patches). Stationen, die einen Neustart erfordern, werden ebenfalls an einem Ort gruppiert, sodass dieser Vorgang bei Bedarf durchgesetzt werden kann und die erforderlichen \u00c4nderungen auf einem bestimmten Ger\u00e4t implementiert werden k\u00f6nnen.<\/p>\n<\/div>\n\n\n\n<div class=\"wp-block-column is-layout-flow wp-block-column-is-layout-flow\">\n<figure class=\"wp-block-image size-full\"><a href=\"http:\/\/www.soledpro.cz\/wp-content\/uploads\/2021\/10\/Pelna-informacja-o-stanie-wskazanych-systemow-operacyjnych-z-mozliwoscia-odpowiedniej-reakcji-oraz-wprowadzenia-niezbednych-zmian-1024x500-1.webp\"><img loading=\"lazy\" decoding=\"async\" width=\"1024\" height=\"500\" src=\"http:\/\/www.soledpro.cz\/wp-content\/uploads\/2021\/10\/Pelna-informacja-o-stanie-wskazanych-systemow-operacyjnych-z-mozliwoscia-odpowiedniej-reakcji-oraz-wprowadzenia-niezbednych-zmian-1024x500-1.webp\" alt=\"\" class=\"wp-image-1079\" srcset=\"https:\/\/www.soledpro.cz\/wp-content\/uploads\/2021\/10\/Pelna-informacja-o-stanie-wskazanych-systemow-operacyjnych-z-mozliwoscia-odpowiedniej-reakcji-oraz-wprowadzenia-niezbednych-zmian-1024x500-1.webp 1024w, https:\/\/www.soledpro.cz\/wp-content\/uploads\/2021\/10\/Pelna-informacja-o-stanie-wskazanych-systemow-operacyjnych-z-mozliwoscia-odpowiedniej-reakcji-oraz-wprowadzenia-niezbednych-zmian-1024x500-1-300x146.webp 300w, https:\/\/www.soledpro.cz\/wp-content\/uploads\/2021\/10\/Pelna-informacja-o-stanie-wskazanych-systemow-operacyjnych-z-mozliwoscia-odpowiedniej-reakcji-oraz-wprowadzenia-niezbednych-zmian-1024x500-1-768x375.webp 768w\" sizes=\"(max-width: 1024px) 100vw, 1024px\" \/><\/a><\/figure>\n<\/div>\n<\/div>\n\n\n\n<div style=\"height:64px\" aria-hidden=\"true\" class=\"wp-block-spacer\"><\/div>\n\n\n\n<div class=\"wp-block-columns is-layout-flex wp-container-core-columns-is-layout-28f84493 wp-block-columns-is-layout-flex\">\n<div class=\"wp-block-column is-layout-flow wp-block-column-is-layout-flow\">\n<figure class=\"wp-block-image size-full\"><a href=\"http:\/\/www.soledpro.cz\/wp-content\/uploads\/2021\/10\/Raportowanie-zmian-z-mozliwoscia-uzyskania-szczegolowych-informacji-o-datach-oraz-statusie-przeprowadzanych-operacji-1024x500-1.webp\"><img loading=\"lazy\" decoding=\"async\" width=\"1024\" height=\"500\" src=\"http:\/\/www.soledpro.cz\/wp-content\/uploads\/2021\/10\/Raportowanie-zmian-z-mozliwoscia-uzyskania-szczegolowych-informacji-o-datach-oraz-statusie-przeprowadzanych-operacji-1024x500-1.webp\" alt=\"\" class=\"wp-image-1080\" srcset=\"https:\/\/www.soledpro.cz\/wp-content\/uploads\/2021\/10\/Raportowanie-zmian-z-mozliwoscia-uzyskania-szczegolowych-informacji-o-datach-oraz-statusie-przeprowadzanych-operacji-1024x500-1.webp 1024w, https:\/\/www.soledpro.cz\/wp-content\/uploads\/2021\/10\/Raportowanie-zmian-z-mozliwoscia-uzyskania-szczegolowych-informacji-o-datach-oraz-statusie-przeprowadzanych-operacji-1024x500-1-300x146.webp 300w, https:\/\/www.soledpro.cz\/wp-content\/uploads\/2021\/10\/Raportowanie-zmian-z-mozliwoscia-uzyskania-szczegolowych-informacji-o-datach-oraz-statusie-przeprowadzanych-operacji-1024x500-1-768x375.webp 768w\" sizes=\"(max-width: 1024px) 100vw, 1024px\" \/><\/a><\/figure>\n<\/div>\n\n\n\n<div class=\"wp-block-column is-layout-flow wp-block-column-is-layout-flow\">\n<h3 class=\"wp-block-heading\">Meldung von \u00c4nderungen mit der M\u00f6glichkeit, detaillierte Informationen \u00fcber die Daten und den Status der durchgef\u00fchrten Vorg\u00e4nge zu erhalten.<\/h3>\n\n\n\n<p>Standardm\u00e4\u00dfig bietet das System unter anderem Berichte \u00fcber den allgemeinen Zustand von Workstations (Systeme in gutem Zustand, gef\u00e4hrdet oder mit hoher Anf\u00e4lligkeit f\u00fcr Bedrohungen), Berichte \u00fcber Reparaturen oder Workstations, die einen Neustart erfordern. Dar\u00fcber hinaus besteht die M\u00f6glichkeit, abh\u00e4ngig von den ausgew\u00e4hlten Kategorien eigene Berichte zu erstellen und periodische Benachrichtigungen an bestimmte E-Mail-Adressen zu versenden.<\/p>\n<\/div>\n<\/div>\n\n\n\n<div style=\"height:64px\" aria-hidden=\"true\" class=\"wp-block-spacer\"><\/div>\n\n\n\n<p>Am 9. M\u00e4rz 2021 wurde Verkada, ein Softwareunternehmen, das sich auf die \u00dcberwachung von Sicherheitskameras f\u00fcr die physische Zugangskontrolle spezialisiert hat, gehackt.<\/p>\n\n\n\n<p>Sie erhielten Zugriff auf Videos von mindestens 15.000 Kameras an verschiedenen Standorten und enth\u00fcllten das Innenleben von Krankenh\u00e4usern, Kliniken und psychiatrischen Einrichtungen, Banken, Polizeistationen, Gef\u00e4ngnissen, Schulen und Unternehmen wie Tesla und Cloudflare.<\/p>\n\n\n\n<p>Dieser Vorfall zeigt, wie sehr wir beobachtet werden und dass der Sicherheit der daf\u00fcr genutzten Plattformen oft wenig Aufmerksamkeit geschenkt wird. Aber bevor wir ins Detail gehen \u2013 wie kam es zu dem Angriff auf Verkada?<\/p>\n\n\n\n<p>Die Angreifer geben an, dass sie mit Superadministratorrechten online \u00f6ffentlich zug\u00e4ngliche Zugangsdaten erhalten konnten, die ihnen den Zugriff auf jede Kamera eines Kunden des Unternehmens erm\u00f6glichten.<\/p>\n\n\n\n<p>Superadministratorrechte erm\u00f6glichten nicht nur den Zugriff auf die Video-Feeds, sondern auch den Zugriff auf die Root-Shell in den Kameras, die bei jedem Kunden ausgef\u00fchrt wurden.<\/p>\n\n\n\n<h3 class=\"wp-block-heading\">Zero-Trust-Prinzip: Geschichte wiederholt sich<\/h3>\n\n\n\n<p>Einige Organisationen gew\u00e4hren Benutzern grunds\u00e4tzlich unbegrenzten Zugriff, anstatt ihnen nur den Zugriff zu gew\u00e4hren, den sie wirklich ben\u00f6tigen. Nach diesem Vorfall wurde festgestellt, dass fast jeder Verkada-Mitarbeiter \u00fcber Superadministratorrechte verf\u00fcgte.<\/p>\n\n\n\n<h3 class=\"has-text-align-center wp-block-heading\">Interessiert an Systemen, die mit Patch Manager Plus kompatibel sind?<\/h3>\n\n\n\n<p class=\"has-text-align-center\">Schauen Sie sich die Verwaltungssoftware an <a href=\"https:\/\/www.soledpro.cz\/de\/kyberneticka-bezpecnost\/manage-engine\/produkty-uem\/desktop-central\/\">IT Desktop Central<\/a>.<\/p>\n\n\n\n<div style=\"height:100px\" aria-hidden=\"true\" class=\"wp-block-spacer\"><\/div>","protected":false},"excerpt":{"rendered":"<p>N\u00e1stroj nab\u00edzej\u00edc\u00ed automatickou instalaci oprav a aktualizac\u00ed pro syst\u00e9my Windows, Linux, Mac OS a v\u00edce ne\u017e 300 aplikac\u00ed t\u0159et\u00edch firem. \u0158e\u0161en\u00ed je dostupn\u00e9 tak\u00e9 v cloudu. Pom\u00e1h\u00e1 se zaji\u0161t\u011bn\u00edm bezpe\u010dnosti a sni\u017euje n\u00e1chylnost v\u016f\u010di hrozb\u00e1m spojen\u00fdm se \u0161kodliv\u00fdm softwarem. Aplikace monitoruje syst\u00e9m z hlediska chyb\u011bj\u00edc\u00edch oprav, testuje sta\u017een\u00e9 aktualizace p\u0159ed jejich zaveden\u00edm, \u010d\u00edm\u017e minimalizuje riziko [&hellip;]<\/p>","protected":false},"author":1,"featured_media":1075,"parent":714,"menu_order":0,"comment_status":"closed","ping_status":"closed","template":"","meta":{"footnotes":""},"class_list":["post-1074","page","type-page","status-publish","has-post-thumbnail","hentry"],"_links":{"self":[{"href":"https:\/\/www.soledpro.cz\/de\/wp-json\/wp\/v2\/pages\/1074","targetHints":{"allow":["GET"]}}],"collection":[{"href":"https:\/\/www.soledpro.cz\/de\/wp-json\/wp\/v2\/pages"}],"about":[{"href":"https:\/\/www.soledpro.cz\/de\/wp-json\/wp\/v2\/types\/page"}],"author":[{"embeddable":true,"href":"https:\/\/www.soledpro.cz\/de\/wp-json\/wp\/v2\/users\/1"}],"replies":[{"embeddable":true,"href":"https:\/\/www.soledpro.cz\/de\/wp-json\/wp\/v2\/comments?post=1074"}],"version-history":[{"count":1,"href":"https:\/\/www.soledpro.cz\/de\/wp-json\/wp\/v2\/pages\/1074\/revisions"}],"predecessor-version":[{"id":1081,"href":"https:\/\/www.soledpro.cz\/de\/wp-json\/wp\/v2\/pages\/1074\/revisions\/1081"}],"up":[{"embeddable":true,"href":"https:\/\/www.soledpro.cz\/de\/wp-json\/wp\/v2\/pages\/714"}],"wp:featuredmedia":[{"embeddable":true,"href":"https:\/\/www.soledpro.cz\/de\/wp-json\/wp\/v2\/media\/1075"}],"wp:attachment":[{"href":"https:\/\/www.soledpro.cz\/de\/wp-json\/wp\/v2\/media?parent=1074"}],"curies":[{"name":"wp","href":"https:\/\/api.w.org\/{rel}","templated":true}]}}