{"id":1060,"date":"2021-10-31T17:41:05","date_gmt":"2021-10-31T16:41:05","guid":{"rendered":"http:\/\/www.soledpro.cz\/?page_id=1060"},"modified":"2021-10-31T17:41:06","modified_gmt":"2021-10-31T16:41:06","slug":"os-deployer","status":"publish","type":"page","link":"https:\/\/www.soledpro.cz\/de\/kyberneticka-bezpecnost\/manage-engine\/produkty-uem\/os-deployer\/","title":{"rendered":"OS Deployer"},"content":{"rendered":"<h3 class=\"wp-block-heading\">Ein umfassendes Tool zur Verteilung von Betriebssystemen, das die Erstellung von Images von Systemen und Anwendungen sowie die anschlie\u00dfende schnelle und einfache Installation auf Computern im Unternehmen erm\u00f6glicht. Diese Prozesse finden ohne Beteiligung des Endbenutzers statt (wir k\u00f6nnen ein Bild erstellen, w\u00e4hrend der Benutzer arbeitet, ohne seine Aktivit\u00e4ten zu unterbrechen).<\/h3>\n\n\n\n<p>OS Deployer erstellt eine exakte Kopie der Festplatte, die Konfigurationen, das Betriebssystem und alle Anwendungen enth\u00e4lt. Das Ganze kann auf vielen Computern gleichzeitig installiert werden. Das System l\u00e4sst sich in die Workstation-Management-Software Desktop Central integrieren, die eine schnelle und effiziente Implementierung von Computern in der Organisation erm\u00f6glicht \u2013 von der Installation des Betriebssystems bis zu ihrer umfassenden Verwaltung. Es handelt sich um ein umfassendes Tool zur Verwaltung von Images von Betriebssystemen und Anwendungen.<\/p>\n\n\n\n<div style=\"height:64px\" aria-hidden=\"true\" class=\"wp-block-spacer\"><\/div>\n\n\n\n<h2 class=\"wp-block-heading\">VORTEILE<\/h2>\n\n\n\n<ul class=\"wp-block-list\"><li>automatische Ausf\u00fchrung von Aktionen nach dem Laden des Bildes, wodurch Verz\u00f6gerungen vermieden werden<\/li><li>die M\u00f6glichkeit, Bilder aus der Ferne zu erstellen<\/li><li>Booten von Systemen auf vielen Ger\u00e4ten gleichzeitig<\/li><li>Anpassung der durchgef\u00fchrten Aktivit\u00e4ten<\/li><\/ul>\n\n\n\n<div style=\"height:64px\" aria-hidden=\"true\" class=\"wp-block-spacer\"><\/div>\n\n\n\n<h2 class=\"wp-block-heading\">MERKMALE<\/h2>\n\n\n\n<div class=\"wp-block-columns is-layout-flex wp-container-core-columns-is-layout-28f84493 wp-block-columns-is-layout-flex\">\n<div class=\"wp-block-column is-layout-flow wp-block-column-is-layout-flow\">\n<h3 class=\"wp-block-heading\">M\u00f6glichkeit, manuell eine Kopie der Festplatte zu erstellen, um sich vor potenziellem Datenverlust zu sch\u00fctzen, und die M\u00f6glichkeit, sie auf anderen Ger\u00e4ten zu installieren.<\/h3>\n\n\n\n<p>Die Anwendung erm\u00f6glicht die Erstellung eines Repositorys mit Bildern. Bei der Einstellung eines Mitarbeiters f\u00fcr eine bestimmte Position kann ein richtlinienkonformes Image und eine fertige Konfiguration eingef\u00fchrt werden, was die Effizienz der an der Technologieausgabe beteiligten Personen deutlich steigert. Sollte das Ger\u00e4t gestohlen werden, besteht zudem die M\u00f6glichkeit einer sofortigen Datenwiederherstellung.<\/p>\n<\/div>\n\n\n\n<div class=\"wp-block-column is-layout-flow wp-block-column-is-layout-flow\">\n<figure class=\"wp-block-image size-full\"><a href=\"http:\/\/www.soledpro.cz\/wp-content\/uploads\/2021\/10\/Tworzenie-kopii-dysku-twardego-w-celu-zabezpieczenia-sie-przed-potencjalna-utrata-danych-oraz-mozliwoscia-instalacji-na-innych-urzadzeniach-1024x501-1.webp\"><img fetchpriority=\"high\" decoding=\"async\" width=\"1024\" height=\"501\" src=\"http:\/\/www.soledpro.cz\/wp-content\/uploads\/2021\/10\/Tworzenie-kopii-dysku-twardego-w-celu-zabezpieczenia-sie-przed-potencjalna-utrata-danych-oraz-mozliwoscia-instalacji-na-innych-urzadzeniach-1024x501-1.webp\" alt=\"\" class=\"wp-image-1061\" srcset=\"https:\/\/www.soledpro.cz\/wp-content\/uploads\/2021\/10\/Tworzenie-kopii-dysku-twardego-w-celu-zabezpieczenia-sie-przed-potencjalna-utrata-danych-oraz-mozliwoscia-instalacji-na-innych-urzadzeniach-1024x501-1.webp 1024w, https:\/\/www.soledpro.cz\/wp-content\/uploads\/2021\/10\/Tworzenie-kopii-dysku-twardego-w-celu-zabezpieczenia-sie-przed-potencjalna-utrata-danych-oraz-mozliwoscia-instalacji-na-innych-urzadzeniach-1024x501-1-300x147.webp 300w, https:\/\/www.soledpro.cz\/wp-content\/uploads\/2021\/10\/Tworzenie-kopii-dysku-twardego-w-celu-zabezpieczenia-sie-przed-potencjalna-utrata-danych-oraz-mozliwoscia-instalacji-na-innych-urzadzeniach-1024x501-1-768x376.webp 768w\" sizes=\"(max-width: 1024px) 100vw, 1024px\" \/><\/a><\/figure>\n<\/div>\n<\/div>\n\n\n\n<div style=\"height:64px\" aria-hidden=\"true\" class=\"wp-block-spacer\"><\/div>\n\n\n\n<div class=\"wp-block-columns is-layout-flex wp-container-core-columns-is-layout-28f84493 wp-block-columns-is-layout-flex\">\n<div class=\"wp-block-column is-layout-flow wp-block-column-is-layout-flow\">\n<figure class=\"wp-block-image size-full\"><a href=\"http:\/\/www.soledpro.cz\/wp-content\/uploads\/2021\/10\/Latwa-instalacja-obrazow-systemow-dzieki-intuicyjnemu-interfejsowi-bez-angazowania-uzytkownikow-1024x501-1.webp\"><img decoding=\"async\" width=\"1024\" height=\"501\" src=\"http:\/\/www.soledpro.cz\/wp-content\/uploads\/2021\/10\/Latwa-instalacja-obrazow-systemow-dzieki-intuicyjnemu-interfejsowi-bez-angazowania-uzytkownikow-1024x501-1.webp\" alt=\"\" class=\"wp-image-1062\" srcset=\"https:\/\/www.soledpro.cz\/wp-content\/uploads\/2021\/10\/Latwa-instalacja-obrazow-systemow-dzieki-intuicyjnemu-interfejsowi-bez-angazowania-uzytkownikow-1024x501-1.webp 1024w, https:\/\/www.soledpro.cz\/wp-content\/uploads\/2021\/10\/Latwa-instalacja-obrazow-systemow-dzieki-intuicyjnemu-interfejsowi-bez-angazowania-uzytkownikow-1024x501-1-300x147.webp 300w, https:\/\/www.soledpro.cz\/wp-content\/uploads\/2021\/10\/Latwa-instalacja-obrazow-systemow-dzieki-intuicyjnemu-interfejsowi-bez-angazowania-uzytkownikow-1024x501-1-768x376.webp 768w\" sizes=\"(max-width: 1024px) 100vw, 1024px\" \/><\/a><\/figure>\n<\/div>\n\n\n\n<div class=\"wp-block-column is-layout-flow wp-block-column-is-layout-flow\">\n<h3 class=\"wp-block-heading\">Einfache Installation von Systemabbildern dank einer intuitiven Benutzeroberfl\u00e4che ohne Eingreifen des Endbenutzers.<\/h3>\n\n\n\n<p>Freundliches System angesichts der klaren Aufteilung im Men\u00fc: Hauptseite, Bilder, Bereitstellung, Treiber, Admin, technischer Support. Innerhalb jedes Moduls gibt es eine klare Kategorie von Funktionen, dank derer Bilder schnell erstellt und bereitgestellt werden k\u00f6nnen, ohne dass der Endbenutzer eingreifen oder Remote-Sitzungen organisieren muss.<\/p>\n<\/div>\n<\/div>\n\n\n\n<div style=\"height:64px\" aria-hidden=\"true\" class=\"wp-block-spacer\"><\/div>\n\n\n\n<div class=\"wp-block-columns is-layout-flex wp-container-core-columns-is-layout-28f84493 wp-block-columns-is-layout-flex\">\n<div class=\"wp-block-column is-layout-flow wp-block-column-is-layout-flow\">\n<h3 class=\"wp-block-heading\">OS Deployer kann als eigenst\u00e4ndige Anwendung arbeiten oder Sie k\u00f6nnen sich f\u00fcr den Kauf von Desktop Central entscheiden und es dann Teil eines ausgefeilteren Ger\u00e4teverwaltungssystems sein.<\/h3>\n\n\n\n<p>Zu den erweiterten Funktionen dieses Tools zur Verwaltung von Abbildern von Betriebssystemen und Anwendungen geh\u00f6ren unter anderem die Erstellung von Sicherheitsrichtlinien und die Installation von Updates mit der M\u00f6glichkeit deren vorheriger Pr\u00fcfung. Erst wenn die Tests erfolgreich abgeschlossen sind, werden die Korrekturen auf anderen Ger\u00e4ten implementiert. Administratoren haben au\u00dferdem die M\u00f6glichkeit, eine Fernverbindung herzustellen oder an Ger\u00e4ten vorgenommene \u00c4nderungen vollst\u00e4ndig zu \u00fcberwachen.<\/p>\n<\/div>\n\n\n\n<div class=\"wp-block-column is-layout-flow wp-block-column-is-layout-flow\">\n<figure class=\"wp-block-image size-full\"><a href=\"http:\/\/www.soledpro.cz\/wp-content\/uploads\/2021\/10\/Mozliwosc-integracji-z-narzedziem-Desktop-Central-w-celu-rozszerzenia-funkcjonalnosci-aplikacji-i-bardziej-szczegolowego-zarzadzania-1024x501-1.webp\"><img decoding=\"async\" width=\"1024\" height=\"501\" src=\"http:\/\/www.soledpro.cz\/wp-content\/uploads\/2021\/10\/Mozliwosc-integracji-z-narzedziem-Desktop-Central-w-celu-rozszerzenia-funkcjonalnosci-aplikacji-i-bardziej-szczegolowego-zarzadzania-1024x501-1.webp\" alt=\"\" class=\"wp-image-1063\" srcset=\"https:\/\/www.soledpro.cz\/wp-content\/uploads\/2021\/10\/Mozliwosc-integracji-z-narzedziem-Desktop-Central-w-celu-rozszerzenia-funkcjonalnosci-aplikacji-i-bardziej-szczegolowego-zarzadzania-1024x501-1.webp 1024w, https:\/\/www.soledpro.cz\/wp-content\/uploads\/2021\/10\/Mozliwosc-integracji-z-narzedziem-Desktop-Central-w-celu-rozszerzenia-funkcjonalnosci-aplikacji-i-bardziej-szczegolowego-zarzadzania-1024x501-1-300x147.webp 300w, https:\/\/www.soledpro.cz\/wp-content\/uploads\/2021\/10\/Mozliwosc-integracji-z-narzedziem-Desktop-Central-w-celu-rozszerzenia-funkcjonalnosci-aplikacji-i-bardziej-szczegolowego-zarzadzania-1024x501-1-768x376.webp 768w\" sizes=\"(max-width: 1024px) 100vw, 1024px\" \/><\/a><\/figure>\n<\/div>\n<\/div>\n\n\n\n<div style=\"height:64px\" aria-hidden=\"true\" class=\"wp-block-spacer\"><\/div>\n\n\n\n<div class=\"wp-block-columns is-layout-flex wp-container-core-columns-is-layout-28f84493 wp-block-columns-is-layout-flex\">\n<div class=\"wp-block-column is-layout-flow wp-block-column-is-layout-flow\">\n<figure class=\"wp-block-image size-full\"><a href=\"http:\/\/www.soledpro.cz\/wp-content\/uploads\/2021\/10\/Automatyczne-wdrazanie-konfiguracji-wraz-z-instalowanym-oprogramowaniem-na-wielu-urzadzeniach-jednoczesnie-1024x500-1.webp\"><img loading=\"lazy\" decoding=\"async\" width=\"1024\" height=\"500\" src=\"http:\/\/www.soledpro.cz\/wp-content\/uploads\/2021\/10\/Automatyczne-wdrazanie-konfiguracji-wraz-z-instalowanym-oprogramowaniem-na-wielu-urzadzeniach-jednoczesnie-1024x500-1.webp\" alt=\"\" class=\"wp-image-1064\" srcset=\"https:\/\/www.soledpro.cz\/wp-content\/uploads\/2021\/10\/Automatyczne-wdrazanie-konfiguracji-wraz-z-instalowanym-oprogramowaniem-na-wielu-urzadzeniach-jednoczesnie-1024x500-1.webp 1024w, https:\/\/www.soledpro.cz\/wp-content\/uploads\/2021\/10\/Automatyczne-wdrazanie-konfiguracji-wraz-z-instalowanym-oprogramowaniem-na-wielu-urzadzeniach-jednoczesnie-1024x500-1-300x146.webp 300w, https:\/\/www.soledpro.cz\/wp-content\/uploads\/2021\/10\/Automatyczne-wdrazanie-konfiguracji-wraz-z-instalowanym-oprogramowaniem-na-wielu-urzadzeniach-jednoczesnie-1024x500-1-768x375.webp 768w\" sizes=\"(max-width: 1024px) 100vw, 1024px\" \/><\/a><\/figure>\n<\/div>\n\n\n\n<div class=\"wp-block-column is-layout-flow wp-block-column-is-layout-flow\">\n<h3 class=\"wp-block-heading\">Automatische Bereitstellung von Konfigurationen zusammen mit installierter Software auf vielen Ger\u00e4ten gleichzeitig.<\/h3>\n\n\n\n<p>Durch die Auswahl eines bestimmten Ger\u00e4ts implementiert der Systemadministrator nicht nur Konfigurationen, sondern auch Anwendungen, die an bestimmten Arbeitspl\u00e4tzen verwendet werden. Der gesamte Prozess erfolgt nicht \u00fcber die Auswahl der Anwendung, sondern \u00fcber die zuvor erstellten Abbilder der Systeme. Dank einer solchen L\u00f6sung ist die Person, die das Ger\u00e4t erh\u00e4lt, sofort nach dem Einschalten des Computers einsatzbereit.<\/p>\n<\/div>\n<\/div>\n\n\n\n<div style=\"height:64px\" aria-hidden=\"true\" class=\"wp-block-spacer\"><\/div>\n\n\n\n<div class=\"wp-block-columns is-layout-flex wp-container-core-columns-is-layout-28f84493 wp-block-columns-is-layout-flex\">\n<div class=\"wp-block-column is-layout-flow wp-block-column-is-layout-flow\">\n<h3 class=\"wp-block-heading\">Anpassung des erstellten Images an die Bed\u00fcrfnisse der Organisation gem\u00e4\u00df den verabschiedeten Sicherheitsrichtlinien.<\/h3>\n\n\n\n<p>OS Deployer erm\u00f6glicht unter anderem die Erstellung eines Backups des gesamten Benutzerprofils auf einem bestimmten Ger\u00e4t. Erm\u00f6glicht eine schnelle Migration im Falle eines Ger\u00e4teaustauschs. Alle Berechtigungen, Pr\u00e4ferenzen oder Sicherheitseinstellungen, die f\u00fcr einen bestimmten Benutzer einzigartig sind, k\u00f6nnen mit dieser Funktion \u00fcbertragen werden. Der Vorgang erfolgt mit Hilfe des Windows ADK-Tools und des OS Deployer. Diese Funktion ist nur auf Windows-Ger\u00e4ten verf\u00fcgbar.<\/p>\n<\/div>\n\n\n\n<div class=\"wp-block-column is-layout-flow wp-block-column-is-layout-flow\">\n<figure class=\"wp-block-image size-full\"><a href=\"http:\/\/www.soledpro.cz\/wp-content\/uploads\/2021\/10\/Dopasowywanie-stworzonego-obrazu-do-potrzeb-organizacji-zgodnie-z-przyjeta-polityka-bezpieczenstwa-1024x501-1.webp\"><img loading=\"lazy\" decoding=\"async\" width=\"1024\" height=\"501\" src=\"http:\/\/www.soledpro.cz\/wp-content\/uploads\/2021\/10\/Dopasowywanie-stworzonego-obrazu-do-potrzeb-organizacji-zgodnie-z-przyjeta-polityka-bezpieczenstwa-1024x501-1.webp\" alt=\"\" class=\"wp-image-1065\" srcset=\"https:\/\/www.soledpro.cz\/wp-content\/uploads\/2021\/10\/Dopasowywanie-stworzonego-obrazu-do-potrzeb-organizacji-zgodnie-z-przyjeta-polityka-bezpieczenstwa-1024x501-1.webp 1024w, https:\/\/www.soledpro.cz\/wp-content\/uploads\/2021\/10\/Dopasowywanie-stworzonego-obrazu-do-potrzeb-organizacji-zgodnie-z-przyjeta-polityka-bezpieczenstwa-1024x501-1-300x147.webp 300w, https:\/\/www.soledpro.cz\/wp-content\/uploads\/2021\/10\/Dopasowywanie-stworzonego-obrazu-do-potrzeb-organizacji-zgodnie-z-przyjeta-polityka-bezpieczenstwa-1024x501-1-768x376.webp 768w\" sizes=\"(max-width: 1024px) 100vw, 1024px\" \/><\/a><\/figure>\n<\/div>\n<\/div>\n\n\n\n<div style=\"height:64px\" aria-hidden=\"true\" class=\"wp-block-spacer\"><\/div>\n\n\n\n<div class=\"wp-block-columns is-layout-flex wp-container-core-columns-is-layout-28f84493 wp-block-columns-is-layout-flex\">\n<div class=\"wp-block-column is-layout-flow wp-block-column-is-layout-flow\">\n<figure class=\"wp-block-image size-full\"><a href=\"http:\/\/www.soledpro.cz\/wp-content\/uploads\/2021\/10\/Zaplanowanie-akcji-ktore-maja-sie-wykonac-po-wdrozeniu-obrazu-w-celu-ustandaryzowanie-calosci-procesu-1024x501-1.webp\"><img loading=\"lazy\" decoding=\"async\" width=\"1024\" height=\"501\" src=\"http:\/\/www.soledpro.cz\/wp-content\/uploads\/2021\/10\/Zaplanowanie-akcji-ktore-maja-sie-wykonac-po-wdrozeniu-obrazu-w-celu-ustandaryzowanie-calosci-procesu-1024x501-1.webp\" alt=\"\" class=\"wp-image-1066\" srcset=\"https:\/\/www.soledpro.cz\/wp-content\/uploads\/2021\/10\/Zaplanowanie-akcji-ktore-maja-sie-wykonac-po-wdrozeniu-obrazu-w-celu-ustandaryzowanie-calosci-procesu-1024x501-1.webp 1024w, https:\/\/www.soledpro.cz\/wp-content\/uploads\/2021\/10\/Zaplanowanie-akcji-ktore-maja-sie-wykonac-po-wdrozeniu-obrazu-w-celu-ustandaryzowanie-calosci-procesu-1024x501-1-300x147.webp 300w, https:\/\/www.soledpro.cz\/wp-content\/uploads\/2021\/10\/Zaplanowanie-akcji-ktore-maja-sie-wykonac-po-wdrozeniu-obrazu-w-celu-ustandaryzowanie-calosci-procesu-1024x501-1-768x376.webp 768w\" sizes=\"(max-width: 1024px) 100vw, 1024px\" \/><\/a><\/figure>\n<\/div>\n\n\n\n<div class=\"wp-block-column is-layout-flow wp-block-column-is-layout-flow\">\n<h3 class=\"wp-block-heading\">Planen der Aktionen, die nach der Implementierung des Bildes ausgef\u00fchrt werden sollen, um den gesamten Prozess zu standardisieren.<\/h3>\n\n\n\n<p>Abh\u00e4ngig vom Prozess, der nach der Implementierung des Bildes eingeleitet wird, kann es erforderlich sein, eine Nachimplementierungsaktion durchzuf\u00fchren, die ebenfalls im System definiert werden kann. Vorlagen k\u00f6nnen gespeichert und in Zukunft verwendet werden, um bei wiederholten Aktionen Zeit zu sparen.<\/p>\n<\/div>\n<\/div>\n\n\n\n<div style=\"height:64px\" aria-hidden=\"true\" class=\"wp-block-spacer\"><\/div>\n\n\n\n<h3 class=\"has-text-align-center wp-block-heading\">Interessiert an OS Deployer-kompatiblen Systemen?<\/h3>\n\n\n\n<p class=\"has-text-align-center\">Schauen Sie sich die IT-Verwaltungssoftware Desktop Central an.<\/p>\n\n\n\n<div style=\"height:100px\" aria-hidden=\"true\" class=\"wp-block-spacer\"><\/div>","protected":false},"excerpt":{"rendered":"<p>Komplexn\u00ed n\u00e1stroj pro distribuci opera\u010dn\u00edch syst\u00e9m\u016f umo\u017e\u0148uj\u00edc\u00ed tvorbu obraz\u016f syst\u00e9m\u016f a aplikac\u00ed, a n\u00e1sledn\u011b rychlou a snadnou instalaci na po\u010d\u00edta\u010d\u00edch ve spole\u010dnosti. Tyto procesy prob\u00edhaj\u00ed bez zapojen\u00ed koncov\u00fdch u\u017eivatel\u016f (obraz m\u016f\u017eeme tvo\u0159it, kdy\u017e u\u017eivatel pracuje, bez p\u0159eru\u0161en\u00ed n\u00edm prov\u00e1d\u011bn\u00fdch \u010dinnost\u00ed). OS Deployer tvo\u0159\u00ed p\u0159esnou kopii pevn\u00e9ho disku obsahuj\u00edc\u00ed konfigurace, opera\u010dn\u00ed syst\u00e9m a v\u0161echny aplikace. Celek [&hellip;]<\/p>","protected":false},"author":1,"featured_media":0,"parent":714,"menu_order":0,"comment_status":"closed","ping_status":"closed","template":"","meta":{"footnotes":""},"class_list":["post-1060","page","type-page","status-publish","hentry"],"_links":{"self":[{"href":"https:\/\/www.soledpro.cz\/de\/wp-json\/wp\/v2\/pages\/1060","targetHints":{"allow":["GET"]}}],"collection":[{"href":"https:\/\/www.soledpro.cz\/de\/wp-json\/wp\/v2\/pages"}],"about":[{"href":"https:\/\/www.soledpro.cz\/de\/wp-json\/wp\/v2\/types\/page"}],"author":[{"embeddable":true,"href":"https:\/\/www.soledpro.cz\/de\/wp-json\/wp\/v2\/users\/1"}],"replies":[{"embeddable":true,"href":"https:\/\/www.soledpro.cz\/de\/wp-json\/wp\/v2\/comments?post=1060"}],"version-history":[{"count":1,"href":"https:\/\/www.soledpro.cz\/de\/wp-json\/wp\/v2\/pages\/1060\/revisions"}],"predecessor-version":[{"id":1067,"href":"https:\/\/www.soledpro.cz\/de\/wp-json\/wp\/v2\/pages\/1060\/revisions\/1067"}],"up":[{"embeddable":true,"href":"https:\/\/www.soledpro.cz\/de\/wp-json\/wp\/v2\/pages\/714"}],"wp:attachment":[{"href":"https:\/\/www.soledpro.cz\/de\/wp-json\/wp\/v2\/media?parent=1060"}],"curies":[{"name":"wp","href":"https:\/\/api.w.org\/{rel}","templated":true}]}}